{"id":45495,"date":"2023-06-29T12:57:14","date_gmt":"2023-06-29T10:57:14","guid":{"rendered":"https:\/\/www.visionix.com\/?post_type=product&#038;p=45495"},"modified":"2024-06-26T15:01:09","modified_gmt":"2024-06-26T13:01:09","slug":"acabado-de-lentes-weco-e52","status":"publish","type":"product","link":"https:\/\/www.visionix.com\/es\/product\/acabado-de-lentes-weco-e52\/","title":{"rendered":"Weco E52"},"content":{"rendered":"<p><strong>Massima flessibilit\u00e0 per il tuo laboratorio<\/strong><\/p>\n<p>La Weco E52 le proporciona todas las herramientas que necesita para conseguir los mejores resultados en su taller de \u00f3ptica. Desde diferentes tipos de bisel y funcionalidad de ranura y chafl\u00e1n, hasta la perforaci\u00f3n angular, la E52 es la respuesta principal para la moda de las monturas modernas y la m\u00e1xima flexibilidad para su laboratorio.<\/p>\n","protected":false},"excerpt":{"rendered":"<p><strong>Massima flessibilit\u00e0 per il tuo laboratorio<\/strong><\/p>\n<p>La Weco E52 le proporciona todas las herramientas que necesita para conseguir los mejores resultados en su taller de \u00f3ptica. Desde diferentes tipos de bisel y funcionalidad de ranura y chafl\u00e1n, hasta la perforaci\u00f3n angular, la E52 es la respuesta principal para la moda de las monturas modernas y la m\u00e1xima flexibilidad para su laboratorio.<\/p>\n","protected":false},"featured_media":46779,"template":"","meta":{"_acf_changed":false,"content-type":"","footnotes":""},"pwb-brand":[515],"product_brand":[],"product_cat":[262,199,200],"product_tag":[],"class_list":{"0":"post-45495","1":"product","2":"type-product","3":"status-publish","4":"has-post-thumbnail","6":"pwb-brand-weco-es","7":"product_cat-new-products-es","8":"product_cat-optico-equipo","9":"product_cat-optometria-instrumentos","10":"pa_product-family-finishing-es","12":"first","13":"instock","14":"shipping-taxable","15":"product-type-simple"},"acf":[],"brands":[{"id":515,"name":"Weco","slug":"weco-es"}],"_links":{"self":[{"href":"https:\/\/www.visionix.com\/es\/wp-json\/wp\/v2\/product\/45495","targetHints":{"allow":["GET"]}}],"collection":[{"href":"https:\/\/www.visionix.com\/es\/wp-json\/wp\/v2\/product"}],"about":[{"href":"https:\/\/www.visionix.com\/es\/wp-json\/wp\/v2\/types\/product"}],"version-history":[{"count":11,"href":"https:\/\/www.visionix.com\/es\/wp-json\/wp\/v2\/product\/45495\/revisions"}],"predecessor-version":[{"id":57028,"href":"https:\/\/www.visionix.com\/es\/wp-json\/wp\/v2\/product\/45495\/revisions\/57028"}],"wp:featuredmedia":[{"embeddable":true,"href":"https:\/\/www.visionix.com\/es\/wp-json\/wp\/v2\/media\/46779"}],"wp:attachment":[{"href":"https:\/\/www.visionix.com\/es\/wp-json\/wp\/v2\/media?parent=45495"}],"wp:term":[{"taxonomy":"pwb-brand","embeddable":true,"href":"https:\/\/www.visionix.com\/es\/wp-json\/wp\/v2\/pwb-brand?post=45495"},{"taxonomy":"product_brand","embeddable":true,"href":"https:\/\/www.visionix.com\/es\/wp-json\/wp\/v2\/product_brand?post=45495"},{"taxonomy":"product_cat","embeddable":true,"href":"https:\/\/www.visionix.com\/es\/wp-json\/wp\/v2\/product_cat?post=45495"},{"taxonomy":"product_tag","embeddable":true,"href":"https:\/\/www.visionix.com\/es\/wp-json\/wp\/v2\/product_tag?post=45495"}],"curies":[{"name":"wp","href":"https:\/\/api.w.org\/{rel}","templated":true}]}}