{"id":45031,"date":"2023-06-27T16:46:29","date_gmt":"2023-06-27T14:46:29","guid":{"rendered":"https:\/\/www.visionix.com\/?post_type=product&#038;p=45031"},"modified":"2024-06-26T15:36:43","modified_gmt":"2024-06-26T13:36:43","slug":"acabado-de-lentes-weco-e62","status":"publish","type":"product","link":"https:\/\/www.visionix.com\/es\/product\/acabado-de-lentes-weco-e62\/","title":{"rendered":"Weco E62"},"content":{"rendered":"<p><strong>Biselado inteligente Eficiencia incrementada<\/strong><\/p>\n<p>La biseladora Weco E62 combina la \u00faltima tecnolog\u00eda en biselado. El centrador CT7 ofrece una preparaci\u00f3n completa del trabajo, desde captura de forma, centrado y bloqueo,<br \/>\nde forma r\u00e1pida y precisa. Weco E62 con el nuevo sistema TMS, optimiza el tiempo de ciclo de trabajo evitando el riesgo de giro de lentes.<\/p>\n","protected":false},"excerpt":{"rendered":"<p><strong>Biselado inteligente Eficiencia incrementada<\/strong><\/p>\n<p>La biseladora Weco E62 combina la \u00faltima tecnolog\u00eda en biselado. El centrador CT7 ofrece una preparaci\u00f3n completa del trabajo, desde captura de forma, centrado y bloqueo,<br \/>\nde forma r\u00e1pida y precisa. Weco E62 con el nuevo sistema TMS, optimiza el tiempo de ciclo de trabajo evitando el riesgo de giro de lentes.<\/p>\n","protected":false},"featured_media":44956,"template":"","meta":{"_acf_changed":false,"content-type":"","footnotes":""},"pwb-brand":[515],"product_brand":[],"product_cat":[262,199,200],"product_tag":[],"class_list":{"0":"post-45031","1":"product","2":"type-product","3":"status-publish","4":"has-post-thumbnail","6":"pwb-brand-weco-es","7":"product_cat-new-products-es","8":"product_cat-optico-equipo","9":"product_cat-optometria-instrumentos","10":"pa_product-family-finishing-es","12":"first","13":"instock","14":"shipping-taxable","15":"product-type-simple"},"acf":[],"brands":[{"id":515,"name":"Weco","slug":"weco-es"}],"_links":{"self":[{"href":"https:\/\/www.visionix.com\/es\/wp-json\/wp\/v2\/product\/45031","targetHints":{"allow":["GET"]}}],"collection":[{"href":"https:\/\/www.visionix.com\/es\/wp-json\/wp\/v2\/product"}],"about":[{"href":"https:\/\/www.visionix.com\/es\/wp-json\/wp\/v2\/types\/product"}],"version-history":[{"count":8,"href":"https:\/\/www.visionix.com\/es\/wp-json\/wp\/v2\/product\/45031\/revisions"}],"predecessor-version":[{"id":57068,"href":"https:\/\/www.visionix.com\/es\/wp-json\/wp\/v2\/product\/45031\/revisions\/57068"}],"wp:featuredmedia":[{"embeddable":true,"href":"https:\/\/www.visionix.com\/es\/wp-json\/wp\/v2\/media\/44956"}],"wp:attachment":[{"href":"https:\/\/www.visionix.com\/es\/wp-json\/wp\/v2\/media?parent=45031"}],"wp:term":[{"taxonomy":"pwb-brand","embeddable":true,"href":"https:\/\/www.visionix.com\/es\/wp-json\/wp\/v2\/pwb-brand?post=45031"},{"taxonomy":"product_brand","embeddable":true,"href":"https:\/\/www.visionix.com\/es\/wp-json\/wp\/v2\/product_brand?post=45031"},{"taxonomy":"product_cat","embeddable":true,"href":"https:\/\/www.visionix.com\/es\/wp-json\/wp\/v2\/product_cat?post=45031"},{"taxonomy":"product_tag","embeddable":true,"href":"https:\/\/www.visionix.com\/es\/wp-json\/wp\/v2\/product_tag?post=45031"}],"curies":[{"name":"wp","href":"https:\/\/api.w.org\/{rel}","templated":true}]}}