{"id":43977,"date":"2023-06-19T21:38:45","date_gmt":"2023-06-19T19:38:45","guid":{"rendered":"https:\/\/www.visionix.com\/?post_type=product&#038;p=43977"},"modified":"2024-04-02T09:56:15","modified_gmt":"2024-04-02T07:56:15","slug":"acabado-de-lentes-briot-evolution-2","status":"publish","type":"product","link":"https:\/\/www.visionix.com\/es\/product\/acabado-de-lentes-briot-evolution-2\/","title":{"rendered":"Briot Evolution"},"content":{"rendered":"<p>Briot ha desarrollado el primer sistema de trazado \u00f3ptico capaz de utilizar un solo punto de referencia para recrear una forma 3D impecable en s\u00f3lo 4 segundos. Con nuestra tecnolog\u00eda patentada GraviTech\u00ae, los usuarios consiguen una reproducci\u00f3n de la forma y un dimensionamiento perfectos con resultados superiores a los de los trazadores mec\u00e1nicos.<\/p>\n","protected":false},"excerpt":{"rendered":"<p><strong>El sistema de trazado que se adapta a sus necesidades<\/strong><\/p>\n<p>Briot ha desarrollado el primer sistema de trazado \u00f3ptico capaz de utilizar un solo punto de referencia para recrear una forma 3D impecable en s\u00f3lo 4 segundos. Con nuestra tecnolog\u00eda patentada GraviTech\u00ae, los usuarios consiguen una reproducci\u00f3n de la forma y un dimensionamiento perfectos con resultados superiores a los trazadores mec\u00e1nicos.<\/p>\n","protected":false},"featured_media":50745,"template":"","meta":{"_acf_changed":false,"content-type":"","footnotes":""},"pwb-brand":[497],"product_brand":[],"product_cat":[199,200],"product_tag":[],"class_list":{"0":"post-43977","1":"product","2":"type-product","3":"status-publish","4":"has-post-thumbnail","6":"pwb-brand-briot-es","7":"product_cat-optico-equipo","8":"product_cat-optometria-instrumentos","9":"pa_product-family-finishing-es","10":"pa_product-type-sistema-de-biselado-es","12":"first","13":"instock","14":"product-type-simple"},"acf":[],"brands":[{"id":497,"name":"Briot","slug":"briot-es"}],"_links":{"self":[{"href":"https:\/\/www.visionix.com\/es\/wp-json\/wp\/v2\/product\/43977","targetHints":{"allow":["GET"]}}],"collection":[{"href":"https:\/\/www.visionix.com\/es\/wp-json\/wp\/v2\/product"}],"about":[{"href":"https:\/\/www.visionix.com\/es\/wp-json\/wp\/v2\/types\/product"}],"version-history":[{"count":11,"href":"https:\/\/www.visionix.com\/es\/wp-json\/wp\/v2\/product\/43977\/revisions"}],"predecessor-version":[{"id":54114,"href":"https:\/\/www.visionix.com\/es\/wp-json\/wp\/v2\/product\/43977\/revisions\/54114"}],"wp:featuredmedia":[{"embeddable":true,"href":"https:\/\/www.visionix.com\/es\/wp-json\/wp\/v2\/media\/50745"}],"wp:attachment":[{"href":"https:\/\/www.visionix.com\/es\/wp-json\/wp\/v2\/media?parent=43977"}],"wp:term":[{"taxonomy":"pwb-brand","embeddable":true,"href":"https:\/\/www.visionix.com\/es\/wp-json\/wp\/v2\/pwb-brand?post=43977"},{"taxonomy":"product_brand","embeddable":true,"href":"https:\/\/www.visionix.com\/es\/wp-json\/wp\/v2\/product_brand?post=43977"},{"taxonomy":"product_cat","embeddable":true,"href":"https:\/\/www.visionix.com\/es\/wp-json\/wp\/v2\/product_cat?post=43977"},{"taxonomy":"product_tag","embeddable":true,"href":"https:\/\/www.visionix.com\/es\/wp-json\/wp\/v2\/product_tag?post=43977"}],"curies":[{"name":"wp","href":"https:\/\/api.w.org\/{rel}","templated":true}]}}