{"id":43449,"date":"2023-05-22T12:48:30","date_gmt":"2023-05-22T10:48:30","guid":{"rendered":"https:\/\/www.visionix.com\/?post_type=product&#038;p=43449"},"modified":"2024-04-02T10:19:53","modified_gmt":"2024-04-02T08:19:53","slug":"briot-attitude-3","status":"publish","type":"product","link":"https:\/\/www.visionix.com\/es\/product\/briot-attitude-3\/","title":{"rendered":"Briot Attitude 3"},"content":{"rendered":"<p><strong>Afronte cualquier trabajo con actitud<\/strong><\/p>\n<p>Attitude de Briot sube el list\u00f3n de lo que es posible en su taller \u00f3ptico. Como uno de los sistemas de biselado de lentes m\u00e1s r\u00e1pidos del mercado, Attitude utiliza una precisi\u00f3n y velocidad incre\u00edbles para posicionarse como la soluci\u00f3n de acabado de lentes perfecta para cualquier \u00f3ptica moderna o laboratorio.<\/p>\n","protected":false},"excerpt":{"rendered":"<p><strong>Afronte cualquier trabajo con actitud<\/strong><\/p>\n<p>Attitude de Briot sube el list\u00f3n de lo que es posible en su taller \u00f3ptico. Como uno de los sistemas de biselado de lentes m\u00e1s r\u00e1pidos del mercado, Attitude utiliza una precisi\u00f3n y velocidad incre\u00edbles para posicionarse como la soluci\u00f3n de acabado de lentes perfecta para cualquier \u00f3ptica moderna o laboratorio.<\/p>\n","protected":false},"featured_media":46669,"template":"","meta":{"_acf_changed":false,"content-type":"","footnotes":""},"pwb-brand":[497],"product_brand":[],"product_cat":[262,199,200],"product_tag":[],"class_list":{"0":"post-43449","1":"product","2":"type-product","3":"status-publish","4":"has-post-thumbnail","6":"pwb-brand-briot-es","7":"product_cat-new-products-es","8":"product_cat-optico-equipo","9":"product_cat-optometria-instrumentos","10":"pa_product-family-finishing-es","12":"first","13":"instock","14":"shipping-taxable","15":"product-type-simple"},"acf":[],"brands":[{"id":497,"name":"Briot","slug":"briot-es"}],"_links":{"self":[{"href":"https:\/\/www.visionix.com\/es\/wp-json\/wp\/v2\/product\/43449","targetHints":{"allow":["GET"]}}],"collection":[{"href":"https:\/\/www.visionix.com\/es\/wp-json\/wp\/v2\/product"}],"about":[{"href":"https:\/\/www.visionix.com\/es\/wp-json\/wp\/v2\/types\/product"}],"version-history":[{"count":8,"href":"https:\/\/www.visionix.com\/es\/wp-json\/wp\/v2\/product\/43449\/revisions"}],"predecessor-version":[{"id":54138,"href":"https:\/\/www.visionix.com\/es\/wp-json\/wp\/v2\/product\/43449\/revisions\/54138"}],"wp:featuredmedia":[{"embeddable":true,"href":"https:\/\/www.visionix.com\/es\/wp-json\/wp\/v2\/media\/46669"}],"wp:attachment":[{"href":"https:\/\/www.visionix.com\/es\/wp-json\/wp\/v2\/media?parent=43449"}],"wp:term":[{"taxonomy":"pwb-brand","embeddable":true,"href":"https:\/\/www.visionix.com\/es\/wp-json\/wp\/v2\/pwb-brand?post=43449"},{"taxonomy":"product_brand","embeddable":true,"href":"https:\/\/www.visionix.com\/es\/wp-json\/wp\/v2\/product_brand?post=43449"},{"taxonomy":"product_cat","embeddable":true,"href":"https:\/\/www.visionix.com\/es\/wp-json\/wp\/v2\/product_cat?post=43449"},{"taxonomy":"product_tag","embeddable":true,"href":"https:\/\/www.visionix.com\/es\/wp-json\/wp\/v2\/product_tag?post=43449"}],"curies":[{"name":"wp","href":"https:\/\/api.w.org\/{rel}","templated":true}]}}