{"id":38908,"date":"2023-05-04T14:08:32","date_gmt":"2023-05-04T12:08:32","guid":{"rendered":"https:\/\/www.visionix.com\/?post_type=product&#038;p=38908"},"modified":"2023-07-31T09:37:06","modified_gmt":"2023-07-31T07:37:06","slug":"vx-2200","status":"publish","type":"product","link":"https:\/\/www.visionix.com\/es\/product\/vx-2200\/","title":{"rendered":"VX 2200"},"content":{"rendered":"<p><strong>La unidad de refracci\u00f3n vers\u00e1til con una exclusiva tecnolog\u00eda de movimiento<\/strong><\/p>\n<p>La unidad de refracci\u00f3n VX 2200 est\u00e1 equipada con una tecnolog\u00eda de movimiento exclusiva que ofrece una combinaci\u00f3n \u00fanica de mecanismo de traslaci\u00f3n y rotaci\u00f3n, lo que ofrece un resultado un dise\u00f1o muy compacto que ahorra espacio.<\/p>\n","protected":false},"excerpt":{"rendered":"<p><strong>La unidad de refracci\u00f3n vers\u00e1til con una exclusiva tecnolog\u00eda de movimiento<\/strong><\/p>\n<p>La unidad de refracci\u00f3n VX 2200 est\u00e1 equipada con una tecnolog\u00eda de movimiento exclusiva que ofrece una combinaci\u00f3n \u00fanica de mecanismo de traslaci\u00f3n y rotaci\u00f3n, lo que ofrece un resultado un dise\u00f1o muy compacto que ahorra espacio.<\/p>\n","protected":false},"featured_media":37751,"template":"","meta":{"_acf_changed":false,"content-type":"","footnotes":""},"pwb-brand":[508],"product_brand":[],"product_cat":[262,174,199,200],"product_tag":[],"class_list":{"0":"post-38908","1":"product","2":"type-product","3":"status-publish","4":"has-post-thumbnail","6":"pwb-brand-visionix-es","7":"product_cat-new-products-es","8":"product_cat-oftalmologia-instrumentos","9":"product_cat-optico-equipo","10":"product_cat-optometria-instrumentos","12":"first","13":"instock","14":"shipping-taxable","15":"product-type-simple"},"acf":[],"brands":[{"id":508,"name":"Visionix","slug":"visionix-es"}],"_links":{"self":[{"href":"https:\/\/www.visionix.com\/es\/wp-json\/wp\/v2\/product\/38908","targetHints":{"allow":["GET"]}}],"collection":[{"href":"https:\/\/www.visionix.com\/es\/wp-json\/wp\/v2\/product"}],"about":[{"href":"https:\/\/www.visionix.com\/es\/wp-json\/wp\/v2\/types\/product"}],"version-history":[{"count":2,"href":"https:\/\/www.visionix.com\/es\/wp-json\/wp\/v2\/product\/38908\/revisions"}],"predecessor-version":[{"id":39083,"href":"https:\/\/www.visionix.com\/es\/wp-json\/wp\/v2\/product\/38908\/revisions\/39083"}],"wp:featuredmedia":[{"embeddable":true,"href":"https:\/\/www.visionix.com\/es\/wp-json\/wp\/v2\/media\/37751"}],"wp:attachment":[{"href":"https:\/\/www.visionix.com\/es\/wp-json\/wp\/v2\/media?parent=38908"}],"wp:term":[{"taxonomy":"pwb-brand","embeddable":true,"href":"https:\/\/www.visionix.com\/es\/wp-json\/wp\/v2\/pwb-brand?post=38908"},{"taxonomy":"product_brand","embeddable":true,"href":"https:\/\/www.visionix.com\/es\/wp-json\/wp\/v2\/product_brand?post=38908"},{"taxonomy":"product_cat","embeddable":true,"href":"https:\/\/www.visionix.com\/es\/wp-json\/wp\/v2\/product_cat?post=38908"},{"taxonomy":"product_tag","embeddable":true,"href":"https:\/\/www.visionix.com\/es\/wp-json\/wp\/v2\/product_tag?post=38908"}],"curies":[{"name":"wp","href":"https:\/\/api.w.org\/{rel}","templated":true}]}}