{"id":34829,"date":"2022-11-16T10:05:53","date_gmt":"2022-11-16T09:05:53","guid":{"rendered":"https:\/\/www.visionix.com\/?post_type=product&#038;p=34829"},"modified":"2025-12-16T12:15:38","modified_gmt":"2025-12-16T11:15:38","slug":"mw-50d-clinical","status":"publish","type":"product","link":"https:\/\/www.visionix.com\/es\/product\/mw-50d-clinical\/","title":{"rendered":"MW 50D Clinical"},"content":{"rendered":"<p>Nueva l\u00e1mpara de hendidura MW 50D : revoluci\u00f3n \u00f3ptica de alta calidad con amplia gama de magnificaciones.<\/p>\n","protected":false},"excerpt":{"rendered":"<p><strong>Nueva l\u00e1mpara de hendidura MW 50D<\/strong><br \/>\nrevoluci\u00f3n \u00f3ptica de alta calidad con amplia gama de magnificaciones.<\/p>\n","protected":false},"featured_media":34841,"template":"","meta":{"_acf_changed":false,"content-type":"","footnotes":""},"pwb-brand":[508],"product_brand":[],"product_cat":[174,199,200],"product_tag":[],"class_list":{"0":"post-34829","1":"product","2":"type-product","3":"status-publish","4":"has-post-thumbnail","6":"pwb-brand-visionix-es","7":"product_cat-oftalmologia-instrumentos","8":"product_cat-optico-equipo","9":"product_cat-optometria-instrumentos","11":"first","12":"instock","13":"product-type-simple"},"acf":[],"brands":[{"id":508,"name":"Visionix","slug":"visionix-es"}],"_links":{"self":[{"href":"https:\/\/www.visionix.com\/es\/wp-json\/wp\/v2\/product\/34829","targetHints":{"allow":["GET"]}}],"collection":[{"href":"https:\/\/www.visionix.com\/es\/wp-json\/wp\/v2\/product"}],"about":[{"href":"https:\/\/www.visionix.com\/es\/wp-json\/wp\/v2\/types\/product"}],"version-history":[{"count":11,"href":"https:\/\/www.visionix.com\/es\/wp-json\/wp\/v2\/product\/34829\/revisions"}],"predecessor-version":[{"id":76709,"href":"https:\/\/www.visionix.com\/es\/wp-json\/wp\/v2\/product\/34829\/revisions\/76709"}],"wp:featuredmedia":[{"embeddable":true,"href":"https:\/\/www.visionix.com\/es\/wp-json\/wp\/v2\/media\/34841"}],"wp:attachment":[{"href":"https:\/\/www.visionix.com\/es\/wp-json\/wp\/v2\/media?parent=34829"}],"wp:term":[{"taxonomy":"pwb-brand","embeddable":true,"href":"https:\/\/www.visionix.com\/es\/wp-json\/wp\/v2\/pwb-brand?post=34829"},{"taxonomy":"product_brand","embeddable":true,"href":"https:\/\/www.visionix.com\/es\/wp-json\/wp\/v2\/product_brand?post=34829"},{"taxonomy":"product_cat","embeddable":true,"href":"https:\/\/www.visionix.com\/es\/wp-json\/wp\/v2\/product_cat?post=34829"},{"taxonomy":"product_tag","embeddable":true,"href":"https:\/\/www.visionix.com\/es\/wp-json\/wp\/v2\/product_tag?post=34829"}],"curies":[{"name":"wp","href":"https:\/\/api.w.org\/{rel}","templated":true}]}}