{"id":34787,"date":"2022-11-10T16:29:12","date_gmt":"2022-11-10T15:29:12","guid":{"rendered":"https:\/\/www.visionix.com\/?post_type=product&#038;p=34787"},"modified":"2023-01-02T10:08:25","modified_gmt":"2023-01-02T09:08:25","slug":"speedy-k2","status":"publish","type":"product","link":"https:\/\/www.visionix.com\/es\/product\/speedy-k2\/","title":{"rendered":"Speedy K2"},"content":{"rendered":"<p>Autorrefract\u00f3metro querat\u00f3metro r\u00e1pido y eficiente<\/p>\n","protected":false},"excerpt":{"rendered":"<p><strong>Autorrefract\u00f3metro querat\u00f3metro r\u00e1pido y eficiente<\/strong><\/p>\n<p>El autorrefract\u00f3metro y querat\u00f3metro Speedy K2, de dise\u00f1o compacto, proporciona mediciones precisas de refracci\u00f3n y queratometr\u00eda,<br \/>\ngracias al principio de medici\u00f3n de la retinoscop\u00eda.<\/p>\n","protected":false},"featured_media":34809,"template":"","meta":{"_acf_changed":false,"content-type":"","footnotes":""},"pwb-brand":[508],"product_brand":[],"product_cat":[174,199,200],"product_tag":[],"class_list":{"0":"post-34787","1":"product","2":"type-product","3":"status-publish","4":"has-post-thumbnail","6":"pwb-brand-visionix-es","7":"product_cat-oftalmologia-instrumentos","8":"product_cat-optico-equipo","9":"product_cat-optometria-instrumentos","10":"pa_product-family-refraction-es","11":"pa_product-type-ark-es","13":"first","14":"instock","15":"product-type-simple"},"acf":[],"brands":[{"id":508,"name":"Visionix","slug":"visionix-es"}],"_links":{"self":[{"href":"https:\/\/www.visionix.com\/es\/wp-json\/wp\/v2\/product\/34787","targetHints":{"allow":["GET"]}}],"collection":[{"href":"https:\/\/www.visionix.com\/es\/wp-json\/wp\/v2\/product"}],"about":[{"href":"https:\/\/www.visionix.com\/es\/wp-json\/wp\/v2\/types\/product"}],"version-history":[{"count":3,"href":"https:\/\/www.visionix.com\/es\/wp-json\/wp\/v2\/product\/34787\/revisions"}],"predecessor-version":[{"id":35452,"href":"https:\/\/www.visionix.com\/es\/wp-json\/wp\/v2\/product\/34787\/revisions\/35452"}],"wp:featuredmedia":[{"embeddable":true,"href":"https:\/\/www.visionix.com\/es\/wp-json\/wp\/v2\/media\/34809"}],"wp:attachment":[{"href":"https:\/\/www.visionix.com\/es\/wp-json\/wp\/v2\/media?parent=34787"}],"wp:term":[{"taxonomy":"pwb-brand","embeddable":true,"href":"https:\/\/www.visionix.com\/es\/wp-json\/wp\/v2\/pwb-brand?post=34787"},{"taxonomy":"product_brand","embeddable":true,"href":"https:\/\/www.visionix.com\/es\/wp-json\/wp\/v2\/product_brand?post=34787"},{"taxonomy":"product_cat","embeddable":true,"href":"https:\/\/www.visionix.com\/es\/wp-json\/wp\/v2\/product_cat?post=34787"},{"taxonomy":"product_tag","embeddable":true,"href":"https:\/\/www.visionix.com\/es\/wp-json\/wp\/v2\/product_tag?post=34787"}],"curies":[{"name":"wp","href":"https:\/\/api.w.org\/{rel}","templated":true}]}}