{"id":34642,"date":"2022-11-10T15:37:28","date_gmt":"2022-11-10T14:37:28","guid":{"rendered":"https:\/\/www.visionix.com\/?post_type=product&#038;p=34642"},"modified":"2023-01-02T10:09:06","modified_gmt":"2023-01-02T09:09:06","slug":"retinomax-k-plus-5","status":"publish","type":"product","link":"https:\/\/www.visionix.com\/es\/product\/retinomax-k-plus-5\/","title":{"rendered":"Retinomax K-plus 5"},"content":{"rendered":"<p>Los productos Retinomax ofrecen una amplia gama de mediciones de refracci\u00f3n y queratometr\u00eda cuya gran movilidad, estabilidad y precisi\u00f3n son reconocidas mundialmente desde hace a\u00f1os.<\/p>\n","protected":false},"excerpt":{"rendered":"<p><strong>La excelencia en refracci\u00f3n<\/strong><\/p>\n<p>Los productos Retinomax ofrecen una amplia gama de mediciones de refracci\u00f3n y queratometr\u00eda cuya gran movilidad, estabilidad y precisi\u00f3n son reconocidas mundialmente desde hace a\u00f1os.<\/p>\n","protected":false},"featured_media":34654,"template":"","meta":{"_acf_changed":false,"content-type":"","footnotes":""},"pwb-brand":[508],"product_brand":[],"product_cat":[174,199,200],"product_tag":[],"class_list":{"0":"post-34642","1":"product","2":"type-product","3":"status-publish","4":"has-post-thumbnail","6":"pwb-brand-visionix-es","7":"product_cat-oftalmologia-instrumentos","8":"product_cat-optico-equipo","9":"product_cat-optometria-instrumentos","10":"pa_product-family-refraction-es","11":"pa_product-type-ark-es","13":"first","14":"instock","15":"product-type-simple"},"acf":[],"brands":[{"id":508,"name":"Visionix","slug":"visionix-es"}],"_links":{"self":[{"href":"https:\/\/www.visionix.com\/es\/wp-json\/wp\/v2\/product\/34642","targetHints":{"allow":["GET"]}}],"collection":[{"href":"https:\/\/www.visionix.com\/es\/wp-json\/wp\/v2\/product"}],"about":[{"href":"https:\/\/www.visionix.com\/es\/wp-json\/wp\/v2\/types\/product"}],"version-history":[{"count":6,"href":"https:\/\/www.visionix.com\/es\/wp-json\/wp\/v2\/product\/34642\/revisions"}],"predecessor-version":[{"id":35613,"href":"https:\/\/www.visionix.com\/es\/wp-json\/wp\/v2\/product\/34642\/revisions\/35613"}],"wp:featuredmedia":[{"embeddable":true,"href":"https:\/\/www.visionix.com\/es\/wp-json\/wp\/v2\/media\/34654"}],"wp:attachment":[{"href":"https:\/\/www.visionix.com\/es\/wp-json\/wp\/v2\/media?parent=34642"}],"wp:term":[{"taxonomy":"pwb-brand","embeddable":true,"href":"https:\/\/www.visionix.com\/es\/wp-json\/wp\/v2\/pwb-brand?post=34642"},{"taxonomy":"product_brand","embeddable":true,"href":"https:\/\/www.visionix.com\/es\/wp-json\/wp\/v2\/product_brand?post=34642"},{"taxonomy":"product_cat","embeddable":true,"href":"https:\/\/www.visionix.com\/es\/wp-json\/wp\/v2\/product_cat?post=34642"},{"taxonomy":"product_tag","embeddable":true,"href":"https:\/\/www.visionix.com\/es\/wp-json\/wp\/v2\/product_tag?post=34642"}],"curies":[{"name":"wp","href":"https:\/\/api.w.org\/{rel}","templated":true}]}}