{"id":33871,"date":"2022-10-14T15:36:59","date_gmt":"2022-10-14T13:36:59","guid":{"rendered":"https:\/\/www.visionix.com\/?post_type=product&#038;p=33871"},"modified":"2024-10-23T16:11:14","modified_gmt":"2024-10-23T14:11:14","slug":"optovue-solix-essential","status":"publish","type":"product","link":"https:\/\/www.visionix.com\/es\/product\/optovue-solix-essential\/","title":{"rendered":"Optovue Solix Essential"},"content":{"rendered":"<p>Optovue Solix Essential es una tecnolog\u00eda construida sobre una base probada de OCT de\u00a0 dominio espectral de alta velocidad. Optovue Solix Essential permite obtener im\u00e1genes\u00a0 avanzadas desde la c\u00f3rnea a la coroides mediante una tecnolog\u00eda exclusiva que cambiar\u00e1<br \/>\nsu enfoque del diagn\u00f3stico y de la gesti\u00f3n de patolog\u00edas oculares.<\/p>\n","protected":false},"excerpt":{"rendered":"<p><strong>OCT FullRange\u00ae de ultra alta velocidad<\/strong><\/p>\n<p>SOLIX es una nueva tecnolog\u00eda construida sobre una base probada de OCT de dominio espectral de alta velocidad. Esta plataforma FullRange\u00ae permite a los profesionales identificar y gestionar numerosas patolog\u00edas desde la parte anterior del ojo hasta la parte posterior, para obtener una experiencia de diagn\u00f3stico muy superior. SOLIX ofrece m\u00faltiples herramientas para una nueva generaci\u00f3n de gesti\u00f3n de patolog\u00edas que mejora el rendimiento y permite una atenci\u00f3n superior al paciente.<\/p>\n","protected":false},"featured_media":56397,"template":"","meta":{"_acf_changed":false,"content-type":"","footnotes":""},"pwb-brand":[502],"product_brand":[],"product_cat":[262,174,200],"product_tag":[],"class_list":{"0":"post-33871","1":"product","2":"type-product","3":"status-publish","4":"has-post-thumbnail","6":"pwb-brand-optovue-es","7":"product_cat-new-products-es","8":"product_cat-oftalmologia-instrumentos","9":"product_cat-optometria-instrumentos","10":"pa_product-family-diagnostic-es","11":"pa_product-type-oct-es","13":"first","14":"instock","15":"featured","16":"product-type-simple"},"acf":[],"brands":[{"id":502,"name":"Optovue","slug":"optovue-es"}],"_links":{"self":[{"href":"https:\/\/www.visionix.com\/es\/wp-json\/wp\/v2\/product\/33871","targetHints":{"allow":["GET"]}}],"collection":[{"href":"https:\/\/www.visionix.com\/es\/wp-json\/wp\/v2\/product"}],"about":[{"href":"https:\/\/www.visionix.com\/es\/wp-json\/wp\/v2\/types\/product"}],"version-history":[{"count":8,"href":"https:\/\/www.visionix.com\/es\/wp-json\/wp\/v2\/product\/33871\/revisions"}],"predecessor-version":[{"id":59564,"href":"https:\/\/www.visionix.com\/es\/wp-json\/wp\/v2\/product\/33871\/revisions\/59564"}],"wp:featuredmedia":[{"embeddable":true,"href":"https:\/\/www.visionix.com\/es\/wp-json\/wp\/v2\/media\/56397"}],"wp:attachment":[{"href":"https:\/\/www.visionix.com\/es\/wp-json\/wp\/v2\/media?parent=33871"}],"wp:term":[{"taxonomy":"pwb-brand","embeddable":true,"href":"https:\/\/www.visionix.com\/es\/wp-json\/wp\/v2\/pwb-brand?post=33871"},{"taxonomy":"product_brand","embeddable":true,"href":"https:\/\/www.visionix.com\/es\/wp-json\/wp\/v2\/product_brand?post=33871"},{"taxonomy":"product_cat","embeddable":true,"href":"https:\/\/www.visionix.com\/es\/wp-json\/wp\/v2\/product_cat?post=33871"},{"taxonomy":"product_tag","embeddable":true,"href":"https:\/\/www.visionix.com\/es\/wp-json\/wp\/v2\/product_tag?post=33871"}],"curies":[{"name":"wp","href":"https:\/\/api.w.org\/{rel}","templated":true}]}}