{"id":30182,"date":"2022-03-07T14:34:09","date_gmt":"2022-03-07T13:34:09","guid":{"rendered":"https:\/\/www.visionix.com\/?post_type=product&#038;p=30182"},"modified":"2025-09-02T14:33:09","modified_gmt":"2025-09-02T12:33:09","slug":"optovue-ivue80-icam-12","status":"publish","type":"product","link":"https:\/\/www.visionix.com\/es\/product\/optovue-ivue80-icam-12\/","title":{"rendered":"Optovue iVue80+ iCam 12"},"content":{"rendered":"<p>Combina las capacidades avanzadas de la OCT iVue 80 con una c\u00e1mara de fondo de ojo de alto rendimiento<\/p>\n","protected":false},"excerpt":{"rendered":"<p><strong>La completa plataforma de OCT y c\u00e1mara de retina Optovue iVue80+ iCam 12<\/strong><\/p>\n<p>El sistema de imagen de retina y OCT Optovue iVue80+ iCam 12 tiene las mismas herramientas cl\u00ednicas potentes que el Ivue con el beneficio a\u00f1adido de la c\u00e1mara de retina iCam 12. El Optovue iVue80+ iCam 12 transforma la forma de evaluar la retina, el disco \u00f3ptico y la c\u00f3rnea. Cuantifique el grosor de la retina, la capa de fibras nerviosas, el complejo de c\u00e9lulas ganglionares (CCG) y la c\u00f3rnea. Realice un seguimiento de los cambios y prediga las tendencias del grosor del RNFL y del GCC y mida con precisi\u00f3n los \u00e1ngulos para ayudar al diagn\u00f3stico de la enfermedad.<\/p>\n","protected":false},"featured_media":42491,"template":"","meta":{"_acf_changed":false,"content-type":"","footnotes":""},"pwb-brand":[502],"product_brand":[],"product_cat":[174,200],"product_tag":[],"class_list":{"0":"post-30182","1":"product","2":"type-product","3":"status-publish","4":"has-post-thumbnail","6":"pwb-brand-optovue-es","7":"product_cat-oftalmologia-instrumentos","8":"product_cat-optometria-instrumentos","9":"pa_product-family-diagnostic-es","10":"pa_product-type-oct-combo-es","11":"pa_product-type-retinografo-es","13":"first","14":"instock","15":"product-type-simple"},"acf":[],"brands":[{"id":502,"name":"Optovue","slug":"optovue-es"}],"_links":{"self":[{"href":"https:\/\/www.visionix.com\/es\/wp-json\/wp\/v2\/product\/30182","targetHints":{"allow":["GET"]}}],"collection":[{"href":"https:\/\/www.visionix.com\/es\/wp-json\/wp\/v2\/product"}],"about":[{"href":"https:\/\/www.visionix.com\/es\/wp-json\/wp\/v2\/types\/product"}],"version-history":[{"count":6,"href":"https:\/\/www.visionix.com\/es\/wp-json\/wp\/v2\/product\/30182\/revisions"}],"predecessor-version":[{"id":73926,"href":"https:\/\/www.visionix.com\/es\/wp-json\/wp\/v2\/product\/30182\/revisions\/73926"}],"wp:featuredmedia":[{"embeddable":true,"href":"https:\/\/www.visionix.com\/es\/wp-json\/wp\/v2\/media\/42491"}],"wp:attachment":[{"href":"https:\/\/www.visionix.com\/es\/wp-json\/wp\/v2\/media?parent=30182"}],"wp:term":[{"taxonomy":"pwb-brand","embeddable":true,"href":"https:\/\/www.visionix.com\/es\/wp-json\/wp\/v2\/pwb-brand?post=30182"},{"taxonomy":"product_brand","embeddable":true,"href":"https:\/\/www.visionix.com\/es\/wp-json\/wp\/v2\/product_brand?post=30182"},{"taxonomy":"product_cat","embeddable":true,"href":"https:\/\/www.visionix.com\/es\/wp-json\/wp\/v2\/product_cat?post=30182"},{"taxonomy":"product_tag","embeddable":true,"href":"https:\/\/www.visionix.com\/es\/wp-json\/wp\/v2\/product_tag?post=30182"}],"curies":[{"name":"wp","href":"https:\/\/api.w.org\/{rel}","templated":true}]}}