{"id":26854,"date":"2022-05-13T12:01:56","date_gmt":"2022-05-13T10:01:56","guid":{"rendered":"https:\/\/www.visionix.com\/?post_type=product&#038;p=26854"},"modified":"2022-09-14T14:39:00","modified_gmt":"2022-09-14T12:39:00","slug":"visionix-vx1200","status":"publish","type":"product","link":"https:\/\/www.visionix.com\/es\/product\/visionix-vx1200\/","title":{"rendered":"Visionix VX 1200"},"content":{"rendered":"<p><strong>Unidad de refracci\u00f3n Visionix de dos intrumentos con tablero deslizante<br \/>\n<\/strong>Unidad de refracci\u00f3n compacta y completa, VX 1200 permite a los profesionales de la visi\u00f3n realizar una refracci\u00f3n de forma \u00e1gil y pone a su disposici\u00f3n el conjunto de instrumentos necesarios para su pr\u00e1ctica gracias a su mesa deslizante.<strong><br \/>\n<\/strong><\/p>\n","protected":false},"excerpt":{"rendered":"<p><strong>Unidad de refracci\u00f3n Visionix de dos intrumentos con tablero deslizante<br \/>\n<\/strong>Unidad de refracci\u00f3n compacta y completa, VX 1200 permite a los profesionales de la visi\u00f3n realizar una refracci\u00f3n de forma \u00e1gil y pone a su disposici\u00f3n el conjunto de instrumentos necesarios para su pr\u00e1ctica gracias a su mesa deslizante.<\/p>\n","protected":false},"featured_media":28156,"template":"","meta":{"_acf_changed":false,"content-type":"","footnotes":""},"pwb-brand":[508],"product_brand":[],"product_cat":[174,199,200],"product_tag":[],"class_list":{"0":"post-26854","1":"product","2":"type-product","3":"status-publish","4":"has-post-thumbnail","6":"pwb-brand-visionix-es","7":"product_cat-oftalmologia-instrumentos","8":"product_cat-optico-equipo","9":"product_cat-optometria-instrumentos","10":"pa_product-family-diagnostic-es","11":"pa_product-family-refraction-es","12":"pa_product-type-analizador-de-frente-de-onda-binocular-es","13":"pa_product-type-foroptero-es","14":"pa_product-type-telemedicina-es","16":"first","17":"instock","18":"product-type-simple"},"acf":[],"brands":[{"id":508,"name":"Visionix","slug":"visionix-es"}],"_links":{"self":[{"href":"https:\/\/www.visionix.com\/es\/wp-json\/wp\/v2\/product\/26854","targetHints":{"allow":["GET"]}}],"collection":[{"href":"https:\/\/www.visionix.com\/es\/wp-json\/wp\/v2\/product"}],"about":[{"href":"https:\/\/www.visionix.com\/es\/wp-json\/wp\/v2\/types\/product"}],"version-history":[{"count":5,"href":"https:\/\/www.visionix.com\/es\/wp-json\/wp\/v2\/product\/26854\/revisions"}],"predecessor-version":[{"id":32531,"href":"https:\/\/www.visionix.com\/es\/wp-json\/wp\/v2\/product\/26854\/revisions\/32531"}],"wp:featuredmedia":[{"embeddable":true,"href":"https:\/\/www.visionix.com\/es\/wp-json\/wp\/v2\/media\/28156"}],"wp:attachment":[{"href":"https:\/\/www.visionix.com\/es\/wp-json\/wp\/v2\/media?parent=26854"}],"wp:term":[{"taxonomy":"pwb-brand","embeddable":true,"href":"https:\/\/www.visionix.com\/es\/wp-json\/wp\/v2\/pwb-brand?post=26854"},{"taxonomy":"product_brand","embeddable":true,"href":"https:\/\/www.visionix.com\/es\/wp-json\/wp\/v2\/product_brand?post=26854"},{"taxonomy":"product_cat","embeddable":true,"href":"https:\/\/www.visionix.com\/es\/wp-json\/wp\/v2\/product_cat?post=26854"},{"taxonomy":"product_tag","embeddable":true,"href":"https:\/\/www.visionix.com\/es\/wp-json\/wp\/v2\/product_tag?post=26854"}],"curies":[{"name":"wp","href":"https:\/\/api.w.org\/{rel}","templated":true}]}}