{"id":26810,"date":"2022-05-13T11:03:47","date_gmt":"2022-05-13T09:03:47","guid":{"rendered":"https:\/\/www.visionix.com\/?post_type=product&#038;p=26810"},"modified":"2022-09-14T15:10:58","modified_gmt":"2022-09-14T13:10:58","slug":"visionix-vx2000-2000h","status":"publish","type":"product","link":"https:\/\/www.visionix.com\/es\/product\/visionix-vx2000-2000h\/","title":{"rendered":"Visionix VX 2000 &#8211; 2000H"},"content":{"rendered":"<p><strong>Unidad para dos intrumentos Visionix<\/strong><br \/>\nConfortable unidad de refracci\u00f3n: dos instrumentos en una unidad que gira para facilitar el acceso. Disponible en orientaci\u00f3n derecha o izquierda con mesa que se puede elevar electr\u00f3nicamente.<\/p>\n","protected":false},"excerpt":{"rendered":"<p><strong>Unidad para dos intrumentos Visionix\u00ae<\/strong><br \/>\nConfortable unidad de refracci\u00f3n: dos instrumentos en una unidad que gira para facilitar el acceso. Disponible en orientaci\u00f3n derecha o izquierda con mesa que se puede elevar electr\u00f3nicamente.<\/p>\n","protected":false},"featured_media":28164,"template":"","meta":{"_acf_changed":false,"content-type":"","footnotes":""},"pwb-brand":[508],"product_brand":[],"product_cat":[174,199,200],"product_tag":[],"class_list":{"0":"post-26810","1":"product","2":"type-product","3":"status-publish","4":"has-post-thumbnail","6":"pwb-brand-visionix-es","7":"product_cat-oftalmologia-instrumentos","8":"product_cat-optico-equipo","9":"product_cat-optometria-instrumentos","10":"pa_product-family-diagnostic-es","11":"pa_product-family-refraction-es","12":"pa_product-type-analizador-de-frente-de-onda-binocular-es","13":"pa_product-type-foroptero-es","14":"pa_product-type-telemedicina-es","16":"first","17":"instock","18":"product-type-simple"},"acf":[],"brands":[{"id":508,"name":"Visionix","slug":"visionix-es"}],"_links":{"self":[{"href":"https:\/\/www.visionix.com\/es\/wp-json\/wp\/v2\/product\/26810","targetHints":{"allow":["GET"]}}],"collection":[{"href":"https:\/\/www.visionix.com\/es\/wp-json\/wp\/v2\/product"}],"about":[{"href":"https:\/\/www.visionix.com\/es\/wp-json\/wp\/v2\/types\/product"}],"version-history":[{"count":8,"href":"https:\/\/www.visionix.com\/es\/wp-json\/wp\/v2\/product\/26810\/revisions"}],"predecessor-version":[{"id":32544,"href":"https:\/\/www.visionix.com\/es\/wp-json\/wp\/v2\/product\/26810\/revisions\/32544"}],"wp:featuredmedia":[{"embeddable":true,"href":"https:\/\/www.visionix.com\/es\/wp-json\/wp\/v2\/media\/28164"}],"wp:attachment":[{"href":"https:\/\/www.visionix.com\/es\/wp-json\/wp\/v2\/media?parent=26810"}],"wp:term":[{"taxonomy":"pwb-brand","embeddable":true,"href":"https:\/\/www.visionix.com\/es\/wp-json\/wp\/v2\/pwb-brand?post=26810"},{"taxonomy":"product_brand","embeddable":true,"href":"https:\/\/www.visionix.com\/es\/wp-json\/wp\/v2\/product_brand?post=26810"},{"taxonomy":"product_cat","embeddable":true,"href":"https:\/\/www.visionix.com\/es\/wp-json\/wp\/v2\/product_cat?post=26810"},{"taxonomy":"product_tag","embeddable":true,"href":"https:\/\/www.visionix.com\/es\/wp-json\/wp\/v2\/product_tag?post=26810"}],"curies":[{"name":"wp","href":"https:\/\/api.w.org\/{rel}","templated":true}]}}