{"id":36586,"date":"2023-02-13T09:42:07","date_gmt":"2023-02-13T08:42:07","guid":{"rendered":"https:\/\/www.visionix.com\/?page_id=36586"},"modified":"2023-02-13T09:44:12","modified_gmt":"2023-02-13T08:44:12","slug":"condiciones-generales-de-venta","status":"publish","type":"page","link":"https:\/\/www.visionix.com\/es\/condiciones-generales-de-venta\/","title":{"rendered":"Condiciones Generales de Venta"},"content":{"rendered":"\t\t<div data-elementor-type=\"wp-page\" data-elementor-id=\"36586\" class=\"elementor elementor-36586\" data-elementor-post-type=\"page\">\n\t\t\t\t\t\t<section class=\"elementor-section elementor-top-section elementor-element elementor-element-dd3b391 elementor-section-boxed elementor-section-height-default elementor-section-height-default\" data-id=\"dd3b391\" data-element_type=\"section\" data-e-type=\"section\">\n\t\t\t\t\t\t<div class=\"elementor-container elementor-column-gap-default\">\n\t\t\t\t\t<div class=\"elementor-column elementor-col-100 elementor-top-column elementor-element elementor-element-8864c8a\" data-id=\"8864c8a\" data-element_type=\"column\" data-e-type=\"column\">\n\t\t\t<div class=\"elementor-widget-wrap elementor-element-populated\">\n\t\t\t\t\t\t<div class=\"elementor-element elementor-element-f86b6c4 elementor-widget elementor-widget-heading\" data-id=\"f86b6c4\" data-element_type=\"widget\" data-e-type=\"widget\" data-widget_type=\"heading.default\">\n\t\t\t\t<div class=\"elementor-widget-container\">\n\t\t\t\t\t<h1 class=\"elementor-heading-title elementor-size-default\">CONDICIONES GENERALES DE VENTA <\/h1>\t\t\t\t<\/div>\n\t\t\t\t<\/div>\n\t\t\t\t\t<\/div>\n\t\t<\/div>\n\t\t\t\t\t<\/div>\n\t\t<\/section>\n\t\t\t\t<section class=\"elementor-section elementor-top-section elementor-element elementor-element-33a239f elementor-section-boxed elementor-section-height-default elementor-section-height-default\" data-id=\"33a239f\" data-element_type=\"section\" data-e-type=\"section\">\n\t\t\t\t\t\t<div class=\"elementor-container elementor-column-gap-default\">\n\t\t\t\t\t<div class=\"elementor-column elementor-col-100 elementor-top-column elementor-element elementor-element-d47e638\" data-id=\"d47e638\" data-element_type=\"column\" data-e-type=\"column\">\n\t\t\t<div class=\"elementor-widget-wrap elementor-element-populated\">\n\t\t\t\t\t\t<div class=\"elementor-element elementor-element-c37fe93 elementor-widget elementor-widget-text-editor\" data-id=\"c37fe93\" data-element_type=\"widget\" data-e-type=\"widget\" data-widget_type=\"text-editor.default\">\n\t\t\t\t<div class=\"elementor-widget-container\">\n\t\t\t\t\t\t\t\t\t<p>Las presentes Condiciones Generales de Contrataci\u00f3n se aplicar\u00e1n a todas las ventas de productos comercializados por VISIONIX ESPA\u00d1A, S.A.. Toda aceptaci\u00f3n de propuesta de comercial o de pedido presupone, en todo caso, la adhesi\u00f3n a estas Condiciones Generales de Contrataci\u00f3n. <br \/>El cliente, en caso de tener dudas acerca de las Condiciones Generales de Contrataci\u00f3n podr\u00e1 dirigirse al tel\u00e9fono 932 980 737 y, asimismo, podr\u00e1 consultarlas en la p\u00e1gina web corporativa de Visionix Espa\u00f1a (https:\/\/www.visionix.com\/es\/).<\/p><p>OBJETO<br \/>El objeto de este contrato es la compraventa de los productos comercializados por Visionix Espa\u00f1a, a cambio del pago de un precio por parte del cliente, seg\u00fan lo contenido en las presentes Condiciones Generales.<\/p><p>PLAZOS<br \/>Los plazos de entrega se cuentan a partir de la fecha de recepci\u00f3n de la orden de pedido, entendi\u00e9ndose por fecha de entrega la fecha de \u201csalida de almac\u00e9n\u201d de Visionix Espa\u00f1a. Los plazos de entrega previstos no tienen m\u00e1s que un valor indicativo y ning\u00fan retraso eventual dar\u00e1 derecho al COMPRADOR a anular la venta ni a rechazar la entrega de los productos ni a reclamar penalidad alguna ni da\u00f1os e intereses.<\/p><p>ACEPTACION<br \/>Visionix Espa\u00f1a \u00fanicamente podr\u00e1 aceptar el pedido de producto de un COMPRADOR si \u00e9ste se realiza por medio de una orden de pedido-tipo Visionix Espa\u00f1a debidamente completada y firmada por el COMPRADOR incluyendo, en particular, la descripci\u00f3n y el precio del producto, el importe del anticipo, en su caso, la forma de pago, el lugar de facturaci\u00f3n, y lugar y el plazo de entrega deseado. <br \/>Los pedidos ser\u00e1n v\u00e1lidos \u00fanicamente tras el acuse de recibo emitido por Visionix Espa\u00f1a. Dicho acuse de recibo tiene valor confirmatorio del pedido realizado. Visionix Espa\u00f1a ejecutar\u00e1 los pedidos recibidos con el l\u00edmite de la disponibilidad de los productos.<br \/>En el caso de que, excepcionalmente, no se utilizase la citada orden de pedido-tipo, Visionix Espa\u00f1a podr\u00e1, no obstante, aceptar un pedido si \u00e9ste contiene la totalidad de los datos y menciones que figuran en dicha orden-tipo<br \/><br \/>ESTUDIOS Y PROYECTOS<br \/>Visionix Espa\u00f1a es titular de los derechos sobre la propiedad intelectual e industrial de los estudios, planos y proyectos relativos a las instalaciones de tienda y de taller, los cuales conservar\u00e1 en su totalidad. Dichos documentos no pueden ser divulgados, ejecutados ni reproducidos, total o parcialmente, sin la autorizaci\u00f3n previa, expresa y por escrito de Visionix Espa\u00f1a.<\/p><p>PRECIOS<br \/>Todos nuestros precios est\u00e1n indicados \u201cimpuestos no incluidos\u201d con las tarifas y condiciones vigentes en la fecha de la oferta. Salvo el supuesto de retraso por nuestra parte, los precios indicados en las ofertas tienen un periodo de validez de 30 d\u00edas. Expirado dicho periodo, nuestros suministros se facturan al precio vigente en la fecha de entrega.<\/p><p>FACTURACI\u00d3N<br \/>Las condiciones de pago ser\u00e1n las establecidas por Visionix Espa\u00f1a sin perjuicio de las negociaciones entre Visionix Espa\u00f1a y el comprador antes de realizarle la entrega de la mercanc\u00eda. No tendr\u00e1n validez alguna las condiciones de pago establecidas por el comprador sin la conformidad previa de Visionix Espa\u00f1a.<\/p><p>Las reclamaciones no anulan ni producen efecto alguno sobre la obligaci\u00f3n de pago del precio.<\/p><p>TRANSPORTE Y EXPEDICI\u00d3N<br \/>Las mercanc\u00edas viajan siempre por cuenta y riesgo del COMPRADOR , incluso en el caso de venta libre de portes y embalajes. Incumbe al destinatario el adoptar a la recepci\u00f3n las medidas usuales necesarias con el transportista para el caso de da\u00f1o o deterioro durante el transporte. <br \/>No retomamos ni cambiamos nuestros productos sin cargo ni gastos.<\/p><p>INSTALACI\u00d3N DEL MATERIAL SUMINISTRADO<\/p><p>Los trabajos de fontaner\u00eda (suministro y vaciado de agua),las tomas de corriente el\u00e9ctrica, conexiones, adecuaci\u00f3n de red inform\u00e1tica, son a cargo del COMPRADOR y deben ser realizados con car\u00e1cter previo a nuestra intervenci\u00f3n.<br \/>La adaptaci\u00f3n e instalaci\u00f3n eventual de materiales, aparatos o instrumentos no suministrados por Visionix Espa\u00f1a, as\u00ed como todos los trabajos suplementarios solicitados por el COMPRADOR ser\u00e1n facturados adicionalmente a prorrata del tiempo invertido.<\/p><p>GARANTIA<br \/>Nuestro material tiene garant\u00eda total, piezas y mano de obra, durante 2 a\u00f1os a contar desde la fecha de entrega. En ning\u00fan caso la reparaci\u00f3n o cambio de piezas durante el periodo de garant\u00eda tendr\u00e1 como consecuencia la pr\u00f3rroga de la garant\u00eda la cual entra en vigor el d\u00eda de la fecha de entrega inicial.<\/p><p>La garant\u00eda, y por tanto nuestra responsabilidad, queda limitada a la reparaci\u00f3n o cambio de las piezas defectuosas y excluye cualquier otra obligaci\u00f3n o responsabilidad expresa o impl\u00edcita por parte de Visionix Espa\u00f1a. La garant\u00eda se refiere \u00fanicamente a la conformidad de los productos respecto a sus especificaciones t\u00e9cnicas descritas en la documentaci\u00f3n comercial de Visionix Espa\u00f1a.<\/p><p>La garant\u00eda no surtir\u00e1 efecto si el COMPRADOR, realiza o hace realizar modificaciones, transformaciones o reparaciones sobre el producto por persona no habilitada por Visionix Espa\u00f1a, si lleva a cabo un mantenimiento o utilizaci\u00f3n defectuosa o negligente del producto o bien si se utilizan art\u00edculos inadecuados al mismo.<\/p><p>Est\u00e1n excluidos de garant\u00eda ciertos accesorios tales como las bombillas y resistencias el\u00e9ctricas, \u00fatiles y muelas de biseladoras diamantadas, cuya duraci\u00f3n depende de las condiciones de utilizaci\u00f3n. Dichos accesorios, son objeto de un peritaje por nuestra parte y solamente son sustituidos gratuitamente en caso de tara.<\/p><p><br \/>GARANTIA PIEZAS DE RECAMBIO UNA VEZ FINALIZADA GARANTIA DE PRODUCTO<br \/>La garantia de todas las piezas de recambio ser\u00e1 de un a\u00f1o a contar desde la fecha de la reparaci\u00f3n. Las reparaciones tendran una garant\u00eda de 3 meses.<\/p><p>CONSUMIBLES<br \/>Visionix Espa\u00f1a aconseja utilizar consumibles originales, cualquier malfuncionamiento o da\u00f1o al equipo producido por el uso de consumibles inadecuados y no oficiales significar\u00e1 la nulidad de las condiones de garant\u00eda oficiales.<\/p><p>La garant\u00eda no se aplica a los recambios ni a las reparaciones que se deriven de la depreciaci\u00f3n normal de los aparatos o del deterioro o accidentes derivados de negligencias o de una utilizaci\u00f3n de los materiales en condiciones de trabajo distintas a aquellas para los que los mismos fueron destinados. <\/p><p>\u00a0<\/p><p>El COMPRADOR garantiza la indemnidad de Visionix Espa\u00f1a respecto a cualquier acci\u00f3n de terceros derivada de falta o negligencia imputables al primero. Expresamente se estipula que el COMPRADOR, con la simple petici\u00f3n por escrito de Visionix Espa\u00f1a, abonar\u00e1 a Visionix Espa\u00f1a cualquier suma a la que \u00e9sta hubiera sido condenada as\u00ed como el importe de los gastos incurridos en la correspondiente defensa y las costas judiciales, en su caso.<br \/><br \/>COMPRAVENTA CON PAGO APLAZADO: CLAUSULA DE RESERVA DE DOMINIO<br \/>Todas las compraventas con pago aplazado se realizan con expresa reserva de dominio. En consecuencia, la transmisi\u00f3n al COMPRADOR de la propiedad del material vendido queda condicionada al pago total del precio del bien. <br \/>Esto es, Visionix Espa\u00f1a entrega al COMPRADOR la posesi\u00f3n del material vendido, pero dicha entrega de la posesi\u00f3n no es una transmisi\u00f3n de la propiedad hasta el pago total del precio.<br \/>No obstante, desde la entrega del producto, todos los riesgos relativos al mismo y en particular la p\u00e9rdida total o parcial, de degradaci\u00f3n o de deterioraci\u00f3n, y en general todos los da\u00f1os que pudieran producirse en el producto o pudieran causarse por \u00e9ste, ser\u00e1n por cuenta y riesgo del COMPRADOR. <br \/>A petici\u00f3n de Visionix Espa\u00f1a, el COMPRADOR deber\u00e1 acreditar que ha suscrito una p\u00f3liza de seguros garantizando los riesgos de responsabilidad civil, incendio, explosi\u00f3n, robo, inundaciones y otros da\u00f1os por aguas, roturas de m\u00e1quinas y riesgos el\u00e9ctricos etc. y que cubra todos los bienes necesarios para el ejercicio de su actividad, incluidos aquellos bienes que no sean de su propiedad. El COMPRADOR se obliga a mantener esta garant\u00eda hasta el momento de la transmisi\u00f3n a su favor de la propiedad de las mercanc\u00edas vendidas, esto es, tras el pago total del bien.<br \/>Por pacto expresamente aceptado por el COMPRADOR: <br \/>1 \/ Ninguna reclamaci\u00f3n u oposici\u00f3n autoriza al COMPRADOR a incumplir con su obligaci\u00f3n de pago ni a demorar el pago de una factura. Esto mismo se aplicar\u00e1 en el supuesto en que el COMPRADOR no acepte la entrega en la fecha prevista en el contrato de venta. <br \/>2 \/ La falta o demora del pago de los importes correspondientes en los vencimientos previstos conllevar\u00e1, a partir de la fecha de vencimiento, la aplicaci\u00f3n, autom\u00e1tica y sin necesidad de notificaci\u00f3n o reclamaci\u00f3n alguna previa, de un inter\u00e9s de demora mensual igual a 1,5 veces el tipo de inter\u00e9s legal vigente a la fecha de vencimiento, y sin que ello perjudique o convalide en modo la exigibilidad de la deuda.<br \/>3 \/ La falta de cumplimiento por el COMPRADOR de sus obligaciones de pago a la fecha de vencimiento: <br \/>&#8211; convierte en inmediatamente exigibles todas las sumas pendientes, por cualquier concepto, incluso las no vencidas, cualquiera que sea la forma de pago prevista.<br \/>&#8211; autoriza a Visionix Espa\u00f1a a suspender toda nueva entrega o a enviarlas contra reembolso, cualquiera que sea la forma de pago prevista, y a anular los pedidos en curso.<br \/>&#8211; autoriza a Visionix Espa\u00f1a a resolver el contrato y a ejecutar la cl\u00e1usula de reserva de dominio.<br \/>&#8211; autoriza a Visionix Espa\u00f1a a la interposici\u00f3n o inicio de cualquier acci\u00f3n judicial o litigio por parte de sus abogados. <br \/>Lo anterior ser\u00e1 asimismo aplicable si el COMPRADOR se hallase en estado de suspensi\u00f3n de pagos, declaraci\u00f3n de insolvencia, fuera objeto de intervenci\u00f3n judicial, liquidaci\u00f3n de bienes o de cualquier otro procedimiento similar, o cesare de ejercer normalmente sus actividades.<br \/>La recuperaci\u00f3n por Visionix Espa\u00f1a de los bienes revindicados comportar\u00e1 la obligaci\u00f3n por el COMPRADOR de resarcir a Visionix Espa\u00f1a del perjuicio resultante de la depreciaci\u00f3n y, en todo caso, de la indisponibilidad de los bienes correspondientes. En consecuencia, el COMPRADOR deber\u00e1 satisfacer a Visionix Espa\u00f1a, a t\u00edtulo de cl\u00e1usula penal, una indemnizaci\u00f3n equivalente al 25% del precio inicial de cesi\u00f3n \u2013impuestos no incluidos- del material tal y como figure en la correspondiente factura.<br \/>Visionix Espa\u00f1a podr\u00e1 recabar el cumplimiento de las obligaciones derivadas del presente contrato mediante el ejercicio de las acciones que correspondan en procesos de declaraci\u00f3n ordinarios, en el proceso monitorios o en el proceso de ejecuci\u00f3n, conforme a Ley de Enjuiciamiento Civil. <br \/>Si la resoluci\u00f3n del contrato convirtiera a Visionix Espa\u00f1a en deudor por los pagos a cuenta recibidos previamente del COMPRADOR, Visionix Espa\u00f1a tendr\u00e1 el derecho de compensaci\u00f3n entre dicha deuda y el cr\u00e9dito nacido de la aplicaci\u00f3n de la cl\u00e1usula penal anteriormente estipulada..<\/p><p>LEY APLICABLE Y JURISDICCION<br \/>Cualquier controversia o disputa relativa a la interpretaci\u00f3n y a la ejecuci\u00f3n de las presentes disposiciones, ser\u00e1 sometida a la jurisdicci\u00f3n y competencia de los Juzgados y Tribunales de Barcelona, a la que se someten las partes con renuncia expresa a su propio fuero, cualquiera que sea el lugar de entrega, la forma de pago, e incluso en caso de medidas cautelares o de pluralidad de demandados.<\/p><p>Este contrato tiene car\u00e1cter mercantil y se regir\u00e1 por sus propias disposiciones y en lo en ellas no dispuesto por el C\u00f3digo de Comercio, usos mercantiles, y en su defecto por el C\u00f3digo Civil.<\/p>\t\t\t\t\t\t\t\t<\/div>\n\t\t\t\t<\/div>\n\t\t\t\t\t<\/div>\n\t\t<\/div>\n\t\t\t\t\t<\/div>\n\t\t<\/section>\n\t\t\t\t<\/div>\n\t\t","protected":false},"excerpt":{"rendered":"<p>CONDICIONES GENERALES DE VENTA Las presentes Condiciones Generales de Contrataci\u00f3n se aplicar\u00e1n a todas las ventas de productos comercializados por VISIONIX ESPA\u00d1A, S.A.. Toda aceptaci\u00f3n de propuesta de comercial o de pedido presupone, en todo caso, la adhesi\u00f3n a estas Condiciones Generales de Contrataci\u00f3n. El cliente, en caso de tener dudas acerca de las Condiciones [&hellip;]<\/p>\n","protected":false},"author":1,"featured_media":0,"parent":0,"menu_order":0,"comment_status":"closed","ping_status":"closed","template":"","meta":{"_acf_changed":false,"content-type":"","footnotes":""},"class_list":["post-36586","page","type-page","status-publish","hentry"],"acf":[],"_links":{"self":[{"href":"https:\/\/www.visionix.com\/es\/wp-json\/wp\/v2\/pages\/36586","targetHints":{"allow":["GET"]}}],"collection":[{"href":"https:\/\/www.visionix.com\/es\/wp-json\/wp\/v2\/pages"}],"about":[{"href":"https:\/\/www.visionix.com\/es\/wp-json\/wp\/v2\/types\/page"}],"author":[{"embeddable":true,"href":"https:\/\/www.visionix.com\/es\/wp-json\/wp\/v2\/users\/1"}],"replies":[{"embeddable":true,"href":"https:\/\/www.visionix.com\/es\/wp-json\/wp\/v2\/comments?post=36586"}],"version-history":[{"count":3,"href":"https:\/\/www.visionix.com\/es\/wp-json\/wp\/v2\/pages\/36586\/revisions"}],"predecessor-version":[{"id":36589,"href":"https:\/\/www.visionix.com\/es\/wp-json\/wp\/v2\/pages\/36586\/revisions\/36589"}],"wp:attachment":[{"href":"https:\/\/www.visionix.com\/es\/wp-json\/wp\/v2\/media?parent=36586"}],"curies":[{"name":"wp","href":"https:\/\/api.w.org\/{rel}","templated":true}]}}