{"id":28747,"date":"2022-02-08T11:18:05","date_gmt":"2022-02-08T10:18:05","guid":{"rendered":"https:\/\/www.visionix.com\/optometry\/medical-optometrist\/"},"modified":"2022-07-26T15:41:43","modified_gmt":"2022-07-26T13:41:43","slug":"profesionales-de-la-salud","status":"publish","type":"page","link":"https:\/\/www.visionix.com\/es\/optometria\/profesionales-de-la-salud\/","title":{"rendered":"Profesionales de la salud"},"content":{"rendered":"\t\t<div data-elementor-type=\"wp-page\" data-elementor-id=\"28747\" class=\"elementor elementor-28747 elementor-88\" data-elementor-post-type=\"page\">\n\t\t\t\t\t\t<section class=\"elementor-section elementor-top-section elementor-element elementor-element-59ff389 elementor-section-boxed elementor-section-height-default elementor-section-height-default\" data-id=\"59ff389\" data-element_type=\"section\" data-e-type=\"section\">\n\t\t\t\t\t\t<div class=\"elementor-container elementor-column-gap-default\">\n\t\t\t\t\t<div class=\"elementor-column elementor-col-50 elementor-top-column elementor-element elementor-element-7966cd6\" data-id=\"7966cd6\" data-element_type=\"column\" data-e-type=\"column\">\n\t\t\t<div class=\"elementor-widget-wrap elementor-element-populated\">\n\t\t\t\t\t\t<div class=\"elementor-element elementor-element-d28ac0d elementor-widget elementor-widget-heading\" data-id=\"d28ac0d\" data-element_type=\"widget\" data-e-type=\"widget\" data-widget_type=\"heading.default\">\n\t\t\t\t<div class=\"elementor-widget-container\">\n\t\t\t\t\t<h3 class=\"elementor-heading-title elementor-size-default\">Profesionales de la salud<\/h3>\t\t\t\t<\/div>\n\t\t\t\t<\/div>\n\t\t\t\t<div class=\"elementor-element elementor-element-ffb398d elementor-widget elementor-widget-heading\" data-id=\"ffb398d\" data-element_type=\"widget\" data-e-type=\"widget\" data-widget_type=\"heading.default\">\n\t\t\t\t<div class=\"elementor-widget-container\">\n\t\t\t\t\t<h1 class=\"elementor-heading-title elementor-size-default\">Ayudamos ofrecer un valor a\u00f1adido a su centro<\/h1>\t\t\t\t<\/div>\n\t\t\t\t<\/div>\n\t\t\t\t<div class=\"elementor-element elementor-element-07eabe5 elementor-widget elementor-widget-text-editor\" data-id=\"07eabe5\" data-element_type=\"widget\" data-e-type=\"widget\" data-widget_type=\"text-editor.default\">\n\t\t\t\t<div class=\"elementor-widget-container\">\n\t\t\t\t\t\t\t\t\tLa nueva tecnolog\u00eda, combinada con una mayor eficiencia, le permitir\u00e1 dedicar m\u00e1s tiempo con sus pacientes.\t\t\t\t\t\t\t\t<\/div>\n\t\t\t\t<\/div>\n\t\t\t\t\t<\/div>\n\t\t<\/div>\n\t\t\t\t<div class=\"elementor-column elementor-col-50 elementor-top-column elementor-element elementor-element-bed652e\" data-id=\"bed652e\" data-element_type=\"column\" data-e-type=\"column\">\n\t\t\t<div class=\"elementor-widget-wrap elementor-element-populated\">\n\t\t\t\t\t\t<div class=\"elementor-element elementor-element-a1a126d elementor-widget elementor-widget-image\" data-id=\"a1a126d\" data-element_type=\"widget\" data-e-type=\"widget\" data-widget_type=\"image.default\">\n\t\t\t\t<div class=\"elementor-widget-container\">\n\t\t\t\t\t\t\t\t\t\t\t\t\t\t\t<img fetchpriority=\"high\" decoding=\"async\" width=\"800\" height=\"533\" src=\"https:\/\/www.visionix.com\/wp-content\/uploads\/2022\/05\/Fotolia_91502345_XL-1024x682.jpg\" class=\"attachment-large size-large wp-image-27853\" alt=\"Male Patient Having Consultation With Doctor In Office\" srcset=\"https:\/\/www.visionix.com\/wp-content\/uploads\/2022\/05\/Fotolia_91502345_XL-1024x682.jpg 1024w, https:\/\/www.visionix.com\/wp-content\/uploads\/2022\/05\/Fotolia_91502345_XL-300x200.jpg 300w, https:\/\/www.visionix.com\/wp-content\/uploads\/2022\/05\/Fotolia_91502345_XL-768x512.jpg 768w, https:\/\/www.visionix.com\/wp-content\/uploads\/2022\/05\/Fotolia_91502345_XL-1536x1023.jpg 1536w, https:\/\/www.visionix.com\/wp-content\/uploads\/2022\/05\/Fotolia_91502345_XL-2048x1365.jpg 2048w, https:\/\/www.visionix.com\/wp-content\/uploads\/2022\/05\/Fotolia_91502345_XL-600x400.jpg 600w\" sizes=\"(max-width: 800px) 100vw, 800px\" \/>\t\t\t\t\t\t\t\t\t\t\t\t\t\t\t<\/div>\n\t\t\t\t<\/div>\n\t\t\t\t\t<\/div>\n\t\t<\/div>\n\t\t\t\t\t<\/div>\n\t\t<\/section>\n\t\t\t\t<section class=\"elementor-section elementor-top-section elementor-element elementor-element-8c0f407 elementor-section-boxed elementor-section-height-default elementor-section-height-default\" data-id=\"8c0f407\" data-element_type=\"section\" data-e-type=\"section\">\n\t\t\t\t\t\t<div class=\"elementor-container elementor-column-gap-default\">\n\t\t\t\t\t<div class=\"elementor-column elementor-col-50 elementor-top-column elementor-element elementor-element-faefc37\" data-id=\"faefc37\" data-element_type=\"column\" data-e-type=\"column\">\n\t\t\t<div class=\"elementor-widget-wrap elementor-element-populated\">\n\t\t\t\t\t\t<div class=\"elementor-element elementor-element-2eb8280 elementor-widget elementor-widget-image\" data-id=\"2eb8280\" data-element_type=\"widget\" data-e-type=\"widget\" data-widget_type=\"image.default\">\n\t\t\t\t<div class=\"elementor-widget-container\">\n\t\t\t\t\t\t\t\t\t\t\t\t\t\t\t<img decoding=\"async\" width=\"800\" height=\"534\" src=\"https:\/\/www.visionix.com\/wp-content\/uploads\/2022\/05\/VX130-1024x684.png\" class=\"attachment-large size-large wp-image-27375\" alt=\"\" srcset=\"https:\/\/www.visionix.com\/wp-content\/uploads\/2022\/05\/VX130-1024x684.png 1024w, https:\/\/www.visionix.com\/wp-content\/uploads\/2022\/05\/VX130-300x200.png 300w, https:\/\/www.visionix.com\/wp-content\/uploads\/2022\/05\/VX130-768x513.png 768w, https:\/\/www.visionix.com\/wp-content\/uploads\/2022\/05\/VX130-600x401.png 600w, https:\/\/www.visionix.com\/wp-content\/uploads\/2022\/05\/VX130.png 1273w\" sizes=\"(max-width: 800px) 100vw, 800px\" \/>\t\t\t\t\t\t\t\t\t\t\t\t\t\t\t<\/div>\n\t\t\t\t<\/div>\n\t\t\t\t\t<\/div>\n\t\t<\/div>\n\t\t\t\t<div class=\"elementor-column elementor-col-50 elementor-top-column elementor-element elementor-element-f0e139b\" data-id=\"f0e139b\" data-element_type=\"column\" data-e-type=\"column\">\n\t\t\t<div class=\"elementor-widget-wrap elementor-element-populated\">\n\t\t\t\t\t\t<div class=\"elementor-element elementor-element-c372c49 elementor-widget elementor-widget-text-editor\" data-id=\"c372c49\" data-element_type=\"widget\" data-e-type=\"widget\" data-widget_type=\"text-editor.default\">\n\t\t\t\t<div class=\"elementor-widget-container\">\n\t\t\t\t\t\t\t\t\tNuestros equipos liberan a los optometristas para que puedan centrarse en la parte cl\u00ednica. El personal auxiliar puede aprender r\u00e1pidamente el manejo de nuestros dispositivos, de f\u00e1cil utilizaci\u00f3n, y as\u00ed ayudar en la recolecci\u00f3n de los datos b\u00e1sicos. \t\t\t\t\t\t\t\t<\/div>\n\t\t\t\t<\/div>\n\t\t\t\t<div class=\"elementor-element elementor-element-e7f80a9 elementor-widget elementor-widget-button\" data-id=\"e7f80a9\" data-element_type=\"widget\" data-e-type=\"widget\" data-widget_type=\"button.default\">\n\t\t\t\t<div class=\"elementor-widget-container\">\n\t\t\t\t\t\t\t\t\t<div class=\"elementor-button-wrapper\">\n\t\t\t\t\t<a class=\"elementor-button elementor-button-link elementor-size-sm\" href=\"https:\/\/www.visionix.com\/es\/contact\/\">\n\t\t\t\t\t\t<span class=\"elementor-button-content-wrapper\">\n\t\t\t\t\t\t\t\t\t<span class=\"elementor-button-text\">Conecte con un profesional de la visi\u00f3n<\/span>\n\t\t\t\t\t<\/span>\n\t\t\t\t\t<\/a>\n\t\t\t\t<\/div>\n\t\t\t\t\t\t\t\t<\/div>\n\t\t\t\t<\/div>\n\t\t\t\t\t<\/div>\n\t\t<\/div>\n\t\t\t\t\t<\/div>\n\t\t<\/section>\n\t\t\t\t<section class=\"elementor-section elementor-top-section elementor-element elementor-element-00f490a elementor-section-boxed elementor-section-height-default elementor-section-height-default\" data-id=\"00f490a\" data-element_type=\"section\" data-e-type=\"section\">\n\t\t\t\t\t\t<div class=\"elementor-container elementor-column-gap-default\">\n\t\t\t\t\t<div class=\"elementor-column elementor-col-50 elementor-top-column elementor-element elementor-element-858c404\" data-id=\"858c404\" data-element_type=\"column\" data-e-type=\"column\">\n\t\t\t<div class=\"elementor-widget-wrap elementor-element-populated\">\n\t\t\t\t\t\t<div class=\"elementor-element elementor-element-2db435a elementor-widget elementor-widget-text-editor\" data-id=\"2db435a\" data-element_type=\"widget\" data-e-type=\"widget\" data-widget_type=\"text-editor.default\">\n\t\t\t\t<div class=\"elementor-widget-container\">\n\t\t\t\t\t\t\t\t\tCon una formaci\u00f3n adecuada, el personal auxiliar puede encargarse de las pruebas automatizadas de refracci\u00f3n en un 80 % de los casos, mientras que los optometristas pueden centrarse en el 10-20 % restante de los pacientes, que presenten una sintomatolog\u00eda m\u00e1s compleja.. La refracci\u00f3n automatizada guiada por algoritmos y este nivel de precisi\u00f3n de los datos pueden optimizar el valioso tiempo del personal y permitir que los optometristas sigan controlando todo el proceso de refracci\u00f3n.\t\t\t\t\t\t\t\t<\/div>\n\t\t\t\t<\/div>\n\t\t\t\t<div class=\"elementor-element elementor-element-9c5b570 elementor-widget elementor-widget-button\" data-id=\"9c5b570\" data-element_type=\"widget\" data-e-type=\"widget\" data-widget_type=\"button.default\">\n\t\t\t\t<div class=\"elementor-widget-container\">\n\t\t\t\t\t\t\t\t\t<div class=\"elementor-button-wrapper\">\n\t\t\t\t\t<a class=\"elementor-button elementor-button-link elementor-size-sm\" href=\"https:\/\/www.visionix.com\/es\/contact\/\">\n\t\t\t\t\t\t<span class=\"elementor-button-content-wrapper\">\n\t\t\t\t\t\t\t\t\t<span class=\"elementor-button-text\">Conecte con un profesional de la visi\u00f3n<\/span>\n\t\t\t\t\t<\/span>\n\t\t\t\t\t<\/a>\n\t\t\t\t<\/div>\n\t\t\t\t\t\t\t\t<\/div>\n\t\t\t\t<\/div>\n\t\t\t\t\t<\/div>\n\t\t<\/div>\n\t\t\t\t<div class=\"elementor-column elementor-col-50 elementor-top-column elementor-element elementor-element-1b4cf32\" data-id=\"1b4cf32\" data-element_type=\"column\" data-e-type=\"column\">\n\t\t\t<div class=\"elementor-widget-wrap elementor-element-populated\">\n\t\t\t\t\t\t<div class=\"elementor-element elementor-element-3c3af58 elementor-widget elementor-widget-image\" data-id=\"3c3af58\" data-element_type=\"widget\" data-e-type=\"widget\" data-widget_type=\"image.default\">\n\t\t\t\t<div class=\"elementor-widget-container\">\n\t\t\t\t\t\t\t\t\t\t\t\t\t\t\t<img decoding=\"async\" width=\"768\" height=\"538\" src=\"https:\/\/www.visionix.com\/wp-content\/uploads\/2022\/03\/ark-VX130-ecran-refraction-visionix-768x538-1.jpg\" class=\"attachment-large size-large wp-image-1964\" alt=\"\" srcset=\"https:\/\/www.visionix.com\/wp-content\/uploads\/2022\/03\/ark-VX130-ecran-refraction-visionix-768x538-1.jpg 768w, https:\/\/www.visionix.com\/wp-content\/uploads\/2022\/03\/ark-VX130-ecran-refraction-visionix-768x538-1-300x210.jpg 300w, https:\/\/www.visionix.com\/wp-content\/uploads\/2022\/03\/ark-VX130-ecran-refraction-visionix-768x538-1-600x420.jpg 600w\" sizes=\"(max-width: 768px) 100vw, 768px\" \/>\t\t\t\t\t\t\t\t\t\t\t\t\t\t\t<\/div>\n\t\t\t\t<\/div>\n\t\t\t\t\t<\/div>\n\t\t<\/div>\n\t\t\t\t\t<\/div>\n\t\t<\/section>\n\t\t\t\t<section class=\"elementor-section elementor-top-section elementor-element elementor-element-102cda5 elementor-section-boxed elementor-section-height-default elementor-section-height-default\" data-id=\"102cda5\" data-element_type=\"section\" data-e-type=\"section\">\n\t\t\t\t\t\t<div class=\"elementor-container elementor-column-gap-default\">\n\t\t\t\t\t<div class=\"elementor-column elementor-col-50 elementor-top-column elementor-element elementor-element-bc2b03c\" data-id=\"bc2b03c\" data-element_type=\"column\" data-e-type=\"column\">\n\t\t\t<div class=\"elementor-widget-wrap elementor-element-populated\">\n\t\t\t\t\t\t<div class=\"elementor-element elementor-element-fc3ba21 elementor-widget elementor-widget-image\" data-id=\"fc3ba21\" data-element_type=\"widget\" data-e-type=\"widget\" data-widget_type=\"image.default\">\n\t\t\t\t<div class=\"elementor-widget-container\">\n\t\t\t\t\t\t\t\t\t\t\t\t\t\t\t<img loading=\"lazy\" decoding=\"async\" width=\"800\" height=\"532\" src=\"https:\/\/www.visionix.com\/wp-content\/uploads\/2022\/05\/nexy-1024x681.png\" class=\"attachment-large size-large wp-image-27931\" alt=\"\" srcset=\"https:\/\/www.visionix.com\/wp-content\/uploads\/2022\/05\/nexy-1024x681.png 1024w, https:\/\/www.visionix.com\/wp-content\/uploads\/2022\/05\/nexy-300x199.png 300w, https:\/\/www.visionix.com\/wp-content\/uploads\/2022\/05\/nexy-768x511.png 768w, https:\/\/www.visionix.com\/wp-content\/uploads\/2022\/05\/nexy-600x399.png 600w, https:\/\/www.visionix.com\/wp-content\/uploads\/2022\/05\/nexy.png 1346w\" sizes=\"(max-width: 800px) 100vw, 800px\" \/>\t\t\t\t\t\t\t\t\t\t\t\t\t\t\t<\/div>\n\t\t\t\t<\/div>\n\t\t\t\t\t<\/div>\n\t\t<\/div>\n\t\t\t\t<div class=\"elementor-column elementor-col-50 elementor-top-column elementor-element elementor-element-52f295f\" data-id=\"52f295f\" data-element_type=\"column\" data-e-type=\"column\">\n\t\t\t<div class=\"elementor-widget-wrap elementor-element-populated\">\n\t\t\t\t\t\t<div class=\"elementor-element elementor-element-42f922a elementor-widget elementor-widget-text-editor\" data-id=\"42f922a\" data-element_type=\"widget\" data-e-type=\"widget\" data-widget_type=\"text-editor.default\">\n\t\t\t\t<div class=\"elementor-widget-container\">\n\t\t\t\t\t\t\t\t\tLa combinaci\u00f3n de nuevas tecnolog\u00edas, , un proceso de examen optimizado  y el aval de la experiencia integral del paciente pueden ayudar a mejorar su marca y lograr que su centro  se distinga.\t\t\t\t\t\t\t\t<\/div>\n\t\t\t\t<\/div>\n\t\t\t\t<div class=\"elementor-element elementor-element-d37959d elementor-widget elementor-widget-button\" data-id=\"d37959d\" data-element_type=\"widget\" data-e-type=\"widget\" data-widget_type=\"button.default\">\n\t\t\t\t<div class=\"elementor-widget-container\">\n\t\t\t\t\t\t\t\t\t<div class=\"elementor-button-wrapper\">\n\t\t\t\t\t<a class=\"elementor-button elementor-button-link elementor-size-sm\" href=\"https:\/\/www.visionix.com\/es\/contact\/\">\n\t\t\t\t\t\t<span class=\"elementor-button-content-wrapper\">\n\t\t\t\t\t\t\t\t\t<span class=\"elementor-button-text\">Conecte con un profesional de la visi\u00f3n<\/span>\n\t\t\t\t\t<\/span>\n\t\t\t\t\t<\/a>\n\t\t\t\t<\/div>\n\t\t\t\t\t\t\t\t<\/div>\n\t\t\t\t<\/div>\n\t\t\t\t\t<\/div>\n\t\t<\/div>\n\t\t\t\t\t<\/div>\n\t\t<\/section>\n\t\t\t\t<\/div>\n\t\t","protected":false},"excerpt":{"rendered":"<p>Profesionales de la salud Ayudamos ofrecer un valor a\u00f1adido a su centro La nueva tecnolog\u00eda, combinada con una mayor eficiencia, le permitir\u00e1 dedicar m\u00e1s tiempo con sus pacientes. Nuestros equipos liberan a los optometristas para que puedan centrarse en la parte cl\u00ednica. El personal auxiliar puede aprender r\u00e1pidamente el manejo de nuestros dispositivos, de f\u00e1cil [&hellip;]<\/p>\n","protected":false},"author":1,"featured_media":0,"parent":28741,"menu_order":0,"comment_status":"closed","ping_status":"closed","template":"","meta":{"_acf_changed":false,"content-type":"","footnotes":""},"class_list":["post-28747","page","type-page","status-publish","hentry"],"acf":[],"_links":{"self":[{"href":"https:\/\/www.visionix.com\/es\/wp-json\/wp\/v2\/pages\/28747","targetHints":{"allow":["GET"]}}],"collection":[{"href":"https:\/\/www.visionix.com\/es\/wp-json\/wp\/v2\/pages"}],"about":[{"href":"https:\/\/www.visionix.com\/es\/wp-json\/wp\/v2\/types\/page"}],"author":[{"embeddable":true,"href":"https:\/\/www.visionix.com\/es\/wp-json\/wp\/v2\/users\/1"}],"replies":[{"embeddable":true,"href":"https:\/\/www.visionix.com\/es\/wp-json\/wp\/v2\/comments?post=28747"}],"version-history":[{"count":5,"href":"https:\/\/www.visionix.com\/es\/wp-json\/wp\/v2\/pages\/28747\/revisions"}],"predecessor-version":[{"id":31631,"href":"https:\/\/www.visionix.com\/es\/wp-json\/wp\/v2\/pages\/28747\/revisions\/31631"}],"up":[{"embeddable":true,"href":"https:\/\/www.visionix.com\/es\/wp-json\/wp\/v2\/pages\/28741"}],"wp:attachment":[{"href":"https:\/\/www.visionix.com\/es\/wp-json\/wp\/v2\/media?parent=28747"}],"curies":[{"name":"wp","href":"https:\/\/api.w.org\/{rel}","templated":true}]}}