{"id":28742,"date":"2022-02-08T11:18:45","date_gmt":"2022-02-08T10:18:45","guid":{"rendered":"https:\/\/www.visionix.com\/optometry\/business-owner\/"},"modified":"2022-07-26T15:41:24","modified_gmt":"2022-07-26T13:41:24","slug":"propietarios-de-optica","status":"publish","type":"page","link":"https:\/\/www.visionix.com\/es\/optometria\/propietarios-de-optica\/","title":{"rendered":"Propietarios de \u00f3ptica"},"content":{"rendered":"\t\t<div data-elementor-type=\"wp-page\" data-elementor-id=\"28742\" class=\"elementor elementor-28742 elementor-90\" data-elementor-post-type=\"page\">\n\t\t\t\t\t\t<section class=\"elementor-section elementor-top-section elementor-element elementor-element-6491424 elementor-section-boxed elementor-section-height-default elementor-section-height-default\" data-id=\"6491424\" data-element_type=\"section\" data-e-type=\"section\">\n\t\t\t\t\t\t<div class=\"elementor-container elementor-column-gap-default\">\n\t\t\t\t\t<div class=\"elementor-column elementor-col-50 elementor-top-column elementor-element elementor-element-20ce1f1\" data-id=\"20ce1f1\" data-element_type=\"column\" data-e-type=\"column\">\n\t\t\t<div class=\"elementor-widget-wrap elementor-element-populated\">\n\t\t\t\t\t\t<div class=\"elementor-element elementor-element-e141f02 elementor-widget elementor-widget-heading\" data-id=\"e141f02\" data-element_type=\"widget\" data-e-type=\"widget\" data-widget_type=\"heading.default\">\n\t\t\t\t<div class=\"elementor-widget-container\">\n\t\t\t\t\t<h3 class=\"elementor-heading-title elementor-size-default\">Propietarios de \u00f3ptica <\/h3>\t\t\t\t<\/div>\n\t\t\t\t<\/div>\n\t\t\t\t<div class=\"elementor-element elementor-element-35ed65c elementor-widget elementor-widget-heading\" data-id=\"35ed65c\" data-element_type=\"widget\" data-e-type=\"widget\" data-widget_type=\"heading.default\">\n\t\t\t\t<div class=\"elementor-widget-container\">\n\t\t\t\t\t<h1 class=\"elementor-heading-title elementor-size-default\">Nuestros equipos permiten acelerar el flujo de clientes<\/h1>\t\t\t\t<\/div>\n\t\t\t\t<\/div>\n\t\t\t\t<div class=\"elementor-element elementor-element-0e03c23 elementor-widget elementor-widget-text-editor\" data-id=\"0e03c23\" data-element_type=\"widget\" data-e-type=\"widget\" data-widget_type=\"text-editor.default\">\n\t\t\t\t<div class=\"elementor-widget-container\">\n\t\t\t\t\t\t\t\t\tPuede generar m\u00e1s eficiencia en el funcionamiento de su centro adoptando nuestras \u00faltimas tecnolog\u00edas.\u200b\t\t\t\t\t\t\t\t<\/div>\n\t\t\t\t<\/div>\n\t\t\t\t\t<\/div>\n\t\t<\/div>\n\t\t\t\t<div class=\"elementor-column elementor-col-50 elementor-top-column elementor-element elementor-element-aa78ec5\" data-id=\"aa78ec5\" data-element_type=\"column\" data-e-type=\"column\">\n\t\t\t<div class=\"elementor-widget-wrap elementor-element-populated\">\n\t\t\t\t\t\t<div class=\"elementor-element elementor-element-27e0bcd elementor-widget elementor-widget-image\" data-id=\"27e0bcd\" data-element_type=\"widget\" data-e-type=\"widget\" data-widget_type=\"image.default\">\n\t\t\t\t<div class=\"elementor-widget-container\">\n\t\t\t\t\t\t\t\t\t\t\t\t\t\t\t<img fetchpriority=\"high\" decoding=\"async\" width=\"800\" height=\"525\" src=\"https:\/\/www.visionix.com\/wp-content\/uploads\/2022\/05\/gravitech-1024x672.png\" class=\"attachment-large size-large wp-image-27741\" alt=\"gravitech\" srcset=\"https:\/\/www.visionix.com\/wp-content\/uploads\/2022\/05\/gravitech-1024x672.png 1024w, https:\/\/www.visionix.com\/wp-content\/uploads\/2022\/05\/gravitech-300x197.png 300w, https:\/\/www.visionix.com\/wp-content\/uploads\/2022\/05\/gravitech-768x504.png 768w, https:\/\/www.visionix.com\/wp-content\/uploads\/2022\/05\/gravitech-600x394.png 600w, https:\/\/www.visionix.com\/wp-content\/uploads\/2022\/05\/gravitech.png 1264w\" sizes=\"(max-width: 800px) 100vw, 800px\" \/>\t\t\t\t\t\t\t\t\t\t\t\t\t\t\t<\/div>\n\t\t\t\t<\/div>\n\t\t\t\t\t<\/div>\n\t\t<\/div>\n\t\t\t\t\t<\/div>\n\t\t<\/section>\n\t\t\t\t<section class=\"elementor-section elementor-top-section elementor-element elementor-element-a8d4f01 elementor-section-boxed elementor-section-height-default elementor-section-height-default\" data-id=\"a8d4f01\" data-element_type=\"section\" data-e-type=\"section\">\n\t\t\t\t\t\t<div class=\"elementor-container elementor-column-gap-default\">\n\t\t\t\t\t<div class=\"elementor-column elementor-col-50 elementor-top-column elementor-element elementor-element-3a62a30\" data-id=\"3a62a30\" data-element_type=\"column\" data-e-type=\"column\">\n\t\t\t<div class=\"elementor-widget-wrap elementor-element-populated\">\n\t\t\t\t\t\t<div class=\"elementor-element elementor-element-7aad652 elementor-widget elementor-widget-image\" data-id=\"7aad652\" data-element_type=\"widget\" data-e-type=\"widget\" data-widget_type=\"image.default\">\n\t\t\t\t<div class=\"elementor-widget-container\">\n\t\t\t\t\t\t\t\t\t\t\t\t\t\t\t<img decoding=\"async\" width=\"800\" height=\"543\" src=\"https:\/\/www.visionix.com\/wp-content\/uploads\/2022\/03\/Couture-1024x695.jpg\" class=\"attachment-large size-large wp-image-2644\" alt=\"\" srcset=\"https:\/\/www.visionix.com\/wp-content\/uploads\/2022\/03\/Couture-1024x695.jpg 1024w, https:\/\/www.visionix.com\/wp-content\/uploads\/2022\/03\/Couture-300x204.jpg 300w, https:\/\/www.visionix.com\/wp-content\/uploads\/2022\/03\/Couture-768x521.jpg 768w, https:\/\/www.visionix.com\/wp-content\/uploads\/2022\/03\/Couture-600x407.jpg 600w, https:\/\/www.visionix.com\/wp-content\/uploads\/2022\/03\/Couture.jpg 1101w\" sizes=\"(max-width: 800px) 100vw, 800px\" \/>\t\t\t\t\t\t\t\t\t\t\t\t\t\t\t<\/div>\n\t\t\t\t<\/div>\n\t\t\t\t\t<\/div>\n\t\t<\/div>\n\t\t\t\t<div class=\"elementor-column elementor-col-50 elementor-top-column elementor-element elementor-element-b327162\" data-id=\"b327162\" data-element_type=\"column\" data-e-type=\"column\">\n\t\t\t<div class=\"elementor-widget-wrap elementor-element-populated\">\n\t\t\t\t\t\t<div class=\"elementor-element elementor-element-d0d5713 elementor-widget elementor-widget-text-editor\" data-id=\"d0d5713\" data-element_type=\"widget\" data-e-type=\"widget\" data-widget_type=\"text-editor.default\">\n\t\t\t\t<div class=\"elementor-widget-container\">\n\t\t\t\t\t\t\t\t\tSabemos que la rentabilidad es prioritaria para los propietarios de centros s peque\u00f1os. Por eso, nuestros dispositivos multifuncionales, como Eye Refract y Briot Couture, se amortizan a largo plazo, a la vez que permiten optimizar su pr\u00e1ctica para aumentar la actividad.  \t\t\t\t\t\t\t\t<\/div>\n\t\t\t\t<\/div>\n\t\t\t\t<div class=\"elementor-element elementor-element-2856435 elementor-widget elementor-widget-button\" data-id=\"2856435\" data-element_type=\"widget\" data-e-type=\"widget\" data-widget_type=\"button.default\">\n\t\t\t\t<div class=\"elementor-widget-container\">\n\t\t\t\t\t\t\t\t\t<div class=\"elementor-button-wrapper\">\n\t\t\t\t\t<a class=\"elementor-button elementor-button-link elementor-size-sm\" href=\"https:\/\/www.visionix.com\/es\/category\/lp-new-products\/\">\n\t\t\t\t\t\t<span class=\"elementor-button-content-wrapper\">\n\t\t\t\t\t\t\t\t\t<span class=\"elementor-button-text\">M\u00e1s informaci\u00f3n<\/span>\n\t\t\t\t\t<\/span>\n\t\t\t\t\t<\/a>\n\t\t\t\t<\/div>\n\t\t\t\t\t\t\t\t<\/div>\n\t\t\t\t<\/div>\n\t\t\t\t\t<\/div>\n\t\t<\/div>\n\t\t\t\t\t<\/div>\n\t\t<\/section>\n\t\t\t\t<section class=\"elementor-section elementor-top-section elementor-element elementor-element-74b571f elementor-section-boxed elementor-section-height-default elementor-section-height-default\" data-id=\"74b571f\" data-element_type=\"section\" data-e-type=\"section\">\n\t\t\t\t\t\t<div class=\"elementor-container elementor-column-gap-default\">\n\t\t\t\t\t<div class=\"elementor-column elementor-col-50 elementor-top-column elementor-element elementor-element-3f5070a\" data-id=\"3f5070a\" data-element_type=\"column\" data-e-type=\"column\">\n\t\t\t<div class=\"elementor-widget-wrap elementor-element-populated\">\n\t\t\t\t\t\t<div class=\"elementor-element elementor-element-cc73d16 elementor-widget elementor-widget-text-editor\" data-id=\"cc73d16\" data-element_type=\"widget\" data-e-type=\"widget\" data-widget_type=\"text-editor.default\">\n\t\t\t\t<div class=\"elementor-widget-container\">\n\t\t\t\t\t\t\t\t\tAl comprarnuestros , inmediatamente se activa su inscripci\u00f3n enVisionix Academy, donde su personal puede formarse mediante v\u00eddeos, testimonios y seminarios web. Nuestros especialistas de producto  tambi\u00e9nle acompa\u00f1ar\u00e1n en todo el proceso de formaci\u00f3n en sus nuevos dispositivos, para alcanzar el m\u00e1ximo rendimiento. \t\t\t\t\t\t\t\t<\/div>\n\t\t\t\t<\/div>\n\t\t\t\t<div class=\"elementor-element elementor-element-635c043 elementor-widget elementor-widget-button\" data-id=\"635c043\" data-element_type=\"widget\" data-e-type=\"widget\" data-widget_type=\"button.default\">\n\t\t\t\t<div class=\"elementor-widget-container\">\n\t\t\t\t\t\t\t\t\t<div class=\"elementor-button-wrapper\">\n\t\t\t\t\t<a class=\"elementor-button elementor-button-link elementor-size-sm\" href=\"https:\/\/academy.visionix.com\/es\" target=\"_blank\" rel=\"noopener\">\n\t\t\t\t\t\t<span class=\"elementor-button-content-wrapper\">\n\t\t\t\t\t\t\t\t\t<span class=\"elementor-button-text\">Visite la Academia Visionix<\/span>\n\t\t\t\t\t<\/span>\n\t\t\t\t\t<\/a>\n\t\t\t\t<\/div>\n\t\t\t\t\t\t\t\t<\/div>\n\t\t\t\t<\/div>\n\t\t\t\t\t<\/div>\n\t\t<\/div>\n\t\t\t\t<div class=\"elementor-column elementor-col-50 elementor-top-column elementor-element elementor-element-a340561\" data-id=\"a340561\" data-element_type=\"column\" data-e-type=\"column\">\n\t\t\t<div class=\"elementor-widget-wrap elementor-element-populated\">\n\t\t\t\t\t\t<div class=\"elementor-element elementor-element-605f6d0 elementor-widget elementor-widget-image\" data-id=\"605f6d0\" data-element_type=\"widget\" data-e-type=\"widget\" data-widget_type=\"image.default\">\n\t\t\t\t<div class=\"elementor-widget-container\">\n\t\t\t\t\t\t\t\t\t\t\t\t\t\t\t<img decoding=\"async\" width=\"800\" height=\"361\" src=\"https:\/\/www.visionix.com\/wp-content\/uploads\/2022\/05\/Visionix-Academy-1024x462.png\" class=\"attachment-large size-large wp-image-27942\" alt=\"Visionix Academy\" srcset=\"https:\/\/www.visionix.com\/wp-content\/uploads\/2022\/05\/Visionix-Academy-1024x462.png 1024w, https:\/\/www.visionix.com\/wp-content\/uploads\/2022\/05\/Visionix-Academy-300x135.png 300w, https:\/\/www.visionix.com\/wp-content\/uploads\/2022\/05\/Visionix-Academy-768x347.png 768w, https:\/\/www.visionix.com\/wp-content\/uploads\/2022\/05\/Visionix-Academy-600x271.png 600w, https:\/\/www.visionix.com\/wp-content\/uploads\/2022\/05\/Visionix-Academy.png 1106w\" sizes=\"(max-width: 800px) 100vw, 800px\" \/>\t\t\t\t\t\t\t\t\t\t\t\t\t\t\t<\/div>\n\t\t\t\t<\/div>\n\t\t\t\t\t<\/div>\n\t\t<\/div>\n\t\t\t\t\t<\/div>\n\t\t<\/section>\n\t\t\t\t<section class=\"elementor-section elementor-top-section elementor-element elementor-element-690034c elementor-section-boxed elementor-section-height-default elementor-section-height-default\" data-id=\"690034c\" data-element_type=\"section\" data-e-type=\"section\">\n\t\t\t\t\t\t<div class=\"elementor-container elementor-column-gap-default\">\n\t\t\t\t\t<div class=\"elementor-column elementor-col-50 elementor-top-column elementor-element elementor-element-e8079af\" data-id=\"e8079af\" data-element_type=\"column\" data-e-type=\"column\">\n\t\t\t<div class=\"elementor-widget-wrap elementor-element-populated\">\n\t\t\t\t\t\t<div class=\"elementor-element elementor-element-e7b467f elementor-widget elementor-widget-image\" data-id=\"e7b467f\" data-element_type=\"widget\" data-e-type=\"widget\" data-widget_type=\"image.default\">\n\t\t\t\t<div class=\"elementor-widget-container\">\n\t\t\t\t\t\t\t\t\t\t\t\t\t\t\t<img loading=\"lazy\" decoding=\"async\" width=\"800\" height=\"495\" src=\"https:\/\/www.visionix.com\/wp-content\/uploads\/2022\/03\/wellness-report.jpg\" class=\"attachment-large size-large wp-image-2278\" alt=\"\" srcset=\"https:\/\/www.visionix.com\/wp-content\/uploads\/2022\/03\/wellness-report.jpg 800w, https:\/\/www.visionix.com\/wp-content\/uploads\/2022\/03\/wellness-report-300x186.jpg 300w, https:\/\/www.visionix.com\/wp-content\/uploads\/2022\/03\/wellness-report-768x475.jpg 768w, https:\/\/www.visionix.com\/wp-content\/uploads\/2022\/03\/wellness-report-600x371.jpg 600w\" sizes=\"(max-width: 800px) 100vw, 800px\" \/>\t\t\t\t\t\t\t\t\t\t\t\t\t\t\t<\/div>\n\t\t\t\t<\/div>\n\t\t\t\t\t<\/div>\n\t\t<\/div>\n\t\t\t\t<div class=\"elementor-column elementor-col-50 elementor-top-column elementor-element elementor-element-7f534ef\" data-id=\"7f534ef\" data-element_type=\"column\" data-e-type=\"column\">\n\t\t\t<div class=\"elementor-widget-wrap elementor-element-populated\">\n\t\t\t\t\t\t<div class=\"elementor-element elementor-element-99153f9 elementor-widget elementor-widget-text-editor\" data-id=\"99153f9\" data-element_type=\"widget\" data-e-type=\"widget\" data-widget_type=\"text-editor.default\">\n\t\t\t\t<div class=\"elementor-widget-container\">\n\t\t\t\t\t\t\t\t\tSe pueden realizar m\u00e1s ex\u00e1menes oculares y aumentar los ingresos con el usos de plataformas multidiagn\u00f3sticas para realizar un un examen ocular completo y c\u00f3modo para sus pacientes. \t\t\t\t\t\t\t\t<\/div>\n\t\t\t\t<\/div>\n\t\t\t\t<div class=\"elementor-element elementor-element-a26c009 elementor-widget elementor-widget-button\" data-id=\"a26c009\" data-element_type=\"widget\" data-e-type=\"widget\" data-widget_type=\"button.default\">\n\t\t\t\t<div class=\"elementor-widget-container\">\n\t\t\t\t\t\t\t\t\t<div class=\"elementor-button-wrapper\">\n\t\t\t\t\t<a class=\"elementor-button elementor-button-link elementor-size-sm\" href=\"https:\/\/www.visionix.com\/es\/contact\/\">\n\t\t\t\t\t\t<span class=\"elementor-button-content-wrapper\">\n\t\t\t\t\t\t\t\t\t<span class=\"elementor-button-text\">Conecte con un profesional de la visi\u00f3n<\/span>\n\t\t\t\t\t<\/span>\n\t\t\t\t\t<\/a>\n\t\t\t\t<\/div>\n\t\t\t\t\t\t\t\t<\/div>\n\t\t\t\t<\/div>\n\t\t\t\t\t<\/div>\n\t\t<\/div>\n\t\t\t\t\t<\/div>\n\t\t<\/section>\n\t\t\t\t<section class=\"elementor-section elementor-top-section elementor-element elementor-element-980af35 elementor-section-boxed elementor-section-height-default elementor-section-height-default\" data-id=\"980af35\" data-element_type=\"section\" data-e-type=\"section\">\n\t\t\t\t\t\t<div class=\"elementor-container elementor-column-gap-default\">\n\t\t\t\t\t<div class=\"elementor-column elementor-col-50 elementor-top-column elementor-element elementor-element-141c1c5\" data-id=\"141c1c5\" data-element_type=\"column\" data-e-type=\"column\">\n\t\t\t<div class=\"elementor-widget-wrap elementor-element-populated\">\n\t\t\t\t\t\t<div class=\"elementor-element elementor-element-d54ccab elementor-widget elementor-widget-text-editor\" data-id=\"d54ccab\" data-element_type=\"widget\" data-e-type=\"widget\" data-widget_type=\"text-editor.default\">\n\t\t\t\t<div class=\"elementor-widget-container\">\n\t\t\t\t\t\t\t\t\tNuestros sistemas son f\u00e1ciles de usar, asequibles y compactos. Disponemos del equipo adecuado para cualquier diagn\u00f3stico, desde pruebas preliminares de refracci\u00f3n hasta los dispositivos multimodales, capaces de hacer un manejo avanzado en el cuidado de la salud visual de sus pacientes\t\t\t\t\t\t\t\t<\/div>\n\t\t\t\t<\/div>\n\t\t\t\t<div class=\"elementor-element elementor-element-45eb9be elementor-widget elementor-widget-button\" data-id=\"45eb9be\" data-element_type=\"widget\" data-e-type=\"widget\" data-widget_type=\"button.default\">\n\t\t\t\t<div class=\"elementor-widget-container\">\n\t\t\t\t\t\t\t\t\t<div class=\"elementor-button-wrapper\">\n\t\t\t\t\t<a class=\"elementor-button elementor-button-link elementor-size-sm\" href=\"https:\/\/www.visionix.com\/es\/contact\/\">\n\t\t\t\t\t\t<span class=\"elementor-button-content-wrapper\">\n\t\t\t\t\t\t\t\t\t<span class=\"elementor-button-text\">Conecte con un profesional de la visi\u00f3n<\/span>\n\t\t\t\t\t<\/span>\n\t\t\t\t\t<\/a>\n\t\t\t\t<\/div>\n\t\t\t\t\t\t\t\t<\/div>\n\t\t\t\t<\/div>\n\t\t\t\t\t<\/div>\n\t\t<\/div>\n\t\t\t\t<div class=\"elementor-column elementor-col-50 elementor-top-column elementor-element elementor-element-42fa6d7\" data-id=\"42fa6d7\" data-element_type=\"column\" data-e-type=\"column\">\n\t\t\t<div class=\"elementor-widget-wrap elementor-element-populated\">\n\t\t\t\t\t\t<div class=\"elementor-element elementor-element-c54f3b1 elementor-widget elementor-widget-image\" data-id=\"c54f3b1\" data-element_type=\"widget\" data-e-type=\"widget\" data-widget_type=\"image.default\">\n\t\t\t\t<div class=\"elementor-widget-container\">\n\t\t\t\t\t\t\t\t\t\t\t\t\t\t\t<img loading=\"lazy\" decoding=\"async\" width=\"800\" height=\"534\" src=\"https:\/\/www.visionix.com\/wp-content\/uploads\/2022\/05\/pretest-exam-1024x683.png\" class=\"attachment-large size-large wp-image-27781\" alt=\"\" srcset=\"https:\/\/www.visionix.com\/wp-content\/uploads\/2022\/05\/pretest-exam-1024x683.png 1024w, https:\/\/www.visionix.com\/wp-content\/uploads\/2022\/05\/pretest-exam-300x200.png 300w, https:\/\/www.visionix.com\/wp-content\/uploads\/2022\/05\/pretest-exam-768x512.png 768w, https:\/\/www.visionix.com\/wp-content\/uploads\/2022\/05\/pretest-exam-600x400.png 600w, https:\/\/www.visionix.com\/wp-content\/uploads\/2022\/05\/pretest-exam.png 1260w\" sizes=\"(max-width: 800px) 100vw, 800px\" \/>\t\t\t\t\t\t\t\t\t\t\t\t\t\t\t<\/div>\n\t\t\t\t<\/div>\n\t\t\t\t\t<\/div>\n\t\t<\/div>\n\t\t\t\t\t<\/div>\n\t\t<\/section>\n\t\t\t\t<section class=\"elementor-section elementor-top-section elementor-element elementor-element-90ca409 elementor-section-boxed elementor-section-height-default elementor-section-height-default\" data-id=\"90ca409\" data-element_type=\"section\" data-e-type=\"section\">\n\t\t\t\t\t\t<div class=\"elementor-container elementor-column-gap-default\">\n\t\t\t\t\t<div class=\"elementor-column elementor-col-50 elementor-top-column elementor-element elementor-element-bdaab57\" data-id=\"bdaab57\" data-element_type=\"column\" data-e-type=\"column\">\n\t\t\t<div class=\"elementor-widget-wrap elementor-element-populated\">\n\t\t\t\t\t\t<div class=\"elementor-element elementor-element-59791b0 elementor-widget elementor-widget-image\" data-id=\"59791b0\" data-element_type=\"widget\" data-e-type=\"widget\" data-widget_type=\"image.default\">\n\t\t\t\t<div class=\"elementor-widget-container\">\n\t\t\t\t\t\t\t\t\t\t\t\t\t\t\t<img loading=\"lazy\" decoding=\"async\" width=\"800\" height=\"800\" src=\"https:\/\/www.visionix.com\/wp-content\/uploads\/2022\/03\/Eyes-refract.png\" class=\"attachment-large size-large wp-image-9607\" alt=\"EyeRefract-Visionix-binocular refraction\" srcset=\"https:\/\/www.visionix.com\/wp-content\/uploads\/2022\/03\/Eyes-refract.png 900w, https:\/\/www.visionix.com\/wp-content\/uploads\/2022\/03\/Eyes-refract-300x300.png 300w, https:\/\/www.visionix.com\/wp-content\/uploads\/2022\/03\/Eyes-refract-150x150.png 150w, https:\/\/www.visionix.com\/wp-content\/uploads\/2022\/03\/Eyes-refract-768x768.png 768w, https:\/\/www.visionix.com\/wp-content\/uploads\/2022\/03\/Eyes-refract-32x32.png 32w, https:\/\/www.visionix.com\/wp-content\/uploads\/2022\/03\/Eyes-refract-600x600.png 600w, https:\/\/www.visionix.com\/wp-content\/uploads\/2022\/03\/Eyes-refract-100x100.png 100w\" sizes=\"(max-width: 800px) 100vw, 800px\" \/>\t\t\t\t\t\t\t\t\t\t\t\t\t\t\t<\/div>\n\t\t\t\t<\/div>\n\t\t\t\t\t<\/div>\n\t\t<\/div>\n\t\t\t\t<div class=\"elementor-column elementor-col-50 elementor-top-column elementor-element elementor-element-647b7a2\" data-id=\"647b7a2\" data-element_type=\"column\" data-e-type=\"column\">\n\t\t\t<div class=\"elementor-widget-wrap elementor-element-populated\">\n\t\t\t\t\t\t<div class=\"elementor-element elementor-element-8927175 elementor-widget elementor-widget-text-editor\" data-id=\"8927175\" data-element_type=\"widget\" data-e-type=\"widget\" data-widget_type=\"text-editor.default\">\n\t\t\t\t<div class=\"elementor-widget-container\">\n\t\t\t\t\t\t\t\t\tCon la nueva tecnolog\u00eda de refracci\u00f3n  Eye Refract, se que requiere la mitad de tiempo que un for\u00f3ptero tradicional y permite acelerar el flujo de pacientes. Esto ofrece grandes beneficios para el profesional y mejora la experiencia de paciente. \t\t\t\t\t\t\t\t<\/div>\n\t\t\t\t<\/div>\n\t\t\t\t<div class=\"elementor-element elementor-element-11cf410 elementor-widget elementor-widget-button\" data-id=\"11cf410\" data-element_type=\"widget\" data-e-type=\"widget\" data-widget_type=\"button.default\">\n\t\t\t\t<div class=\"elementor-widget-container\">\n\t\t\t\t\t\t\t\t\t<div class=\"elementor-button-wrapper\">\n\t\t\t\t\t<a class=\"elementor-button elementor-button-link elementor-size-sm\" href=\"https:\/\/www.visionix.com\/es\/product\/visionix-eyerefract\/\">\n\t\t\t\t\t\t<span class=\"elementor-button-content-wrapper\">\n\t\t\t\t\t\t\t\t\t<span class=\"elementor-button-text\">M\u00e1s informaci\u00f3n<\/span>\n\t\t\t\t\t<\/span>\n\t\t\t\t\t<\/a>\n\t\t\t\t<\/div>\n\t\t\t\t\t\t\t\t<\/div>\n\t\t\t\t<\/div>\n\t\t\t\t\t<\/div>\n\t\t<\/div>\n\t\t\t\t\t<\/div>\n\t\t<\/section>\n\t\t\t\t<\/div>\n\t\t","protected":false},"excerpt":{"rendered":"<p>Propietarios de \u00f3ptica Nuestros equipos permiten acelerar el flujo de clientes Puede generar m\u00e1s eficiencia en el funcionamiento de su centro adoptando nuestras \u00faltimas tecnolog\u00edas.\u200b Sabemos que la rentabilidad es prioritaria para los propietarios de centros s peque\u00f1os. Por eso, nuestros dispositivos multifuncionales, como Eye Refract y Briot Couture, se amortizan a largo plazo, a [&hellip;]<\/p>\n","protected":false},"author":1,"featured_media":0,"parent":28741,"menu_order":0,"comment_status":"closed","ping_status":"closed","template":"","meta":{"_acf_changed":false,"content-type":"","footnotes":""},"class_list":["post-28742","page","type-page","status-publish","hentry"],"acf":[],"_links":{"self":[{"href":"https:\/\/www.visionix.com\/es\/wp-json\/wp\/v2\/pages\/28742","targetHints":{"allow":["GET"]}}],"collection":[{"href":"https:\/\/www.visionix.com\/es\/wp-json\/wp\/v2\/pages"}],"about":[{"href":"https:\/\/www.visionix.com\/es\/wp-json\/wp\/v2\/types\/page"}],"author":[{"embeddable":true,"href":"https:\/\/www.visionix.com\/es\/wp-json\/wp\/v2\/users\/1"}],"replies":[{"embeddable":true,"href":"https:\/\/www.visionix.com\/es\/wp-json\/wp\/v2\/comments?post=28742"}],"version-history":[{"count":5,"href":"https:\/\/www.visionix.com\/es\/wp-json\/wp\/v2\/pages\/28742\/revisions"}],"predecessor-version":[{"id":31630,"href":"https:\/\/www.visionix.com\/es\/wp-json\/wp\/v2\/pages\/28742\/revisions\/31630"}],"up":[{"embeddable":true,"href":"https:\/\/www.visionix.com\/es\/wp-json\/wp\/v2\/pages\/28741"}],"wp:attachment":[{"href":"https:\/\/www.visionix.com\/es\/wp-json\/wp\/v2\/media?parent=28742"}],"curies":[{"name":"wp","href":"https:\/\/api.w.org\/{rel}","templated":true}]}}