{"id":28724,"date":"2022-02-08T11:14:00","date_gmt":"2022-02-08T10:14:00","guid":{"rendered":"https:\/\/www.visionix.com\/optical-retail\/retail-optometrist\/"},"modified":"2022-07-26T15:40:10","modified_gmt":"2022-07-26T13:40:10","slug":"optometristas","status":"publish","type":"page","link":"https:\/\/www.visionix.com\/es\/optica\/optometristas\/","title":{"rendered":"Optometristas"},"content":{"rendered":"\t\t<div data-elementor-type=\"wp-page\" data-elementor-id=\"28724\" class=\"elementor elementor-28724 elementor-82\" data-elementor-post-type=\"page\">\n\t\t\t\t\t\t<section class=\"elementor-section elementor-top-section elementor-element elementor-element-168bfd5 elementor-section-boxed elementor-section-height-default elementor-section-height-default\" data-id=\"168bfd5\" data-element_type=\"section\" data-e-type=\"section\">\n\t\t\t\t\t\t<div class=\"elementor-container elementor-column-gap-default\">\n\t\t\t\t\t<div class=\"elementor-column elementor-col-50 elementor-top-column elementor-element elementor-element-0ec23a2\" data-id=\"0ec23a2\" data-element_type=\"column\" data-e-type=\"column\">\n\t\t\t<div class=\"elementor-widget-wrap elementor-element-populated\">\n\t\t\t\t\t\t<div class=\"elementor-element elementor-element-2baa72a elementor-widget elementor-widget-heading\" data-id=\"2baa72a\" data-element_type=\"widget\" data-e-type=\"widget\" data-widget_type=\"heading.default\">\n\t\t\t\t<div class=\"elementor-widget-container\">\n\t\t\t\t\t<h3 class=\"elementor-heading-title elementor-size-default\">Optometristas <\/h3>\t\t\t\t<\/div>\n\t\t\t\t<\/div>\n\t\t\t\t<div class=\"elementor-element elementor-element-76ee8af elementor-widget elementor-widget-heading\" data-id=\"76ee8af\" data-element_type=\"widget\" data-e-type=\"widget\" data-widget_type=\"heading.default\">\n\t\t\t\t<div class=\"elementor-widget-container\">\n\t\t\t\t\t<h1 class=\"elementor-heading-title elementor-size-default\">Haga que su pr\u00e1ctica se distinga gracias a las nuevas tecnolog\u00edas<\/h1>\t\t\t\t<\/div>\n\t\t\t\t<\/div>\n\t\t\t\t<div class=\"elementor-element elementor-element-541da0c elementor-widget elementor-widget-text-editor\" data-id=\"541da0c\" data-element_type=\"widget\" data-e-type=\"widget\" data-widget_type=\"text-editor.default\">\n\t\t\t\t<div class=\"elementor-widget-container\">\n\t\t\t\t\t\t\t\t\tLos optometristas pueden proporcionar a sus pacientes ex\u00e1menes oculares completos utilizando equipos innovadores que se integran en la mayor\u00eda de las historias cl\u00ednicas electr\u00f3nicas\t\t\t\t\t\t\t\t<\/div>\n\t\t\t\t<\/div>\n\t\t\t\t\t<\/div>\n\t\t<\/div>\n\t\t\t\t<div class=\"elementor-column elementor-col-50 elementor-top-column elementor-element elementor-element-e13e4f7\" data-id=\"e13e4f7\" data-element_type=\"column\" data-e-type=\"column\">\n\t\t\t<div class=\"elementor-widget-wrap elementor-element-populated\">\n\t\t\t\t\t\t<div class=\"elementor-element elementor-element-9d23e0a elementor-widget elementor-widget-image\" data-id=\"9d23e0a\" data-element_type=\"widget\" data-e-type=\"widget\" data-widget_type=\"image.default\">\n\t\t\t\t<div class=\"elementor-widget-container\">\n\t\t\t\t\t\t\t\t\t\t\t\t\t\t\t<img fetchpriority=\"high\" decoding=\"async\" width=\"800\" height=\"538\" src=\"https:\/\/www.visionix.com\/wp-content\/uploads\/2022\/05\/connectivity-1024x688.png\" class=\"attachment-large size-large wp-image-27792\" alt=\"\" srcset=\"https:\/\/www.visionix.com\/wp-content\/uploads\/2022\/05\/connectivity-1024x688.png 1024w, https:\/\/www.visionix.com\/wp-content\/uploads\/2022\/05\/connectivity-300x202.png 300w, https:\/\/www.visionix.com\/wp-content\/uploads\/2022\/05\/connectivity-768x516.png 768w, https:\/\/www.visionix.com\/wp-content\/uploads\/2022\/05\/connectivity-600x403.png 600w, https:\/\/www.visionix.com\/wp-content\/uploads\/2022\/05\/connectivity.png 1236w\" sizes=\"(max-width: 800px) 100vw, 800px\" \/>\t\t\t\t\t\t\t\t\t\t\t\t\t\t\t<\/div>\n\t\t\t\t<\/div>\n\t\t\t\t\t<\/div>\n\t\t<\/div>\n\t\t\t\t\t<\/div>\n\t\t<\/section>\n\t\t\t\t<section class=\"elementor-section elementor-top-section elementor-element elementor-element-0253282 elementor-section-boxed elementor-section-height-default elementor-section-height-default\" data-id=\"0253282\" data-element_type=\"section\" data-e-type=\"section\">\n\t\t\t\t\t\t<div class=\"elementor-container elementor-column-gap-default\">\n\t\t\t\t\t<div class=\"elementor-column elementor-col-50 elementor-top-column elementor-element elementor-element-f9ca234\" data-id=\"f9ca234\" data-element_type=\"column\" data-e-type=\"column\">\n\t\t\t<div class=\"elementor-widget-wrap elementor-element-populated\">\n\t\t\t\t\t\t<div class=\"elementor-element elementor-element-dd4a0b0 elementor-widget elementor-widget-image\" data-id=\"dd4a0b0\" data-element_type=\"widget\" data-e-type=\"widget\" data-widget_type=\"image.default\">\n\t\t\t\t<div class=\"elementor-widget-container\">\n\t\t\t\t\t\t\t\t\t\t\t\t\t\t\t<img decoding=\"async\" width=\"800\" height=\"560\" src=\"https:\/\/www.visionix.com\/wp-content\/uploads\/2022\/05\/DSC7414-2.jpg\" class=\"attachment-large size-large wp-image-27817\" alt=\"exam with patient vx120\" srcset=\"https:\/\/www.visionix.com\/wp-content\/uploads\/2022\/05\/DSC7414-2.jpg 1000w, https:\/\/www.visionix.com\/wp-content\/uploads\/2022\/05\/DSC7414-2-300x210.jpg 300w, https:\/\/www.visionix.com\/wp-content\/uploads\/2022\/05\/DSC7414-2-768x538.jpg 768w, https:\/\/www.visionix.com\/wp-content\/uploads\/2022\/05\/DSC7414-2-600x420.jpg 600w\" sizes=\"(max-width: 800px) 100vw, 800px\" \/>\t\t\t\t\t\t\t\t\t\t\t\t\t\t\t<\/div>\n\t\t\t\t<\/div>\n\t\t\t\t\t<\/div>\n\t\t<\/div>\n\t\t\t\t<div class=\"elementor-column elementor-col-50 elementor-top-column elementor-element elementor-element-7c9fd55\" data-id=\"7c9fd55\" data-element_type=\"column\" data-e-type=\"column\">\n\t\t\t<div class=\"elementor-widget-wrap elementor-element-populated\">\n\t\t\t\t\t\t<div class=\"elementor-element elementor-element-1cd709c elementor-widget elementor-widget-text-editor\" data-id=\"1cd709c\" data-element_type=\"widget\" data-e-type=\"widget\" data-widget_type=\"text-editor.default\">\n\t\t\t\t<div class=\"elementor-widget-container\">\n\t\t\t\t\t\t\t\t\tLa combinaci\u00f3n de nuevas tecnolog\u00edas, una configuraci\u00f3n \u00f3ptica moderna, un proceso de examen racionalizado y la cogesti\u00f3n de la experiencia integral del paciente pueden ayudar a mejorar su marca y lograr que su consultorio se distinga.\t\t\t\t\t\t\t\t<\/div>\n\t\t\t\t<\/div>\n\t\t\t\t<div class=\"elementor-element elementor-element-378a39a elementor-widget elementor-widget-button\" data-id=\"378a39a\" data-element_type=\"widget\" data-e-type=\"widget\" data-widget_type=\"button.default\">\n\t\t\t\t<div class=\"elementor-widget-container\">\n\t\t\t\t\t\t\t\t\t<div class=\"elementor-button-wrapper\">\n\t\t\t\t\t<a class=\"elementor-button elementor-button-link elementor-size-sm\" href=\"https:\/\/www.visionix.com\/es\/contact\/\">\n\t\t\t\t\t\t<span class=\"elementor-button-content-wrapper\">\n\t\t\t\t\t\t\t\t\t<span class=\"elementor-button-text\">Conecte con un profesional de la visi\u00f3n<\/span>\n\t\t\t\t\t<\/span>\n\t\t\t\t\t<\/a>\n\t\t\t\t<\/div>\n\t\t\t\t\t\t\t\t<\/div>\n\t\t\t\t<\/div>\n\t\t\t\t\t<\/div>\n\t\t<\/div>\n\t\t\t\t\t<\/div>\n\t\t<\/section>\n\t\t\t\t<section class=\"elementor-section elementor-top-section elementor-element elementor-element-0197a2b elementor-section-boxed elementor-section-height-default elementor-section-height-default\" data-id=\"0197a2b\" data-element_type=\"section\" data-e-type=\"section\">\n\t\t\t\t\t\t<div class=\"elementor-container elementor-column-gap-default\">\n\t\t\t\t\t<div class=\"elementor-column elementor-col-50 elementor-top-column elementor-element elementor-element-1c4890f\" data-id=\"1c4890f\" data-element_type=\"column\" data-e-type=\"column\">\n\t\t\t<div class=\"elementor-widget-wrap elementor-element-populated\">\n\t\t\t\t\t\t<div class=\"elementor-element elementor-element-7c56e18 elementor-widget elementor-widget-text-editor\" data-id=\"7c56e18\" data-element_type=\"widget\" data-e-type=\"widget\" data-widget_type=\"text-editor.default\">\n\t\t\t\t<div class=\"elementor-widget-container\">\n\t\t\t\t\t\t\t\t\tEl Eye Refract de Visionix combina la refracci\u00f3n objetiva completa y la refracci\u00f3n subjetiva para identificar la zona de confort del paciente utilizando tres dimensiones: esfera, cilindro y eje.  Los pacientes valoran enormemente  esta tecnolog\u00eda y dan opiniones positivas considerando  que es el examen ocular m\u00e1s completo que han recibido. \t\t\t\t\t\t\t\t<\/div>\n\t\t\t\t<\/div>\n\t\t\t\t<div class=\"elementor-element elementor-element-bfe67ed elementor-widget elementor-widget-button\" data-id=\"bfe67ed\" data-element_type=\"widget\" data-e-type=\"widget\" data-widget_type=\"button.default\">\n\t\t\t\t<div class=\"elementor-widget-container\">\n\t\t\t\t\t\t\t\t\t<div class=\"elementor-button-wrapper\">\n\t\t\t\t\t<a class=\"elementor-button elementor-button-link elementor-size-sm\" href=\"https:\/\/www.visionix.com\/es\/contact\/\">\n\t\t\t\t\t\t<span class=\"elementor-button-content-wrapper\">\n\t\t\t\t\t\t\t\t\t<span class=\"elementor-button-text\">Conecte con un profesional de la visi\u00f3n<\/span>\n\t\t\t\t\t<\/span>\n\t\t\t\t\t<\/a>\n\t\t\t\t<\/div>\n\t\t\t\t\t\t\t\t<\/div>\n\t\t\t\t<\/div>\n\t\t\t\t\t<\/div>\n\t\t<\/div>\n\t\t\t\t<div class=\"elementor-column elementor-col-50 elementor-top-column elementor-element elementor-element-2a0eac1\" data-id=\"2a0eac1\" data-element_type=\"column\" data-e-type=\"column\">\n\t\t\t<div class=\"elementor-widget-wrap elementor-element-populated\">\n\t\t\t\t\t\t<div class=\"elementor-element elementor-element-7ad802d elementor-widget elementor-widget-image\" data-id=\"7ad802d\" data-element_type=\"widget\" data-e-type=\"widget\" data-widget_type=\"image.default\">\n\t\t\t\t<div class=\"elementor-widget-container\">\n\t\t\t\t\t\t\t\t\t\t\t\t\t\t\t<img decoding=\"async\" width=\"800\" height=\"531\" src=\"https:\/\/www.visionix.com\/wp-content\/uploads\/2022\/05\/full-exam-1024x680.png\" class=\"attachment-large size-large wp-image-27801\" alt=\"\" srcset=\"https:\/\/www.visionix.com\/wp-content\/uploads\/2022\/05\/full-exam-1024x680.png 1024w, https:\/\/www.visionix.com\/wp-content\/uploads\/2022\/05\/full-exam-300x199.png 300w, https:\/\/www.visionix.com\/wp-content\/uploads\/2022\/05\/full-exam-768x510.png 768w, https:\/\/www.visionix.com\/wp-content\/uploads\/2022\/05\/full-exam-600x399.png 600w, https:\/\/www.visionix.com\/wp-content\/uploads\/2022\/05\/full-exam.png 1255w\" sizes=\"(max-width: 800px) 100vw, 800px\" \/>\t\t\t\t\t\t\t\t\t\t\t\t\t\t\t<\/div>\n\t\t\t\t<\/div>\n\t\t\t\t\t<\/div>\n\t\t<\/div>\n\t\t\t\t\t<\/div>\n\t\t<\/section>\n\t\t\t\t<section class=\"elementor-section elementor-top-section elementor-element elementor-element-3c66455 elementor-section-boxed elementor-section-height-default elementor-section-height-default\" data-id=\"3c66455\" data-element_type=\"section\" data-e-type=\"section\">\n\t\t\t\t\t\t<div class=\"elementor-container elementor-column-gap-default\">\n\t\t\t\t\t<div class=\"elementor-column elementor-col-50 elementor-top-column elementor-element elementor-element-50556d9\" data-id=\"50556d9\" data-element_type=\"column\" data-e-type=\"column\">\n\t\t\t<div class=\"elementor-widget-wrap elementor-element-populated\">\n\t\t\t\t\t\t<div class=\"elementor-element elementor-element-c2f6450 elementor-widget elementor-widget-image\" data-id=\"c2f6450\" data-element_type=\"widget\" data-e-type=\"widget\" data-widget_type=\"image.default\">\n\t\t\t\t<div class=\"elementor-widget-container\">\n\t\t\t\t\t\t\t\t\t\t\t\t\t\t\t<img loading=\"lazy\" decoding=\"async\" width=\"800\" height=\"527\" src=\"https:\/\/www.visionix.com\/wp-content\/uploads\/2022\/05\/vx65-phoropter-1024x675.png\" class=\"attachment-large size-large wp-image-27825\" alt=\"vx65 phoropter\" srcset=\"https:\/\/www.visionix.com\/wp-content\/uploads\/2022\/05\/vx65-phoropter-1024x675.png 1024w, https:\/\/www.visionix.com\/wp-content\/uploads\/2022\/05\/vx65-phoropter-300x198.png 300w, https:\/\/www.visionix.com\/wp-content\/uploads\/2022\/05\/vx65-phoropter-768x507.png 768w, https:\/\/www.visionix.com\/wp-content\/uploads\/2022\/05\/vx65-phoropter-600x396.png 600w, https:\/\/www.visionix.com\/wp-content\/uploads\/2022\/05\/vx65-phoropter.png 1266w\" sizes=\"(max-width: 800px) 100vw, 800px\" \/>\t\t\t\t\t\t\t\t\t\t\t\t\t\t\t<\/div>\n\t\t\t\t<\/div>\n\t\t\t\t\t<\/div>\n\t\t<\/div>\n\t\t\t\t<div class=\"elementor-column elementor-col-50 elementor-top-column elementor-element elementor-element-1fb3e7e\" data-id=\"1fb3e7e\" data-element_type=\"column\" data-e-type=\"column\">\n\t\t\t<div class=\"elementor-widget-wrap elementor-element-populated\">\n\t\t\t\t\t\t<div class=\"elementor-element elementor-element-decc9be elementor-widget elementor-widget-text-editor\" data-id=\"decc9be\" data-element_type=\"widget\" data-e-type=\"widget\" data-widget_type=\"text-editor.default\">\n\t\t\t\t<div class=\"elementor-widget-container\">\n\t\t\t\t\t\t\t\t\tNuestro sistema de integraci\u00f3n de datos permite que los profesionales accedan y revisen la prescripci\u00f3n final recomendada y todos los datos est\u00e1ndares previos a la prueba antes de ver al paciente en la sala de examen.  Con este enfoque modificado, los especialistas pueden centrarse en los casos de pacientes m\u00e1s dif\u00edciles \u2013aproximadamente el 10 % de la poblaci\u00f3n total\u2013 que requieren el uso de un for\u00f3ptero manual.  As\u00ed, las cl\u00ednicas pueden beneficiarse con el ahorro de tiempo, ya que la destreza refractiva tradicional del optometrista se reserva para aquellos pacientes dif\u00edciles que la necesitan.\t\t\t\t\t\t\t\t<\/div>\n\t\t\t\t<\/div>\n\t\t\t\t<div class=\"elementor-element elementor-element-33d80f0 elementor-widget elementor-widget-button\" data-id=\"33d80f0\" data-element_type=\"widget\" data-e-type=\"widget\" data-widget_type=\"button.default\">\n\t\t\t\t<div class=\"elementor-widget-container\">\n\t\t\t\t\t\t\t\t\t<div class=\"elementor-button-wrapper\">\n\t\t\t\t\t<a class=\"elementor-button elementor-button-link elementor-size-sm\" href=\"https:\/\/www.visionix.com\/es\/contact\/\">\n\t\t\t\t\t\t<span class=\"elementor-button-content-wrapper\">\n\t\t\t\t\t\t\t\t\t<span class=\"elementor-button-text\">Conecte con un profesional de la visi\u00f3n<\/span>\n\t\t\t\t\t<\/span>\n\t\t\t\t\t<\/a>\n\t\t\t\t<\/div>\n\t\t\t\t\t\t\t\t<\/div>\n\t\t\t\t<\/div>\n\t\t\t\t\t<\/div>\n\t\t<\/div>\n\t\t\t\t\t<\/div>\n\t\t<\/section>\n\t\t\t\t<section class=\"elementor-section elementor-top-section elementor-element elementor-element-131759c elementor-section-boxed elementor-section-height-default elementor-section-height-default\" data-id=\"131759c\" data-element_type=\"section\" data-e-type=\"section\">\n\t\t\t\t\t\t<div class=\"elementor-container elementor-column-gap-default\">\n\t\t\t\t\t<div class=\"elementor-column elementor-col-50 elementor-top-column elementor-element elementor-element-9f929d2\" data-id=\"9f929d2\" data-element_type=\"column\" data-e-type=\"column\">\n\t\t\t<div class=\"elementor-widget-wrap elementor-element-populated\">\n\t\t\t\t\t\t<div class=\"elementor-element elementor-element-6d078c0 elementor-widget elementor-widget-text-editor\" data-id=\"6d078c0\" data-element_type=\"widget\" data-e-type=\"widget\" data-widget_type=\"text-editor.default\">\n\t\t\t\t<div class=\"elementor-widget-container\">\n\t\t\t\t\t\t\t\t\tEl Eye Refract toma lecturas de frente de onda , adem\u00e1s de valorar  la prescripci\u00f3n del paciente para obtener su zona de visi\u00f3n m\u00e1s c\u00f3moda.  Tambi\u00e9n proporciona lecturas queratom\u00e9tricas  precisas para poder prescribir c\u00f3modamente lentes de contacto con resultados impresionantes en el primer intento.  \t\t\t\t\t\t\t\t<\/div>\n\t\t\t\t<\/div>\n\t\t\t\t<div class=\"elementor-element elementor-element-990b1be elementor-widget elementor-widget-button\" data-id=\"990b1be\" data-element_type=\"widget\" data-e-type=\"widget\" data-widget_type=\"button.default\">\n\t\t\t\t<div class=\"elementor-widget-container\">\n\t\t\t\t\t\t\t\t\t<div class=\"elementor-button-wrapper\">\n\t\t\t\t\t<a class=\"elementor-button elementor-button-link elementor-size-sm\" href=\"https:\/\/www.visionix.com\/es\/contact\/\">\n\t\t\t\t\t\t<span class=\"elementor-button-content-wrapper\">\n\t\t\t\t\t\t\t\t\t<span class=\"elementor-button-text\">Conecte con un profesional de la visi\u00f3n<\/span>\n\t\t\t\t\t<\/span>\n\t\t\t\t\t<\/a>\n\t\t\t\t<\/div>\n\t\t\t\t\t\t\t\t<\/div>\n\t\t\t\t<\/div>\n\t\t\t\t\t<\/div>\n\t\t<\/div>\n\t\t\t\t<div class=\"elementor-column elementor-col-50 elementor-top-column elementor-element elementor-element-7022a4f\" data-id=\"7022a4f\" data-element_type=\"column\" data-e-type=\"column\">\n\t\t\t<div class=\"elementor-widget-wrap elementor-element-populated\">\n\t\t\t\t\t\t<div class=\"elementor-element elementor-element-85b9a3a elementor-widget elementor-widget-image\" data-id=\"85b9a3a\" data-element_type=\"widget\" data-e-type=\"widget\" data-widget_type=\"image.default\">\n\t\t\t\t<div class=\"elementor-widget-container\">\n\t\t\t\t\t\t\t\t\t\t\t\t\t\t\t<img loading=\"lazy\" decoding=\"async\" width=\"600\" height=\"400\" src=\"https:\/\/www.visionix.com\/wp-content\/uploads\/2022\/03\/Eye-Refract.png\" class=\"attachment-large size-large wp-image-2874\" alt=\"\" srcset=\"https:\/\/www.visionix.com\/wp-content\/uploads\/2022\/03\/Eye-Refract.png 600w, https:\/\/www.visionix.com\/wp-content\/uploads\/2022\/03\/Eye-Refract-300x200.png 300w\" sizes=\"(max-width: 600px) 100vw, 600px\" \/>\t\t\t\t\t\t\t\t\t\t\t\t\t\t\t<\/div>\n\t\t\t\t<\/div>\n\t\t\t\t\t<\/div>\n\t\t<\/div>\n\t\t\t\t\t<\/div>\n\t\t<\/section>\n\t\t\t\t<section class=\"elementor-section elementor-top-section elementor-element elementor-element-2b159c3 elementor-section-boxed elementor-section-height-default elementor-section-height-default\" data-id=\"2b159c3\" data-element_type=\"section\" data-e-type=\"section\">\n\t\t\t\t\t\t<div class=\"elementor-container elementor-column-gap-default\">\n\t\t\t\t\t<div class=\"elementor-column elementor-col-50 elementor-top-column elementor-element elementor-element-cdd0ade\" data-id=\"cdd0ade\" data-element_type=\"column\" data-e-type=\"column\">\n\t\t\t<div class=\"elementor-widget-wrap elementor-element-populated\">\n\t\t\t\t\t\t<div class=\"elementor-element elementor-element-fea9e97 elementor-widget elementor-widget-image\" data-id=\"fea9e97\" data-element_type=\"widget\" data-e-type=\"widget\" data-widget_type=\"image.default\">\n\t\t\t\t<div class=\"elementor-widget-container\">\n\t\t\t\t\t\t\t\t\t\t\t\t\t\t\t<img loading=\"lazy\" decoding=\"async\" width=\"535\" height=\"375\" src=\"https:\/\/www.visionix.com\/wp-content\/uploads\/2022\/03\/caja-interconexion-vxbox2-visionix-3-535x375-1.jpg\" class=\"attachment-large size-large wp-image-8298\" alt=\"\" srcset=\"https:\/\/www.visionix.com\/wp-content\/uploads\/2022\/03\/caja-interconexion-vxbox2-visionix-3-535x375-1.jpg 535w, https:\/\/www.visionix.com\/wp-content\/uploads\/2022\/03\/caja-interconexion-vxbox2-visionix-3-535x375-1-300x210.jpg 300w\" sizes=\"(max-width: 535px) 100vw, 535px\" \/>\t\t\t\t\t\t\t\t\t\t\t\t\t\t\t<\/div>\n\t\t\t\t<\/div>\n\t\t\t\t\t<\/div>\n\t\t<\/div>\n\t\t\t\t<div class=\"elementor-column elementor-col-50 elementor-top-column elementor-element elementor-element-3a90407\" data-id=\"3a90407\" data-element_type=\"column\" data-e-type=\"column\">\n\t\t\t<div class=\"elementor-widget-wrap elementor-element-populated\">\n\t\t\t\t\t\t<div class=\"elementor-element elementor-element-0909f62 elementor-widget elementor-widget-text-editor\" data-id=\"0909f62\" data-element_type=\"widget\" data-e-type=\"widget\" data-widget_type=\"text-editor.default\">\n\t\t\t\t<div class=\"elementor-widget-container\">\n\t\t\t\t\t\t\t\t\tNuestros sistemas funcionan con varias plataformas de historias cl\u00ednicas electr\u00f3nicas y env\u00edan los datos en formato XML.  Esto permite al optometrista tomar los resultados de una refracci\u00f3n y sentarse con el paciente para analizarlos y discutirlos.  El paciente puede establecer un v\u00ednculo con el optometrista, lo que a su vez crea fidelidad.\t\t\t\t\t\t\t\t<\/div>\n\t\t\t\t<\/div>\n\t\t\t\t<div class=\"elementor-element elementor-element-9ba690b elementor-widget elementor-widget-button\" data-id=\"9ba690b\" data-element_type=\"widget\" data-e-type=\"widget\" data-widget_type=\"button.default\">\n\t\t\t\t<div class=\"elementor-widget-container\">\n\t\t\t\t\t\t\t\t\t<div class=\"elementor-button-wrapper\">\n\t\t\t\t\t<a class=\"elementor-button elementor-button-link elementor-size-sm\" href=\"https:\/\/www.visionix.com\/es\/contact\/\">\n\t\t\t\t\t\t<span class=\"elementor-button-content-wrapper\">\n\t\t\t\t\t\t\t\t\t<span class=\"elementor-button-text\">Conecte con un profesional de la visi\u00f3n<\/span>\n\t\t\t\t\t<\/span>\n\t\t\t\t\t<\/a>\n\t\t\t\t<\/div>\n\t\t\t\t\t\t\t\t<\/div>\n\t\t\t\t<\/div>\n\t\t\t\t\t<\/div>\n\t\t<\/div>\n\t\t\t\t\t<\/div>\n\t\t<\/section>\n\t\t\t\t<\/div>\n\t\t","protected":false},"excerpt":{"rendered":"<p>Optometristas Haga que su pr\u00e1ctica se distinga gracias a las nuevas tecnolog\u00edas Los optometristas pueden proporcionar a sus pacientes ex\u00e1menes oculares completos utilizando equipos innovadores que se integran en la mayor\u00eda de las historias cl\u00ednicas electr\u00f3nicas La combinaci\u00f3n de nuevas tecnolog\u00edas, una configuraci\u00f3n \u00f3ptica moderna, un proceso de examen racionalizado y la cogesti\u00f3n de la [&hellip;]<\/p>\n","protected":false},"author":1,"featured_media":0,"parent":28709,"menu_order":0,"comment_status":"closed","ping_status":"closed","template":"","meta":{"_acf_changed":false,"content-type":"","footnotes":""},"class_list":["post-28724","page","type-page","status-publish","hentry"],"acf":[],"_links":{"self":[{"href":"https:\/\/www.visionix.com\/es\/wp-json\/wp\/v2\/pages\/28724","targetHints":{"allow":["GET"]}}],"collection":[{"href":"https:\/\/www.visionix.com\/es\/wp-json\/wp\/v2\/pages"}],"about":[{"href":"https:\/\/www.visionix.com\/es\/wp-json\/wp\/v2\/types\/page"}],"author":[{"embeddable":true,"href":"https:\/\/www.visionix.com\/es\/wp-json\/wp\/v2\/users\/1"}],"replies":[{"embeddable":true,"href":"https:\/\/www.visionix.com\/es\/wp-json\/wp\/v2\/comments?post=28724"}],"version-history":[{"count":5,"href":"https:\/\/www.visionix.com\/es\/wp-json\/wp\/v2\/pages\/28724\/revisions"}],"predecessor-version":[{"id":31627,"href":"https:\/\/www.visionix.com\/es\/wp-json\/wp\/v2\/pages\/28724\/revisions\/31627"}],"up":[{"embeddable":true,"href":"https:\/\/www.visionix.com\/es\/wp-json\/wp\/v2\/pages\/28709"}],"wp:attachment":[{"href":"https:\/\/www.visionix.com\/es\/wp-json\/wp\/v2\/media?parent=28724"}],"curies":[{"name":"wp","href":"https:\/\/api.w.org\/{rel}","templated":true}]}}