{"id":28716,"date":"2022-02-08T11:15:03","date_gmt":"2022-02-08T10:15:03","guid":{"rendered":"https:\/\/www.visionix.com\/optical-retail\/chain\/"},"modified":"2022-07-26T15:39:26","modified_gmt":"2022-07-26T13:39:26","slug":"cadenas-de-opticas","status":"publish","type":"page","link":"https:\/\/www.visionix.com\/es\/optica\/cadenas-de-opticas\/","title":{"rendered":"Cadenas de \u00f3pticas"},"content":{"rendered":"\t\t<div data-elementor-type=\"wp-page\" data-elementor-id=\"28716\" class=\"elementor elementor-28716 elementor-86\" data-elementor-post-type=\"page\">\n\t\t\t\t\t\t<section class=\"elementor-section elementor-top-section elementor-element elementor-element-6fa80f9 elementor-section-boxed elementor-section-height-default elementor-section-height-default\" data-id=\"6fa80f9\" data-element_type=\"section\" data-e-type=\"section\">\n\t\t\t\t\t\t<div class=\"elementor-container elementor-column-gap-default\">\n\t\t\t\t\t<div class=\"elementor-column elementor-col-50 elementor-top-column elementor-element elementor-element-212d035\" data-id=\"212d035\" data-element_type=\"column\" data-e-type=\"column\">\n\t\t\t<div class=\"elementor-widget-wrap elementor-element-populated\">\n\t\t\t\t\t\t<div class=\"elementor-element elementor-element-eca30b2 elementor-widget elementor-widget-heading\" data-id=\"eca30b2\" data-element_type=\"widget\" data-e-type=\"widget\" data-widget_type=\"heading.default\">\n\t\t\t\t<div class=\"elementor-widget-container\">\n\t\t\t\t\t<h3 class=\"elementor-heading-title elementor-size-default\">Cadenas de \u00f3pticas <\/h3>\t\t\t\t<\/div>\n\t\t\t\t<\/div>\n\t\t\t\t<div class=\"elementor-element elementor-element-78fa2f9 elementor-widget elementor-widget-heading\" data-id=\"78fa2f9\" data-element_type=\"widget\" data-e-type=\"widget\" data-widget_type=\"heading.default\">\n\t\t\t\t<div class=\"elementor-widget-container\">\n\t\t\t\t\t<h1 class=\"elementor-heading-title elementor-size-default\">Expanda su marca f\u00e1cilmente proporcionando una atenci\u00f3n de calidad <\/h1>\t\t\t\t<\/div>\n\t\t\t\t<\/div>\n\t\t\t\t<div class=\"elementor-element elementor-element-48ab4f9 elementor-widget elementor-widget-text-editor\" data-id=\"48ab4f9\" data-element_type=\"widget\" data-e-type=\"widget\" data-widget_type=\"text-editor.default\">\n\t\t\t\t<div class=\"elementor-widget-container\">\n\t\t\t\t\t\t\t\t\tNuestros equipos son tan f\u00e1ciles de usar que optimizan el tiempo de gabinete y otros recursos\t\t\t\t\t\t\t\t<\/div>\n\t\t\t\t<\/div>\n\t\t\t\t\t<\/div>\n\t\t<\/div>\n\t\t\t\t<div class=\"elementor-column elementor-col-50 elementor-top-column elementor-element elementor-element-bb3dec6\" data-id=\"bb3dec6\" data-element_type=\"column\" data-e-type=\"column\">\n\t\t\t<div class=\"elementor-widget-wrap elementor-element-populated\">\n\t\t\t\t\t\t<div class=\"elementor-element elementor-element-c195ddf elementor-widget elementor-widget-image\" data-id=\"c195ddf\" data-element_type=\"widget\" data-e-type=\"widget\" data-widget_type=\"image.default\">\n\t\t\t\t<div class=\"elementor-widget-container\">\n\t\t\t\t\t\t\t\t\t\t\t\t\t\t\t<img fetchpriority=\"high\" decoding=\"async\" width=\"800\" height=\"498\" src=\"https:\/\/www.visionix.com\/wp-content\/uploads\/2022\/05\/vx650-interface-1024x637.png\" class=\"attachment-large size-large wp-image-27891\" alt=\"\" srcset=\"https:\/\/www.visionix.com\/wp-content\/uploads\/2022\/05\/vx650-interface-1024x637.png 1024w, https:\/\/www.visionix.com\/wp-content\/uploads\/2022\/05\/vx650-interface-300x187.png 300w, https:\/\/www.visionix.com\/wp-content\/uploads\/2022\/05\/vx650-interface-768x478.png 768w, https:\/\/www.visionix.com\/wp-content\/uploads\/2022\/05\/vx650-interface-600x373.png 600w, https:\/\/www.visionix.com\/wp-content\/uploads\/2022\/05\/vx650-interface.png 1339w\" sizes=\"(max-width: 800px) 100vw, 800px\" \/>\t\t\t\t\t\t\t\t\t\t\t\t\t\t\t<\/div>\n\t\t\t\t<\/div>\n\t\t\t\t\t<\/div>\n\t\t<\/div>\n\t\t\t\t\t<\/div>\n\t\t<\/section>\n\t\t\t\t<section class=\"elementor-section elementor-top-section elementor-element elementor-element-90c495a elementor-section-boxed elementor-section-height-default elementor-section-height-default\" data-id=\"90c495a\" data-element_type=\"section\" data-e-type=\"section\">\n\t\t\t\t\t\t<div class=\"elementor-container elementor-column-gap-default\">\n\t\t\t\t\t<div class=\"elementor-column elementor-col-50 elementor-top-column elementor-element elementor-element-5ab1ac7\" data-id=\"5ab1ac7\" data-element_type=\"column\" data-e-type=\"column\">\n\t\t\t<div class=\"elementor-widget-wrap elementor-element-populated\">\n\t\t\t\t\t\t<div class=\"elementor-element elementor-element-82d04fe elementor-widget elementor-widget-image\" data-id=\"82d04fe\" data-element_type=\"widget\" data-e-type=\"widget\" data-widget_type=\"image.default\">\n\t\t\t\t<div class=\"elementor-widget-container\">\n\t\t\t\t\t\t\t\t\t\t\t\t\t\t\t<img decoding=\"async\" width=\"800\" height=\"534\" src=\"https:\/\/www.visionix.com\/wp-content\/uploads\/2022\/05\/pexels-karolina-grabowska-5201992-1-1024x683.jpg\" class=\"attachment-large size-large wp-image-27900\" alt=\"Photo by Karolina Grabowska: https:\/\/www.pexels.com\/fr-fr\/photo\/bois-industrie-biere-entrepot-5201988\/\" srcset=\"https:\/\/www.visionix.com\/wp-content\/uploads\/2022\/05\/pexels-karolina-grabowska-5201992-1-1024x683.jpg 1024w, https:\/\/www.visionix.com\/wp-content\/uploads\/2022\/05\/pexels-karolina-grabowska-5201992-1-300x200.jpg 300w, https:\/\/www.visionix.com\/wp-content\/uploads\/2022\/05\/pexels-karolina-grabowska-5201992-1-768x512.jpg 768w, https:\/\/www.visionix.com\/wp-content\/uploads\/2022\/05\/pexels-karolina-grabowska-5201992-1-1536x1024.jpg 1536w, https:\/\/www.visionix.com\/wp-content\/uploads\/2022\/05\/pexels-karolina-grabowska-5201992-1-2048x1365.jpg 2048w, https:\/\/www.visionix.com\/wp-content\/uploads\/2022\/05\/pexels-karolina-grabowska-5201992-1-600x400.jpg 600w\" sizes=\"(max-width: 800px) 100vw, 800px\" \/>\t\t\t\t\t\t\t\t\t\t\t\t\t\t\t<\/div>\n\t\t\t\t<\/div>\n\t\t\t\t\t<\/div>\n\t\t<\/div>\n\t\t\t\t<div class=\"elementor-column elementor-col-50 elementor-top-column elementor-element elementor-element-ecd1c29\" data-id=\"ecd1c29\" data-element_type=\"column\" data-e-type=\"column\">\n\t\t\t<div class=\"elementor-widget-wrap elementor-element-populated\">\n\t\t\t\t\t\t<div class=\"elementor-element elementor-element-5dfd5a1 elementor-widget elementor-widget-text-editor\" data-id=\"5dfd5a1\" data-element_type=\"widget\" data-e-type=\"widget\" data-widget_type=\"text-editor.default\">\n\t\t\t\t<div class=\"elementor-widget-container\">\n\t\t\t\t\t\t\t\t\t La implementaci\u00f3n de nuevas tecnolog\u00edas le permitir\u00e1 gestionar el n\u00famero de sucursales y hacer que sus negocios funcionen de forma m\u00e1s eficiente. Las tecnolog\u00edas de Visionix le permiten comunicarse con sus diferentes \u00f3pticasy su equipo para lograr una atenci\u00f3n constante de los pacientes.\t\t\t\t\t\t\t\t<\/div>\n\t\t\t\t<\/div>\n\t\t\t\t<div class=\"elementor-element elementor-element-f104783 elementor-widget elementor-widget-button\" data-id=\"f104783\" data-element_type=\"widget\" data-e-type=\"widget\" data-widget_type=\"button.default\">\n\t\t\t\t<div class=\"elementor-widget-container\">\n\t\t\t\t\t\t\t\t\t<div class=\"elementor-button-wrapper\">\n\t\t\t\t\t<a class=\"elementor-button elementor-button-link elementor-size-sm\" href=\"https:\/\/www.visionix.com\/es\/contact\/\">\n\t\t\t\t\t\t<span class=\"elementor-button-content-wrapper\">\n\t\t\t\t\t\t\t\t\t<span class=\"elementor-button-text\">Conecte con un profesional de la visi\u00f3n<\/span>\n\t\t\t\t\t<\/span>\n\t\t\t\t\t<\/a>\n\t\t\t\t<\/div>\n\t\t\t\t\t\t\t\t<\/div>\n\t\t\t\t<\/div>\n\t\t\t\t\t<\/div>\n\t\t<\/div>\n\t\t\t\t\t<\/div>\n\t\t<\/section>\n\t\t\t\t<section class=\"elementor-section elementor-top-section elementor-element elementor-element-48aefc4 elementor-section-boxed elementor-section-height-default elementor-section-height-default\" data-id=\"48aefc4\" data-element_type=\"section\" data-e-type=\"section\">\n\t\t\t\t\t\t<div class=\"elementor-container elementor-column-gap-default\">\n\t\t\t\t\t<div class=\"elementor-column elementor-col-50 elementor-top-column elementor-element elementor-element-a6c4770\" data-id=\"a6c4770\" data-element_type=\"column\" data-e-type=\"column\">\n\t\t\t<div class=\"elementor-widget-wrap elementor-element-populated\">\n\t\t\t\t\t\t<div class=\"elementor-element elementor-element-719a01e elementor-widget elementor-widget-text-editor\" data-id=\"719a01e\" data-element_type=\"widget\" data-e-type=\"widget\" data-widget_type=\"text-editor.default\">\n\t\t\t\t<div class=\"elementor-widget-container\">\n\t\t\t\t\t\t\t\t\tEl flujo de trabajo modificado con Eye Refract de Visionix permite que los centros que comienzan desde cero empiecen a atender pacientes optimizando el tiempo de gabinete y asegurando la m\u00e1xima precisi\u00f3n en las graducaciones. El sistema automatiza las funciones tradicionales de un for\u00f3ptero para poder estar en un gabinete y atender a un paciente en otro. Esto le permite ampliar el n\u00famero de puestos sin sacrificar la calidad de los datos ni el tiempo con sus pacientes. Adem\u00e1s, permite estandarizar la experiencia del paciente gracias a la eficacia de las pruebas y a la precisi\u00f3n y coherencia de los resultados de refracci\u00f3n.\t\t\t\t\t\t\t\t<\/div>\n\t\t\t\t<\/div>\n\t\t\t\t<div class=\"elementor-element elementor-element-066edeb elementor-widget elementor-widget-button\" data-id=\"066edeb\" data-element_type=\"widget\" data-e-type=\"widget\" data-widget_type=\"button.default\">\n\t\t\t\t<div class=\"elementor-widget-container\">\n\t\t\t\t\t\t\t\t\t<div class=\"elementor-button-wrapper\">\n\t\t\t\t\t<a class=\"elementor-button elementor-button-link elementor-size-sm\" href=\"https:\/\/www.visionix.com\/es\/contact\/\">\n\t\t\t\t\t\t<span class=\"elementor-button-content-wrapper\">\n\t\t\t\t\t\t\t\t\t<span class=\"elementor-button-text\">Conecte con un profesional de la visi\u00f3n<\/span>\n\t\t\t\t\t<\/span>\n\t\t\t\t\t<\/a>\n\t\t\t\t<\/div>\n\t\t\t\t\t\t\t\t<\/div>\n\t\t\t\t<\/div>\n\t\t\t\t\t<\/div>\n\t\t<\/div>\n\t\t\t\t<div class=\"elementor-column elementor-col-50 elementor-top-column elementor-element elementor-element-cc70928\" data-id=\"cc70928\" data-element_type=\"column\" data-e-type=\"column\">\n\t\t\t<div class=\"elementor-widget-wrap elementor-element-populated\">\n\t\t\t\t\t\t<div class=\"elementor-element elementor-element-e516699 elementor-widget elementor-widget-image\" data-id=\"e516699\" data-element_type=\"widget\" data-e-type=\"widget\" data-widget_type=\"image.default\">\n\t\t\t\t<div class=\"elementor-widget-container\">\n\t\t\t\t\t\t\t\t\t\t\t\t\t\t\t<img decoding=\"async\" width=\"800\" height=\"534\" src=\"https:\/\/www.visionix.com\/wp-content\/uploads\/2022\/05\/eye-refract-patient-1024x683.png\" class=\"attachment-large size-large wp-image-27837\" alt=\"\" srcset=\"https:\/\/www.visionix.com\/wp-content\/uploads\/2022\/05\/eye-refract-patient-1024x683.png 1024w, https:\/\/www.visionix.com\/wp-content\/uploads\/2022\/05\/eye-refract-patient-300x200.png 300w, https:\/\/www.visionix.com\/wp-content\/uploads\/2022\/05\/eye-refract-patient-768x512.png 768w, https:\/\/www.visionix.com\/wp-content\/uploads\/2022\/05\/eye-refract-patient-600x400.png 600w, https:\/\/www.visionix.com\/wp-content\/uploads\/2022\/05\/eye-refract-patient.png 1250w\" sizes=\"(max-width: 800px) 100vw, 800px\" \/>\t\t\t\t\t\t\t\t\t\t\t\t\t\t\t<\/div>\n\t\t\t\t<\/div>\n\t\t\t\t\t<\/div>\n\t\t<\/div>\n\t\t\t\t\t<\/div>\n\t\t<\/section>\n\t\t\t\t<section class=\"elementor-section elementor-top-section elementor-element elementor-element-04a0488 elementor-section-boxed elementor-section-height-default elementor-section-height-default\" data-id=\"04a0488\" data-element_type=\"section\" data-e-type=\"section\">\n\t\t\t\t\t\t<div class=\"elementor-container elementor-column-gap-default\">\n\t\t\t\t\t<div class=\"elementor-column elementor-col-50 elementor-top-column elementor-element elementor-element-e124b98\" data-id=\"e124b98\" data-element_type=\"column\" data-e-type=\"column\">\n\t\t\t<div class=\"elementor-widget-wrap elementor-element-populated\">\n\t\t\t\t\t\t<div class=\"elementor-element elementor-element-9f39e21 elementor-widget elementor-widget-image\" data-id=\"9f39e21\" data-element_type=\"widget\" data-e-type=\"widget\" data-widget_type=\"image.default\">\n\t\t\t\t<div class=\"elementor-widget-container\">\n\t\t\t\t\t\t\t\t\t\t\t\t\t\t\t<img loading=\"lazy\" decoding=\"async\" width=\"800\" height=\"800\" src=\"https:\/\/www.visionix.com\/wp-content\/uploads\/2022\/03\/Telehealth-Datacloud-square-1024x1024.png\" class=\"attachment-large size-large wp-image-10210\" alt=\"\" srcset=\"https:\/\/www.visionix.com\/wp-content\/uploads\/2022\/03\/Telehealth-Datacloud-square-1024x1024.png 1024w, https:\/\/www.visionix.com\/wp-content\/uploads\/2022\/03\/Telehealth-Datacloud-square-300x300.png 300w, https:\/\/www.visionix.com\/wp-content\/uploads\/2022\/03\/Telehealth-Datacloud-square-150x150.png 150w, https:\/\/www.visionix.com\/wp-content\/uploads\/2022\/03\/Telehealth-Datacloud-square-768x768.png 768w, https:\/\/www.visionix.com\/wp-content\/uploads\/2022\/03\/Telehealth-Datacloud-square-1536x1536.png 1536w, https:\/\/www.visionix.com\/wp-content\/uploads\/2022\/03\/Telehealth-Datacloud-square-32x32.png 32w, https:\/\/www.visionix.com\/wp-content\/uploads\/2022\/03\/Telehealth-Datacloud-square-600x600.png 600w, https:\/\/www.visionix.com\/wp-content\/uploads\/2022\/03\/Telehealth-Datacloud-square-100x100.png 100w, https:\/\/www.visionix.com\/wp-content\/uploads\/2022\/03\/Telehealth-Datacloud-square.png 1875w\" sizes=\"(max-width: 800px) 100vw, 800px\" \/>\t\t\t\t\t\t\t\t\t\t\t\t\t\t\t<\/div>\n\t\t\t\t<\/div>\n\t\t\t\t\t<\/div>\n\t\t<\/div>\n\t\t\t\t<div class=\"elementor-column elementor-col-50 elementor-top-column elementor-element elementor-element-c1a19bd\" data-id=\"c1a19bd\" data-element_type=\"column\" data-e-type=\"column\">\n\t\t\t<div class=\"elementor-widget-wrap elementor-element-populated\">\n\t\t\t\t\t\t<div class=\"elementor-element elementor-element-166935a elementor-widget elementor-widget-text-editor\" data-id=\"166935a\" data-element_type=\"widget\" data-e-type=\"widget\" data-widget_type=\"text-editor.default\">\n\t\t\t\t<div class=\"elementor-widget-container\">\n\t\t\t\t\t\t\t\t\tEl Eye Refract, compatible con los sistemas de historias cl\u00ednicas electr\u00f3nicas, permite que los optometristas accedan a los datos de la prescripci\u00f3n final recomendada desde una interfaz inform\u00e1tica segura en otra sala o gabinete. Se trata de una soluci\u00f3n ideal para los propietarios de cadenas \u00f3pticas que est\u00e9n interesados en un modelo innovador para supervisar  a distancia. Con un proceso de delegaci\u00f3n eficaz para hasta el 90 % de la carga de pacientes, los gabinetes pueden liberar un mayor n\u00famero de profesionales para que se centren en los pacientes que necesitan ex\u00e1menes oculares avanzados.  \t\t\t\t\t\t\t\t<\/div>\n\t\t\t\t<\/div>\n\t\t\t\t<div class=\"elementor-element elementor-element-962e07f elementor-widget elementor-widget-button\" data-id=\"962e07f\" data-element_type=\"widget\" data-e-type=\"widget\" data-widget_type=\"button.default\">\n\t\t\t\t<div class=\"elementor-widget-container\">\n\t\t\t\t\t\t\t\t\t<div class=\"elementor-button-wrapper\">\n\t\t\t\t\t<a class=\"elementor-button elementor-button-link elementor-size-sm\" href=\"https:\/\/www.visionix.com\/es\/contact\/\">\n\t\t\t\t\t\t<span class=\"elementor-button-content-wrapper\">\n\t\t\t\t\t\t\t\t\t<span class=\"elementor-button-text\">Conecte con un profesional de la visi\u00f3n<\/span>\n\t\t\t\t\t<\/span>\n\t\t\t\t\t<\/a>\n\t\t\t\t<\/div>\n\t\t\t\t\t\t\t\t<\/div>\n\t\t\t\t<\/div>\n\t\t\t\t\t<\/div>\n\t\t<\/div>\n\t\t\t\t\t<\/div>\n\t\t<\/section>\n\t\t\t\t<section class=\"elementor-section elementor-top-section elementor-element elementor-element-edcb478 elementor-section-boxed elementor-section-height-default elementor-section-height-default\" data-id=\"edcb478\" data-element_type=\"section\" data-e-type=\"section\">\n\t\t\t\t\t\t<div class=\"elementor-container elementor-column-gap-default\">\n\t\t\t\t\t<div class=\"elementor-column elementor-col-50 elementor-top-column elementor-element elementor-element-6eaf675\" data-id=\"6eaf675\" data-element_type=\"column\" data-e-type=\"column\">\n\t\t\t<div class=\"elementor-widget-wrap elementor-element-populated\">\n\t\t\t\t\t\t<div class=\"elementor-element elementor-element-99a5a55 elementor-widget elementor-widget-text-editor\" data-id=\"99a5a55\" data-element_type=\"widget\" data-e-type=\"widget\" data-widget_type=\"text-editor.default\">\n\t\t\t\t<div class=\"elementor-widget-container\">\n\t\t\t\t\t\t\t\t\tLos resultados de las refracciones pueden verse inmediatamente y sin problemas a trav\u00e9s de la historia cl\u00ednica.. A menudo, los pacientes solo quieren asegurarse de que sus recetas est\u00e1n al d\u00eda. Mientras que en algunos casos, el optometrista  atiende directamente  al paciente para realizar un seguimiento.\t\t\t\t\t\t\t\t<\/div>\n\t\t\t\t<\/div>\n\t\t\t\t<div class=\"elementor-element elementor-element-ce471bd elementor-widget elementor-widget-button\" data-id=\"ce471bd\" data-element_type=\"widget\" data-e-type=\"widget\" data-widget_type=\"button.default\">\n\t\t\t\t<div class=\"elementor-widget-container\">\n\t\t\t\t\t\t\t\t\t<div class=\"elementor-button-wrapper\">\n\t\t\t\t\t<a class=\"elementor-button elementor-button-link elementor-size-sm\" href=\"https:\/\/www.visionix.com\/es\/contact\/\">\n\t\t\t\t\t\t<span class=\"elementor-button-content-wrapper\">\n\t\t\t\t\t\t\t\t\t<span class=\"elementor-button-text\">Conecte con un profesional de la visi\u00f3n<\/span>\n\t\t\t\t\t<\/span>\n\t\t\t\t\t<\/a>\n\t\t\t\t<\/div>\n\t\t\t\t\t\t\t\t<\/div>\n\t\t\t\t<\/div>\n\t\t\t\t\t<\/div>\n\t\t<\/div>\n\t\t\t\t<div class=\"elementor-column elementor-col-50 elementor-top-column elementor-element elementor-element-774b7cb\" data-id=\"774b7cb\" data-element_type=\"column\" data-e-type=\"column\">\n\t\t\t<div class=\"elementor-widget-wrap elementor-element-populated\">\n\t\t\t\t\t\t<div class=\"elementor-element elementor-element-c70ad0c elementor-widget elementor-widget-image\" data-id=\"c70ad0c\" data-element_type=\"widget\" data-e-type=\"widget\" data-widget_type=\"image.default\">\n\t\t\t\t<div class=\"elementor-widget-container\">\n\t\t\t\t\t\t\t\t\t\t\t\t\t\t\t<img loading=\"lazy\" decoding=\"async\" width=\"800\" height=\"493\" src=\"https:\/\/www.visionix.com\/wp-content\/uploads\/2022\/05\/remote-demo-1024x631.jpg\" class=\"attachment-large size-large wp-image-27908\" alt=\"El m\u00e9dico est\u00e1 en telemedicina con su paciente.\" srcset=\"https:\/\/www.visionix.com\/wp-content\/uploads\/2022\/05\/remote-demo-1024x631.jpg 1024w, https:\/\/www.visionix.com\/wp-content\/uploads\/2022\/05\/remote-demo-300x185.jpg 300w, https:\/\/www.visionix.com\/wp-content\/uploads\/2022\/05\/remote-demo-768x473.jpg 768w, https:\/\/www.visionix.com\/wp-content\/uploads\/2022\/05\/remote-demo-600x370.jpg 600w, https:\/\/www.visionix.com\/wp-content\/uploads\/2022\/05\/remote-demo.jpg 1083w\" sizes=\"(max-width: 800px) 100vw, 800px\" \/>\t\t\t\t\t\t\t\t\t\t\t\t\t\t\t<\/div>\n\t\t\t\t<\/div>\n\t\t\t\t\t<\/div>\n\t\t<\/div>\n\t\t\t\t\t<\/div>\n\t\t<\/section>\n\t\t\t\t<section class=\"elementor-section elementor-top-section elementor-element elementor-element-5adf9cf elementor-section-boxed elementor-section-height-default elementor-section-height-default\" data-id=\"5adf9cf\" data-element_type=\"section\" data-e-type=\"section\">\n\t\t\t\t\t\t<div class=\"elementor-container elementor-column-gap-default\">\n\t\t\t\t\t<div class=\"elementor-column elementor-col-50 elementor-top-column elementor-element elementor-element-c9206e8\" data-id=\"c9206e8\" data-element_type=\"column\" data-e-type=\"column\">\n\t\t\t<div class=\"elementor-widget-wrap elementor-element-populated\">\n\t\t\t\t\t\t<div class=\"elementor-element elementor-element-d57a694 elementor-widget elementor-widget-image\" data-id=\"d57a694\" data-element_type=\"widget\" data-e-type=\"widget\" data-widget_type=\"image.default\">\n\t\t\t\t<div class=\"elementor-widget-container\">\n\t\t\t\t\t\t\t\t\t\t\t\t\t\t\t<img loading=\"lazy\" decoding=\"async\" width=\"800\" height=\"800\" src=\"https:\/\/www.visionix.com\/wp-content\/uploads\/2022\/03\/Telehealth-team-1024x1024.png\" class=\"attachment-large size-large wp-image-14272\" alt=\"\" srcset=\"https:\/\/www.visionix.com\/wp-content\/uploads\/2022\/03\/Telehealth-team-1024x1024.png 1024w, https:\/\/www.visionix.com\/wp-content\/uploads\/2022\/03\/Telehealth-team-300x300.png 300w, https:\/\/www.visionix.com\/wp-content\/uploads\/2022\/03\/Telehealth-team-150x150.png 150w, https:\/\/www.visionix.com\/wp-content\/uploads\/2022\/03\/Telehealth-team-768x768.png 768w, https:\/\/www.visionix.com\/wp-content\/uploads\/2022\/03\/Telehealth-team-1536x1536.png 1536w, https:\/\/www.visionix.com\/wp-content\/uploads\/2022\/03\/Telehealth-team-32x32.png 32w, https:\/\/www.visionix.com\/wp-content\/uploads\/2022\/03\/Telehealth-team-600x600.png 600w, https:\/\/www.visionix.com\/wp-content\/uploads\/2022\/03\/Telehealth-team-100x100.png 100w, https:\/\/www.visionix.com\/wp-content\/uploads\/2022\/03\/Telehealth-team.png 1875w\" sizes=\"(max-width: 800px) 100vw, 800px\" \/>\t\t\t\t\t\t\t\t\t\t\t\t\t\t\t<\/div>\n\t\t\t\t<\/div>\n\t\t\t\t\t<\/div>\n\t\t<\/div>\n\t\t\t\t<div class=\"elementor-column elementor-col-50 elementor-top-column elementor-element elementor-element-d28ac7b\" data-id=\"d28ac7b\" data-element_type=\"column\" data-e-type=\"column\">\n\t\t\t<div class=\"elementor-widget-wrap elementor-element-populated\">\n\t\t\t\t\t\t<div class=\"elementor-element elementor-element-53b79b1 elementor-widget elementor-widget-text-editor\" data-id=\"53b79b1\" data-element_type=\"widget\" data-e-type=\"widget\" data-widget_type=\"text-editor.default\">\n\t\t\t\t<div class=\"elementor-widget-container\">\n\t\t\t\t\t\t\t\t\tLos optometrista s pueden manejar varios gabinetes utilizando nuestra plataforma integrada Visionix. Si un profesional quiere volver a comprobar una refracci\u00f3n, puede conectarse de forma remota a Eye Refract. Adem\u00e1s de examinar los datos de la refracci\u00f3n, puede integrarlos con los datos de ex\u00e1menes OCT, las im\u00e1genes retinianas de campo amplio, la lectura de la presi\u00f3n intraocular, la c\u00e1mara digital de la l\u00e1mpara de hendidura y la meibograf\u00eda. Esto le permite evaluar al paciente de un modo m\u00e1s avanzado que con un examen ocular tradicional. \t\t\t\t\t\t\t\t<\/div>\n\t\t\t\t<\/div>\n\t\t\t\t<div class=\"elementor-element elementor-element-afd389c elementor-widget elementor-widget-button\" data-id=\"afd389c\" data-element_type=\"widget\" data-e-type=\"widget\" data-widget_type=\"button.default\">\n\t\t\t\t<div class=\"elementor-widget-container\">\n\t\t\t\t\t\t\t\t\t<div class=\"elementor-button-wrapper\">\n\t\t\t\t\t<a class=\"elementor-button elementor-button-link elementor-size-sm\" href=\"https:\/\/www.visionix.com\/es\/contact\/\">\n\t\t\t\t\t\t<span class=\"elementor-button-content-wrapper\">\n\t\t\t\t\t\t\t\t\t<span class=\"elementor-button-text\">Conecte con un profesional de la visi\u00f3n<\/span>\n\t\t\t\t\t<\/span>\n\t\t\t\t\t<\/a>\n\t\t\t\t<\/div>\n\t\t\t\t\t\t\t\t<\/div>\n\t\t\t\t<\/div>\n\t\t\t\t\t<\/div>\n\t\t<\/div>\n\t\t\t\t\t<\/div>\n\t\t<\/section>\n\t\t\t\t<\/div>\n\t\t","protected":false},"excerpt":{"rendered":"<p>Cadenas de \u00f3pticas Expanda su marca f\u00e1cilmente proporcionando una atenci\u00f3n de calidad Nuestros equipos son tan f\u00e1ciles de usar que optimizan el tiempo de gabinete y otros recursos La implementaci\u00f3n de nuevas tecnolog\u00edas le permitir\u00e1 gestionar el n\u00famero de sucursales y hacer que sus negocios funcionen de forma m\u00e1s eficiente. Las tecnolog\u00edas de Visionix le [&hellip;]<\/p>\n","protected":false},"author":1,"featured_media":0,"parent":28709,"menu_order":0,"comment_status":"closed","ping_status":"closed","template":"","meta":{"_acf_changed":false,"content-type":"","footnotes":""},"class_list":["post-28716","page","type-page","status-publish","hentry"],"acf":[],"_links":{"self":[{"href":"https:\/\/www.visionix.com\/es\/wp-json\/wp\/v2\/pages\/28716","targetHints":{"allow":["GET"]}}],"collection":[{"href":"https:\/\/www.visionix.com\/es\/wp-json\/wp\/v2\/pages"}],"about":[{"href":"https:\/\/www.visionix.com\/es\/wp-json\/wp\/v2\/types\/page"}],"author":[{"embeddable":true,"href":"https:\/\/www.visionix.com\/es\/wp-json\/wp\/v2\/users\/1"}],"replies":[{"embeddable":true,"href":"https:\/\/www.visionix.com\/es\/wp-json\/wp\/v2\/comments?post=28716"}],"version-history":[{"count":5,"href":"https:\/\/www.visionix.com\/es\/wp-json\/wp\/v2\/pages\/28716\/revisions"}],"predecessor-version":[{"id":31625,"href":"https:\/\/www.visionix.com\/es\/wp-json\/wp\/v2\/pages\/28716\/revisions\/31625"}],"up":[{"embeddable":true,"href":"https:\/\/www.visionix.com\/es\/wp-json\/wp\/v2\/pages\/28709"}],"wp:attachment":[{"href":"https:\/\/www.visionix.com\/es\/wp-json\/wp\/v2\/media?parent=28716"}],"curies":[{"name":"wp","href":"https:\/\/api.w.org\/{rel}","templated":true}]}}