{"id":28711,"date":"2022-02-08T11:12:37","date_gmt":"2022-02-08T10:12:37","guid":{"rendered":"https:\/\/www.visionix.com\/optical-retail\/retail-business-owner\/"},"modified":"2022-07-26T15:39:57","modified_gmt":"2022-07-26T13:39:57","slug":"propietarios-de-optica","status":"publish","type":"page","link":"https:\/\/www.visionix.com\/es\/optica\/propietarios-de-optica\/","title":{"rendered":"Propietarios de \u00f3ptica"},"content":{"rendered":"\t\t<div data-elementor-type=\"wp-page\" data-elementor-id=\"28711\" class=\"elementor elementor-28711 elementor-79\" data-elementor-post-type=\"page\">\n\t\t\t\t\t\t<section class=\"elementor-section elementor-top-section elementor-element elementor-element-83958f9 elementor-section-boxed elementor-section-height-default elementor-section-height-default\" data-id=\"83958f9\" data-element_type=\"section\" data-e-type=\"section\">\n\t\t\t\t\t\t<div class=\"elementor-container elementor-column-gap-default\">\n\t\t\t\t\t<div class=\"elementor-column elementor-col-50 elementor-top-column elementor-element elementor-element-5c9304b\" data-id=\"5c9304b\" data-element_type=\"column\" data-e-type=\"column\">\n\t\t\t<div class=\"elementor-widget-wrap elementor-element-populated\">\n\t\t\t\t\t\t<div class=\"elementor-element elementor-element-413b4db elementor-widget elementor-widget-heading\" data-id=\"413b4db\" data-element_type=\"widget\" data-e-type=\"widget\" data-widget_type=\"heading.default\">\n\t\t\t\t<div class=\"elementor-widget-container\">\n\t\t\t\t\t<h3 class=\"elementor-heading-title elementor-size-default\">Propietarios de \u00f3ptica<\/h3>\t\t\t\t<\/div>\n\t\t\t\t<\/div>\n\t\t\t\t<div class=\"elementor-element elementor-element-04a5649 elementor-widget elementor-widget-heading\" data-id=\"04a5649\" data-element_type=\"widget\" data-e-type=\"widget\" data-widget_type=\"heading.default\">\n\t\t\t\t<div class=\"elementor-widget-container\">\n\t\t\t\t\t<h1 class=\"elementor-heading-title elementor-size-default\">La producci\u00f3n de lentes precisas al alcance de su mano <\/h1>\t\t\t\t<\/div>\n\t\t\t\t<\/div>\n\t\t\t\t<div class=\"elementor-element elementor-element-c46c40e elementor-widget elementor-widget-text-editor\" data-id=\"c46c40e\" data-element_type=\"widget\" data-e-type=\"widget\" data-widget_type=\"text-editor.default\">\n\t\t\t\t<div class=\"elementor-widget-container\">\n\t\t\t\t\t\t\t\t\tFabricamos los productos que distribuimos. Por lo tanto, al hablar con nosotros, estar\u00e1 hablando directamente con el fabricante. \t\t\t\t\t\t\t\t<\/div>\n\t\t\t\t<\/div>\n\t\t\t\t\t<\/div>\n\t\t<\/div>\n\t\t\t\t<div class=\"elementor-column elementor-col-50 elementor-top-column elementor-element elementor-element-4a4d6ba\" data-id=\"4a4d6ba\" data-element_type=\"column\" data-e-type=\"column\">\n\t\t\t<div class=\"elementor-widget-wrap elementor-element-populated\">\n\t\t\t\t\t\t<div class=\"elementor-element elementor-element-f69930e elementor-widget elementor-widget-image\" data-id=\"f69930e\" data-element_type=\"widget\" data-e-type=\"widget\" data-widget_type=\"image.default\">\n\t\t\t\t<div class=\"elementor-widget-container\">\n\t\t\t\t\t\t\t\t\t\t\t\t\t\t\t<img fetchpriority=\"high\" decoding=\"async\" width=\"800\" height=\"534\" src=\"https:\/\/www.visionix.com\/wp-content\/uploads\/2022\/07\/pexels-karolina-grabowska-5201988-1-1024x683.jpg\" class=\"attachment-large size-large wp-image-31096\" alt=\"\" srcset=\"https:\/\/www.visionix.com\/wp-content\/uploads\/2022\/07\/pexels-karolina-grabowska-5201988-1-1024x683.jpg 1024w, https:\/\/www.visionix.com\/wp-content\/uploads\/2022\/07\/pexels-karolina-grabowska-5201988-1-300x200.jpg 300w, https:\/\/www.visionix.com\/wp-content\/uploads\/2022\/07\/pexels-karolina-grabowska-5201988-1-768x512.jpg 768w, https:\/\/www.visionix.com\/wp-content\/uploads\/2022\/07\/pexels-karolina-grabowska-5201988-1-1536x1024.jpg 1536w, https:\/\/www.visionix.com\/wp-content\/uploads\/2022\/07\/pexels-karolina-grabowska-5201988-1-2048x1365.jpg 2048w, https:\/\/www.visionix.com\/wp-content\/uploads\/2022\/07\/pexels-karolina-grabowska-5201988-1-600x400.jpg 600w\" sizes=\"(max-width: 800px) 100vw, 800px\" \/>\t\t\t\t\t\t\t\t\t\t\t\t\t\t\t<\/div>\n\t\t\t\t<\/div>\n\t\t\t\t\t<\/div>\n\t\t<\/div>\n\t\t\t\t\t<\/div>\n\t\t<\/section>\n\t\t\t\t<section class=\"elementor-section elementor-top-section elementor-element elementor-element-6aacb7d elementor-section-boxed elementor-section-height-default elementor-section-height-default\" data-id=\"6aacb7d\" data-element_type=\"section\" data-e-type=\"section\">\n\t\t\t\t\t\t<div class=\"elementor-container elementor-column-gap-default\">\n\t\t\t\t\t<div class=\"elementor-column elementor-col-50 elementor-top-column elementor-element elementor-element-f14fed1\" data-id=\"f14fed1\" data-element_type=\"column\" data-e-type=\"column\">\n\t\t\t<div class=\"elementor-widget-wrap elementor-element-populated\">\n\t\t\t\t\t\t<div class=\"elementor-element elementor-element-a041c6f elementor-widget elementor-widget-image\" data-id=\"a041c6f\" data-element_type=\"widget\" data-e-type=\"widget\" data-widget_type=\"image.default\">\n\t\t\t\t<div class=\"elementor-widget-container\">\n\t\t\t\t\t\t\t\t\t\t\t\t\t\t\t<img decoding=\"async\" width=\"800\" height=\"534\" src=\"https:\/\/www.visionix.com\/wp-content\/uploads\/2022\/05\/pexels-karolina-grabowska-5201987-1024x683.jpg\" class=\"attachment-large size-large wp-image-27732\" alt=\"Photo de Karolina Grabowska: https:\/\/www.pexels.com\/fr-fr\/photo\/mode-homme-gens-femme-5201987\/\" srcset=\"https:\/\/www.visionix.com\/wp-content\/uploads\/2022\/05\/pexels-karolina-grabowska-5201987-1024x683.jpg 1024w, https:\/\/www.visionix.com\/wp-content\/uploads\/2022\/05\/pexels-karolina-grabowska-5201987-300x200.jpg 300w, https:\/\/www.visionix.com\/wp-content\/uploads\/2022\/05\/pexels-karolina-grabowska-5201987-768x512.jpg 768w, https:\/\/www.visionix.com\/wp-content\/uploads\/2022\/05\/pexels-karolina-grabowska-5201987-1536x1024.jpg 1536w, https:\/\/www.visionix.com\/wp-content\/uploads\/2022\/05\/pexels-karolina-grabowska-5201987-2048x1365.jpg 2048w, https:\/\/www.visionix.com\/wp-content\/uploads\/2022\/05\/pexels-karolina-grabowska-5201987-600x400.jpg 600w\" sizes=\"(max-width: 800px) 100vw, 800px\" \/>\t\t\t\t\t\t\t\t\t\t\t\t\t\t\t<\/div>\n\t\t\t\t<\/div>\n\t\t\t\t\t<\/div>\n\t\t<\/div>\n\t\t\t\t<div class=\"elementor-column elementor-col-50 elementor-top-column elementor-element elementor-element-a1855c3\" data-id=\"a1855c3\" data-element_type=\"column\" data-e-type=\"column\">\n\t\t\t<div class=\"elementor-widget-wrap elementor-element-populated\">\n\t\t\t\t\t\t<div class=\"elementor-element elementor-element-0898e04 elementor-widget elementor-widget-text-editor\" data-id=\"0898e04\" data-element_type=\"widget\" data-e-type=\"widget\" data-widget_type=\"text-editor.default\">\n\t\t\t\t<div class=\"elementor-widget-container\">\n\t\t\t\t\t\t\t\t\tPara los propietarios de \u00f3pticas que est\u00e1n pensando en abrir un taller  interno o actualizar sus equipos, ofrecemos una amplia gama de equipos de biselado que abarca desde el nivel b\u00e1sico hasta la gama alta. Todos nuestros sistemas son f\u00e1ciles de usar, asequibles y compactos.\t\t\t\t\t\t\t\t<\/div>\n\t\t\t\t<\/div>\n\t\t\t\t<div class=\"elementor-element elementor-element-0a76126 elementor-widget elementor-widget-button\" data-id=\"0a76126\" data-element_type=\"widget\" data-e-type=\"widget\" data-widget_type=\"button.default\">\n\t\t\t\t<div class=\"elementor-widget-container\">\n\t\t\t\t\t\t\t\t\t<div class=\"elementor-button-wrapper\">\n\t\t\t\t\t<a class=\"elementor-button elementor-button-link elementor-size-sm\" href=\"https:\/\/www.visionix.com\/es\/contact\/\">\n\t\t\t\t\t\t<span class=\"elementor-button-content-wrapper\">\n\t\t\t\t\t\t\t\t\t<span class=\"elementor-button-text\">Conecte con un profesional de la visi\u00f3n<\/span>\n\t\t\t\t\t<\/span>\n\t\t\t\t\t<\/a>\n\t\t\t\t<\/div>\n\t\t\t\t\t\t\t\t<\/div>\n\t\t\t\t<\/div>\n\t\t\t\t\t<\/div>\n\t\t<\/div>\n\t\t\t\t\t<\/div>\n\t\t<\/section>\n\t\t\t\t<section class=\"elementor-section elementor-top-section elementor-element elementor-element-1a8c940 elementor-section-boxed elementor-section-height-default elementor-section-height-default\" data-id=\"1a8c940\" data-element_type=\"section\" data-e-type=\"section\">\n\t\t\t\t\t\t<div class=\"elementor-container elementor-column-gap-default\">\n\t\t\t\t\t<div class=\"elementor-column elementor-col-50 elementor-top-column elementor-element elementor-element-dcd538e\" data-id=\"dcd538e\" data-element_type=\"column\" data-e-type=\"column\">\n\t\t\t<div class=\"elementor-widget-wrap elementor-element-populated\">\n\t\t\t\t\t\t<div class=\"elementor-element elementor-element-39f7e05 elementor-widget elementor-widget-text-editor\" data-id=\"39f7e05\" data-element_type=\"widget\" data-e-type=\"widget\" data-widget_type=\"text-editor.default\">\n\t\t\t\t<div class=\"elementor-widget-container\">\n\t\t\t\t\t\t\t\t\tNuestros productos cuentan con la tecnolog\u00eda m\u00e1s avanzada del mercado. Nuestros bloqueadores y trazadores utilizan nuestra propia y exclusiva aberrometr\u00eda de frente de onda como tecnolog\u00eda central. Por eso, no es necesario tener conocimientos de lensometr\u00eda, ya que la m\u00e1quina hace todo el trabajo.  \t\t\t\t\t\t\t\t<\/div>\n\t\t\t\t<\/div>\n\t\t\t\t<div class=\"elementor-element elementor-element-898fb90 elementor-widget elementor-widget-button\" data-id=\"898fb90\" data-element_type=\"widget\" data-e-type=\"widget\" data-widget_type=\"button.default\">\n\t\t\t\t<div class=\"elementor-widget-container\">\n\t\t\t\t\t\t\t\t\t<div class=\"elementor-button-wrapper\">\n\t\t\t\t\t<a class=\"elementor-button elementor-button-link elementor-size-sm\" href=\"https:\/\/www.visionix.com\/es\/contact\/\">\n\t\t\t\t\t\t<span class=\"elementor-button-content-wrapper\">\n\t\t\t\t\t\t\t\t\t<span class=\"elementor-button-text\">Conecte con un profesional de la visi\u00f3n<\/span>\n\t\t\t\t\t<\/span>\n\t\t\t\t\t<\/a>\n\t\t\t\t<\/div>\n\t\t\t\t\t\t\t\t<\/div>\n\t\t\t\t<\/div>\n\t\t\t\t\t<\/div>\n\t\t<\/div>\n\t\t\t\t<div class=\"elementor-column elementor-col-50 elementor-top-column elementor-element elementor-element-6665ddd\" data-id=\"6665ddd\" data-element_type=\"column\" data-e-type=\"column\">\n\t\t\t<div class=\"elementor-widget-wrap elementor-element-populated\">\n\t\t\t\t\t\t<div class=\"elementor-element elementor-element-c4d5ddf elementor-widget elementor-widget-image\" data-id=\"c4d5ddf\" data-element_type=\"widget\" data-e-type=\"widget\" data-widget_type=\"image.default\">\n\t\t\t\t<div class=\"elementor-widget-container\">\n\t\t\t\t\t\t\t\t\t\t\t\t\t\t\t<img decoding=\"async\" width=\"800\" height=\"525\" src=\"https:\/\/www.visionix.com\/wp-content\/uploads\/2022\/05\/gravitech-1024x672.png\" class=\"attachment-large size-large wp-image-27741\" alt=\"gravitech\" srcset=\"https:\/\/www.visionix.com\/wp-content\/uploads\/2022\/05\/gravitech-1024x672.png 1024w, https:\/\/www.visionix.com\/wp-content\/uploads\/2022\/05\/gravitech-300x197.png 300w, https:\/\/www.visionix.com\/wp-content\/uploads\/2022\/05\/gravitech-768x504.png 768w, https:\/\/www.visionix.com\/wp-content\/uploads\/2022\/05\/gravitech-600x394.png 600w, https:\/\/www.visionix.com\/wp-content\/uploads\/2022\/05\/gravitech.png 1264w\" sizes=\"(max-width: 800px) 100vw, 800px\" \/>\t\t\t\t\t\t\t\t\t\t\t\t\t\t\t<\/div>\n\t\t\t\t<\/div>\n\t\t\t\t\t<\/div>\n\t\t<\/div>\n\t\t\t\t\t<\/div>\n\t\t<\/section>\n\t\t\t\t<section class=\"elementor-section elementor-top-section elementor-element elementor-element-79e7c47 elementor-section-boxed elementor-section-height-default elementor-section-height-default\" data-id=\"79e7c47\" data-element_type=\"section\" data-e-type=\"section\">\n\t\t\t\t\t\t<div class=\"elementor-container elementor-column-gap-default\">\n\t\t\t\t\t<div class=\"elementor-column elementor-col-50 elementor-top-column elementor-element elementor-element-7032dd9\" data-id=\"7032dd9\" data-element_type=\"column\" data-e-type=\"column\">\n\t\t\t<div class=\"elementor-widget-wrap elementor-element-populated\">\n\t\t\t\t\t\t<div class=\"elementor-element elementor-element-9b81c30 elementor-widget elementor-widget-image\" data-id=\"9b81c30\" data-element_type=\"widget\" data-e-type=\"widget\" data-widget_type=\"image.default\">\n\t\t\t\t<div class=\"elementor-widget-container\">\n\t\t\t\t\t\t\t\t\t\t\t\t\t\t\t<img loading=\"lazy\" decoding=\"async\" width=\"800\" height=\"533\" src=\"https:\/\/www.visionix.com\/wp-content\/uploads\/2022\/05\/meuleuse-1024x682.png\" class=\"attachment-large size-large wp-image-27749\" alt=\"edger\" srcset=\"https:\/\/www.visionix.com\/wp-content\/uploads\/2022\/05\/meuleuse-1024x682.png 1024w, https:\/\/www.visionix.com\/wp-content\/uploads\/2022\/05\/meuleuse-300x200.png 300w, https:\/\/www.visionix.com\/wp-content\/uploads\/2022\/05\/meuleuse-768x511.png 768w, https:\/\/www.visionix.com\/wp-content\/uploads\/2022\/05\/meuleuse-600x400.png 600w, https:\/\/www.visionix.com\/wp-content\/uploads\/2022\/05\/meuleuse.png 1266w\" sizes=\"(max-width: 800px) 100vw, 800px\" \/>\t\t\t\t\t\t\t\t\t\t\t\t\t\t\t<\/div>\n\t\t\t\t<\/div>\n\t\t\t\t\t<\/div>\n\t\t<\/div>\n\t\t\t\t<div class=\"elementor-column elementor-col-50 elementor-top-column elementor-element elementor-element-e52e601\" data-id=\"e52e601\" data-element_type=\"column\" data-e-type=\"column\">\n\t\t\t<div class=\"elementor-widget-wrap elementor-element-populated\">\n\t\t\t\t\t\t<div class=\"elementor-element elementor-element-c664d8a elementor-widget elementor-widget-text-editor\" data-id=\"c664d8a\" data-element_type=\"widget\" data-e-type=\"widget\" data-widget_type=\"text-editor.default\">\n\t\t\t\t<div class=\"elementor-widget-container\">\n\t\t\t\t\t\t\t\t\tPuede fabricar gafas con total confianza in situ, en su propio taller o, totalmente precisas y sin errores, con una adaptaci\u00f3n perfecta para todos los pacientes. Nuestros equiposde biselado , totalmente automatizados, reducen la probabilidad de cometer errores y pueden disminuir la tasa de repeticiones.   \t\t\t\t\t\t\t\t<\/div>\n\t\t\t\t<\/div>\n\t\t\t\t<div class=\"elementor-element elementor-element-3d3f7b8 elementor-widget elementor-widget-button\" data-id=\"3d3f7b8\" data-element_type=\"widget\" data-e-type=\"widget\" data-widget_type=\"button.default\">\n\t\t\t\t<div class=\"elementor-widget-container\">\n\t\t\t\t\t\t\t\t\t<div class=\"elementor-button-wrapper\">\n\t\t\t\t\t<a class=\"elementor-button elementor-button-link elementor-size-sm\" href=\"https:\/\/www.visionix.com\/es\/contact\/\">\n\t\t\t\t\t\t<span class=\"elementor-button-content-wrapper\">\n\t\t\t\t\t\t\t\t\t<span class=\"elementor-button-text\">Conecte con un profesional de la visi\u00f3n<\/span>\n\t\t\t\t\t<\/span>\n\t\t\t\t\t<\/a>\n\t\t\t\t<\/div>\n\t\t\t\t\t\t\t\t<\/div>\n\t\t\t\t<\/div>\n\t\t\t\t\t<\/div>\n\t\t<\/div>\n\t\t\t\t\t<\/div>\n\t\t<\/section>\n\t\t\t\t<section class=\"elementor-section elementor-top-section elementor-element elementor-element-c977e93 elementor-section-boxed elementor-section-height-default elementor-section-height-default\" data-id=\"c977e93\" data-element_type=\"section\" data-e-type=\"section\" data-settings=\"{&quot;background_background&quot;:&quot;classic&quot;}\">\n\t\t\t\t\t\t<div class=\"elementor-container elementor-column-gap-default\">\n\t\t\t\t\t<div class=\"elementor-column elementor-col-100 elementor-top-column elementor-element elementor-element-cc993d5\" data-id=\"cc993d5\" data-element_type=\"column\" data-e-type=\"column\">\n\t\t\t<div class=\"elementor-widget-wrap elementor-element-populated\">\n\t\t\t\t\t\t<div class=\"elementor-element elementor-element-aebb6f5 elementor-widget elementor-widget-ucaddon_logo_card_testimonial\" data-id=\"aebb6f5\" data-element_type=\"widget\" data-e-type=\"widget\" data-widget_type=\"ucaddon_logo_card_testimonial.default\">\n\t\t\t\t<div class=\"elementor-widget-container\">\n\t\t\t\t\t\n<!-- start Testimonial Card -->\n<style>\/* widget: Testimonial Card *\/\n\n#uc_logo_card_testimonial_elementor_aebb6f5 *{\n\tbox-sizing: border-box;\n}\n\n#uc_logo_card_testimonial_elementor_aebb6f5 .ue-image\n{\n  display:inline-flex;\n}\n\n#uc_logo_card_testimonial_elementor_aebb6f5 .ue-image img\n{\n  width:100%;\n  object-fit: cover;\n}\n\n#uc_logo_card_testimonial_elementor_aebb6f5 .ue-logo\n{\n  display:inline-block;\n}\n\n<\/style>\n\n<div class=\"ue-card\" id=\"uc_logo_card_testimonial_elementor_aebb6f5\">\n            \t<div class=\"ue-image\"><img loading=\"lazy\" decoding=\"async\" src=\"https:\/\/www.visionix.com\/wp-content\/uploads\/2022\/03\/Dr.-Albert-Morier-570x570-1-2.jpg\"  src=\"https:\/\/www.visionix.com\/wp-content\/uploads\/2022\/03\/Dr.-Albert-Morier-570x570-1-2.jpg\" alt=\"Dr.-Albert-Morier-570x570-1-2\" width=\"570\" height=\"570\"><\/div>\n                <div class=\"ue-text\"><h3>Resultados coherentes <\/h3>\n<em>\u201cMi \u00f3ptica est\u00e1 equipada con una biseladora Briot desde hace m\u00e1s de 10 a\u00f1os. Es f\u00e1cil de usar y podr\u00eda decirse que funciona continuamente. Hemos tenido muy pocos problemas. Nuestro representante siempre ha sido profesional y dispuesto  cuando necesitamos ayuda. Nuestra m\u00e1quina Briot es un caballo de batalla, nunca tengo que pensar en ella, ya que funciona y funciona sin parar... \u201d<\/em><\/div>\n                <div class=\"ue-title\">Albert Morier,<\/div>\n                <div class=\"ue-subtitle\">OD, MA, Consumer Optical, Schenectady, New York<\/div>\n                <div class=\"ue-logo\"><img decoding=\"async\" src=\"https:\/\/www.visionix.com\/wp-content\/uploads\/2022\/05\/logo-consumer-optical-vision-source.png\" style=\"width:100%;\" ><\/div>\n<\/div>\n<!-- end Testimonial Card -->\t\t\t\t<\/div>\n\t\t\t\t<\/div>\n\t\t\t\t\t<\/div>\n\t\t<\/div>\n\t\t\t\t\t<\/div>\n\t\t<\/section>\n\t\t\t\t<section class=\"elementor-section elementor-top-section elementor-element elementor-element-116f20f elementor-section-boxed elementor-section-height-default elementor-section-height-default\" data-id=\"116f20f\" data-element_type=\"section\" data-e-type=\"section\">\n\t\t\t\t\t\t<div class=\"elementor-container elementor-column-gap-default\">\n\t\t\t\t\t<div class=\"elementor-column elementor-col-50 elementor-top-column elementor-element elementor-element-0496670\" data-id=\"0496670\" data-element_type=\"column\" data-e-type=\"column\">\n\t\t\t<div class=\"elementor-widget-wrap elementor-element-populated\">\n\t\t\t\t\t\t<div class=\"elementor-element elementor-element-6fdf699 elementor-widget elementor-widget-text-editor\" data-id=\"6fdf699\" data-element_type=\"widget\" data-e-type=\"widget\" data-widget_type=\"text-editor.default\">\n\t\t\t\t<div class=\"elementor-widget-container\">\n\t\t\t\t\t\t\t\t\tPuede ahorrar un 30% de sus gastos de taller o montando sus propias lentes internamente en lugar deexternalizar el servicio. Disponer de un laboratorio propio permite acelerar el plazo de entrega para sus pacientes y controlar la calidad del producto final.  \t\t\t\t\t\t\t\t<\/div>\n\t\t\t\t<\/div>\n\t\t\t\t<div class=\"elementor-element elementor-element-74ab273 elementor-widget elementor-widget-button\" data-id=\"74ab273\" data-element_type=\"widget\" data-e-type=\"widget\" data-widget_type=\"button.default\">\n\t\t\t\t<div class=\"elementor-widget-container\">\n\t\t\t\t\t\t\t\t\t<div class=\"elementor-button-wrapper\">\n\t\t\t\t\t<a class=\"elementor-button elementor-button-link elementor-size-sm\" href=\"https:\/\/www.visionix.com\/es\/contact\/\">\n\t\t\t\t\t\t<span class=\"elementor-button-content-wrapper\">\n\t\t\t\t\t\t\t\t\t<span class=\"elementor-button-text\">Conecte con un profesional de la visi\u00f3n<\/span>\n\t\t\t\t\t<\/span>\n\t\t\t\t\t<\/a>\n\t\t\t\t<\/div>\n\t\t\t\t\t\t\t\t<\/div>\n\t\t\t\t<\/div>\n\t\t\t\t\t<\/div>\n\t\t<\/div>\n\t\t\t\t<div class=\"elementor-column elementor-col-50 elementor-top-column elementor-element elementor-element-e77804a\" data-id=\"e77804a\" data-element_type=\"column\" data-e-type=\"column\">\n\t\t\t<div class=\"elementor-widget-wrap elementor-element-populated\">\n\t\t\t\t\t\t<div class=\"elementor-element elementor-element-bb5ba62 elementor-widget elementor-widget-image\" data-id=\"bb5ba62\" data-element_type=\"widget\" data-e-type=\"widget\" data-widget_type=\"image.default\">\n\t\t\t\t<div class=\"elementor-widget-container\">\n\t\t\t\t\t\t\t\t\t\t\t\t\t\t\t<img loading=\"lazy\" decoding=\"async\" width=\"800\" height=\"532\" src=\"https:\/\/www.visionix.com\/wp-content\/uploads\/2022\/05\/control-finishing-1024x681.png\" class=\"attachment-large size-large wp-image-27773\" alt=\"control finishing\" srcset=\"https:\/\/www.visionix.com\/wp-content\/uploads\/2022\/05\/control-finishing-1024x681.png 1024w, https:\/\/www.visionix.com\/wp-content\/uploads\/2022\/05\/control-finishing-300x199.png 300w, https:\/\/www.visionix.com\/wp-content\/uploads\/2022\/05\/control-finishing-768x511.png 768w, https:\/\/www.visionix.com\/wp-content\/uploads\/2022\/05\/control-finishing-600x399.png 600w, https:\/\/www.visionix.com\/wp-content\/uploads\/2022\/05\/control-finishing.png 1259w\" sizes=\"(max-width: 800px) 100vw, 800px\" \/>\t\t\t\t\t\t\t\t\t\t\t\t\t\t\t<\/div>\n\t\t\t\t<\/div>\n\t\t\t\t\t<\/div>\n\t\t<\/div>\n\t\t\t\t\t<\/div>\n\t\t<\/section>\n\t\t\t\t<section class=\"elementor-section elementor-top-section elementor-element elementor-element-3b6e20c elementor-section-boxed elementor-section-height-default elementor-section-height-default\" data-id=\"3b6e20c\" data-element_type=\"section\" data-e-type=\"section\">\n\t\t\t\t\t\t<div class=\"elementor-container elementor-column-gap-default\">\n\t\t\t\t\t<div class=\"elementor-column elementor-col-50 elementor-top-column elementor-element elementor-element-a767bd2\" data-id=\"a767bd2\" data-element_type=\"column\" data-e-type=\"column\">\n\t\t\t<div class=\"elementor-widget-wrap elementor-element-populated\">\n\t\t\t\t\t\t<div class=\"elementor-element elementor-element-d989f59 elementor-widget elementor-widget-image\" data-id=\"d989f59\" data-element_type=\"widget\" data-e-type=\"widget\" data-widget_type=\"image.default\">\n\t\t\t\t<div class=\"elementor-widget-container\">\n\t\t\t\t\t\t\t\t\t\t\t\t\t\t\t<img loading=\"lazy\" decoding=\"async\" width=\"800\" height=\"534\" src=\"https:\/\/www.visionix.com\/wp-content\/uploads\/2022\/05\/pretest-exam-1024x683.png\" class=\"attachment-large size-large wp-image-27781\" alt=\"\" srcset=\"https:\/\/www.visionix.com\/wp-content\/uploads\/2022\/05\/pretest-exam-1024x683.png 1024w, https:\/\/www.visionix.com\/wp-content\/uploads\/2022\/05\/pretest-exam-300x200.png 300w, https:\/\/www.visionix.com\/wp-content\/uploads\/2022\/05\/pretest-exam-768x512.png 768w, https:\/\/www.visionix.com\/wp-content\/uploads\/2022\/05\/pretest-exam-600x400.png 600w, https:\/\/www.visionix.com\/wp-content\/uploads\/2022\/05\/pretest-exam.png 1260w\" sizes=\"(max-width: 800px) 100vw, 800px\" \/>\t\t\t\t\t\t\t\t\t\t\t\t\t\t\t<\/div>\n\t\t\t\t<\/div>\n\t\t\t\t\t<\/div>\n\t\t<\/div>\n\t\t\t\t<div class=\"elementor-column elementor-col-50 elementor-top-column elementor-element elementor-element-c156e55\" data-id=\"c156e55\" data-element_type=\"column\" data-e-type=\"column\">\n\t\t\t<div class=\"elementor-widget-wrap elementor-element-populated\">\n\t\t\t\t\t\t<div class=\"elementor-element elementor-element-9bc45a4 elementor-widget elementor-widget-text-editor\" data-id=\"9bc45a4\" data-element_type=\"widget\" data-e-type=\"widget\" data-widget_type=\"text-editor.default\">\n\t\t\t\t<div class=\"elementor-widget-container\">\n\t\t\t\t\t\t\t\t\tDisponemos del equipo adecuado para cualquier diagn\u00f3stico, desde  unidades de refracci\u00f3n hasta los dispositivos multimodales. Podemos hacer que los pacientes con problemas de movilidad se sientan c\u00f3modos ya que nuestros equipos les permite garantiza una experiencia \u00f3ptima.\t\t\t\t\t\t\t\t<\/div>\n\t\t\t\t<\/div>\n\t\t\t\t<div class=\"elementor-element elementor-element-6722c13 elementor-widget elementor-widget-button\" data-id=\"6722c13\" data-element_type=\"widget\" data-e-type=\"widget\" data-widget_type=\"button.default\">\n\t\t\t\t<div class=\"elementor-widget-container\">\n\t\t\t\t\t\t\t\t\t<div class=\"elementor-button-wrapper\">\n\t\t\t\t\t<a class=\"elementor-button elementor-button-link elementor-size-sm\" href=\"https:\/\/www.visionix.com\/es\/contact\/\">\n\t\t\t\t\t\t<span class=\"elementor-button-content-wrapper\">\n\t\t\t\t\t\t\t\t\t<span class=\"elementor-button-text\">Conecte con un profesional de la visi\u00f3n<\/span>\n\t\t\t\t\t<\/span>\n\t\t\t\t\t<\/a>\n\t\t\t\t<\/div>\n\t\t\t\t\t\t\t\t<\/div>\n\t\t\t\t<\/div>\n\t\t\t\t\t<\/div>\n\t\t<\/div>\n\t\t\t\t\t<\/div>\n\t\t<\/section>\n\t\t\t\t<\/div>\n\t\t","protected":false},"excerpt":{"rendered":"<p>Propietarios de \u00f3ptica La producci\u00f3n de lentes precisas al alcance de su mano Fabricamos los productos que distribuimos. Por lo tanto, al hablar con nosotros, estar\u00e1 hablando directamente con el fabricante. Para los propietarios de \u00f3pticas que est\u00e1n pensando en abrir un taller interno o actualizar sus equipos, ofrecemos una amplia gama de equipos de [&hellip;]<\/p>\n","protected":false},"author":1,"featured_media":0,"parent":28709,"menu_order":0,"comment_status":"closed","ping_status":"closed","template":"","meta":{"_acf_changed":false,"content-type":"","footnotes":""},"class_list":["post-28711","page","type-page","status-publish","hentry"],"acf":[],"_links":{"self":[{"href":"https:\/\/www.visionix.com\/es\/wp-json\/wp\/v2\/pages\/28711","targetHints":{"allow":["GET"]}}],"collection":[{"href":"https:\/\/www.visionix.com\/es\/wp-json\/wp\/v2\/pages"}],"about":[{"href":"https:\/\/www.visionix.com\/es\/wp-json\/wp\/v2\/types\/page"}],"author":[{"embeddable":true,"href":"https:\/\/www.visionix.com\/es\/wp-json\/wp\/v2\/users\/1"}],"replies":[{"embeddable":true,"href":"https:\/\/www.visionix.com\/es\/wp-json\/wp\/v2\/comments?post=28711"}],"version-history":[{"count":8,"href":"https:\/\/www.visionix.com\/es\/wp-json\/wp\/v2\/pages\/28711\/revisions"}],"predecessor-version":[{"id":31626,"href":"https:\/\/www.visionix.com\/es\/wp-json\/wp\/v2\/pages\/28711\/revisions\/31626"}],"up":[{"embeddable":true,"href":"https:\/\/www.visionix.com\/es\/wp-json\/wp\/v2\/pages\/28709"}],"wp:attachment":[{"href":"https:\/\/www.visionix.com\/es\/wp-json\/wp\/v2\/media?parent=28711"}],"curies":[{"name":"wp","href":"https:\/\/api.w.org\/{rel}","templated":true}]}}