{"id":28699,"date":"2022-02-08T11:21:19","date_gmt":"2022-02-08T10:21:19","guid":{"rendered":"https:\/\/www.visionix.com\/ophthalmology\/ophthalmology-practice-owner\/"},"modified":"2022-07-26T15:37:57","modified_gmt":"2022-07-26T13:37:57","slug":"propietarios-de-consultas","status":"publish","type":"page","link":"https:\/\/www.visionix.com\/es\/oftalmologia\/propietarios-de-consultas\/","title":{"rendered":"Propietarios de consultas"},"content":{"rendered":"\t\t<div data-elementor-type=\"wp-page\" data-elementor-id=\"28699\" class=\"elementor elementor-28699 elementor-95\" data-elementor-post-type=\"page\">\n\t\t\t\t\t\t<section class=\"elementor-section elementor-top-section elementor-element elementor-element-1a55eed elementor-section-boxed elementor-section-height-default elementor-section-height-default\" data-id=\"1a55eed\" data-element_type=\"section\" data-e-type=\"section\">\n\t\t\t\t\t\t<div class=\"elementor-container elementor-column-gap-default\">\n\t\t\t\t\t<div class=\"elementor-column elementor-col-50 elementor-top-column elementor-element elementor-element-c356549\" data-id=\"c356549\" data-element_type=\"column\" data-e-type=\"column\">\n\t\t\t<div class=\"elementor-widget-wrap elementor-element-populated\">\n\t\t\t\t\t\t<div class=\"elementor-element elementor-element-1646381 elementor-widget elementor-widget-heading\" data-id=\"1646381\" data-element_type=\"widget\" data-e-type=\"widget\" data-widget_type=\"heading.default\">\n\t\t\t\t<div class=\"elementor-widget-container\">\n\t\t\t\t\t<h3 class=\"elementor-heading-title elementor-size-default\">Propietarios de consultas <\/h3>\t\t\t\t<\/div>\n\t\t\t\t<\/div>\n\t\t\t\t<div class=\"elementor-element elementor-element-b5e875a elementor-widget elementor-widget-heading\" data-id=\"b5e875a\" data-element_type=\"widget\" data-e-type=\"widget\" data-widget_type=\"heading.default\">\n\t\t\t\t<div class=\"elementor-widget-container\">\n\t\t\t\t\t<h1 class=\"elementor-heading-title elementor-size-default\">Libera tiempo para los pacientes<\/h1>\t\t\t\t<\/div>\n\t\t\t\t<\/div>\n\t\t\t\t<div class=\"elementor-element elementor-element-868e62f elementor-widget elementor-widget-text-editor\" data-id=\"868e62f\" data-element_type=\"widget\" data-e-type=\"widget\" data-widget_type=\"text-editor.default\">\n\t\t\t\t<div class=\"elementor-widget-container\">\n\t\t\t\t\t\t\t\t\tLa ventaja de tener personal espec\u00edfico  para realizar las refracciones es que los oftalm\u00f3logos  pueden dedicar m\u00e1s tiempo a sus pacientes.\t\t\t\t\t\t\t\t<\/div>\n\t\t\t\t<\/div>\n\t\t\t\t\t<\/div>\n\t\t<\/div>\n\t\t\t\t<div class=\"elementor-column elementor-col-50 elementor-top-column elementor-element elementor-element-618abd6\" data-id=\"618abd6\" data-element_type=\"column\" data-e-type=\"column\">\n\t\t\t<div class=\"elementor-widget-wrap elementor-element-populated\">\n\t\t\t\t\t\t<div class=\"elementor-element elementor-element-2005d20 elementor-widget elementor-widget-image\" data-id=\"2005d20\" data-element_type=\"widget\" data-e-type=\"widget\" data-widget_type=\"image.default\">\n\t\t\t\t<div class=\"elementor-widget-container\">\n\t\t\t\t\t\t\t\t\t\t\t\t\t\t\t<img fetchpriority=\"high\" decoding=\"async\" width=\"800\" height=\"800\" src=\"https:\/\/www.visionix.com\/wp-content\/uploads\/2022\/03\/Request-a-quote2.png\" class=\"attachment-large size-large wp-image-10302\" alt=\"\" srcset=\"https:\/\/www.visionix.com\/wp-content\/uploads\/2022\/03\/Request-a-quote2.png 900w, https:\/\/www.visionix.com\/wp-content\/uploads\/2022\/03\/Request-a-quote2-300x300.png 300w, https:\/\/www.visionix.com\/wp-content\/uploads\/2022\/03\/Request-a-quote2-150x150.png 150w, https:\/\/www.visionix.com\/wp-content\/uploads\/2022\/03\/Request-a-quote2-768x768.png 768w, https:\/\/www.visionix.com\/wp-content\/uploads\/2022\/03\/Request-a-quote2-32x32.png 32w, https:\/\/www.visionix.com\/wp-content\/uploads\/2022\/03\/Request-a-quote2-600x600.png 600w, https:\/\/www.visionix.com\/wp-content\/uploads\/2022\/03\/Request-a-quote2-100x100.png 100w\" sizes=\"(max-width: 800px) 100vw, 800px\" \/>\t\t\t\t\t\t\t\t\t\t\t\t\t\t\t<\/div>\n\t\t\t\t<\/div>\n\t\t\t\t\t<\/div>\n\t\t<\/div>\n\t\t\t\t\t<\/div>\n\t\t<\/section>\n\t\t\t\t<section class=\"elementor-section elementor-top-section elementor-element elementor-element-c116a91 elementor-section-boxed elementor-section-height-default elementor-section-height-default\" data-id=\"c116a91\" data-element_type=\"section\" data-e-type=\"section\">\n\t\t\t\t\t\t<div class=\"elementor-container elementor-column-gap-default\">\n\t\t\t\t\t<div class=\"elementor-column elementor-col-50 elementor-top-column elementor-element elementor-element-9d33823\" data-id=\"9d33823\" data-element_type=\"column\" data-e-type=\"column\">\n\t\t\t<div class=\"elementor-widget-wrap elementor-element-populated\">\n\t\t\t\t\t\t<div class=\"elementor-element elementor-element-1348f6d elementor-widget elementor-widget-image\" data-id=\"1348f6d\" data-element_type=\"widget\" data-e-type=\"widget\" data-widget_type=\"image.default\">\n\t\t\t\t<div class=\"elementor-widget-container\">\n\t\t\t\t\t\t\t\t\t\t\t\t\t\t\t<img decoding=\"async\" width=\"800\" height=\"805\" src=\"https:\/\/www.visionix.com\/wp-content\/uploads\/2022\/03\/About-us-new-way-forward2-1-1018x1024.png\" class=\"attachment-large size-large wp-image-14784\" alt=\"Un m\u00e9dico muestra la exploraci\u00f3n realizada con el VX650 en la m\u00e1quina iScan\" srcset=\"https:\/\/www.visionix.com\/wp-content\/uploads\/2022\/03\/About-us-new-way-forward2-1-1018x1024.png 1018w, https:\/\/www.visionix.com\/wp-content\/uploads\/2022\/03\/About-us-new-way-forward2-1-298x300.png 298w, https:\/\/www.visionix.com\/wp-content\/uploads\/2022\/03\/About-us-new-way-forward2-1-150x150.png 150w, https:\/\/www.visionix.com\/wp-content\/uploads\/2022\/03\/About-us-new-way-forward2-1-768x772.png 768w, https:\/\/www.visionix.com\/wp-content\/uploads\/2022\/03\/About-us-new-way-forward2-1-1527x1536.png 1527w, https:\/\/www.visionix.com\/wp-content\/uploads\/2022\/03\/About-us-new-way-forward2-1-32x32.png 32w, https:\/\/www.visionix.com\/wp-content\/uploads\/2022\/03\/About-us-new-way-forward2-1-600x603.png 600w, https:\/\/www.visionix.com\/wp-content\/uploads\/2022\/03\/About-us-new-way-forward2-1-100x100.png 100w, https:\/\/www.visionix.com\/wp-content\/uploads\/2022\/03\/About-us-new-way-forward2-1.png 1746w\" sizes=\"(max-width: 800px) 100vw, 800px\" \/>\t\t\t\t\t\t\t\t\t\t\t\t\t\t\t<\/div>\n\t\t\t\t<\/div>\n\t\t\t\t\t<\/div>\n\t\t<\/div>\n\t\t\t\t<div class=\"elementor-column elementor-col-50 elementor-top-column elementor-element elementor-element-5271efd\" data-id=\"5271efd\" data-element_type=\"column\" data-e-type=\"column\">\n\t\t\t<div class=\"elementor-widget-wrap elementor-element-populated\">\n\t\t\t\t\t\t<div class=\"elementor-element elementor-element-ef44252 elementor-widget elementor-widget-text-editor\" data-id=\"ef44252\" data-element_type=\"widget\" data-e-type=\"widget\" data-widget_type=\"text-editor.default\">\n\t\t\t\t<div class=\"elementor-widget-container\">\n\t\t\t\t\t\t\t\t\tAl utilizar nuestros dispositivos, el propietario de la consulta oftalmol\u00f3gica  puede delegar la recogida de datos en un personal t\u00e9cnico. Nuestra tecnolog\u00eda, de f\u00e1cil manejo, requiere un m\u00ednimo de formaci\u00f3n y es precisa en el diagn\u00f3stico de las enfermedades oculares. Esto libera al oftalm\u00f3logo  para que pase m\u00e1s tiempo con los pacientes.  \t\t\t\t\t\t\t\t<\/div>\n\t\t\t\t<\/div>\n\t\t\t\t<div class=\"elementor-element elementor-element-8c1cf16 elementor-widget elementor-widget-button\" data-id=\"8c1cf16\" data-element_type=\"widget\" data-e-type=\"widget\" data-widget_type=\"button.default\">\n\t\t\t\t<div class=\"elementor-widget-container\">\n\t\t\t\t\t\t\t\t\t<div class=\"elementor-button-wrapper\">\n\t\t\t\t\t<a class=\"elementor-button elementor-button-link elementor-size-sm\" href=\"https:\/\/www.visionix.com\/es\/contact\/\">\n\t\t\t\t\t\t<span class=\"elementor-button-content-wrapper\">\n\t\t\t\t\t\t\t\t\t<span class=\"elementor-button-text\">Conecte con un profesional de la visi\u00f3n\u2003<\/span>\n\t\t\t\t\t<\/span>\n\t\t\t\t\t<\/a>\n\t\t\t\t<\/div>\n\t\t\t\t\t\t\t\t<\/div>\n\t\t\t\t<\/div>\n\t\t\t\t\t<\/div>\n\t\t<\/div>\n\t\t\t\t\t<\/div>\n\t\t<\/section>\n\t\t\t\t<section class=\"elementor-section elementor-top-section elementor-element elementor-element-4b86e76 elementor-section-boxed elementor-section-height-default elementor-section-height-default\" data-id=\"4b86e76\" data-element_type=\"section\" data-e-type=\"section\">\n\t\t\t\t\t\t<div class=\"elementor-container elementor-column-gap-default\">\n\t\t\t\t\t<div class=\"elementor-column elementor-col-50 elementor-top-column elementor-element elementor-element-2849de5\" data-id=\"2849de5\" data-element_type=\"column\" data-e-type=\"column\">\n\t\t\t<div class=\"elementor-widget-wrap elementor-element-populated\">\n\t\t\t\t\t\t<div class=\"elementor-element elementor-element-2a2ab0c elementor-widget elementor-widget-text-editor\" data-id=\"2a2ab0c\" data-element_type=\"widget\" data-e-type=\"widget\" data-widget_type=\"text-editor.default\">\n\t\t\t\t<div class=\"elementor-widget-container\">\n\t\t\t\t\t\t\t\t\tEl Eye Refract de Visionix es ideal para oftalm\u00f3logos  independientes que desean agilizar el proceso de refracci\u00f3n. Los resultados demuestran que el Eye Refract puede generar prescripciones precisas con resultados m\u00e1s repetibles, independientemente del operador.\t\t\t\t\t\t\t\t<\/div>\n\t\t\t\t<\/div>\n\t\t\t\t<div class=\"elementor-element elementor-element-d6a80fc elementor-widget elementor-widget-button\" data-id=\"d6a80fc\" data-element_type=\"widget\" data-e-type=\"widget\" data-widget_type=\"button.default\">\n\t\t\t\t<div class=\"elementor-widget-container\">\n\t\t\t\t\t\t\t\t\t<div class=\"elementor-button-wrapper\">\n\t\t\t\t\t<a class=\"elementor-button elementor-button-link elementor-size-sm\" href=\"https:\/\/www.visionix.com\/es\/contact\/\">\n\t\t\t\t\t\t<span class=\"elementor-button-content-wrapper\">\n\t\t\t\t\t\t\t\t\t<span class=\"elementor-button-text\">Conecte con un profesional de la visi\u00f3n\u2003<\/span>\n\t\t\t\t\t<\/span>\n\t\t\t\t\t<\/a>\n\t\t\t\t<\/div>\n\t\t\t\t\t\t\t\t<\/div>\n\t\t\t\t<\/div>\n\t\t\t\t\t<\/div>\n\t\t<\/div>\n\t\t\t\t<div class=\"elementor-column elementor-col-50 elementor-top-column elementor-element elementor-element-257086c\" data-id=\"257086c\" data-element_type=\"column\" data-e-type=\"column\">\n\t\t\t<div class=\"elementor-widget-wrap elementor-element-populated\">\n\t\t\t\t\t\t<div class=\"elementor-element elementor-element-8e5afb4 elementor-widget elementor-widget-image\" data-id=\"8e5afb4\" data-element_type=\"widget\" data-e-type=\"widget\" data-widget_type=\"image.default\">\n\t\t\t\t<div class=\"elementor-widget-container\">\n\t\t\t\t\t\t\t\t\t\t\t\t\t\t\t<img decoding=\"async\" width=\"800\" height=\"501\" src=\"https:\/\/www.visionix.com\/wp-content\/uploads\/2022\/05\/Screening-device-1024x641.png\" class=\"attachment-large size-large wp-image-27633\" alt=\"Screening device\" srcset=\"https:\/\/www.visionix.com\/wp-content\/uploads\/2022\/05\/Screening-device-1024x641.png 1024w, https:\/\/www.visionix.com\/wp-content\/uploads\/2022\/05\/Screening-device-300x188.png 300w, https:\/\/www.visionix.com\/wp-content\/uploads\/2022\/05\/Screening-device-768x481.png 768w, https:\/\/www.visionix.com\/wp-content\/uploads\/2022\/05\/Screening-device-600x376.png 600w, https:\/\/www.visionix.com\/wp-content\/uploads\/2022\/05\/Screening-device.png 1333w\" sizes=\"(max-width: 800px) 100vw, 800px\" \/>\t\t\t\t\t\t\t\t\t\t\t\t\t\t\t<\/div>\n\t\t\t\t<\/div>\n\t\t\t\t\t<\/div>\n\t\t<\/div>\n\t\t\t\t\t<\/div>\n\t\t<\/section>\n\t\t\t\t<section class=\"elementor-section elementor-top-section elementor-element elementor-element-59de791 elementor-section-boxed elementor-section-height-default elementor-section-height-default\" data-id=\"59de791\" data-element_type=\"section\" data-e-type=\"section\">\n\t\t\t\t\t\t<div class=\"elementor-container elementor-column-gap-default\">\n\t\t\t\t\t<div class=\"elementor-column elementor-col-50 elementor-top-column elementor-element elementor-element-47702c1\" data-id=\"47702c1\" data-element_type=\"column\" data-e-type=\"column\">\n\t\t\t<div class=\"elementor-widget-wrap elementor-element-populated\">\n\t\t\t\t\t\t<div class=\"elementor-element elementor-element-5a59c02 elementor-widget elementor-widget-image\" data-id=\"5a59c02\" data-element_type=\"widget\" data-e-type=\"widget\" data-widget_type=\"image.default\">\n\t\t\t\t<div class=\"elementor-widget-container\">\n\t\t\t\t\t\t\t\t\t\t\t\t\t\t\t<img loading=\"lazy\" decoding=\"async\" width=\"800\" height=\"531\" src=\"https:\/\/www.visionix.com\/wp-content\/uploads\/2022\/05\/full-exam-1024x680.png\" class=\"attachment-large size-large wp-image-27801\" alt=\"\" srcset=\"https:\/\/www.visionix.com\/wp-content\/uploads\/2022\/05\/full-exam-1024x680.png 1024w, https:\/\/www.visionix.com\/wp-content\/uploads\/2022\/05\/full-exam-300x199.png 300w, https:\/\/www.visionix.com\/wp-content\/uploads\/2022\/05\/full-exam-768x510.png 768w, https:\/\/www.visionix.com\/wp-content\/uploads\/2022\/05\/full-exam-600x399.png 600w, https:\/\/www.visionix.com\/wp-content\/uploads\/2022\/05\/full-exam.png 1255w\" sizes=\"(max-width: 800px) 100vw, 800px\" \/>\t\t\t\t\t\t\t\t\t\t\t\t\t\t\t<\/div>\n\t\t\t\t<\/div>\n\t\t\t\t\t<\/div>\n\t\t<\/div>\n\t\t\t\t<div class=\"elementor-column elementor-col-50 elementor-top-column elementor-element elementor-element-1bec92b\" data-id=\"1bec92b\" data-element_type=\"column\" data-e-type=\"column\">\n\t\t\t<div class=\"elementor-widget-wrap elementor-element-populated\">\n\t\t\t\t\t\t<div class=\"elementor-element elementor-element-b94db3d elementor-widget elementor-widget-text-editor\" data-id=\"b94db3d\" data-element_type=\"widget\" data-e-type=\"widget\" data-widget_type=\"text-editor.default\">\n\t\t\t\t<div class=\"elementor-widget-container\">\n\t\t\t\t\t\t\t\t\tLos pacientes est\u00e1n impresionados con la eficacia y la precisi\u00f3n del Eye Refract, que requiere la mitad de tiempo que un for\u00f3ptero tradicional y permite acelerar el flujo de pacientes.\t\t\t\t\t\t\t\t<\/div>\n\t\t\t\t<\/div>\n\t\t\t\t<div class=\"elementor-element elementor-element-9194012 elementor-widget elementor-widget-button\" data-id=\"9194012\" data-element_type=\"widget\" data-e-type=\"widget\" data-widget_type=\"button.default\">\n\t\t\t\t<div class=\"elementor-widget-container\">\n\t\t\t\t\t\t\t\t\t<div class=\"elementor-button-wrapper\">\n\t\t\t\t\t<a class=\"elementor-button elementor-button-link elementor-size-sm\" href=\"https:\/\/www.visionix.com\/es\/contact\/\">\n\t\t\t\t\t\t<span class=\"elementor-button-content-wrapper\">\n\t\t\t\t\t\t\t\t\t<span class=\"elementor-button-text\">Conecte con un profesional de la visi\u00f3n\u2003<\/span>\n\t\t\t\t\t<\/span>\n\t\t\t\t\t<\/a>\n\t\t\t\t<\/div>\n\t\t\t\t\t\t\t\t<\/div>\n\t\t\t\t<\/div>\n\t\t\t\t\t<\/div>\n\t\t<\/div>\n\t\t\t\t\t<\/div>\n\t\t<\/section>\n\t\t\t\t<section class=\"elementor-section elementor-top-section elementor-element elementor-element-7b3b8b3 elementor-section-boxed elementor-section-height-default elementor-section-height-default\" data-id=\"7b3b8b3\" data-element_type=\"section\" data-e-type=\"section\">\n\t\t\t\t\t\t<div class=\"elementor-container elementor-column-gap-default\">\n\t\t\t\t\t<div class=\"elementor-column elementor-col-50 elementor-top-column elementor-element elementor-element-989e634\" data-id=\"989e634\" data-element_type=\"column\" data-e-type=\"column\">\n\t\t\t<div class=\"elementor-widget-wrap elementor-element-populated\">\n\t\t\t\t\t\t<div class=\"elementor-element elementor-element-712449e elementor-widget elementor-widget-text-editor\" data-id=\"712449e\" data-element_type=\"widget\" data-e-type=\"widget\" data-widget_type=\"text-editor.default\">\n\t\t\t\t<div class=\"elementor-widget-container\">\n\t\t\t\t\t\t\t\t\tCon el Eye Refract se eliminan todas las dudas acerca de la b\u00fasqueda de personal capacitado que pueda realizar una refracci\u00f3n fiable.  La formaci\u00f3n para el manejo del sistema es r\u00e1pida y sencilla. El personal cl\u00ednico de Visionix forma a los nuevos usuarios para seguir un proceso guiado por una tablet que genera prescripciones finales precisas y confortables. \t\t\t\t\t\t\t\t<\/div>\n\t\t\t\t<\/div>\n\t\t\t\t<div class=\"elementor-element elementor-element-5330516 elementor-widget elementor-widget-button\" data-id=\"5330516\" data-element_type=\"widget\" data-e-type=\"widget\" data-widget_type=\"button.default\">\n\t\t\t\t<div class=\"elementor-widget-container\">\n\t\t\t\t\t\t\t\t\t<div class=\"elementor-button-wrapper\">\n\t\t\t\t\t<a class=\"elementor-button elementor-button-link elementor-size-sm\" href=\"https:\/\/www.visionix.com\/es\/contact\/\">\n\t\t\t\t\t\t<span class=\"elementor-button-content-wrapper\">\n\t\t\t\t\t\t\t\t\t<span class=\"elementor-button-text\">Conecte con un profesional de la visi\u00f3n\u2003<\/span>\n\t\t\t\t\t<\/span>\n\t\t\t\t\t<\/a>\n\t\t\t\t<\/div>\n\t\t\t\t\t\t\t\t<\/div>\n\t\t\t\t<\/div>\n\t\t\t\t\t<\/div>\n\t\t<\/div>\n\t\t\t\t<div class=\"elementor-column elementor-col-50 elementor-top-column elementor-element elementor-element-2652336\" data-id=\"2652336\" data-element_type=\"column\" data-e-type=\"column\">\n\t\t\t<div class=\"elementor-widget-wrap elementor-element-populated\">\n\t\t\t\t\t\t<div class=\"elementor-element elementor-element-a2c1ae9 elementor-widget elementor-widget-image\" data-id=\"a2c1ae9\" data-element_type=\"widget\" data-e-type=\"widget\" data-widget_type=\"image.default\">\n\t\t\t\t<div class=\"elementor-widget-container\">\n\t\t\t\t\t\t\t\t\t\t\t\t\t\t\t<img loading=\"lazy\" decoding=\"async\" width=\"800\" height=\"451\" src=\"https:\/\/www.visionix.com\/wp-content\/uploads\/2022\/06\/Eye-Refract-tablet-1024x577.png\" class=\"attachment-large size-large wp-image-28193\" alt=\"\" srcset=\"https:\/\/www.visionix.com\/wp-content\/uploads\/2022\/06\/Eye-Refract-tablet-1024x577.png 1024w, https:\/\/www.visionix.com\/wp-content\/uploads\/2022\/06\/Eye-Refract-tablet-300x169.png 300w, https:\/\/www.visionix.com\/wp-content\/uploads\/2022\/06\/Eye-Refract-tablet-768x433.png 768w, https:\/\/www.visionix.com\/wp-content\/uploads\/2022\/06\/Eye-Refract-tablet-1536x866.png 1536w, https:\/\/www.visionix.com\/wp-content\/uploads\/2022\/06\/Eye-Refract-tablet-600x338.png 600w, https:\/\/www.visionix.com\/wp-content\/uploads\/2022\/06\/Eye-Refract-tablet.png 1826w\" sizes=\"(max-width: 800px) 100vw, 800px\" \/>\t\t\t\t\t\t\t\t\t\t\t\t\t\t\t<\/div>\n\t\t\t\t<\/div>\n\t\t\t\t\t<\/div>\n\t\t<\/div>\n\t\t\t\t\t<\/div>\n\t\t<\/section>\n\t\t\t\t<section class=\"elementor-section elementor-top-section elementor-element elementor-element-ac902c3 elementor-section-boxed elementor-section-height-default elementor-section-height-default\" data-id=\"ac902c3\" data-element_type=\"section\" data-e-type=\"section\">\n\t\t\t\t\t\t<div class=\"elementor-container elementor-column-gap-default\">\n\t\t\t\t\t<div class=\"elementor-column elementor-col-50 elementor-top-column elementor-element elementor-element-0ada78c\" data-id=\"0ada78c\" data-element_type=\"column\" data-e-type=\"column\">\n\t\t\t<div class=\"elementor-widget-wrap elementor-element-populated\">\n\t\t\t\t\t\t<div class=\"elementor-element elementor-element-35b0fce elementor-widget elementor-widget-image\" data-id=\"35b0fce\" data-element_type=\"widget\" data-e-type=\"widget\" data-widget_type=\"image.default\">\n\t\t\t\t<div class=\"elementor-widget-container\">\n\t\t\t\t\t\t\t\t\t\t\t\t\t\t\t<img loading=\"lazy\" decoding=\"async\" width=\"800\" height=\"465\" src=\"https:\/\/www.visionix.com\/wp-content\/uploads\/2022\/06\/Eye-Refract-technician-1024x595.png\" class=\"attachment-large size-large wp-image-28201\" alt=\"\" srcset=\"https:\/\/www.visionix.com\/wp-content\/uploads\/2022\/06\/Eye-Refract-technician-1024x595.png 1024w, https:\/\/www.visionix.com\/wp-content\/uploads\/2022\/06\/Eye-Refract-technician-300x174.png 300w, https:\/\/www.visionix.com\/wp-content\/uploads\/2022\/06\/Eye-Refract-technician-768x446.png 768w, https:\/\/www.visionix.com\/wp-content\/uploads\/2022\/06\/Eye-Refract-technician-600x348.png 600w, https:\/\/www.visionix.com\/wp-content\/uploads\/2022\/06\/Eye-Refract-technician.png 1185w\" sizes=\"(max-width: 800px) 100vw, 800px\" \/>\t\t\t\t\t\t\t\t\t\t\t\t\t\t\t<\/div>\n\t\t\t\t<\/div>\n\t\t\t\t\t<\/div>\n\t\t<\/div>\n\t\t\t\t<div class=\"elementor-column elementor-col-50 elementor-top-column elementor-element elementor-element-8eee81e\" data-id=\"8eee81e\" data-element_type=\"column\" data-e-type=\"column\">\n\t\t\t<div class=\"elementor-widget-wrap elementor-element-populated\">\n\t\t\t\t\t\t<div class=\"elementor-element elementor-element-0ea37cb elementor-widget elementor-widget-text-editor\" data-id=\"0ea37cb\" data-element_type=\"widget\" data-e-type=\"widget\" data-widget_type=\"text-editor.default\">\n\t\t\t\t<div class=\"elementor-widget-container\">\n\t\t\t\t\t\t\t\t\tEl paciente es recibido por personal entrenado para tal fin, que recoger\u00e1 los datos antes de ser visto por el oftalm\u00f3logo., que acceder\u00e1 a estos datos fiables de forma \u00e1gil y sencilla  a trav\u00e9s de un sistema de historia cl\u00ednica electr\u00f3nica.\t\t\t\t\t\t\t\t<\/div>\n\t\t\t\t<\/div>\n\t\t\t\t<div class=\"elementor-element elementor-element-22f45a4 elementor-widget elementor-widget-button\" data-id=\"22f45a4\" data-element_type=\"widget\" data-e-type=\"widget\" data-widget_type=\"button.default\">\n\t\t\t\t<div class=\"elementor-widget-container\">\n\t\t\t\t\t\t\t\t\t<div class=\"elementor-button-wrapper\">\n\t\t\t\t\t<a class=\"elementor-button elementor-button-link elementor-size-sm\" href=\"https:\/\/www.visionix.com\/es\/contact\/\">\n\t\t\t\t\t\t<span class=\"elementor-button-content-wrapper\">\n\t\t\t\t\t\t\t\t\t<span class=\"elementor-button-text\">Conecte con un profesional de la visi\u00f3n\u2003<\/span>\n\t\t\t\t\t<\/span>\n\t\t\t\t\t<\/a>\n\t\t\t\t<\/div>\n\t\t\t\t\t\t\t\t<\/div>\n\t\t\t\t<\/div>\n\t\t\t\t\t<\/div>\n\t\t<\/div>\n\t\t\t\t\t<\/div>\n\t\t<\/section>\n\t\t\t\t<\/div>\n\t\t","protected":false},"excerpt":{"rendered":"<p>Propietarios de consultas Libera tiempo para los pacientes La ventaja de tener personal espec\u00edfico para realizar las refracciones es que los oftalm\u00f3logos pueden dedicar m\u00e1s tiempo a sus pacientes. Al utilizar nuestros dispositivos, el propietario de la consulta oftalmol\u00f3gica puede delegar la recogida de datos en un personal t\u00e9cnico. Nuestra tecnolog\u00eda, de f\u00e1cil manejo, requiere [&hellip;]<\/p>\n","protected":false},"author":1,"featured_media":0,"parent":28694,"menu_order":0,"comment_status":"closed","ping_status":"closed","template":"","meta":{"_acf_changed":false,"content-type":"","footnotes":""},"class_list":["post-28699","page","type-page","status-publish","hentry"],"acf":[],"_links":{"self":[{"href":"https:\/\/www.visionix.com\/es\/wp-json\/wp\/v2\/pages\/28699","targetHints":{"allow":["GET"]}}],"collection":[{"href":"https:\/\/www.visionix.com\/es\/wp-json\/wp\/v2\/pages"}],"about":[{"href":"https:\/\/www.visionix.com\/es\/wp-json\/wp\/v2\/types\/page"}],"author":[{"embeddable":true,"href":"https:\/\/www.visionix.com\/es\/wp-json\/wp\/v2\/users\/1"}],"replies":[{"embeddable":true,"href":"https:\/\/www.visionix.com\/es\/wp-json\/wp\/v2\/comments?post=28699"}],"version-history":[{"count":5,"href":"https:\/\/www.visionix.com\/es\/wp-json\/wp\/v2\/pages\/28699\/revisions"}],"predecessor-version":[{"id":31623,"href":"https:\/\/www.visionix.com\/es\/wp-json\/wp\/v2\/pages\/28699\/revisions\/31623"}],"up":[{"embeddable":true,"href":"https:\/\/www.visionix.com\/es\/wp-json\/wp\/v2\/pages\/28694"}],"wp:attachment":[{"href":"https:\/\/www.visionix.com\/es\/wp-json\/wp\/v2\/media?parent=28699"}],"curies":[{"name":"wp","href":"https:\/\/api.w.org\/{rel}","templated":true}]}}