{"id":28692,"date":"2022-02-08T11:23:22","date_gmt":"2022-02-08T10:23:22","guid":{"rendered":"https:\/\/www.visionix.com\/medical-optometrist\/"},"modified":"2022-07-26T15:37:34","modified_gmt":"2022-07-26T13:37:34","slug":"opticos-optometristas","status":"publish","type":"page","link":"https:\/\/www.visionix.com\/es\/oftalmologia\/opticos-optometristas\/","title":{"rendered":"\u00d3pticos optometristas"},"content":{"rendered":"\t\t<div data-elementor-type=\"wp-page\" data-elementor-id=\"28692\" class=\"elementor elementor-28692 elementor-99\" data-elementor-post-type=\"page\">\n\t\t\t\t\t\t<section class=\"elementor-section elementor-top-section elementor-element elementor-element-f0ef0a3 elementor-section-boxed elementor-section-height-default elementor-section-height-default\" data-id=\"f0ef0a3\" data-element_type=\"section\" data-e-type=\"section\">\n\t\t\t\t\t\t<div class=\"elementor-container elementor-column-gap-default\">\n\t\t\t\t\t<div class=\"elementor-column elementor-col-50 elementor-top-column elementor-element elementor-element-ee12f6e\" data-id=\"ee12f6e\" data-element_type=\"column\" data-e-type=\"column\">\n\t\t\t<div class=\"elementor-widget-wrap elementor-element-populated\">\n\t\t\t\t\t\t<div class=\"elementor-element elementor-element-02703d0 elementor-widget elementor-widget-heading\" data-id=\"02703d0\" data-element_type=\"widget\" data-e-type=\"widget\" data-widget_type=\"heading.default\">\n\t\t\t\t<div class=\"elementor-widget-container\">\n\t\t\t\t\t<h3 class=\"elementor-heading-title elementor-size-default\">\u00d3pticos-optometristas <\/h3>\t\t\t\t<\/div>\n\t\t\t\t<\/div>\n\t\t\t\t<div class=\"elementor-element elementor-element-c30193c elementor-widget elementor-widget-heading\" data-id=\"c30193c\" data-element_type=\"widget\" data-e-type=\"widget\" data-widget_type=\"heading.default\">\n\t\t\t\t<div class=\"elementor-widget-container\">\n\t\t\t\t\t<h1 class=\"elementor-heading-title elementor-size-default\">Una pr\u00e1ctica eficiente<\/h1>\t\t\t\t<\/div>\n\t\t\t\t<\/div>\n\t\t\t\t<div class=\"elementor-element elementor-element-6b8f19b elementor-widget elementor-widget-text-editor\" data-id=\"6b8f19b\" data-element_type=\"widget\" data-e-type=\"widget\" data-widget_type=\"text-editor.default\">\n\t\t\t\t<div class=\"elementor-widget-container\">\n\t\t\t\t\t\t\t\t\tNuestras OCT son tan intuitivos que permiten detectar los primeros signos de enfermedades oculares.\t\t\t\t\t\t\t\t<\/div>\n\t\t\t\t<\/div>\n\t\t\t\t\t<\/div>\n\t\t<\/div>\n\t\t\t\t<div class=\"elementor-column elementor-col-50 elementor-top-column elementor-element elementor-element-9682165\" data-id=\"9682165\" data-element_type=\"column\" data-e-type=\"column\">\n\t\t\t<div class=\"elementor-widget-wrap elementor-element-populated\">\n\t\t\t\t\t\t<div class=\"elementor-element elementor-element-d0c337c elementor-widget elementor-widget-image\" data-id=\"d0c337c\" data-element_type=\"widget\" data-e-type=\"widget\" data-widget_type=\"image.default\">\n\t\t\t\t<div class=\"elementor-widget-container\">\n\t\t\t\t\t\t\t\t\t\t\t\t\t\t\t<img fetchpriority=\"high\" decoding=\"async\" width=\"800\" height=\"502\" src=\"https:\/\/www.visionix.com\/wp-content\/uploads\/2022\/05\/iscan-1024x642.png\" class=\"attachment-large size-large wp-image-27978\" alt=\"\" srcset=\"https:\/\/www.visionix.com\/wp-content\/uploads\/2022\/05\/iscan-1024x642.png 1024w, https:\/\/www.visionix.com\/wp-content\/uploads\/2022\/05\/iscan-300x188.png 300w, https:\/\/www.visionix.com\/wp-content\/uploads\/2022\/05\/iscan-768x481.png 768w, https:\/\/www.visionix.com\/wp-content\/uploads\/2022\/05\/iscan-600x376.png 600w, https:\/\/www.visionix.com\/wp-content\/uploads\/2022\/05\/iscan.png 1336w\" sizes=\"(max-width: 800px) 100vw, 800px\" \/>\t\t\t\t\t\t\t\t\t\t\t\t\t\t\t<\/div>\n\t\t\t\t<\/div>\n\t\t\t\t\t<\/div>\n\t\t<\/div>\n\t\t\t\t\t<\/div>\n\t\t<\/section>\n\t\t\t\t<section class=\"elementor-section elementor-top-section elementor-element elementor-element-b37daf4 elementor-section-boxed elementor-section-height-default elementor-section-height-default\" data-id=\"b37daf4\" data-element_type=\"section\" data-e-type=\"section\">\n\t\t\t\t\t\t<div class=\"elementor-container elementor-column-gap-default\">\n\t\t\t\t\t<div class=\"elementor-column elementor-col-50 elementor-top-column elementor-element elementor-element-1c97e86\" data-id=\"1c97e86\" data-element_type=\"column\" data-e-type=\"column\">\n\t\t\t<div class=\"elementor-widget-wrap elementor-element-populated\">\n\t\t\t\t\t\t<div class=\"elementor-element elementor-element-8910c48 elementor-widget elementor-widget-image\" data-id=\"8910c48\" data-element_type=\"widget\" data-e-type=\"widget\" data-widget_type=\"image.default\">\n\t\t\t\t<div class=\"elementor-widget-container\">\n\t\t\t\t\t\t\t\t\t\t\t\t\t\t\t<img decoding=\"async\" width=\"800\" height=\"800\" src=\"https:\/\/www.visionix.com\/wp-content\/uploads\/2022\/03\/Telehealth-Datacloud-square-1024x1024.png\" class=\"attachment-large size-large wp-image-10210\" alt=\"\" srcset=\"https:\/\/www.visionix.com\/wp-content\/uploads\/2022\/03\/Telehealth-Datacloud-square-1024x1024.png 1024w, https:\/\/www.visionix.com\/wp-content\/uploads\/2022\/03\/Telehealth-Datacloud-square-300x300.png 300w, https:\/\/www.visionix.com\/wp-content\/uploads\/2022\/03\/Telehealth-Datacloud-square-150x150.png 150w, https:\/\/www.visionix.com\/wp-content\/uploads\/2022\/03\/Telehealth-Datacloud-square-768x768.png 768w, https:\/\/www.visionix.com\/wp-content\/uploads\/2022\/03\/Telehealth-Datacloud-square-1536x1536.png 1536w, https:\/\/www.visionix.com\/wp-content\/uploads\/2022\/03\/Telehealth-Datacloud-square-32x32.png 32w, https:\/\/www.visionix.com\/wp-content\/uploads\/2022\/03\/Telehealth-Datacloud-square-600x600.png 600w, https:\/\/www.visionix.com\/wp-content\/uploads\/2022\/03\/Telehealth-Datacloud-square-100x100.png 100w, https:\/\/www.visionix.com\/wp-content\/uploads\/2022\/03\/Telehealth-Datacloud-square.png 1875w\" sizes=\"(max-width: 800px) 100vw, 800px\" \/>\t\t\t\t\t\t\t\t\t\t\t\t\t\t\t<\/div>\n\t\t\t\t<\/div>\n\t\t\t\t\t<\/div>\n\t\t<\/div>\n\t\t\t\t<div class=\"elementor-column elementor-col-50 elementor-top-column elementor-element elementor-element-3c44e17\" data-id=\"3c44e17\" data-element_type=\"column\" data-e-type=\"column\">\n\t\t\t<div class=\"elementor-widget-wrap elementor-element-populated\">\n\t\t\t\t\t\t<div class=\"elementor-element elementor-element-f1a68fb elementor-widget elementor-widget-text-editor\" data-id=\"f1a68fb\" data-element_type=\"widget\" data-e-type=\"widget\" data-widget_type=\"text-editor.default\">\n\t\t\t\t<div class=\"elementor-widget-container\">\n\t\t\t\t\t\t\t\t\tFabricamos tecnolog\u00eda innovadora que mejora los procesos de OCT. Con esta gama de equipamiento los \u00f3pticos-optometristas , con solo pulsar un bot\u00f3n, pueden obtener datos sobre las salud ocular de sus pacientes, que se integran a la perfecci\u00f3n en la mayor\u00eda de las historias cl\u00ednicas electr\u00f3nicas.  \t\t\t\t\t\t\t\t<\/div>\n\t\t\t\t<\/div>\n\t\t\t\t<div class=\"elementor-element elementor-element-fc549a1 elementor-widget elementor-widget-button\" data-id=\"fc549a1\" data-element_type=\"widget\" data-e-type=\"widget\" data-widget_type=\"button.default\">\n\t\t\t\t<div class=\"elementor-widget-container\">\n\t\t\t\t\t\t\t\t\t<div class=\"elementor-button-wrapper\">\n\t\t\t\t\t<a class=\"elementor-button elementor-button-link elementor-size-sm\" href=\"https:\/\/www.visionix.com\/all-products\/\">\n\t\t\t\t\t\t<span class=\"elementor-button-content-wrapper\">\n\t\t\t\t\t\t\t\t\t<span class=\"elementor-button-text\">M\u00e1s informaci\u00f3n<\/span>\n\t\t\t\t\t<\/span>\n\t\t\t\t\t<\/a>\n\t\t\t\t<\/div>\n\t\t\t\t\t\t\t\t<\/div>\n\t\t\t\t<\/div>\n\t\t\t\t\t<\/div>\n\t\t<\/div>\n\t\t\t\t\t<\/div>\n\t\t<\/section>\n\t\t\t\t<section class=\"elementor-section elementor-top-section elementor-element elementor-element-3e4bda3 elementor-section-boxed elementor-section-height-default elementor-section-height-default\" data-id=\"3e4bda3\" data-element_type=\"section\" data-e-type=\"section\">\n\t\t\t\t\t\t<div class=\"elementor-container elementor-column-gap-default\">\n\t\t\t\t\t<div class=\"elementor-column elementor-col-50 elementor-top-column elementor-element elementor-element-53d5154\" data-id=\"53d5154\" data-element_type=\"column\" data-e-type=\"column\">\n\t\t\t<div class=\"elementor-widget-wrap elementor-element-populated\">\n\t\t\t\t\t\t<div class=\"elementor-element elementor-element-0f76d25 elementor-widget elementor-widget-text-editor\" data-id=\"0f76d25\" data-element_type=\"widget\" data-e-type=\"widget\" data-widget_type=\"text-editor.default\">\n\t\t\t\t<div class=\"elementor-widget-container\">\n\t\t\t\t\t\t\t\t\tSe pueden realizar m\u00e1s ex\u00e1menes oculares y aumentar el rendimiento de la consulta si se ofrece el programa Wellness a todos los pacientes que acuden para un examen ocular completo.  Este programa proporciona un examen completo incial para evaluar la salud ocular.\t\t\t\t\t\t\t\t<\/div>\n\t\t\t\t<\/div>\n\t\t\t\t<div class=\"elementor-element elementor-element-5aa7e41 elementor-widget elementor-widget-button\" data-id=\"5aa7e41\" data-element_type=\"widget\" data-e-type=\"widget\" data-widget_type=\"button.default\">\n\t\t\t\t<div class=\"elementor-widget-container\">\n\t\t\t\t\t\t\t\t\t<div class=\"elementor-button-wrapper\">\n\t\t\t\t\t<a class=\"elementor-button elementor-button-link elementor-size-sm\" href=\"https:\/\/www.visionix.com\/es\/contact\/\">\n\t\t\t\t\t\t<span class=\"elementor-button-content-wrapper\">\n\t\t\t\t\t\t\t\t\t<span class=\"elementor-button-text\">Conecte con un profesional de la visi\u00f3n<\/span>\n\t\t\t\t\t<\/span>\n\t\t\t\t\t<\/a>\n\t\t\t\t<\/div>\n\t\t\t\t\t\t\t\t<\/div>\n\t\t\t\t<\/div>\n\t\t\t\t\t<\/div>\n\t\t<\/div>\n\t\t\t\t<div class=\"elementor-column elementor-col-50 elementor-top-column elementor-element elementor-element-73be3f1\" data-id=\"73be3f1\" data-element_type=\"column\" data-e-type=\"column\">\n\t\t\t<div class=\"elementor-widget-wrap elementor-element-populated\">\n\t\t\t\t\t\t<div class=\"elementor-element elementor-element-f0c60e8 elementor-widget elementor-widget-image\" data-id=\"f0c60e8\" data-element_type=\"widget\" data-e-type=\"widget\" data-widget_type=\"image.default\">\n\t\t\t\t<div class=\"elementor-widget-container\">\n\t\t\t\t\t\t\t\t\t\t\t\t\t\t\t<img decoding=\"async\" width=\"800\" height=\"495\" src=\"https:\/\/www.visionix.com\/wp-content\/uploads\/2022\/03\/wellness-report.jpg\" class=\"attachment-large size-large wp-image-2278\" alt=\"\" srcset=\"https:\/\/www.visionix.com\/wp-content\/uploads\/2022\/03\/wellness-report.jpg 800w, https:\/\/www.visionix.com\/wp-content\/uploads\/2022\/03\/wellness-report-300x186.jpg 300w, https:\/\/www.visionix.com\/wp-content\/uploads\/2022\/03\/wellness-report-768x475.jpg 768w, https:\/\/www.visionix.com\/wp-content\/uploads\/2022\/03\/wellness-report-600x371.jpg 600w\" sizes=\"(max-width: 800px) 100vw, 800px\" \/>\t\t\t\t\t\t\t\t\t\t\t\t\t\t\t<\/div>\n\t\t\t\t<\/div>\n\t\t\t\t\t<\/div>\n\t\t<\/div>\n\t\t\t\t\t<\/div>\n\t\t<\/section>\n\t\t\t\t<section class=\"elementor-section elementor-top-section elementor-element elementor-element-3b42f60 elementor-section-boxed elementor-section-height-default elementor-section-height-default\" data-id=\"3b42f60\" data-element_type=\"section\" data-e-type=\"section\">\n\t\t\t\t\t\t<div class=\"elementor-container elementor-column-gap-default\">\n\t\t\t\t\t<div class=\"elementor-column elementor-col-50 elementor-top-column elementor-element elementor-element-62762fa\" data-id=\"62762fa\" data-element_type=\"column\" data-e-type=\"column\">\n\t\t\t<div class=\"elementor-widget-wrap elementor-element-populated\">\n\t\t\t\t\t\t<div class=\"elementor-element elementor-element-2610670 elementor-widget elementor-widget-image\" data-id=\"2610670\" data-element_type=\"widget\" data-e-type=\"widget\" data-widget_type=\"image.default\">\n\t\t\t\t<div class=\"elementor-widget-container\">\n\t\t\t\t\t\t\t\t\t\t\t\t\t\t\t<img loading=\"lazy\" decoding=\"async\" width=\"513\" height=\"257\" src=\"https:\/\/www.visionix.com\/wp-content\/uploads\/2022\/03\/angiovue-avanti_back.png\" class=\"attachment-large size-large wp-image-2097\" alt=\"\" srcset=\"https:\/\/www.visionix.com\/wp-content\/uploads\/2022\/03\/angiovue-avanti_back.png 513w, https:\/\/www.visionix.com\/wp-content\/uploads\/2022\/03\/angiovue-avanti_back-300x150.png 300w\" sizes=\"(max-width: 513px) 100vw, 513px\" \/>\t\t\t\t\t\t\t\t\t\t\t\t\t\t\t<\/div>\n\t\t\t\t<\/div>\n\t\t\t\t\t<\/div>\n\t\t<\/div>\n\t\t\t\t<div class=\"elementor-column elementor-col-50 elementor-top-column elementor-element elementor-element-9e6e778\" data-id=\"9e6e778\" data-element_type=\"column\" data-e-type=\"column\">\n\t\t\t<div class=\"elementor-widget-wrap elementor-element-populated\">\n\t\t\t\t\t\t<div class=\"elementor-element elementor-element-f8b40db elementor-widget elementor-widget-text-editor\" data-id=\"f8b40db\" data-element_type=\"widget\" data-e-type=\"widget\" data-widget_type=\"text-editor.default\">\n\t\t\t\t<div class=\"elementor-widget-container\">\n\t\t\t\t\t\t\t\t\tCon la angiograf\u00eda OCT AngioVue se pueden observar las protuberancias y la densidad vascular en los ojos de los pacientes y explorar las capas retinianas detalladamente. \t\t\t\t\t\t\t\t<\/div>\n\t\t\t\t<\/div>\n\t\t\t\t<div class=\"elementor-element elementor-element-84f28cf elementor-widget elementor-widget-button\" data-id=\"84f28cf\" data-element_type=\"widget\" data-e-type=\"widget\" data-widget_type=\"button.default\">\n\t\t\t\t<div class=\"elementor-widget-container\">\n\t\t\t\t\t\t\t\t\t<div class=\"elementor-button-wrapper\">\n\t\t\t\t\t<a class=\"elementor-button elementor-button-link elementor-size-sm\" href=\"https:\/\/www.visionix.com\/es\/contact\/\">\n\t\t\t\t\t\t<span class=\"elementor-button-content-wrapper\">\n\t\t\t\t\t\t\t\t\t<span class=\"elementor-button-text\">Conecte con un profesional de la visi\u00f3n<\/span>\n\t\t\t\t\t<\/span>\n\t\t\t\t\t<\/a>\n\t\t\t\t<\/div>\n\t\t\t\t\t\t\t\t<\/div>\n\t\t\t\t<\/div>\n\t\t\t\t\t<\/div>\n\t\t<\/div>\n\t\t\t\t\t<\/div>\n\t\t<\/section>\n\t\t\t\t<section class=\"elementor-section elementor-top-section elementor-element elementor-element-6657fe8 elementor-section-boxed elementor-section-height-default elementor-section-height-default\" data-id=\"6657fe8\" data-element_type=\"section\" data-e-type=\"section\">\n\t\t\t\t\t\t<div class=\"elementor-container elementor-column-gap-default\">\n\t\t\t\t\t<div class=\"elementor-column elementor-col-50 elementor-top-column elementor-element elementor-element-de65570\" data-id=\"de65570\" data-element_type=\"column\" data-e-type=\"column\">\n\t\t\t<div class=\"elementor-widget-wrap elementor-element-populated\">\n\t\t\t\t\t\t<div class=\"elementor-element elementor-element-b4e33e6 elementor-widget elementor-widget-text-editor\" data-id=\"b4e33e6\" data-element_type=\"widget\" data-e-type=\"widget\" data-widget_type=\"text-editor.default\">\n\t\t\t\t<div class=\"elementor-widget-container\">\n\t\t\t\t\t\t\t\t\tEl AngioVue permite detectar la aparici\u00f3n temprana de diabetes y glaucoma, identificando cambios de forma muy precisa.  \t\t\t\t\t\t\t\t<\/div>\n\t\t\t\t<\/div>\n\t\t\t\t<div class=\"elementor-element elementor-element-56c9afd elementor-widget elementor-widget-button\" data-id=\"56c9afd\" data-element_type=\"widget\" data-e-type=\"widget\" data-widget_type=\"button.default\">\n\t\t\t\t<div class=\"elementor-widget-container\">\n\t\t\t\t\t\t\t\t\t<div class=\"elementor-button-wrapper\">\n\t\t\t\t\t<a class=\"elementor-button elementor-button-link elementor-size-sm\" href=\"https:\/\/www.visionix.com\/es\/contact\/\">\n\t\t\t\t\t\t<span class=\"elementor-button-content-wrapper\">\n\t\t\t\t\t\t\t\t\t<span class=\"elementor-button-text\">Conecte con un profesional de la visi\u00f3n<\/span>\n\t\t\t\t\t<\/span>\n\t\t\t\t\t<\/a>\n\t\t\t\t<\/div>\n\t\t\t\t\t\t\t\t<\/div>\n\t\t\t\t<\/div>\n\t\t\t\t\t<\/div>\n\t\t<\/div>\n\t\t\t\t<div class=\"elementor-column elementor-col-50 elementor-top-column elementor-element elementor-element-6ca9dd3\" data-id=\"6ca9dd3\" data-element_type=\"column\" data-e-type=\"column\">\n\t\t\t<div class=\"elementor-widget-wrap elementor-element-populated\">\n\t\t\t\t\t\t<div class=\"elementor-element elementor-element-eb97eff elementor-widget elementor-widget-image\" data-id=\"eb97eff\" data-element_type=\"widget\" data-e-type=\"widget\" data-widget_type=\"image.default\">\n\t\t\t\t<div class=\"elementor-widget-container\">\n\t\t\t\t\t\t\t\t\t\t\t\t\t\t\t<img loading=\"lazy\" decoding=\"async\" width=\"800\" height=\"542\" src=\"https:\/\/www.visionix.com\/wp-content\/uploads\/2022\/03\/Type-1-CNV-AngioVue-3D-Maftouhi.jpg\" class=\"attachment-large size-large wp-image-6272\" alt=\"\" srcset=\"https:\/\/www.visionix.com\/wp-content\/uploads\/2022\/03\/Type-1-CNV-AngioVue-3D-Maftouhi.jpg 1003w, https:\/\/www.visionix.com\/wp-content\/uploads\/2022\/03\/Type-1-CNV-AngioVue-3D-Maftouhi-300x203.jpg 300w, https:\/\/www.visionix.com\/wp-content\/uploads\/2022\/03\/Type-1-CNV-AngioVue-3D-Maftouhi-768x521.jpg 768w, https:\/\/www.visionix.com\/wp-content\/uploads\/2022\/03\/Type-1-CNV-AngioVue-3D-Maftouhi-600x407.jpg 600w\" sizes=\"(max-width: 800px) 100vw, 800px\" \/>\t\t\t\t\t\t\t\t\t\t\t\t\t\t\t<\/div>\n\t\t\t\t<\/div>\n\t\t\t\t\t<\/div>\n\t\t<\/div>\n\t\t\t\t\t<\/div>\n\t\t<\/section>\n\t\t\t\t<section class=\"elementor-section elementor-top-section elementor-element elementor-element-aba44aa elementor-section-boxed elementor-section-height-default elementor-section-height-default\" data-id=\"aba44aa\" data-element_type=\"section\" data-e-type=\"section\">\n\t\t\t\t\t\t<div class=\"elementor-container elementor-column-gap-default\">\n\t\t\t\t\t<div class=\"elementor-column elementor-col-50 elementor-top-column elementor-element elementor-element-2dfdf9e\" data-id=\"2dfdf9e\" data-element_type=\"column\" data-e-type=\"column\">\n\t\t\t<div class=\"elementor-widget-wrap elementor-element-populated\">\n\t\t\t\t\t\t<div class=\"elementor-element elementor-element-a48332f elementor-widget elementor-widget-image\" data-id=\"a48332f\" data-element_type=\"widget\" data-e-type=\"widget\" data-widget_type=\"image.default\">\n\t\t\t\t<div class=\"elementor-widget-container\">\n\t\t\t\t\t\t\t\t\t\t\t\t\t\t\t<img loading=\"lazy\" decoding=\"async\" width=\"800\" height=\"534\" src=\"https:\/\/www.visionix.com\/wp-content\/uploads\/2022\/05\/pexels-michael-morse-1486641-1024x683.jpg\" class=\"attachment-large size-large wp-image-27688\" alt=\"eye\" srcset=\"https:\/\/www.visionix.com\/wp-content\/uploads\/2022\/05\/pexels-michael-morse-1486641-1024x683.jpg 1024w, https:\/\/www.visionix.com\/wp-content\/uploads\/2022\/05\/pexels-michael-morse-1486641-300x200.jpg 300w, https:\/\/www.visionix.com\/wp-content\/uploads\/2022\/05\/pexels-michael-morse-1486641-768x512.jpg 768w, https:\/\/www.visionix.com\/wp-content\/uploads\/2022\/05\/pexels-michael-morse-1486641-1536x1024.jpg 1536w, https:\/\/www.visionix.com\/wp-content\/uploads\/2022\/05\/pexels-michael-morse-1486641-2048x1365.jpg 2048w, https:\/\/www.visionix.com\/wp-content\/uploads\/2022\/05\/pexels-michael-morse-1486641-600x400.jpg 600w\" sizes=\"(max-width: 800px) 100vw, 800px\" \/>\t\t\t\t\t\t\t\t\t\t\t\t\t\t\t<\/div>\n\t\t\t\t<\/div>\n\t\t\t\t\t<\/div>\n\t\t<\/div>\n\t\t\t\t<div class=\"elementor-column elementor-col-50 elementor-top-column elementor-element elementor-element-46ba286\" data-id=\"46ba286\" data-element_type=\"column\" data-e-type=\"column\">\n\t\t\t<div class=\"elementor-widget-wrap elementor-element-populated\">\n\t\t\t\t\t\t<div class=\"elementor-element elementor-element-bd8a275 elementor-widget elementor-widget-text-editor\" data-id=\"bd8a275\" data-element_type=\"widget\" data-e-type=\"widget\" data-widget_type=\"text-editor.default\">\n\t\t\t\t<div class=\"elementor-widget-container\">\n\t\t\t\t\t\t\t\t\tLa utilizaci\u00f3n de nuestros equipos de adquisici\u00f3n de im\u00e1genes de retina y nervio \u00f3ptico para el diagn\u00f3stico, el tratamiento y la gesti\u00f3n de las enfermedades oculares puede representar un gran aporte para la atenci\u00f3n al paciente.  \t\t\t\t\t\t\t\t<\/div>\n\t\t\t\t<\/div>\n\t\t\t\t<div class=\"elementor-element elementor-element-646ffad elementor-widget elementor-widget-button\" data-id=\"646ffad\" data-element_type=\"widget\" data-e-type=\"widget\" data-widget_type=\"button.default\">\n\t\t\t\t<div class=\"elementor-widget-container\">\n\t\t\t\t\t\t\t\t\t<div class=\"elementor-button-wrapper\">\n\t\t\t\t\t<a class=\"elementor-button elementor-button-link elementor-size-sm\" href=\"https:\/\/www.visionix.com\/es\/contact\/\">\n\t\t\t\t\t\t<span class=\"elementor-button-content-wrapper\">\n\t\t\t\t\t\t\t\t\t<span class=\"elementor-button-text\">Conecte con un profesional de la visi\u00f3n<\/span>\n\t\t\t\t\t<\/span>\n\t\t\t\t\t<\/a>\n\t\t\t\t<\/div>\n\t\t\t\t\t\t\t\t<\/div>\n\t\t\t\t<\/div>\n\t\t\t\t\t<\/div>\n\t\t<\/div>\n\t\t\t\t\t<\/div>\n\t\t<\/section>\n\t\t\t\t<\/div>\n\t\t","protected":false},"excerpt":{"rendered":"<p>\u00d3pticos-optometristas Una pr\u00e1ctica eficiente Nuestras OCT son tan intuitivos que permiten detectar los primeros signos de enfermedades oculares. Fabricamos tecnolog\u00eda innovadora que mejora los procesos de OCT. Con esta gama de equipamiento los \u00f3pticos-optometristas , con solo pulsar un bot\u00f3n, pueden obtener datos sobre las salud ocular de sus pacientes, que se integran a la [&hellip;]<\/p>\n","protected":false},"author":1,"featured_media":0,"parent":28694,"menu_order":0,"comment_status":"closed","ping_status":"closed","template":"","meta":{"_acf_changed":false,"content-type":"","footnotes":""},"class_list":["post-28692","page","type-page","status-publish","hentry"],"acf":[],"_links":{"self":[{"href":"https:\/\/www.visionix.com\/es\/wp-json\/wp\/v2\/pages\/28692","targetHints":{"allow":["GET"]}}],"collection":[{"href":"https:\/\/www.visionix.com\/es\/wp-json\/wp\/v2\/pages"}],"about":[{"href":"https:\/\/www.visionix.com\/es\/wp-json\/wp\/v2\/types\/page"}],"author":[{"embeddable":true,"href":"https:\/\/www.visionix.com\/es\/wp-json\/wp\/v2\/users\/1"}],"replies":[{"embeddable":true,"href":"https:\/\/www.visionix.com\/es\/wp-json\/wp\/v2\/comments?post=28692"}],"version-history":[{"count":5,"href":"https:\/\/www.visionix.com\/es\/wp-json\/wp\/v2\/pages\/28692\/revisions"}],"predecessor-version":[{"id":31622,"href":"https:\/\/www.visionix.com\/es\/wp-json\/wp\/v2\/pages\/28692\/revisions\/31622"}],"up":[{"embeddable":true,"href":"https:\/\/www.visionix.com\/es\/wp-json\/wp\/v2\/pages\/28694"}],"wp:attachment":[{"href":"https:\/\/www.visionix.com\/es\/wp-json\/wp\/v2\/media?parent=28692"}],"curies":[{"name":"wp","href":"https:\/\/api.w.org\/{rel}","templated":true}]}}