{"id":12747,"date":"2022-02-04T13:52:11","date_gmt":"2022-02-04T12:52:11","guid":{"rendered":"https:\/\/www.visionix.com\/politique-de-confidentialite\/"},"modified":"2022-10-21T10:30:43","modified_gmt":"2022-10-21T08:30:43","slug":"politica-de-privacidad","status":"publish","type":"page","link":"https:\/\/www.visionix.com\/es\/politica-de-privacidad\/","title":{"rendered":"Pol\u00edtica de privacidad"},"content":{"rendered":"\t\t<div data-elementor-type=\"wp-page\" data-elementor-id=\"12747\" class=\"elementor elementor-12747 elementor-3\" data-elementor-post-type=\"page\">\n\t\t\t\t\t\t<section class=\"elementor-section elementor-top-section elementor-element elementor-element-7d8b7e8 elementor-section-boxed elementor-section-height-default elementor-section-height-default\" data-id=\"7d8b7e8\" data-element_type=\"section\" data-e-type=\"section\">\n\t\t\t\t\t\t<div class=\"elementor-container elementor-column-gap-default\">\n\t\t\t\t\t<div class=\"elementor-column elementor-col-100 elementor-top-column elementor-element elementor-element-8a8e844\" data-id=\"8a8e844\" data-element_type=\"column\" data-e-type=\"column\">\n\t\t\t<div class=\"elementor-widget-wrap elementor-element-populated\">\n\t\t\t\t\t\t<div class=\"elementor-element elementor-element-13156a0 elementor-widget elementor-widget-heading\" data-id=\"13156a0\" data-element_type=\"widget\" data-e-type=\"widget\" data-widget_type=\"heading.default\">\n\t\t\t\t<div class=\"elementor-widget-container\">\n\t\t\t\t\t<h1 class=\"elementor-heading-title elementor-size-default\">Aviso legal<\/h1>\t\t\t\t<\/div>\n\t\t\t\t<\/div>\n\t\t\t\t\t<\/div>\n\t\t<\/div>\n\t\t\t\t\t<\/div>\n\t\t<\/section>\n\t\t\t\t<section class=\"elementor-section elementor-top-section elementor-element elementor-element-19d60fb7 elementor-section-boxed elementor-section-height-default elementor-section-height-default\" data-id=\"19d60fb7\" data-element_type=\"section\" data-e-type=\"section\">\n\t\t\t\t\t\t<div class=\"elementor-container elementor-column-gap-default\">\n\t\t\t\t\t<div class=\"elementor-column elementor-col-100 elementor-top-column elementor-element elementor-element-40e08dae\" data-id=\"40e08dae\" data-element_type=\"column\" data-e-type=\"column\">\n\t\t\t<div class=\"elementor-widget-wrap elementor-element-populated\">\n\t\t\t\t\t\t<div class=\"elementor-element elementor-element-47e9ca2b elementor-widget elementor-widget-text-editor\" data-id=\"47e9ca2b\" data-element_type=\"widget\" data-e-type=\"widget\" data-widget_type=\"text-editor.default\">\n\t\t\t\t<div class=\"elementor-widget-container\">\n\t\t\t\t\t\t\t\t\t<p><strong>Cr\u00e9ditos<\/strong><\/p><p>Dise\u00f1o y desarrollo gr\u00e1fico : <a href=\"https:\/\/www.lepavillonrouge.com\/\" target=\"_blank\" rel=\"noopener\">Agencia digital Le Pavillon Rouge &#8211; lepavillonrouge.com<\/a><br \/>Dise\u00f1o: <a href=\"https:\/\/www.jubyl.com\/\" target=\"_blank\" rel=\"noopener\">jubyl.com<\/a><br \/>Fotos: Fotolia, Pixabay, Eric Bienvenu, David Morganti<\/p><p><strong>1 \u2013 Informaci\u00f3n administrativa<\/strong><\/p><p><strong>Denominaci\u00f3n social<br \/><\/strong><em>Responsable: VISIONIX ESPA\u00d1A, S.A..<\/em>\u00a0<em>\u2013 NIF: A62666300 Dir. Postal: CARRER DE COROMINAS, 7 4\u00ba PLANTA, 08902, HOSPITALET DE LLOBREGAT, BARCELONA\u00a0\u00a0\u00a0<\/em><\/p><p><strong>Responsable de la publicaci\u00f3n y responsable editorial<br \/><\/strong>Diana Bravo<br \/>Correo electr\u00f3nico:\u00a0<a href=\"mailto:d.bravo@visionix.com\">d.bravo@visionix.com<br \/><\/a><em>No dude en escribirnos para cualquier sugerencia, informaci\u00f3n o comentario en relaci\u00f3n con este sitio web.<\/em><\/p><p><strong>Desarrollo<br \/><\/strong>Regoin.com<br \/>Denis Regoin \u2013\u00a0Dise\u00f1o Gr\u00e1fico IMPRESI\u00d3N \u2022 WEB \u2022 V\u00cdDEO \u2013 \u00a0<a href=\"http:\/\/regoin.com\/\" target=\"_blank\" rel=\"noopener\">regoin.com<\/a><\/p><p><strong>Alojamiento web<br \/><\/strong>1&amp;1 IONOS<br \/>Si\u00e8ge social : 7 PL DE LA GARE \u2013 57200 SARREGUEMINES \u2013 0970808911<\/p><p><strong>2 \u2013 Tratamiento de datos personales<\/strong><\/p><p><em>\u201cEn nombre de la empresa tratamos la informaci\u00f3n que nos facilita con el fin de enviarle publicidad relacionada con nuestros productos y servicios por cualquier medio (Postal, email o tel\u00e9fono) e invitarle a eventos organizados por la empresa. Los datos proporcionados se conservar\u00e1n mientras no solicite el cese de la actividad. Los datos no se ceder\u00e1n a terceros salvo en los casos en que exista una obligaci\u00f3n legal. Usted tiene derecho a obtener confirmaci\u00f3n sobre si en VISIONIX ESPA\u00d1A, S.A.. estamos tratando sus datos personales por tanto tiene derecho a acceder a sus datos personales, rectificar los datos inexacto o solicitar su supresi\u00f3n cuando los datos ya no sean necesarios para los fines que fueron recogidos\u201d<\/em><\/p><p><strong>3- Derechos de autor<\/strong><\/p><p>Todos los elementos de este sitio web (en especial, los textos, elementos gr\u00e1ficos, logotipos, sonidos, fotograf\u00edas y animaciones) son propiedad de VISIONIX ESPA\u00d1A, S.A., salvo los elementos pertenecientes a socios de VISIONIX ESPA\u00d1A, S.A..<br \/>Los elementos pertenecientes a VISIONIX ESPA\u00d1A, S.A. y, a fortiori, su elaboraci\u00f3n y el c\u00f3digo resultante de ellos son propiedad exclusiva de <em>VISIONIX ESPA\u00d1A, S.A<\/em>.<br \/>El conjunto de este sitio web est\u00e1 sujeto a la legislaci\u00f3n fracesa e internacional en materia de derechos de autor y propiedad intelectual. Queda prohibida cualquier representaci\u00f3n, reproducci\u00f3n, modificaci\u00f3n, utilizaci\u00f3n comercial y transferencia a otro sitio web, salvo autorizaci\u00f3n expresa, que deber\u00e1 solicitarse por correo postal a la direcci\u00f3n indicada m\u00e1s arriba. Se autoriza exclusivamente un uso para fines estrictamente personales.<br \/>Las marcas \u00abVisionix\u00bb, \u00abBiot\u00bb, \u00abWeco\u00bb, \u00ab\u00a0Optovue\u00a0\u00bb,\u00a0 son marcas comerciales registradas. Por lo tanto, cualquier persona que use la totalidad o parte de la marca sin autorizaci\u00f3n incurrir\u00e1 en las sanciones establecidas por el C\u00f3digo de Propiedad Intelectual franc\u00e9s (Code de la propri\u00e9t\u00e9 intellectuelle)<\/p><p><strong>4 \u2013\u00a0Cr\u00e9ditos<\/strong><\/p><p>Eric Bienvenu, fotograf\u00eda<br \/>Kosept, dise\u00f1o gr\u00e1fico<br \/>Free Lance, dise\u00f1o gr\u00e1fico.\u00a0<a href=\"http:\/\/www.audelaurent-freelance.com\/\" target=\"_blank\" rel=\"noopener\">www.audelaurent-freelance.com<br \/><\/a>Regoin.com, Denis Regoin WebDesign<br \/>Quentin Salley, v\u00eddeos<br \/>Extreme Design,\u00a0<a href=\"http:\/\/www.extreme.fr\/\" target=\"_blank\" rel=\"noopener\">v\u00eddeoswww.extreme.fr<br \/><\/a>Cr\u00e9ditos de las fotograf\u00edas: Fotolia, Pixabay.<\/p><h1>Pol\u00edtica de privacidad y aviso legal Web<\/h1><p><em><strong>PROTECCI\u00d3N DE DATOS VISIONIX ESPA\u00d1A, S.A&#8230;<\/strong><\/em><\/p><p><em>\u00a0<\/em><em>La empresa garantiza a los usuarios de la p\u00e1gina web que cumple con el Reglamento General de Protecci\u00f3n de Datos (UE) 2016\/679, y que ha establecido las medidas de seguridad exigidas por las leyes y reglamentos destinados a preservar el secreto, confidencialidad e integridad en el tratamiento de sus datos personales.<\/em><\/p><p><em>\u00a0Dichos datos personales ser\u00e1n utilizados en la forma y con las limitaciones y derechos que concede la protecci\u00f3n de datos de car\u00e1cter personal.<\/em><\/p><p><em>\u00a0La recogida y tratamiento de los datos personales solicitados tiene como finalidad la atenci\u00f3n al usuario, tanto administrativa como comercial. VISIONIX ESPA\u00d1A, S.A.. se compromete a guardar la m\u00e1xima reserva, secreto y confidencialidad sobre la informaci\u00f3n de los datos personales que tiene a su disposici\u00f3n. Usted tiene derecho a obtener confirmaci\u00f3n sobre si en VISIONIX ESPA\u00d1A, S.A&#8230; estamos tratando sus datos personales por tanto tiene derecho a acceder a sus datos personales, rectificar los datos inexacto o solicitar su supresi\u00f3n cuando los datos ya no sean necesarios para los fines que fueron recogidos.<\/em><\/p><p><em>\u00a0<strong>AVISO LEGAL LSSI \u2013 CE\u00a0<\/strong>\u00a0<\/em><\/p><p><em>\u00a0En cumplimiento de la Ley 34\/2002, de 11 de julio, de Servicios de la Sociedad de la Informaci\u00f3n y de Comercio Electr\u00f3nico (LSSI-CE), la entidad VISIONIX ESPA\u00d1A, S.A.. le informa que es titular del sitio web. De acuerdo con la exigencia del art\u00edculo 10 de la citada Ley, informa de los siguientes datos:<\/em><\/p><p><em>\u00a0El titular de este sitio web es: VISIONIX ESPA\u00d1A, S.A..<\/em><\/p><p><em>NIF: A62666300<\/em><\/p><p><em>Domicilio social: CARRER DE COROMINAS, 7 4\u00ba PLANTA, 08902, HOSPITALET DE LLOBREGAT, BARCELONA\u00a0\u00a0\u00a0<\/em><\/p><p><em><strong>USUARIOS<\/strong><\/em><\/p><p><em>El acceso y\/o uso de este portal le atribuye la condici\u00f3n de USUARIO, que acepta, desde dicho acceso y\/o uso, las Condiciones Generales de Uso aqu\u00ed reflejadas. Las citadas Condiciones ser\u00e1n de aplicaci\u00f3n independientemente de las Condiciones Generales de Contrataci\u00f3n que en su caso resulten de obligado cumplimiento.<\/em><\/p><p><em><strong>USO DEL PORTAL<\/strong><\/em><\/p><p><em>La p\u00e1gina web proporciona el acceso a multitud de informaciones, servicios, programas o datos (en adelante, \u201clos contenidos\u201d) en Internet pertenecientes a VISIONIX ESPA\u00d1A, S.A.. o a sus licenciantes a los que el USUARIO pueda tener acceso. El USUARIO asume la responsabilidad del uso del portal. Dicha responsabilidad se extiende al registro que fuese necesario para acceder a determinados servicios o contenidos.<\/em><\/p><p><em>En dicho registro el USUARIO ser\u00e1 responsable de aportar informaci\u00f3n veraz y l\u00edcita. Como consecuencia de este registro, al USUARIO se le puede proporcionar una contrase\u00f1a de la que ser\u00e1 responsable, comprometi\u00e9ndose a hacer un uso diligente y confidencial de la misma. El USUARIO se compromete a hacer un uso adecuado de los contenidos y servicios que VISIONIX ESPA\u00d1A, S.A.. ofrece a trav\u00e9s de su portal y con car\u00e1cter enunciativo pero no limitativo, a no emplearlos para:<\/em><\/p><ul><li><em>incurrir en actividades il\u00edcitas, ilegales o contrarias a la buena fe y al orden p\u00fablico<\/em><\/li><li><em>difundir contenidos o propaganda de car\u00e1cter racista, xen\u00f3fobo, pornogr\u00e1fico-ilegal, de apolog\u00eda del terrorismo o atentatorio contra los derechos humanos<\/em><\/li><li><em>provocar da\u00f1os en los sistemas f\u00edsicos y l\u00f3gicos de VISIONIX ESPA\u00d1A, S.A.., de sus proveedores o de terceras personas, introducir o difundir en la red virus inform\u00e1ticos o cualesquiera otros sistemas f\u00edsicos o l\u00f3gicos que sean susceptibles de provocar los da\u00f1os anteriormente mencionados;<\/em><\/li><li><em>intentar acceder y, en su caso, utilizar las cuentas de correo electr\u00f3nico de otros usuarios y modificar manipular sus mensajes. VISIONIX ESPA\u00d1A, S.A.. se reserva el derecho de retirar todos aquellos comentarios y aportaciones que vulneren el respeto a la dignidad de la persona, que sean discriminatorios, xen\u00f3fobos, racistas, pornogr\u00e1ficos, que atenten contra la juventud o la infancia, el orden o la seguridad p\u00fablica o que, a su juicio, no resultaran adecuados para su publicaci\u00f3n. En cualquier caso, VISIONIX ESPA\u00d1A, S.A.. no ser\u00e1 responsable de las opiniones vertidas por los usuarios a trav\u00e9s de los foros, chats, u otras herramientas de participaci\u00f3n.<\/em><\/li><\/ul><p><em><strong><br \/>PROPIEDAD INTELECTUAL E INDUSTRIAL<\/strong><\/em><\/p><p><em>VISIONIX ESPA\u00d1A, S.A.. <\/em><em>ser\u00e1 titular de todos los derechos de propiedad intelectual e industrial de su p\u00e1gina web, as\u00ed como de los elementos contenidos en la misma (a t\u00edtulo enunciativo, im\u00e1genes, sonido, audio, v\u00eddeo, software o textos; marcas o logotipos, combinaciones de colores, estructura y dise\u00f1o, selecci\u00f3n de materiales usados, programas de ordenador necesarios para su funcionamiento, acceso y uso, etc.)..<\/em><\/p><p><em>Todos los derechos reservados. En virtud de lo dispuesto en los art\u00edculos 8 y 32.1, p\u00e1rrafo segundo, de la Ley de Propiedad Intelectual, quedan expresamente prohibidas la reproducci\u00f3n, la distribuci\u00f3n y la comunicaci\u00f3n p\u00fablica, incluida su modalidad de puesta a disposici\u00f3n, de la totalidad o parte de los contenidos de esta p\u00e1gina web, con fines comerciales, en cualquier soporte y por cualquier medio t\u00e9cnico, sin la autorizaci\u00f3n de VISIONIX ESPA\u00d1A, S.A&#8230; El USUARIO se compromete a respetar los derechos de Propiedad Intelectual e Industrial titularidad de VISIONIX ESPA\u00d1A, S.A&#8230; Podr\u00e1 visualizar los elementos del portal e incluso imprimirlos, copiarlos y almacenarlos en el disco duro de su ordenador o en cualquier otro soporte f\u00edsico siempre y cuando sea, \u00fanica y exclusivamente, para su uso personal y privado. El USUARIO deber\u00e1 abstenerse de suprimir, alterar, eludir o manipular cualquier dispositivo de protecci\u00f3n o sistema de seguridad que estuviera instalado en el las p\u00e1ginas de VISIONIX ESPA\u00d1A, S.A&#8230;<\/em><\/p><p><em><strong>EXCLUSI\u00d3N DE GARANT\u00cdAS Y RESPONSABILIDAD<\/strong><\/em><\/p><p><em>VISIONIX ESPA\u00d1A, S.A.. no se hace responsable, en ning\u00fan caso, de los da\u00f1os y perjuicios de cualquier naturaleza que pudieran ocasionar, a t\u00edtulo enunciativo: errores u omisiones en los contenidos, falta de disponibilidad del portal o la transmisi\u00f3n de virus o programas maliciosos o lesivos en los contenidos, a pesar de haber adoptado todas las medidas tecnol\u00f3gicas necesarias para evitarlo.<\/em><\/p><p><em><strong>MODIFICACIONES<\/strong><\/em><\/p><p><em>VISIONIX ESPA\u00d1A, S.A.. se reserva el derecho de efectuar sin previo aviso las modificaciones que considere oportunas en su portal, pudiendo cambiar, suprimir o a\u00f1adir tanto los contenidos y servicios que se presten a trav\u00e9s de la misma como la forma en la que \u00e9stos aparezcan presentados o localizados en su portal.<\/em><\/p><p><em><strong>ENLACES<\/strong><\/em><\/p><p><em>En el caso de que en la p\u00e1gina web se dispusiesen enlaces o hiperv\u00ednculos hac\u00eda otros sitios de Internet, VISIONIX ESPA\u00d1A, S.A.. no ejercer\u00e1 ning\u00fan tipo de control sobre dichos sitios y contenidos. En ning\u00fan caso VISIONIX ESPA\u00d1A, S.A.. asumir\u00e1 responsabilidad alguna por los contenidos de alg\u00fan enlace perteneciente a un sitio web ajeno, ni garantizar\u00e1 la disponibilidad t\u00e9cnica, calidad, fiabilidad, exactitud, amplitud, veracidad, validez y constitucionalidad de cualquier material o informaci\u00f3n contenida en ninguno de dichos hiperv\u00ednculos u otros sitios de Internet.<\/em><\/p><p><em>Igualmente, la inclusi\u00f3n de estas conexiones externas no implicar\u00e1 ning\u00fan tipo de asociaci\u00f3n, fusi\u00f3n o participaci\u00f3n con las entidades conectadas.<\/em><\/p><p><em><strong>DERECHO DE EXCLUSI\u00d3N<\/strong><\/em><\/p><p><em>VISIONIX ESPA\u00d1A, S.A..<\/em>\u00a0<em>se reserva el derecho a denegar o retirar el acceso a portal y\/o los servicios ofrecidos sin necesidad de preaviso, a instancia propia o de un tercero, a aquellos usuarios que incumplan las presentes Condiciones Generales de Uso.<\/em><\/p><p><em><strong>GENERALIDADES<\/strong><\/em><\/p><p><em>VISIONIX ESPA\u00d1A, S.A.. perseguir\u00e1 el incumplimiento de las presentes condiciones, as\u00ed como cualquier utilizaci\u00f3n indebida de su portal ejerciendo todas las acciones civiles y penales que le puedan corresponder en derecho.<\/em><\/p><p><em><strong>MODIFICACI\u00d3N DE LAS PRESENTES CONDICIONES Y DURACI\u00d3N<\/strong><\/em><\/p><p><em>VISIONIX ESPA\u00d1A, S.A..<\/em>\u00a0<em>podr\u00e1 modificar en cualquier momento las condiciones aqu\u00ed determinadas, siendo debidamente publicadas como aqu\u00ed aparecen.<\/em><\/p><p><em>La vigencia de las citadas condiciones ir\u00e1 en funci\u00f3n de su exposici\u00f3n y estar\u00e1n vigentes hasta debidamente publicadas. que sean modificadas por otras.<\/em><\/p><p><em><strong>LEGISLACI\u00d3N APLICABLE Y JURISDICCI\u00d3N<\/strong><\/em><\/p><p><em>La relaci\u00f3n entre VISIONIX ESPA\u00d1A, S.A.. y el USUARIO se regir\u00e1 por la normativa espa\u00f1ola vigente y cualquier controversia se someter\u00e1 a los Juzgados y tribunales de la ciudad anteriormente indicada.<\/em><\/p><p><strong>POL\u00cdTICA DE COOKIES<\/strong><\/p><p>En cuanto a la pol\u00edtica de cookies de la web, en caso de que la p\u00e1gina web disponga de ellas y \u00e9stas no sean inherentes al funcionamiento de la WEB o como as\u00ed refiere el mencionado apartado 2 del art\u00edculo 22\u00a0<strong>LSSI<\/strong>\u00a0<em>\u201cal solo fin de efectuar la transmisi\u00f3n de una comunicaci\u00f3n por una red de comunicaciones electr\u00f3nica\u201d:<\/em><\/p><p><em>Una cookie es un archivo de informaci\u00f3n que el servidor de este sitio web env\u00eda al dispositivo (ordenador,\u00a0smartphone, tablet,\u00a0etc.) de quien accede a la p\u00e1gina para almacenar y recuperar informaci\u00f3n sobre la navegaci\u00f3n que se efect\u00faa desde dicho equipo.<\/em><\/p><p><em>VISIONIX ESPA\u00d1A, S.A..<\/em>\u00a0<em>utiliza diversos tipos de\u00a0cookies<\/em>\u00a0<em>(t\u00e9cnicas, anal\u00edticas y sociales) \u00fanicamente con la finalidad de mejorar la navegaci\u00f3n del usuario en el sitio web, sin ning\u00fan tipo de objeto publicitario o similar.<\/em><\/p><p><em>VISIONIX ESPA\u00d1A, S.A..<\/em>,\u00a0<em>a trav\u00e9s de las\u00a0cookies\u00a0no recoge dato personal alguno. Todas las\u00a0cookies, salvo las utilizadas por el sistema de estad\u00edsticas Google Analytics son temporales y desaparecen al concluir la sesi\u00f3n.<\/em><\/p><p><em>VISIONIX ESPA\u00d1A, S.A..<\/em>\u00a0<em>utiliza en este sitio web las\u00a0cookies<\/em>\u00a0<em>que se detallan a continuaci\u00f3n:<\/em><\/p><table width=\"1170\"><tbody><tr><td width=\"144\"><h4>Tipo<\/h4><\/td><td width=\"144\"><h4>Caducidad<\/h4><\/td><td width=\"144\"><h4>Finalidad<\/h4><\/td><td width=\"146\"><h4>Propias\/Terceros<\/h4><\/td><\/tr><tr><td width=\"144\">\u00a0<\/td><td width=\"144\">\u00a0<\/td><td width=\"144\">\u00a0<\/td><td width=\"146\">\u00a0<\/td><\/tr><tr><td width=\"144\">\u00a0<\/td><td width=\"144\">\u00a0<\/td><td width=\"144\">\u00a0<\/td><td width=\"146\">\u00a0<\/td><\/tr><\/tbody><\/table><p><em>El usuario podr\u00e1, en cualquier momento, elegir qu\u00e9 cookies quiere que funcionen en este sitio web mediante:<\/em><\/p><ol><li><em>a) La configuraci\u00f3n del\u00a0<\/em><strong><em>navegador<\/em><\/strong><em>; (indicar enlace en cada navegador para habilitar o deshabilitar cookies)<\/em><\/li><li><em>b) Herramientas de terceros, disponibles on line, que permiten a los usuarios detectar las\u00a0cookies\u00a0en cada sitio web que visita y gestionar su desactivaci\u00f3n.<\/em><\/li><\/ol><p><em>Ni esta web, ni sus representantes legales se hacen responsables ni del contenido ni de la veracidad de las pol\u00edticas de privacidad que puedan tener los terceros mencionados en esta pol\u00edtica de\u00a0cookies.<\/em><\/p><p><em>La aceptaci\u00f3n de la presente pol\u00edtica implica que el usuario ha sido informado de una forma clara y completa sobre el uso de dispositivos de almacenamiento y recuperaci\u00f3n de datos (cookies) as\u00ed como que VISIONIX ESPA\u00d1A, S.A.. dispone del consentimiento del usuario para el uso de las mismas tal y como establece el art\u00edculo 22 de la Ley 34\/2002, de 11 de julio, de Servicios de la Sociedad de la Informaci\u00f3n y Comercio Electr\u00f3nico (LSSI-CE).<\/em><\/p>\t\t\t\t\t\t\t\t<\/div>\n\t\t\t\t<\/div>\n\t\t\t\t\t<\/div>\n\t\t<\/div>\n\t\t\t\t\t<\/div>\n\t\t<\/section>\n\t\t\t\t<\/div>\n\t\t","protected":false},"excerpt":{"rendered":"<p>Aviso legal Cr\u00e9ditos Dise\u00f1o y desarrollo gr\u00e1fico : Agencia digital Le Pavillon Rouge &#8211; lepavillonrouge.com Dise\u00f1o: jubyl.com Fotos: Fotolia, Pixabay, Eric Bienvenu, David Morganti 1 \u2013 Informaci\u00f3n administrativa Denominaci\u00f3n social Responsable: VISIONIX ESPA\u00d1A, S.A..\u00a0\u2013 NIF: A62666300 Dir. Postal: CARRER DE COROMINAS, 7 4\u00ba PLANTA, 08902, HOSPITALET DE LLOBREGAT, BARCELONA\u00a0\u00a0\u00a0 Responsable de la publicaci\u00f3n y responsable [&hellip;]<\/p>\n","protected":false},"author":1,"featured_media":0,"parent":0,"menu_order":0,"comment_status":"closed","ping_status":"closed","template":"","meta":{"_acf_changed":false,"content-type":"","footnotes":""},"class_list":["post-12747","page","type-page","status-publish","hentry"],"acf":[],"_links":{"self":[{"href":"https:\/\/www.visionix.com\/es\/wp-json\/wp\/v2\/pages\/12747","targetHints":{"allow":["GET"]}}],"collection":[{"href":"https:\/\/www.visionix.com\/es\/wp-json\/wp\/v2\/pages"}],"about":[{"href":"https:\/\/www.visionix.com\/es\/wp-json\/wp\/v2\/types\/page"}],"author":[{"embeddable":true,"href":"https:\/\/www.visionix.com\/es\/wp-json\/wp\/v2\/users\/1"}],"replies":[{"embeddable":true,"href":"https:\/\/www.visionix.com\/es\/wp-json\/wp\/v2\/comments?post=12747"}],"version-history":[{"count":17,"href":"https:\/\/www.visionix.com\/es\/wp-json\/wp\/v2\/pages\/12747\/revisions"}],"predecessor-version":[{"id":34211,"href":"https:\/\/www.visionix.com\/es\/wp-json\/wp\/v2\/pages\/12747\/revisions\/34211"}],"wp:attachment":[{"href":"https:\/\/www.visionix.com\/es\/wp-json\/wp\/v2\/media?parent=12747"}],"curies":[{"name":"wp","href":"https:\/\/api.w.org\/{rel}","templated":true}]}}