{"id":77446,"date":"2026-01-08T14:12:21","date_gmt":"2026-01-08T13:12:21","guid":{"rendered":"https:\/\/www.visionix.com\/product\/visionix-vx-625\/"},"modified":"2026-01-22T11:27:37","modified_gmt":"2026-01-22T10:27:37","slug":"visionix-vx-625","status":"publish","type":"product","link":"https:\/\/www.visionix.com\/de\/product\/visionix-vx-625\/","title":{"rendered":"Visionix VX 625"},"content":{"rendered":"<p>Das Ger\u00e4t liefert ein hochwertiges 176-Grad-Bild in einer einzigen Aufnahme. Der auf Einfachheit ausgelegte VX 625 bietet automatische Ausrichtung, Autofokus und automatische Erfassung \u2013 was eine effiziente Bildakquisition und minimalen Schulungsaufwand f\u00fcr den Anwender erm\u00f6glicht. \u00dcber die Montagefunktion ist ein Sichtfeld von 220 bis 260 Grad verf\u00fcgbar.<\/p>\n","protected":false},"excerpt":{"rendered":"<p>Das Ger\u00e4t liefert ein hochwertiges 176-Grad-Bild in einer einzigen Aufnahme. Der auf Einfachheit ausgelegte VX 625 bietet automatische Ausrichtung, Autofokus und automatische Erfassung \u2013 was eine effiziente Bildakquisition und minimalen Schulungsaufwand f\u00fcr den Anwender erm\u00f6glicht. \u00dcber die Montagefunktion ist ein Sichtfeld von 220 bis 260 Grad verf\u00fcgbar.<\/p>\n","protected":false},"featured_media":74387,"template":"","meta":{"_acf_changed":false,"content-type":"","footnotes":""},"pwb-brand":[510],"product_brand":[],"product_cat":[259,165],"product_tag":[],"class_list":{"0":"post-77446","1":"product","2":"type-product","3":"status-publish","4":"has-post-thumbnail","6":"pwb-brand-visionix-de","7":"product_cat-new-products-de","8":"product_cat-ophthalmologie-instrumente","10":"first","11":"instock","12":"product-type-simple"},"acf":[],"brands":[{"id":510,"name":"Visionix","slug":"visionix-de"}],"_links":{"self":[{"href":"https:\/\/www.visionix.com\/de\/wp-json\/wp\/v2\/product\/77446","targetHints":{"allow":["GET"]}}],"collection":[{"href":"https:\/\/www.visionix.com\/de\/wp-json\/wp\/v2\/product"}],"about":[{"href":"https:\/\/www.visionix.com\/de\/wp-json\/wp\/v2\/types\/product"}],"version-history":[{"count":2,"href":"https:\/\/www.visionix.com\/de\/wp-json\/wp\/v2\/product\/77446\/revisions"}],"predecessor-version":[{"id":77505,"href":"https:\/\/www.visionix.com\/de\/wp-json\/wp\/v2\/product\/77446\/revisions\/77505"}],"wp:featuredmedia":[{"embeddable":true,"href":"https:\/\/www.visionix.com\/de\/wp-json\/wp\/v2\/media\/74387"}],"wp:attachment":[{"href":"https:\/\/www.visionix.com\/de\/wp-json\/wp\/v2\/media?parent=77446"}],"wp:term":[{"taxonomy":"pwb-brand","embeddable":true,"href":"https:\/\/www.visionix.com\/de\/wp-json\/wp\/v2\/pwb-brand?post=77446"},{"taxonomy":"product_brand","embeddable":true,"href":"https:\/\/www.visionix.com\/de\/wp-json\/wp\/v2\/product_brand?post=77446"},{"taxonomy":"product_cat","embeddable":true,"href":"https:\/\/www.visionix.com\/de\/wp-json\/wp\/v2\/product_cat?post=77446"},{"taxonomy":"product_tag","embeddable":true,"href":"https:\/\/www.visionix.com\/de\/wp-json\/wp\/v2\/product_tag?post=77446"}],"curies":[{"name":"wp","href":"https:\/\/api.w.org\/{rel}","templated":true}]}}