{"id":74088,"date":"2024-10-11T15:38:44","date_gmt":"2024-10-11T13:38:44","guid":{"rendered":"https:\/\/www.visionix.com\/product\/vx-210-2\/"},"modified":"2025-09-04T16:03:15","modified_gmt":"2025-09-04T14:03:15","slug":"vx-210-2","status":"publish","type":"product","link":"https:\/\/www.visionix.com\/de\/product\/vx-210-2\/","title":{"rendered":"VX 210"},"content":{"rendered":"<p>Das VX210 kombiniert optische Reflexionstopographie mit einer Placido-Scheibe und Scheimpflug-Tomographie des vorderen Augenabschnitts. Das Ger\u00e4t liefert Pachymetrie-, H\u00f6hen-, Kr\u00fcmmungs- und dioptrische Leistungsdaten f\u00fcr beide Hornhautfl\u00e4chen \u00fcber einen Durchmesser von 12 mm.<br data-start=\"1540\" data-end=\"1543\" \/>Alle biometrischen Messungen der vorderen Augenkammer werden unter Verwendung von bis zu 100 hochaufl\u00f6senden Hornhautabschnitten berechnet. Die bemerkenswerte Messgeschwindigkeit reduziert Bewegungsartefakte und gew\u00e4hrleistet hochpr\u00e4zise Messungen.<\/p>\n","protected":false},"excerpt":{"rendered":"<p>Das VX210 kombiniert optische Reflexionstopographie mit einer Placido-Scheibe und Scheimpflug-Tomographie des vorderen Augenabschnitts. Das Ger\u00e4t liefert Pachymetrie-, H\u00f6hen-, Kr\u00fcmmungs- und dioptrische Leistungsdaten f\u00fcr beide Hornhautfl\u00e4chen \u00fcber einen Durchmesser von 12 mm. Alle biometrischen Messungen der vorderen Augenkammer werden unter Verwendung von bis zu 100 hochaufl\u00f6senden Hornhautabschnitten berechnet. Die bemerkenswerte Messgeschwindigkeit reduziert Bewegungsartefakte und gew\u00e4hrleistet hochpr\u00e4zise Messungen.<\/p>\n","protected":false},"featured_media":54536,"template":"","meta":{"_acf_changed":false,"content-type":"","footnotes":""},"pwb-brand":[],"product_brand":[],"product_cat":[165],"product_tag":[],"class_list":{"0":"post-74088","1":"product","2":"type-product","3":"status-publish","4":"has-post-thumbnail","6":"product_cat-ophthalmologie-instrumente","8":"first","9":"instock","10":"shipping-taxable","11":"product-type-simple"},"acf":[],"brands":[],"_links":{"self":[{"href":"https:\/\/www.visionix.com\/de\/wp-json\/wp\/v2\/product\/74088","targetHints":{"allow":["GET"]}}],"collection":[{"href":"https:\/\/www.visionix.com\/de\/wp-json\/wp\/v2\/product"}],"about":[{"href":"https:\/\/www.visionix.com\/de\/wp-json\/wp\/v2\/types\/product"}],"version-history":[{"count":2,"href":"https:\/\/www.visionix.com\/de\/wp-json\/wp\/v2\/product\/74088\/revisions"}],"predecessor-version":[{"id":74109,"href":"https:\/\/www.visionix.com\/de\/wp-json\/wp\/v2\/product\/74088\/revisions\/74109"}],"wp:featuredmedia":[{"embeddable":true,"href":"https:\/\/www.visionix.com\/de\/wp-json\/wp\/v2\/media\/54536"}],"wp:attachment":[{"href":"https:\/\/www.visionix.com\/de\/wp-json\/wp\/v2\/media?parent=74088"}],"wp:term":[{"taxonomy":"pwb-brand","embeddable":true,"href":"https:\/\/www.visionix.com\/de\/wp-json\/wp\/v2\/pwb-brand?post=74088"},{"taxonomy":"product_brand","embeddable":true,"href":"https:\/\/www.visionix.com\/de\/wp-json\/wp\/v2\/product_brand?post=74088"},{"taxonomy":"product_cat","embeddable":true,"href":"https:\/\/www.visionix.com\/de\/wp-json\/wp\/v2\/product_cat?post=74088"},{"taxonomy":"product_tag","embeddable":true,"href":"https:\/\/www.visionix.com\/de\/wp-json\/wp\/v2\/product_tag?post=74088"}],"curies":[{"name":"wp","href":"https:\/\/api.w.org\/{rel}","templated":true}]}}