{"id":7331,"date":"2022-03-07T14:34:09","date_gmt":"2022-03-07T13:34:09","guid":{"rendered":"https:\/\/www.visionix.com\/produit\/weco-7\/"},"modified":"2024-01-29T13:25:47","modified_gmt":"2024-01-29T12:25:47","slug":"werkstatt-weco-7","status":"publish","type":"product","link":"https:\/\/www.visionix.com\/de\/product\/werkstatt-weco-7\/","title":{"rendered":"Weco E7"},"content":{"rendered":"<p>Dank der 3D-Darstellung k\u00f6nnen Sie die Arbeitsergebnisse mit absoluter Pr\u00e4zision in der Vorschau pr\u00fcfen, um eine perfekte \u00dcbereinstimmung zwischen Brillenglas und Brillenfassung zu erzielen, selbst bei sehr komplexen Fassungen. Genie\u00dfen Sie un\u00fcbertroffene Genauigkeit mit dem einzigen Tracer, der in der Lage ist, die gesamten Merkmale einer Fassung zu modellieren. Mit der neuesten TrueFit-Software erhalten Sie eine optimale Glaszentrierung und behalten die volle Kontrolle \u00fcber den Schleifprozess, w\u00e4hrend Sie wertvolle Zeit sparen.<\/p>\n","protected":false},"excerpt":{"rendered":"<p><strong>Das Beste aus WECO-Hardware und -Software<\/strong><\/p>\n<p>Dank 3D, Vorschau der Ergebnisse mit absoluter Pr\u00e4zision f\u00fcr eine perfekte \u00dcbereinstimmung zwischen Glas und Fassung, selbst bei den komplexesten Fassungen. Genie\u00dfen Sie un\u00fcbertroffene Erstanpassungsraten mit dem einzigen Tracer, der in der Lage ist, die gesamten Merkmale der Fassung zu modellieren. Mit der neuesten TrueFit-Software erhalten Sie eine optimale Glaszentrierung und behalten die volle Kontrolle \u00fcber den Schleifprozess, w\u00e4hrend Sie wertvolle Zeit sparen.<\/p>\n","protected":false},"featured_media":46732,"template":"","meta":{"_acf_changed":false,"content-type":"","footnotes":""},"pwb-brand":[516],"product_brand":[],"product_cat":[187,188],"product_tag":[559],"class_list":{"0":"post-7331","1":"product","2":"type-product","3":"status-publish","4":"has-post-thumbnail","6":"pwb-brand-weco-de","7":"product_cat-optische-gerate","8":"product_cat-optometrie-instrumente","9":"product_tag-optical-lab-finishing-equipment","10":"pa_product-family-werkstatt-de","11":"pa_product-type-edging-system-de","13":"first","14":"instock","15":"featured","16":"product-type-simple"},"acf":[],"brands":[{"id":516,"name":"Weco","slug":"weco-de"}],"_links":{"self":[{"href":"https:\/\/www.visionix.com\/de\/wp-json\/wp\/v2\/product\/7331","targetHints":{"allow":["GET"]}}],"collection":[{"href":"https:\/\/www.visionix.com\/de\/wp-json\/wp\/v2\/product"}],"about":[{"href":"https:\/\/www.visionix.com\/de\/wp-json\/wp\/v2\/types\/product"}],"version-history":[{"count":15,"href":"https:\/\/www.visionix.com\/de\/wp-json\/wp\/v2\/product\/7331\/revisions"}],"predecessor-version":[{"id":52198,"href":"https:\/\/www.visionix.com\/de\/wp-json\/wp\/v2\/product\/7331\/revisions\/52198"}],"wp:featuredmedia":[{"embeddable":true,"href":"https:\/\/www.visionix.com\/de\/wp-json\/wp\/v2\/media\/46732"}],"wp:attachment":[{"href":"https:\/\/www.visionix.com\/de\/wp-json\/wp\/v2\/media?parent=7331"}],"wp:term":[{"taxonomy":"pwb-brand","embeddable":true,"href":"https:\/\/www.visionix.com\/de\/wp-json\/wp\/v2\/pwb-brand?post=7331"},{"taxonomy":"product_brand","embeddable":true,"href":"https:\/\/www.visionix.com\/de\/wp-json\/wp\/v2\/product_brand?post=7331"},{"taxonomy":"product_cat","embeddable":true,"href":"https:\/\/www.visionix.com\/de\/wp-json\/wp\/v2\/product_cat?post=7331"},{"taxonomy":"product_tag","embeddable":true,"href":"https:\/\/www.visionix.com\/de\/wp-json\/wp\/v2\/product_tag?post=7331"}],"curies":[{"name":"wp","href":"https:\/\/api.w.org\/{rel}","templated":true}]}}