{"id":7311,"date":"2022-04-14T11:40:23","date_gmt":"2022-04-14T09:40:23","guid":{"rendered":"https:\/\/www.visionix.com\/produit\/visionix-eyerefract\/"},"modified":"2025-07-09T10:30:08","modified_gmt":"2025-07-09T08:30:08","slug":"automatische-refraktion-visionix-eyerefract","status":"publish","type":"product","link":"https:\/\/www.visionix.com\/de\/product\/automatische-refraktion-visionix-eyerefract\/","title":{"rendered":"Visionix Eye Refract"},"content":{"rendered":"<p>Der Eye Refract ist das einzige Ger\u00e4t auf dem Markt, das mithilfe von Fortschrittlicher Algorithmus zur refraktiven Berechnung eine automatische Refraktionsmessung mit gleichzeitiger iterativer Gl\u00e4seranpassung kombiniert. F\u00fcr Kunden und Patienten der bequemste Weg zu ihren exakten Refraktionswerten. Eye Refract revolutioniert die Refraktionsbestimmung und erm\u00f6glicht es Augenspezialisten, mehr Zeit f\u00fcr die Versorgung und Beratung ihrer Kunden und Patienten zu gewinnen. Der Eye Refract ist mit einem dualen Aberrometer ausgestattet und erm\u00f6glicht schnelle, pr\u00e4zise und zuverl\u00e4ssige Messungen.<\/p>\n","protected":false},"excerpt":{"rendered":"<div><strong>Fortschrittlicher Algorithmus zur refraktiven Berechnung gesteuerte binokulare physiologische Refraktion<\/strong><\/div>\n<div><\/div>\n<div>Der Eye Refract ist das einzige Ger\u00e4t auf dem Markt, das mithilfe von Fortschrittlicher Algorithmus zur refraktiven Berechnung eine automatische Refraktionsmessung mit gleichzeitiger iterativer Gl\u00e4seranpassung kombiniert. F\u00fcr Kunden und Patienten der bequemste Weg zu ihren exakten Refraktionswerten.<\/div>\n<div>Eye Refract revolutioniert die Refraktionsbestimmung und erm\u00f6glicht es Augenspezialisten, mehr Zeit f\u00fcr die Versorgung und Beratung ihrer Kunden und Patienten zu gewinnen. Der Eye Refract ist mit einem dualen Aberrometer ausgestattet und erm\u00f6glicht schnelle,\u00a0 pr\u00e4zise und zuverl\u00e4ssige Messungen<\/div>\n","protected":false},"featured_media":72813,"template":"","meta":{"_acf_changed":false,"content-type":"","footnotes":""},"pwb-brand":[510],"product_brand":[],"product_cat":[187,259,165,188],"product_tag":[],"class_list":{"0":"post-7311","1":"product","2":"type-product","3":"status-publish","4":"has-post-thumbnail","6":"pwb-brand-visionix-de","7":"product_cat-optische-gerate","8":"product_cat-new-products-de","9":"product_cat-ophthalmologie-instrumente","10":"product_cat-optometrie-instrumente","11":"pa_product-family-refraktion-de","12":"pa_product-type-binocular-wavefront-analyser-de","13":"pa_product-type-phoropter-de","14":"pa_product-type-telehealth-de","16":"first","17":"instock","18":"product-type-simple"},"acf":[],"brands":[{"id":510,"name":"Visionix","slug":"visionix-de"}],"_links":{"self":[{"href":"https:\/\/www.visionix.com\/de\/wp-json\/wp\/v2\/product\/7311","targetHints":{"allow":["GET"]}}],"collection":[{"href":"https:\/\/www.visionix.com\/de\/wp-json\/wp\/v2\/product"}],"about":[{"href":"https:\/\/www.visionix.com\/de\/wp-json\/wp\/v2\/types\/product"}],"version-history":[{"count":16,"href":"https:\/\/www.visionix.com\/de\/wp-json\/wp\/v2\/product\/7311\/revisions"}],"predecessor-version":[{"id":72808,"href":"https:\/\/www.visionix.com\/de\/wp-json\/wp\/v2\/product\/7311\/revisions\/72808"}],"wp:featuredmedia":[{"embeddable":true,"href":"https:\/\/www.visionix.com\/de\/wp-json\/wp\/v2\/media\/72813"}],"wp:attachment":[{"href":"https:\/\/www.visionix.com\/de\/wp-json\/wp\/v2\/media?parent=7311"}],"wp:term":[{"taxonomy":"pwb-brand","embeddable":true,"href":"https:\/\/www.visionix.com\/de\/wp-json\/wp\/v2\/pwb-brand?post=7311"},{"taxonomy":"product_brand","embeddable":true,"href":"https:\/\/www.visionix.com\/de\/wp-json\/wp\/v2\/product_brand?post=7311"},{"taxonomy":"product_cat","embeddable":true,"href":"https:\/\/www.visionix.com\/de\/wp-json\/wp\/v2\/product_cat?post=7311"},{"taxonomy":"product_tag","embeddable":true,"href":"https:\/\/www.visionix.com\/de\/wp-json\/wp\/v2\/product_tag?post=7311"}],"curies":[{"name":"wp","href":"https:\/\/api.w.org\/{rel}","templated":true}]}}