{"id":7305,"date":"2022-03-07T14:34:09","date_gmt":"2022-03-07T13:34:09","guid":{"rendered":"https:\/\/www.visionix.com\/produit\/visionix-vx650\/"},"modified":"2025-07-09T09:30:48","modified_gmt":"2025-07-09T07:30:48","slug":"vx-650","status":"publish","type":"product","link":"https:\/\/www.visionix.com\/de\/product\/vx-650\/","title":{"rendered":"Visionix VX 650"},"content":{"rendered":"<p>Der Visionix VX 650 revolutioniert das Scrreening und die Augenuntersuchung: Mit ihm ist es erstmals m\u00f6glich, mit einem einzigen Tastendruck den Vorderen und den Hinteren Augenabschnitt ist zu pr\u00fcfen. Diese einzigartige hochautomatisierte L\u00f6sung erm\u00f6glicht es allen Augenspezialisten und sogar einem m\u00e4\u00dfig ge\u00fcbten Anwender, ein breites Spektrum an Sehst\u00f6rungen zu erkennen. Hierzu kombiniert der VX 650 ein Aberrometer, eine Funduskamera und alle wichtigen Technologien zur \u00dcberwachung der Augensegmente in einem Ger\u00e4t.<strong> Der VX 650 nutzt die EyeWisdom MCS KI-L\u00f6sung. So erhalten Sie ein umfassendes Netzhautscreening.\u00a0<\/strong><\/p>\n","protected":false},"excerpt":{"rendered":"<p><strong>Der einzigartige Augengesundheitsmonitor<\/strong><\/p>\n<p>Der Visionix VX 650 revolutioniert das Scrreening und die Augenuntersuchung: Mit ihm ist es erstmals m\u00f6glich, mit einem einzigen Tastendruck den Vorderen und den Hinteren Augenabschnitt ist zu pr\u00fcfen. Diese einzigartige hochautomatisierte L\u00f6sung erm\u00f6glicht es allen Augenspezialisten und sogar einem m\u00e4\u00dfig ge\u00fcbten Anwender, ein breites Spektrum an Sehst\u00f6rungen zu erkennen. Hierzu kombiniert der VX 650 ein Aberrometer, eine Funduskamera und alle wichtigen Technologien zur \u00dcberwachung der Augensegmente in einem Ger\u00e4t.<strong> Der VX 650 nutzt die EyeWisdom MCS KI-L\u00f6sung. So erhalten Sie ein umfassendes Netzhautscreening.\u00a0<\/strong><\/p>\n","protected":false},"featured_media":37873,"template":"","meta":{"_acf_changed":false,"content-type":"","footnotes":""},"pwb-brand":[510],"product_brand":[],"product_cat":[259,165,188],"product_tag":[],"class_list":{"0":"post-7305","1":"product","2":"type-product","3":"status-publish","4":"has-post-thumbnail","6":"pwb-brand-visionix-de","7":"product_cat-new-products-de","8":"product_cat-ophthalmologie-instrumente","9":"product_cat-optometrie-instrumente","10":"pa_product-family-screening-de","11":"pa_product-type-ark-de","12":"pa_product-type-retinograph-de","13":"pa_product-type-telehealth-de","14":"pa_product-type-tonometer-de","15":"pa_product-type-topographer-de","16":"pa_product-type-anterior-segment-de","18":"first","19":"instock","20":"featured","21":"product-type-simple"},"acf":[],"brands":[{"id":510,"name":"Visionix","slug":"visionix-de"}],"_links":{"self":[{"href":"https:\/\/www.visionix.com\/de\/wp-json\/wp\/v2\/product\/7305","targetHints":{"allow":["GET"]}}],"collection":[{"href":"https:\/\/www.visionix.com\/de\/wp-json\/wp\/v2\/product"}],"about":[{"href":"https:\/\/www.visionix.com\/de\/wp-json\/wp\/v2\/types\/product"}],"version-history":[{"count":22,"href":"https:\/\/www.visionix.com\/de\/wp-json\/wp\/v2\/product\/7305\/revisions"}],"predecessor-version":[{"id":72800,"href":"https:\/\/www.visionix.com\/de\/wp-json\/wp\/v2\/product\/7305\/revisions\/72800"}],"wp:featuredmedia":[{"embeddable":true,"href":"https:\/\/www.visionix.com\/de\/wp-json\/wp\/v2\/media\/37873"}],"wp:attachment":[{"href":"https:\/\/www.visionix.com\/de\/wp-json\/wp\/v2\/media?parent=7305"}],"wp:term":[{"taxonomy":"pwb-brand","embeddable":true,"href":"https:\/\/www.visionix.com\/de\/wp-json\/wp\/v2\/pwb-brand?post=7305"},{"taxonomy":"product_brand","embeddable":true,"href":"https:\/\/www.visionix.com\/de\/wp-json\/wp\/v2\/product_brand?post=7305"},{"taxonomy":"product_cat","embeddable":true,"href":"https:\/\/www.visionix.com\/de\/wp-json\/wp\/v2\/product_cat?post=7305"},{"taxonomy":"product_tag","embeddable":true,"href":"https:\/\/www.visionix.com\/de\/wp-json\/wp\/v2\/product_tag?post=7305"}],"curies":[{"name":"wp","href":"https:\/\/api.w.org\/{rel}","templated":true}]}}