{"id":7277,"date":"2022-03-07T14:34:09","date_gmt":"2022-03-07T13:34:09","guid":{"rendered":"https:\/\/www.visionix.com\/produit\/optovue-ivue80\/"},"modified":"2025-09-02T14:26:58","modified_gmt":"2025-09-02T12:26:58","slug":"oct-optovue-ivue80","status":"publish","type":"product","link":"https:\/\/www.visionix.com\/de\/product\/oct-optovue-ivue80\/","title":{"rendered":"Optovue iVue 80"},"content":{"rendered":"<p>Das iVue 80 OCT ist ein leistungsf\u00e4higes klinisches Instrument, das Ihre Befundungen ver\u00e4ndert: Auf diese exakte und effiziente Art und Weise konnten Sie bislang nicht beurteilen: weder die Netzhaut, noch den Sehnervenkopf und auch nicht die Hornhaut. Quantifizieren Sie die Dicke der Netzhaut, der Nervenfaserschicht, des Ganglienzellenkomplexes und der Hornhaut. Verfolgen Sie Ver\u00e4nderungen und prognostizieren Sie Trends in der RNFL- und GCC-Dicke und messen Sie pr\u00e4zise die entsprechenden Winkel zur Unterst\u00fctzung der Krankheitsdiagnose.<\/p>\n","protected":false},"excerpt":{"rendered":"<p><strong>Hochgeschwindigkeits-OCT + Funduskamera-Option<\/strong><\/p>\n<p>Das iVue 80 OCT ist ein leistungsstarkes klinisches Werkzeug, das die Art und Weise, wie Sie die Netzhaut, den Sehnervenkopf und die Hornhaut beurteilen, ver\u00e4ndert. Quantifizieren Sie die Dicke der Netzhaut, der Nervenfaserschicht, des Ganglienzellenkomplexes und der Hornhaut. Verfolgen Sie Ver\u00e4nderungen und prognostizieren Sie Trends in der RNFL- und GCC-Dicke und messen Sie pr\u00e4zise Winkel zur Unterst\u00fctzung der Krankheitsdiagnose.<\/p>\n","protected":false},"featured_media":42504,"template":"","meta":{"_acf_changed":false,"content-type":"","footnotes":""},"pwb-brand":[504],"product_brand":[],"product_cat":[165,188],"product_tag":[],"class_list":{"0":"post-7277","1":"product","2":"type-product","3":"status-publish","4":"has-post-thumbnail","6":"pwb-brand-optovue-de","7":"product_cat-ophthalmologie-instrumente","8":"product_cat-optometrie-instrumente","9":"pa_product-family-screening-de","10":"pa_product-type-oct-de","12":"first","13":"instock","14":"product-type-simple"},"acf":[],"brands":[{"id":504,"name":"Optovue","slug":"optovue-de"}],"_links":{"self":[{"href":"https:\/\/www.visionix.com\/de\/wp-json\/wp\/v2\/product\/7277","targetHints":{"allow":["GET"]}}],"collection":[{"href":"https:\/\/www.visionix.com\/de\/wp-json\/wp\/v2\/product"}],"about":[{"href":"https:\/\/www.visionix.com\/de\/wp-json\/wp\/v2\/types\/product"}],"version-history":[{"count":13,"href":"https:\/\/www.visionix.com\/de\/wp-json\/wp\/v2\/product\/7277\/revisions"}],"predecessor-version":[{"id":73907,"href":"https:\/\/www.visionix.com\/de\/wp-json\/wp\/v2\/product\/7277\/revisions\/73907"}],"wp:featuredmedia":[{"embeddable":true,"href":"https:\/\/www.visionix.com\/de\/wp-json\/wp\/v2\/media\/42504"}],"wp:attachment":[{"href":"https:\/\/www.visionix.com\/de\/wp-json\/wp\/v2\/media?parent=7277"}],"wp:term":[{"taxonomy":"pwb-brand","embeddable":true,"href":"https:\/\/www.visionix.com\/de\/wp-json\/wp\/v2\/pwb-brand?post=7277"},{"taxonomy":"product_brand","embeddable":true,"href":"https:\/\/www.visionix.com\/de\/wp-json\/wp\/v2\/product_brand?post=7277"},{"taxonomy":"product_cat","embeddable":true,"href":"https:\/\/www.visionix.com\/de\/wp-json\/wp\/v2\/product_cat?post=7277"},{"taxonomy":"product_tag","embeddable":true,"href":"https:\/\/www.visionix.com\/de\/wp-json\/wp\/v2\/product_tag?post=7277"}],"curies":[{"name":"wp","href":"https:\/\/api.w.org\/{rel}","templated":true}]}}