{"id":7262,"date":"2022-03-07T14:34:09","date_gmt":"2022-03-07T13:34:09","guid":{"rendered":"https:\/\/www.visionix.com\/produit\/optovue-ifusion\/"},"modified":"2025-09-02T14:35:22","modified_gmt":"2025-09-02T12:35:22","slug":"optovue-ivue80-icam-12","status":"publish","type":"product","link":"https:\/\/www.visionix.com\/de\/product\/optovue-ivue80-icam-12\/","title":{"rendered":"Optovue iVue80+ iCam 12"},"content":{"rendered":"<p><span class=\"TextRun SCXW25945130 BCX2\" lang=\"EN-US\" data-=\"\"><span class=\"NormalTextRun SCXW25945130 BCX2\">Das <\/span>Optovue iVue80+ iCam 12<span class=\"NormalTextRun SCXW25945130 BCX2\"> OCT- und Netzhautbildgebungssystem verf\u00fcgt \u00fcber die gleichen leistungsstarken klinischen Werkzeuge wie das <span class=\"TextRun Underlined SCXW25945130 BCX2\" lang=\"DE- US\" data-contrast=\"none\"><span class=\"NormalTextRun SCXW25945130 BCX2\" data-ccp-charstyle=\"Hyperlink\">iVue<\/span><\/span><span class=\"TextRun SCXW25945130 BCX2\" lang=\"EN-US\" data-contrast=\"auto\"><span class=\"NormalTextRun SCXW25945130 BCX2\"> mit dem zus\u00e4tzlichen Vorteil der Netzhautkamera iCam 12. \u00a0Das <\/span><span class=\"NormalTextRun SCXW25945130 BCX2\">Optovue iVue80+ iCam 12 ver\u00e4ndert die Art und Weise, wie Sie Netzhaut, Sehnervenkopf und Hornhaut beurteilen. Quantifizieren Sie die Dicke der Netzhaut, der Nervenfaserschicht, des Ganglienzellenkomplexes (GCC) und der Hornhaut. Verfolgen Sie Ver\u00e4nderungen und prognostizieren Sie Trends in der RNFL- und GCC-Dicke und messen Sie pr\u00e4zise Winkel zur Unterst\u00fctzung der Krankheitsdiagnose.\u00a0<\/span><\/span><span class=\"LineBreakBlob BlobObject DragDrop SCXW25945130 BCX2\"> <br class=\"SCXW25945130 BCX2\" \/><\/span> <span class=\"LineBreakBlob BlobObject DragDrop SCXW25945130 BCX2\"> <br class=\"SCXW25945130 BCX2\" \/><\/span><span class=\"TextRun SCXW25945130 BCX2\" lang=\"EN- US\" data-=\"\"><span class=\"NormalTextRun SCXW25945130 BCX2\">Das Optovue iVue80+ iCam 12-System ist voll ausgestattet und bietet viele exklusive <\/span><span class=\"NormalTextRun SpellingErrorV2 SCXW25945130 BCX2\">Optovue<\/span><span class=\"NormalTextRun SCXW25945130 BCX2\">Funktionen wie die Analyse des Ganglienzellkomplexes (GCC) mit fokalem Verlustvolumen (FLV%) und globalem Verlustvolumen (GLV%), die <\/span><span class=\"NormalTextRun SpellingErrorV2 SCXW25945130 BCX2\">iWellnessExam<\/span><span class=\"NormalTextRun SCXW25945130 BCX2\">\u00ae und Vault Mapping f\u00fcr die Anpassung von Speziallinsen. <\/span><\/span><span class=\"LineBreakBlob BlobObject DragDrop SCXW25945130 BCX2\"> <br class=\"SCXW25945130 BCX2\" \/><\/span> <span class=\"LineBreakBlob BlobObject DragDrop SCXW25945130 BCX2\"> <br class=\"SCXW25945130 BCX2\" \/><\/span><span class=\"TextRun SCXW25945130 BCX2\" lang=\"EN- US\" data-contrast=\"auto\"><span class=\"NormalTextRun SCXW25945130 BCX2\">Die iCam 12 Netzhautkamera liefert Bilder des hinteren und vorderen Augenabschnitts mit au\u00dfergew\u00f6hnlicher Tiefe, <\/span><span class=\"NormalTextRun SpellingErrorV2 SCXW25945130 BCX2\">Farbe<\/span><span class=\"NormalTextRun SCXW25945130 BCX2\"> und Aufl\u00f6sung. Die Systemsoftware ist sehr einfach zu erlernen und erm\u00f6glicht eine schnelle, flexible Bildbetrachtung auf Anhieb. Mit <\/span><span class=\"NormalTextRun SCXW25945130 BCX2\">Optovue iVue80+ iCam 12, k\u00f6nnen Sie schnell <\/span><span class=\"NormalTextRun SpellingErrorV2 SCXW25945130 BCX2\">iVue<\/span><span class=\"NormalTextRun SCXW25945130 BCX2\"> OCT-Bilder \u00fcber die Fundusfotos legen. Da es den<\/span><span class=\"NormalTextRun SpellingErrorV2 SCXW25945130 BCX2\">iVue<\/span><span class=\"NormalTextRun SCXW25945130 BCX2\"> vorhandenen Tisch und Rahmen nutzt, ist sein Platzbedarf vernachl\u00e4ssigbar.<\/span><\/span><\/span><\/span><\/p>\n","protected":false},"excerpt":{"rendered":"<p><strong>Die umfassende Optovue iVue80+ iCam 12 OCT- und Netzhautkamera-Plattform f\u00fcr die Netzhautbildgebung<\/strong><\/p>\n<p>Das Optovue iVue80+ iCam 12 OCT- und Netzhautbildgebungssystem verf\u00fcgt \u00fcber die gleichen leistungsstarken klinischen Werkzeuge wie das Ivue80 mit dem zus\u00e4tzlichen Vorteil der Netzhautkamera iCam12. Das Optovue iVue80+ iCam 12 ver\u00e4ndert die Art und Weise, wie Sie die Netzhaut, den Sehnervenkopf und die Hornhaut beurteilen. Quantifizieren Sie die Dicke der Netzhaut, der Nervenfaserschicht, des Ganglienzellenkomplexes (GCC) und der Hornhaut. Verfolgen Sie Ver\u00e4nderungen und prognostizieren Sie Trends in der RNFL- und GCC-Dicke und messen Sie pr\u00e4zise Winkel zur Unterst\u00fctzung der Krankheitsdiagnose.<\/p>\n","protected":false},"featured_media":42488,"template":"","meta":{"_acf_changed":false,"content-type":"","footnotes":""},"pwb-brand":[504],"product_brand":[],"product_cat":[165,188],"product_tag":[],"class_list":{"0":"post-7262","1":"product","2":"type-product","3":"status-publish","4":"has-post-thumbnail","6":"pwb-brand-optovue-de","7":"product_cat-ophthalmologie-instrumente","8":"product_cat-optometrie-instrumente","9":"pa_product-family-screening-de","10":"pa_product-type-oct-combo-de","11":"pa_product-type-retinograph-de","13":"first","14":"instock","15":"product-type-simple"},"acf":[],"brands":[{"id":504,"name":"Optovue","slug":"optovue-de"}],"_links":{"self":[{"href":"https:\/\/www.visionix.com\/de\/wp-json\/wp\/v2\/product\/7262","targetHints":{"allow":["GET"]}}],"collection":[{"href":"https:\/\/www.visionix.com\/de\/wp-json\/wp\/v2\/product"}],"about":[{"href":"https:\/\/www.visionix.com\/de\/wp-json\/wp\/v2\/types\/product"}],"version-history":[{"count":18,"href":"https:\/\/www.visionix.com\/de\/wp-json\/wp\/v2\/product\/7262\/revisions"}],"predecessor-version":[{"id":73929,"href":"https:\/\/www.visionix.com\/de\/wp-json\/wp\/v2\/product\/7262\/revisions\/73929"}],"wp:featuredmedia":[{"embeddable":true,"href":"https:\/\/www.visionix.com\/de\/wp-json\/wp\/v2\/media\/42488"}],"wp:attachment":[{"href":"https:\/\/www.visionix.com\/de\/wp-json\/wp\/v2\/media?parent=7262"}],"wp:term":[{"taxonomy":"pwb-brand","embeddable":true,"href":"https:\/\/www.visionix.com\/de\/wp-json\/wp\/v2\/pwb-brand?post=7262"},{"taxonomy":"product_brand","embeddable":true,"href":"https:\/\/www.visionix.com\/de\/wp-json\/wp\/v2\/product_brand?post=7262"},{"taxonomy":"product_cat","embeddable":true,"href":"https:\/\/www.visionix.com\/de\/wp-json\/wp\/v2\/product_cat?post=7262"},{"taxonomy":"product_tag","embeddable":true,"href":"https:\/\/www.visionix.com\/de\/wp-json\/wp\/v2\/product_tag?post=7262"}],"curies":[{"name":"wp","href":"https:\/\/api.w.org\/{rel}","templated":true}]}}