{"id":7236,"date":"2022-03-07T14:34:09","date_gmt":"2022-03-07T13:34:09","guid":{"rendered":"https:\/\/www.visionix.com\/produit\/visionixvx110\/"},"modified":"2024-12-17T17:05:56","modified_gmt":"2024-12-17T16:05:56","slug":"vorderer-segmentanalysatorvisionix-visionix-vx110","status":"publish","type":"product","link":"https:\/\/www.visionix.com\/de\/product\/vorderer-segmentanalysatorvisionix-visionix-vx110\/","title":{"rendered":"Visionix VX 110"},"content":{"rendered":"<p>Der VX 110 ist eine vielseitige Plattform, der ein Autorefrakto-Keratometer mit einem Placido-Topographieger\u00e4t vereint. Er bietet viele Funktionen und ist dennoch sehr platzsparend. Der VX 110 bietet eine hohe Aufl\u00f6sung und Pr\u00e4zision sowie eine Funktionalit\u00e4t, die \u00fcber die Standardrefraktionsbestimmung hinaus geht. Augen\u00e4rzte und -optiker k\u00f6nnen mit dem Ger\u00e4t zahlreiche Hornhaut- und Refraktionsverfahren vornehmen und umfassendere Testergebnisse gewinnen.<\/p>\n","protected":false},"excerpt":{"rendered":"<p><strong>Multimodale Plattform, die ARK mit einem Placido-Topografen kombiniert<\/strong><\/p>\n<p>Das VX 110 ist eine multimodale Plattform, die Autorefraktion und Keratometrie mit einem Placido-Topographen kombiniert. Das VX 110 bietet eine Vielzahl von Funktionen und ist dabei platzsparend und praktisch. Das VX 110 bietet eine hohe Aufl\u00f6sung und eine hohe Genauigkeit, die \u00fcber die grundlegende Refraktion hinausgeht. Dies bietet Augen\u00e4rzten die M\u00f6glichkeit, die Hornhaut und den refraktiven Prozess zu erfassen und ein einfacheres und vollst\u00e4ndigeres Testverfahren f\u00fcr Arzt und Patient anzubieten.<\/p>\n","protected":false},"featured_media":49836,"template":"","meta":{"_acf_changed":false,"content-type":"","footnotes":""},"pwb-brand":[510],"product_brand":[],"product_cat":[187,165,188],"product_tag":[],"class_list":{"0":"post-7236","1":"product","2":"type-product","3":"status-publish","4":"has-post-thumbnail","6":"pwb-brand-visionix-de","7":"product_cat-optische-gerate","8":"product_cat-ophthalmologie-instrumente","9":"product_cat-optometrie-instrumente","10":"pa_product-family-refraktion-de","11":"pa_product-type-ark-de","12":"pa_product-type-topographer-de","14":"first","15":"instock","16":"product-type-simple"},"acf":[],"brands":[{"id":510,"name":"Visionix","slug":"visionix-de"}],"_links":{"self":[{"href":"https:\/\/www.visionix.com\/de\/wp-json\/wp\/v2\/product\/7236","targetHints":{"allow":["GET"]}}],"collection":[{"href":"https:\/\/www.visionix.com\/de\/wp-json\/wp\/v2\/product"}],"about":[{"href":"https:\/\/www.visionix.com\/de\/wp-json\/wp\/v2\/types\/product"}],"version-history":[{"count":7,"href":"https:\/\/www.visionix.com\/de\/wp-json\/wp\/v2\/product\/7236\/revisions"}],"predecessor-version":[{"id":59922,"href":"https:\/\/www.visionix.com\/de\/wp-json\/wp\/v2\/product\/7236\/revisions\/59922"}],"wp:featuredmedia":[{"embeddable":true,"href":"https:\/\/www.visionix.com\/de\/wp-json\/wp\/v2\/media\/49836"}],"wp:attachment":[{"href":"https:\/\/www.visionix.com\/de\/wp-json\/wp\/v2\/media?parent=7236"}],"wp:term":[{"taxonomy":"pwb-brand","embeddable":true,"href":"https:\/\/www.visionix.com\/de\/wp-json\/wp\/v2\/pwb-brand?post=7236"},{"taxonomy":"product_brand","embeddable":true,"href":"https:\/\/www.visionix.com\/de\/wp-json\/wp\/v2\/product_brand?post=7236"},{"taxonomy":"product_cat","embeddable":true,"href":"https:\/\/www.visionix.com\/de\/wp-json\/wp\/v2\/product_cat?post=7236"},{"taxonomy":"product_tag","embeddable":true,"href":"https:\/\/www.visionix.com\/de\/wp-json\/wp\/v2\/product_tag?post=7236"}],"curies":[{"name":"wp","href":"https:\/\/api.w.org\/{rel}","templated":true}]}}