{"id":7234,"date":"2022-03-07T14:34:09","date_gmt":"2022-03-07T13:34:09","guid":{"rendered":"https:\/\/www.visionix.com\/produit\/visionix-vx120-2\/"},"modified":"2025-08-27T16:21:48","modified_gmt":"2025-08-27T14:21:48","slug":"vorderer-segmentanalysator-visionix-vx120","status":"publish","type":"product","link":"https:\/\/www.visionix.com\/de\/product\/vorderer-segmentanalysator-visionix-vx120\/","title":{"rendered":"Visionix VX 120+"},"content":{"rendered":"<p>Der VX 120+ ist der perfekte Screening-Allrounder, der etliche Einsatz-M\u00f6glichkeiten bietet. Augen\u00e4rzte k\u00f6nnen ihre Patienten unter anderem auf Glaukom und Katarakt untersuchen, aber auch Keratokoni und Sehfehler (z.B. Nachtsehen) k\u00f6nnen erkannt werden. So k\u00f6nnen Augenoptiker und Optometristen ihr Leistungsspektrum ausweiten und vervollst\u00e4ndigen. Die mit dem VX 120+ m\u00f6gliche kompetente Betreuung und Beratung intensiviert die Kundenbindung. Wenn Sie Ihren Kunden ausf\u00fchrlicher beraten und ihm mehr Informationen \u00fcber den Status Quo seiner Augen zur Verf\u00fcgung stellen, wird er diesen langfristigen Mehrwert erkennen.<\/p>\n","protected":false},"excerpt":{"rendered":"<p><strong>Multimodale Plattform, Diagnoseger\u00e4t f\u00fcr die vordere Augenkammer, Screening und Analyse des Sehverm\u00f6gens<\/strong><\/p>\n<p>Die Screening-Leistungen des VX 120+ geben Ihnen die M\u00f6glichkeit, Ihre Patienten auf Krankheiten wie Glaukom, Katarakt, Keratokonus sowie auf die Korrektur von Sehfehlern, einschlie\u00dflich solcher, die das Nachtsehen beeintr\u00e4chtigen, aufmerksam zu machen und damit Ihr Leistungsspektrum als Augenoptiker\/Optometrist zu vervollst\u00e4ndigen. Durch kompetente Betreuung und gute Beziehungen wird es einfacher, Kunden zu binden. Indem Sie dem Kunden mehr Zeit und mehr Informationen \u00fcber seine visuelle Gesundheit geben, wird er nat\u00fcrlich Ihren langfristigen Mehrwert erkennen.<\/p>\n","protected":false},"featured_media":60887,"template":"","meta":{"_acf_changed":false,"content-type":"","footnotes":""},"pwb-brand":[510],"product_brand":[],"product_cat":[187,165,188],"product_tag":[],"class_list":{"0":"post-7234","1":"product","2":"type-product","3":"status-publish","4":"has-post-thumbnail","6":"pwb-brand-visionix-de","7":"product_cat-optische-gerate","8":"product_cat-ophthalmologie-instrumente","9":"product_cat-optometrie-instrumente","10":"pa_product-family-screening-de","11":"pa_product-type-ark-de","12":"pa_product-type-pachymeter-de","13":"pa_product-type-tonometer-de","14":"pa_product-type-topographer-de","15":"pa_product-type-anterior-segment-de","16":"pa_product-type-wavefront-analyzer-de","18":"first","19":"instock","20":"product-type-simple"},"acf":[],"brands":[{"id":510,"name":"Visionix","slug":"visionix-de"}],"_links":{"self":[{"href":"https:\/\/www.visionix.com\/de\/wp-json\/wp\/v2\/product\/7234","targetHints":{"allow":["GET"]}}],"collection":[{"href":"https:\/\/www.visionix.com\/de\/wp-json\/wp\/v2\/product"}],"about":[{"href":"https:\/\/www.visionix.com\/de\/wp-json\/wp\/v2\/types\/product"}],"version-history":[{"count":14,"href":"https:\/\/www.visionix.com\/de\/wp-json\/wp\/v2\/product\/7234\/revisions"}],"predecessor-version":[{"id":59923,"href":"https:\/\/www.visionix.com\/de\/wp-json\/wp\/v2\/product\/7234\/revisions\/59923"}],"wp:featuredmedia":[{"embeddable":true,"href":"https:\/\/www.visionix.com\/de\/wp-json\/wp\/v2\/media\/60887"}],"wp:attachment":[{"href":"https:\/\/www.visionix.com\/de\/wp-json\/wp\/v2\/media?parent=7234"}],"wp:term":[{"taxonomy":"pwb-brand","embeddable":true,"href":"https:\/\/www.visionix.com\/de\/wp-json\/wp\/v2\/pwb-brand?post=7234"},{"taxonomy":"product_brand","embeddable":true,"href":"https:\/\/www.visionix.com\/de\/wp-json\/wp\/v2\/product_brand?post=7234"},{"taxonomy":"product_cat","embeddable":true,"href":"https:\/\/www.visionix.com\/de\/wp-json\/wp\/v2\/product_cat?post=7234"},{"taxonomy":"product_tag","embeddable":true,"href":"https:\/\/www.visionix.com\/de\/wp-json\/wp\/v2\/product_tag?post=7234"}],"curies":[{"name":"wp","href":"https:\/\/api.w.org\/{rel}","templated":true}]}}