{"id":7230,"date":"2022-03-07T14:34:09","date_gmt":"2022-03-07T13:34:09","guid":{"rendered":"https:\/\/www.visionix.com\/produit\/visionix-vx120-dry-eye\/"},"modified":"2024-12-17T17:15:18","modified_gmt":"2024-12-17T16:15:18","slug":"vorderer-segmentanalysatorvisionix-vx120-dry-eye","status":"publish","type":"product","link":"https:\/\/www.visionix.com\/de\/product\/vorderer-segmentanalysatorvisionix-vx120-dry-eye\/","title":{"rendered":"Visionix VX 120+ Dry Eye"},"content":{"rendered":"<p>Der VX 120+ Dry Eye ist der perfekte Screening-Allrounder, der etliche Einsatz-M\u00f6glichkeiten bietet. Augen\u00e4rzte k\u00f6nnen ihre Patienten unter anderem auf Glaukom und Katarakt untersuchen, aber auch Keratokoni und Sehfehler (z.B. Nachtsehen) k\u00f6nnen erkannt werden. Zus\u00e4tzlich lassen sich mit dem VX 120+ Dry Eye Hinweise auf Trockene Augen erkennen. So k\u00f6nnen Augenoptiker und Optometristen ihr Leistungsspektrum ausweiten und vervollst\u00e4ndigen. Die mit dem VX 120+ Dry Eye m\u00f6gliche kompetente Betreuung und Beratung intensiviert die Kundenbindung. Wenn Sie Ihren Kunden ausf\u00fchrlicher beraten und ihm mehr Informationen \u00fcber den Status Quo seiner Augen zur Verf\u00fcgung stellen, wird er diesen langfristigen Mehrwert erkennen.<\/p>\n","protected":false},"excerpt":{"rendered":"<p><strong>Multimodale Plattform, Screening und \u00dcberwachung des Syndroms des trockenen Auges (DES)<\/strong><\/p>\n<p>Mit den Screening-Diensten des VX 120+ haben Sie die M\u00f6glichkeit, Ihre Patienten auf Krankheiten wie Glaukom, Katarakt, Keratokonus sowie die Korrektur von Sehfehlern, einschlie\u00dflich solcher, die das Nachtsehen beeintr\u00e4chtigen, aufmerksam zu machen und so Ihr Leistungsspektrum als Optiker\/Optometrist zu vervollst\u00e4ndigen. Durch kompetente Betreuung und gute Beziehungen wird es einfacher, Kunden zu binden. Indem Sie dem Kunden mehr Zeit und mehr Informationen \u00fcber seine visuelle Gesundheit geben, wird er nat\u00fcrlich Ihren langfristigen Mehrwert erkennen.<\/p>\n","protected":false},"featured_media":49880,"template":"","meta":{"_acf_changed":false,"content-type":"","footnotes":""},"pwb-brand":[510],"product_brand":[],"product_cat":[187,165,188],"product_tag":[],"class_list":{"0":"post-7230","1":"product","2":"type-product","3":"status-publish","4":"has-post-thumbnail","6":"pwb-brand-visionix-de","7":"product_cat-optische-gerate","8":"product_cat-ophthalmologie-instrumente","9":"product_cat-optometrie-instrumente","10":"pa_product-family-screening-de","11":"pa_product-type-ark-de","12":"pa_product-type-pachymeter-de","13":"pa_product-type-tonometer-de","14":"pa_product-type-topographer-de","15":"pa_product-type-anterior-segment-de","16":"pa_product-type-wavefront-analyzer-de","18":"first","19":"instock","20":"product-type-simple"},"acf":[],"brands":[{"id":510,"name":"Visionix","slug":"visionix-de"}],"_links":{"self":[{"href":"https:\/\/www.visionix.com\/de\/wp-json\/wp\/v2\/product\/7230","targetHints":{"allow":["GET"]}}],"collection":[{"href":"https:\/\/www.visionix.com\/de\/wp-json\/wp\/v2\/product"}],"about":[{"href":"https:\/\/www.visionix.com\/de\/wp-json\/wp\/v2\/types\/product"}],"version-history":[{"count":8,"href":"https:\/\/www.visionix.com\/de\/wp-json\/wp\/v2\/product\/7230\/revisions"}],"predecessor-version":[{"id":59925,"href":"https:\/\/www.visionix.com\/de\/wp-json\/wp\/v2\/product\/7230\/revisions\/59925"}],"wp:featuredmedia":[{"embeddable":true,"href":"https:\/\/www.visionix.com\/de\/wp-json\/wp\/v2\/media\/49880"}],"wp:attachment":[{"href":"https:\/\/www.visionix.com\/de\/wp-json\/wp\/v2\/media?parent=7230"}],"wp:term":[{"taxonomy":"pwb-brand","embeddable":true,"href":"https:\/\/www.visionix.com\/de\/wp-json\/wp\/v2\/pwb-brand?post=7230"},{"taxonomy":"product_brand","embeddable":true,"href":"https:\/\/www.visionix.com\/de\/wp-json\/wp\/v2\/product_brand?post=7230"},{"taxonomy":"product_cat","embeddable":true,"href":"https:\/\/www.visionix.com\/de\/wp-json\/wp\/v2\/product_cat?post=7230"},{"taxonomy":"product_tag","embeddable":true,"href":"https:\/\/www.visionix.com\/de\/wp-json\/wp\/v2\/product_tag?post=7230"}],"curies":[{"name":"wp","href":"https:\/\/api.w.org\/{rel}","templated":true}]}}