{"id":7227,"date":"2022-03-07T14:34:09","date_gmt":"2022-03-07T13:34:09","guid":{"rendered":"https:\/\/www.visionix.com\/produit\/visionix-vx130\/"},"modified":"2024-12-17T17:10:47","modified_gmt":"2024-12-17T16:10:47","slug":"vorderer-segmentanalysatorvisionix-visionix-vx130","status":"publish","type":"product","link":"https:\/\/www.visionix.com\/de\/product\/vorderer-segmentanalysatorvisionix-visionix-vx130\/","title":{"rendered":"Visionix VX 130+"},"content":{"rendered":"<p>Der VX 130+ kombiniert modernste Technologien und liefert wichtige Daten f\u00fcr eine optimale Augenversorgung, er ist das ideale Patienten\u00fcberwachungssystem und l\u00e4sst sich besonders erfolgreich in der Diagnostik einsetzen. Zum Beispiel bei der Erkennung von Glaukom und Keratokonus, der Identifizierung von Patienten f\u00fcr die Kataraktchirurgie mit Premium- und\/oder torischen Implantaten und bei der Identifizierung von Patienten f\u00fcr die refraktive Chirurgie.<\/p>\n","protected":false},"excerpt":{"rendered":"<p><strong>Multimodale Plattform, vollst\u00e4ndige Untersuchung des vorderen Augenabschnitts<\/strong><\/p>\n<p>Erfolgreich in der Diagnostik: Erkennung von Glaukom und Keratokonus, Identifizierung von Patienten f\u00fcr die Kataraktchirurgie mit Premium- und\/oder torischen Implantaten, Identifizierung von Patienten f\u00fcr die refraktive Chirurgie. Das VX 130+ kombiniert modernste Technologien und liefert wichtige Daten f\u00fcr eine optimale Augenversorgung der Patienten. Das VX 130+ ist das ideale Patienten\u00fcberwachungssystem.<\/p>\n","protected":false},"featured_media":49688,"template":"","meta":{"_acf_changed":false,"content-type":"","footnotes":""},"pwb-brand":[510],"product_brand":[],"product_cat":[165,188],"product_tag":[],"class_list":{"0":"post-7227","1":"product","2":"type-product","3":"status-publish","4":"has-post-thumbnail","6":"pwb-brand-visionix-de","7":"product_cat-ophthalmologie-instrumente","8":"product_cat-optometrie-instrumente","9":"pa_product-family-screening-de","10":"pa_product-type-ark-de","11":"pa_product-type-pachymeter-de","12":"pa_product-type-tonometer-de","13":"pa_product-type-topographer-de","14":"pa_product-type-anterior-segment-de","15":"pa_product-type-wavefront-analyzer-de","17":"first","18":"instock","19":"product-type-simple"},"acf":[],"brands":[{"id":510,"name":"Visionix","slug":"visionix-de"}],"_links":{"self":[{"href":"https:\/\/www.visionix.com\/de\/wp-json\/wp\/v2\/product\/7227","targetHints":{"allow":["GET"]}}],"collection":[{"href":"https:\/\/www.visionix.com\/de\/wp-json\/wp\/v2\/product"}],"about":[{"href":"https:\/\/www.visionix.com\/de\/wp-json\/wp\/v2\/types\/product"}],"version-history":[{"count":10,"href":"https:\/\/www.visionix.com\/de\/wp-json\/wp\/v2\/product\/7227\/revisions"}],"predecessor-version":[{"id":59924,"href":"https:\/\/www.visionix.com\/de\/wp-json\/wp\/v2\/product\/7227\/revisions\/59924"}],"wp:featuredmedia":[{"embeddable":true,"href":"https:\/\/www.visionix.com\/de\/wp-json\/wp\/v2\/media\/49688"}],"wp:attachment":[{"href":"https:\/\/www.visionix.com\/de\/wp-json\/wp\/v2\/media?parent=7227"}],"wp:term":[{"taxonomy":"pwb-brand","embeddable":true,"href":"https:\/\/www.visionix.com\/de\/wp-json\/wp\/v2\/pwb-brand?post=7227"},{"taxonomy":"product_brand","embeddable":true,"href":"https:\/\/www.visionix.com\/de\/wp-json\/wp\/v2\/product_brand?post=7227"},{"taxonomy":"product_cat","embeddable":true,"href":"https:\/\/www.visionix.com\/de\/wp-json\/wp\/v2\/product_cat?post=7227"},{"taxonomy":"product_tag","embeddable":true,"href":"https:\/\/www.visionix.com\/de\/wp-json\/wp\/v2\/product_tag?post=7227"}],"curies":[{"name":"wp","href":"https:\/\/api.w.org\/{rel}","templated":true}]}}