{"id":7215,"date":"2022-03-07T14:34:09","date_gmt":"2022-03-07T13:34:09","guid":{"rendered":"https:\/\/www.visionix.com\/produit\/visionix-vx25\/"},"modified":"2024-03-29T14:05:08","modified_gmt":"2024-03-29T13:05:08","slug":"digitale-sehschaerfentafeln-visionix-vx25","status":"publish","type":"product","link":"https:\/\/www.visionix.com\/de\/product\/digitale-sehschaerfentafeln-visionix-vx25\/","title":{"rendered":"Visionix VX 25"},"content":{"rendered":"<p>Dieser Bildschirm wurde dank seines ergonomischen Designs, seiner stromlinienf\u00f6rmigen Form und der gro\u00dfen Anzahl an Tests f\u00fcr optimale Ergebnisse im Voruntersuchungsraum entwickelt. Der VX 25 wird mit dem Eye Refract f\u00fcr diagnostische Zwecke in der Ophthalmologie, aber auch f\u00fcr Sehsch\u00e4rfen- und Binokulartests verwendet.<\/p>\n","protected":false},"excerpt":{"rendered":"<p><strong>Platzsparende Diagramml\u00f6sung<\/strong><\/p>\n<p>Dieser Bildschirm wurde dank seines ergonomischen Designs, seines schlanken Stils und der gro\u00dfen Anzahl an Tests f\u00fcr optimale Ergebnisse im Untersuchungsraum entwickelt.<br \/>\nDieses Ger\u00e4t wird innerhalb des Eye Refract Systems f\u00fcr diagnostische Zwecke in der Ophthalmologie, Sehsch\u00e4rfen- und Binokulartests verwendet.<\/p>\n","protected":false},"featured_media":59360,"template":"","meta":{"_acf_changed":false,"content-type":"","footnotes":""},"pwb-brand":[510],"product_brand":[],"product_cat":[187,165,188],"product_tag":[],"class_list":{"0":"post-7215","1":"product","2":"type-product","3":"status-publish","4":"has-post-thumbnail","6":"pwb-brand-visionix-de","7":"product_cat-optische-gerate","8":"product_cat-ophthalmologie-instrumente","9":"product_cat-optometrie-instrumente","10":"pa_product-family-refraktion-de","11":"pa_product-type-chart-displays-de","13":"first","14":"instock","15":"product-type-simple"},"acf":[],"brands":[{"id":510,"name":"Visionix","slug":"visionix-de"}],"_links":{"self":[{"href":"https:\/\/www.visionix.com\/de\/wp-json\/wp\/v2\/product\/7215","targetHints":{"allow":["GET"]}}],"collection":[{"href":"https:\/\/www.visionix.com\/de\/wp-json\/wp\/v2\/product"}],"about":[{"href":"https:\/\/www.visionix.com\/de\/wp-json\/wp\/v2\/types\/product"}],"version-history":[{"count":6,"href":"https:\/\/www.visionix.com\/de\/wp-json\/wp\/v2\/product\/7215\/revisions"}],"predecessor-version":[{"id":54068,"href":"https:\/\/www.visionix.com\/de\/wp-json\/wp\/v2\/product\/7215\/revisions\/54068"}],"wp:featuredmedia":[{"embeddable":true,"href":"https:\/\/www.visionix.com\/de\/wp-json\/wp\/v2\/media\/59360"}],"wp:attachment":[{"href":"https:\/\/www.visionix.com\/de\/wp-json\/wp\/v2\/media?parent=7215"}],"wp:term":[{"taxonomy":"pwb-brand","embeddable":true,"href":"https:\/\/www.visionix.com\/de\/wp-json\/wp\/v2\/pwb-brand?post=7215"},{"taxonomy":"product_brand","embeddable":true,"href":"https:\/\/www.visionix.com\/de\/wp-json\/wp\/v2\/product_brand?post=7215"},{"taxonomy":"product_cat","embeddable":true,"href":"https:\/\/www.visionix.com\/de\/wp-json\/wp\/v2\/product_cat?post=7215"},{"taxonomy":"product_tag","embeddable":true,"href":"https:\/\/www.visionix.com\/de\/wp-json\/wp\/v2\/product_tag?post=7215"}],"curies":[{"name":"wp","href":"https:\/\/api.w.org\/{rel}","templated":true}]}}