{"id":7211,"date":"2022-03-07T14:34:09","date_gmt":"2022-03-07T13:34:09","guid":{"rendered":"https:\/\/www.visionix.com\/produit\/visionix-vx22\/"},"modified":"2023-02-03T09:43:15","modified_gmt":"2023-02-03T08:43:15","slug":"digitale-sehschaerfentafeln-visionix-vx22","status":"publish","type":"product","link":"https:\/\/www.visionix.com\/de\/product\/digitale-sehschaerfentafeln-visionix-vx22\/","title":{"rendered":"Visionix VX 22"},"content":{"rendered":"<p>Das LCD-Display des VX 22 mit seiner Gr\u00f6\u00dfe von 23,6&#8243; ist in drei Versionen erh\u00e4ltlich: nicht polarisiert, linear polarisiert und zirkular polarisiert, so dass es sich an die Anforderungen und den Gebrauch in jedem Land anpassen l\u00e4sst. Dieser Bildschirm sorgt f\u00fcr optimale Ergebnisse im Untersuchungs- und Pr\u00fcfraum, dank seines ergonomischen Designs, seines stromlinienf\u00f6rmigen Stils und der gro\u00dfen Anzahl von Tests.<\/p>\n","protected":false},"excerpt":{"rendered":"<p><strong>Kreisf\u00f6rmige, lineare und unpolarisierte Diagrammanzeigen<\/strong><\/p>\n<p>Das LCD-Display VX 22 mit seiner Gr\u00f6\u00dfe von 23,6 ist in 3 Versionen erh\u00e4ltlich: nicht polarisiert, linear polarisiert und zirkular polarisiert, so dass es sich an die Anforderungen und den Einsatz in jedem Land anpassen l\u00e4sst. Dieser Bildschirm wurde f\u00fcr optimale Ergebnisse im Untersuchungsraum entwickelt, dank seines ergonomischen Designs, seines stromlinienf\u00f6rmigen Stils und der gro\u00dfen Anzahl der enthaltenen Tests.<\/p>\n","protected":false},"featured_media":42636,"template":"","meta":{"_acf_changed":false,"content-type":"","footnotes":""},"pwb-brand":[510],"product_brand":[],"product_cat":[187,165,188],"product_tag":[],"class_list":{"0":"post-7211","1":"product","2":"type-product","3":"status-publish","4":"has-post-thumbnail","6":"pwb-brand-visionix-de","7":"product_cat-optische-gerate","8":"product_cat-ophthalmologie-instrumente","9":"product_cat-optometrie-instrumente","10":"pa_product-family-refraktion-de","11":"pa_product-type-chart-displays-de","13":"first","14":"instock","15":"product-type-simple"},"acf":[],"brands":[{"id":510,"name":"Visionix","slug":"visionix-de"}],"_links":{"self":[{"href":"https:\/\/www.visionix.com\/de\/wp-json\/wp\/v2\/product\/7211","targetHints":{"allow":["GET"]}}],"collection":[{"href":"https:\/\/www.visionix.com\/de\/wp-json\/wp\/v2\/product"}],"about":[{"href":"https:\/\/www.visionix.com\/de\/wp-json\/wp\/v2\/types\/product"}],"version-history":[{"count":6,"href":"https:\/\/www.visionix.com\/de\/wp-json\/wp\/v2\/product\/7211\/revisions"}],"predecessor-version":[{"id":36330,"href":"https:\/\/www.visionix.com\/de\/wp-json\/wp\/v2\/product\/7211\/revisions\/36330"}],"wp:featuredmedia":[{"embeddable":true,"href":"https:\/\/www.visionix.com\/de\/wp-json\/wp\/v2\/media\/42636"}],"wp:attachment":[{"href":"https:\/\/www.visionix.com\/de\/wp-json\/wp\/v2\/media?parent=7211"}],"wp:term":[{"taxonomy":"pwb-brand","embeddable":true,"href":"https:\/\/www.visionix.com\/de\/wp-json\/wp\/v2\/pwb-brand?post=7211"},{"taxonomy":"product_brand","embeddable":true,"href":"https:\/\/www.visionix.com\/de\/wp-json\/wp\/v2\/product_brand?post=7211"},{"taxonomy":"product_cat","embeddable":true,"href":"https:\/\/www.visionix.com\/de\/wp-json\/wp\/v2\/product_cat?post=7211"},{"taxonomy":"product_tag","embeddable":true,"href":"https:\/\/www.visionix.com\/de\/wp-json\/wp\/v2\/product_tag?post=7211"}],"curies":[{"name":"wp","href":"https:\/\/api.w.org\/{rel}","templated":true}]}}