{"id":7182,"date":"2022-03-07T14:34:09","date_gmt":"2022-03-07T13:34:09","guid":{"rendered":"https:\/\/www.visionix.com\/produit\/briot-perception-2\/"},"modified":"2023-02-03T10:42:43","modified_gmt":"2023-02-03T09:42:43","slug":"werkstatt-briot-perception-2","status":"publish","type":"product","link":"https:\/\/www.visionix.com\/de\/product\/werkstatt-briot-perception-2\/","title":{"rendered":"Briot Perception 2"},"content":{"rendered":"<p>Die Briot Perception 2 ist das perfekte Einstiegsger\u00e4t f\u00fcr die augenoptische Werkstatt, mit Bohrfunktion f\u00fcr die fachm\u00e4nnische Brillenglasbearbeitung.<\/p>\n","protected":false},"excerpt":{"rendered":"<div><strong>Das perfekte All-in-One- Einstiegsmodell<\/strong><\/div>\n<div><\/div>\n<div>Wer den perfekten Einstieg mit intergrierter Bohrfunktion f\u00fcr seine Werkstatt sucht, kann nichts besseres finden als die Perception 2<\/div>\n","protected":false},"featured_media":42318,"template":"","meta":{"_acf_changed":false,"content-type":"","footnotes":""},"pwb-brand":[498],"product_brand":[],"product_cat":[187,188],"product_tag":[559],"class_list":{"0":"post-7182","1":"product","2":"type-product","3":"status-publish","4":"has-post-thumbnail","6":"pwb-brand-briot-de","7":"product_cat-optische-gerate","8":"product_cat-optometrie-instrumente","9":"product_tag-optical-lab-finishing-equipment","10":"pa_product-family-werkstatt-de","11":"pa_product-type-edging-system-de","13":"first","14":"instock","15":"product-type-simple"},"acf":[],"brands":[{"id":498,"name":"Briot","slug":"briot-de"}],"_links":{"self":[{"href":"https:\/\/www.visionix.com\/de\/wp-json\/wp\/v2\/product\/7182","targetHints":{"allow":["GET"]}}],"collection":[{"href":"https:\/\/www.visionix.com\/de\/wp-json\/wp\/v2\/product"}],"about":[{"href":"https:\/\/www.visionix.com\/de\/wp-json\/wp\/v2\/types\/product"}],"version-history":[{"count":8,"href":"https:\/\/www.visionix.com\/de\/wp-json\/wp\/v2\/product\/7182\/revisions"}],"predecessor-version":[{"id":36486,"href":"https:\/\/www.visionix.com\/de\/wp-json\/wp\/v2\/product\/7182\/revisions\/36486"}],"wp:featuredmedia":[{"embeddable":true,"href":"https:\/\/www.visionix.com\/de\/wp-json\/wp\/v2\/media\/42318"}],"wp:attachment":[{"href":"https:\/\/www.visionix.com\/de\/wp-json\/wp\/v2\/media?parent=7182"}],"wp:term":[{"taxonomy":"pwb-brand","embeddable":true,"href":"https:\/\/www.visionix.com\/de\/wp-json\/wp\/v2\/pwb-brand?post=7182"},{"taxonomy":"product_brand","embeddable":true,"href":"https:\/\/www.visionix.com\/de\/wp-json\/wp\/v2\/product_brand?post=7182"},{"taxonomy":"product_cat","embeddable":true,"href":"https:\/\/www.visionix.com\/de\/wp-json\/wp\/v2\/product_cat?post=7182"},{"taxonomy":"product_tag","embeddable":true,"href":"https:\/\/www.visionix.com\/de\/wp-json\/wp\/v2\/product_tag?post=7182"}],"curies":[{"name":"wp","href":"https:\/\/api.w.org\/{rel}","templated":true}]}}