{"id":7169,"date":"2022-09-07T14:34:09","date_gmt":"2022-09-07T12:34:09","guid":{"rendered":"https:\/\/www.visionix.com\/produit\/briot-couture\/"},"modified":"2025-12-10T09:39:36","modified_gmt":"2025-12-10T08:39:36","slug":"werkstatt-briot-couture","status":"publish","type":"product","link":"https:\/\/www.visionix.com\/de\/product\/werkstatt-briot-couture\/","title":{"rendered":"Briot Couture"},"content":{"rendered":"<p>Die Briot Couture ist das intuitive System zur Brillenfertigung und f\u00fcr jeden Augenoptikbetrieb geeignet. Sie bestricht mit der weltweit ersten virtuellen 3D-Brillenglas-Visualisierungs-Technologie, mit dem die finale Arbeit bereits vor deren Beginn \u00fcberpr\u00fcft werden kann. So werden alle Arbeiten f\u00fcr den Augenoptiker zum Kinderspiel.<\/p>\n","protected":false},"excerpt":{"rendered":"<p><strong>Einzigartige 3D-Visualisierung und intelligenter Schleifprozess<\/strong><\/p>\n<p>Briot Couture: Das intuitive System zur Veredelung von Brillengl\u00e4sern. Geignet f\u00fcr jedes Optikgesch\u00e4ft.\u00a0 Briot Couture umfasst die weltweit erste virtuelle 3D-Brillenglas-Rendering-Technologie, um den Finishing-Prozess f\u00fcr alle Optiker zu vereinfachen.<\/p>\n","protected":false},"featured_media":46673,"template":"","meta":{"_acf_changed":false,"content-type":"","footnotes":""},"pwb-brand":[498],"product_brand":[],"product_cat":[187,188],"product_tag":[559],"class_list":{"0":"post-7169","1":"product","2":"type-product","3":"status-publish","4":"has-post-thumbnail","6":"pwb-brand-briot-de","7":"product_cat-optische-gerate","8":"product_cat-optometrie-instrumente","9":"product_tag-optical-lab-finishing-equipment","11":"first","12":"instock","13":"featured","14":"product-type-simple"},"acf":[],"brands":[{"id":498,"name":"Briot","slug":"briot-de"}],"_links":{"self":[{"href":"https:\/\/www.visionix.com\/de\/wp-json\/wp\/v2\/product\/7169","targetHints":{"allow":["GET"]}}],"collection":[{"href":"https:\/\/www.visionix.com\/de\/wp-json\/wp\/v2\/product"}],"about":[{"href":"https:\/\/www.visionix.com\/de\/wp-json\/wp\/v2\/types\/product"}],"version-history":[{"count":12,"href":"https:\/\/www.visionix.com\/de\/wp-json\/wp\/v2\/product\/7169\/revisions"}],"predecessor-version":[{"id":76276,"href":"https:\/\/www.visionix.com\/de\/wp-json\/wp\/v2\/product\/7169\/revisions\/76276"}],"wp:featuredmedia":[{"embeddable":true,"href":"https:\/\/www.visionix.com\/de\/wp-json\/wp\/v2\/media\/46673"}],"wp:attachment":[{"href":"https:\/\/www.visionix.com\/de\/wp-json\/wp\/v2\/media?parent=7169"}],"wp:term":[{"taxonomy":"pwb-brand","embeddable":true,"href":"https:\/\/www.visionix.com\/de\/wp-json\/wp\/v2\/pwb-brand?post=7169"},{"taxonomy":"product_brand","embeddable":true,"href":"https:\/\/www.visionix.com\/de\/wp-json\/wp\/v2\/product_brand?post=7169"},{"taxonomy":"product_cat","embeddable":true,"href":"https:\/\/www.visionix.com\/de\/wp-json\/wp\/v2\/product_cat?post=7169"},{"taxonomy":"product_tag","embeddable":true,"href":"https:\/\/www.visionix.com\/de\/wp-json\/wp\/v2\/product_tag?post=7169"}],"curies":[{"name":"wp","href":"https:\/\/api.w.org\/{rel}","templated":true}]}}