{"id":7122,"date":"2022-03-07T14:34:09","date_gmt":"2022-03-07T13:34:09","guid":{"rendered":"https:\/\/www.visionix.com\/produit\/visionix-vx65\/"},"modified":"2024-04-03T12:13:54","modified_gmt":"2024-04-03T10:13:54","slug":"digitale-refraktion-visionix-vx65","status":"publish","type":"product","link":"https:\/\/www.visionix.com\/de\/product\/digitale-refraktion-visionix-vx65\/","title":{"rendered":"Visionix VX 65"},"content":{"rendered":"<p>Haben Sie sich schon einmal gefragt, wie viele Refraktionsbestimmungen Sie Tag f\u00fcr Tag und das ganze Jahr \u00fcber durchf\u00fchren? Wir haben den VX 65 so konzipiert, dass er auch den h\u00e4rtesten Arbeitsbelastungen gewachsen ist: 20 Refraktionen pro Tag, 300 Tage pro Jahr, 10 Jahre lang. 60.000 Mal m\u00fcssen Sie sich nicht \u00fcber einen manuellen Phoropter beugen oder W\u00e4hlscheiben und Kn\u00f6pfe drehen.<\/p>\n","protected":false},"excerpt":{"rendered":"<div>\n<p><strong>Ein zuverl\u00e4ssiger\u00a0 Phoropter, auf den sie z\u00e4hlen k\u00f6nnen<\/strong><\/p>\n<p>Haben Sie sich jemals gefragt, wie viele Refraktionen Sie Tag f\u00fcr Tag, das ganze Jahr \u00fcber durchf\u00fchren? Wir haben nachgerechnet und k\u00f6nnen sagen, dass der\u00a0 VX 65 mehr als 10 Jahre intensiven Gebrauchs problemlos\u00a0 \u00fcbersteht. Das bedeutet \u00fcber 60.000 Refraktionen!<\/p>\n<\/div>\n","protected":false},"featured_media":55307,"template":"","meta":{"_acf_changed":false,"content-type":"","footnotes":""},"pwb-brand":[510],"product_brand":[],"product_cat":[187,165,188],"product_tag":[],"class_list":{"0":"post-7122","1":"product","2":"type-product","3":"status-publish","4":"has-post-thumbnail","6":"pwb-brand-visionix-de","7":"product_cat-optische-gerate","8":"product_cat-ophthalmologie-instrumente","9":"product_cat-optometrie-instrumente","10":"pa_product-family-refraktion-de","11":"pa_product-type-phoropter-de","13":"first","14":"instock","15":"product-type-simple"},"acf":[],"brands":[{"id":510,"name":"Visionix","slug":"visionix-de"}],"_links":{"self":[{"href":"https:\/\/www.visionix.com\/de\/wp-json\/wp\/v2\/product\/7122","targetHints":{"allow":["GET"]}}],"collection":[{"href":"https:\/\/www.visionix.com\/de\/wp-json\/wp\/v2\/product"}],"about":[{"href":"https:\/\/www.visionix.com\/de\/wp-json\/wp\/v2\/types\/product"}],"version-history":[{"count":11,"href":"https:\/\/www.visionix.com\/de\/wp-json\/wp\/v2\/product\/7122\/revisions"}],"predecessor-version":[{"id":54385,"href":"https:\/\/www.visionix.com\/de\/wp-json\/wp\/v2\/product\/7122\/revisions\/54385"}],"wp:featuredmedia":[{"embeddable":true,"href":"https:\/\/www.visionix.com\/de\/wp-json\/wp\/v2\/media\/55307"}],"wp:attachment":[{"href":"https:\/\/www.visionix.com\/de\/wp-json\/wp\/v2\/media?parent=7122"}],"wp:term":[{"taxonomy":"pwb-brand","embeddable":true,"href":"https:\/\/www.visionix.com\/de\/wp-json\/wp\/v2\/pwb-brand?post=7122"},{"taxonomy":"product_brand","embeddable":true,"href":"https:\/\/www.visionix.com\/de\/wp-json\/wp\/v2\/product_brand?post=7122"},{"taxonomy":"product_cat","embeddable":true,"href":"https:\/\/www.visionix.com\/de\/wp-json\/wp\/v2\/product_cat?post=7122"},{"taxonomy":"product_tag","embeddable":true,"href":"https:\/\/www.visionix.com\/de\/wp-json\/wp\/v2\/product_tag?post=7122"}],"curies":[{"name":"wp","href":"https:\/\/api.w.org\/{rel}","templated":true}]}}