{"id":7100,"date":"2022-03-07T14:34:09","date_gmt":"2022-03-07T13:34:09","guid":{"rendered":"https:\/\/www.visionix.com\/produit\/visionix-vx40\/"},"modified":"2025-08-27T16:10:03","modified_gmt":"2025-08-27T14:10:03","slug":"scheitelbrechwertmesser-visionix-vx40","status":"publish","type":"product","link":"https:\/\/www.visionix.com\/de\/product\/scheitelbrechwertmesser-visionix-vx40\/","title":{"rendered":"Visionix VX 40"},"content":{"rendered":"<p>Die Wellenfront-Technologie von Visionix erm\u00f6glicht eine detaillierte Analyse eines Bildes auf Knopfdruck! Der VX 40 ist das automatische Brillenglasmessger\u00e4t der n\u00e4chsten Generation. Es kann Einst\u00e4rken-, Zweist\u00e4rken- und Gleitsichtgl\u00e4ser erkennen und analysieren und ist mit allen Glastechnologien und Marken kompatibel.<\/p>\n","protected":false},"excerpt":{"rendered":"<div>\n<p><strong>Vollst\u00e4ndige Analyse aller Daten und Werte in 30 Sekunden<\/strong><\/p>\n<p>Mit der Visionix Wavefront-Technologie erhalten Sie eine vollst\u00e4ndig, detaillierte Analyse und ein komplettes Bild\u00a0 auf Knopfdruck. Entdecken Siee das Autorefraktometer der n\u00e4chsten Generation mit dem VX 40. Das VX 40 kann Einst\u00e4rken-, Bifokal- Office- und\u00a0 leitsichtgl\u00e4ser erkennen\u00a0 und analysieren und ist mit allen Glastechnologien und Marken kompatibel.<\/p>\n<\/div>\n","protected":false},"featured_media":48512,"template":"","meta":{"_acf_changed":false,"content-type":"","footnotes":""},"pwb-brand":[510],"product_brand":[],"product_cat":[187,165,188],"product_tag":[],"class_list":{"0":"post-7100","1":"product","2":"type-product","3":"status-publish","4":"has-post-thumbnail","6":"pwb-brand-visionix-de","7":"product_cat-optische-gerate","8":"product_cat-ophthalmologie-instrumente","9":"product_cat-optometrie-instrumente","10":"pa_product-family-refraktion-de","11":"pa_product-type-lens-analyzer-de","12":"pa_product-type-lensmeter-de","14":"first","15":"instock","16":"product-type-simple"},"acf":[],"brands":[{"id":510,"name":"Visionix","slug":"visionix-de"}],"_links":{"self":[{"href":"https:\/\/www.visionix.com\/de\/wp-json\/wp\/v2\/product\/7100","targetHints":{"allow":["GET"]}}],"collection":[{"href":"https:\/\/www.visionix.com\/de\/wp-json\/wp\/v2\/product"}],"about":[{"href":"https:\/\/www.visionix.com\/de\/wp-json\/wp\/v2\/types\/product"}],"version-history":[{"count":13,"href":"https:\/\/www.visionix.com\/de\/wp-json\/wp\/v2\/product\/7100\/revisions"}],"predecessor-version":[{"id":59637,"href":"https:\/\/www.visionix.com\/de\/wp-json\/wp\/v2\/product\/7100\/revisions\/59637"}],"wp:featuredmedia":[{"embeddable":true,"href":"https:\/\/www.visionix.com\/de\/wp-json\/wp\/v2\/media\/48512"}],"wp:attachment":[{"href":"https:\/\/www.visionix.com\/de\/wp-json\/wp\/v2\/media?parent=7100"}],"wp:term":[{"taxonomy":"pwb-brand","embeddable":true,"href":"https:\/\/www.visionix.com\/de\/wp-json\/wp\/v2\/pwb-brand?post=7100"},{"taxonomy":"product_brand","embeddable":true,"href":"https:\/\/www.visionix.com\/de\/wp-json\/wp\/v2\/product_brand?post=7100"},{"taxonomy":"product_cat","embeddable":true,"href":"https:\/\/www.visionix.com\/de\/wp-json\/wp\/v2\/product_cat?post=7100"},{"taxonomy":"product_tag","embeddable":true,"href":"https:\/\/www.visionix.com\/de\/wp-json\/wp\/v2\/product_tag?post=7100"}],"curies":[{"name":"wp","href":"https:\/\/api.w.org\/{rel}","templated":true}]}}