{"id":7091,"date":"2022-03-07T14:34:09","date_gmt":"2022-03-07T13:34:09","guid":{"rendered":"https:\/\/www.visionix.com\/produit\/visionix-vx36\/"},"modified":"2026-03-18T15:10:58","modified_gmt":"2026-03-18T14:10:58","slug":"scheitelbrechwertmesser-visionix-vx36","status":"publish","type":"product","link":"https:\/\/www.visionix.com\/de\/product\/scheitelbrechwertmesser-visionix-vx36\/","title":{"rendered":"Visionix VX 36"},"content":{"rendered":"<p>Der VX 36 geh\u00f6rt zu einer Generation von Scheitelbrechwertmessern, die eine Messm\u00f6glichkeit der Transmissionsrate des blauen Lichts und eine intuitive Benutzeroberfl\u00e4che bietet, die es dem Benutzer erm\u00f6glicht, Brillenglasmessungen einfach und leicht durchzuf\u00fchren.<\/p>\n","protected":false},"excerpt":{"rendered":"<p><strong>Macht Objektivmessungen einfach und leicht<\/strong><\/p>\n<p>Diese Generation des Linsenmessger\u00e4ts erm\u00f6glicht die Messung der Transmissionsrate des blauen Lichts und bietet eine intuitive Benutzeroberfl\u00e4che, die es dem Benutzer erm\u00f6glicht, Linsenmessungen einfach und leicht durchzuf\u00fchren.<\/p>\n","protected":false},"featured_media":55791,"template":"","meta":{"_acf_changed":false,"content-type":"","footnotes":""},"pwb-brand":[510],"product_brand":[],"product_cat":[187,165,188],"product_tag":[],"class_list":{"0":"post-7091","1":"product","2":"type-product","3":"status-publish","4":"has-post-thumbnail","6":"pwb-brand-visionix-de","7":"product_cat-optische-gerate","8":"product_cat-ophthalmologie-instrumente","9":"product_cat-optometrie-instrumente","11":"first","12":"instock","13":"product-type-simple"},"acf":[],"brands":[{"id":510,"name":"Visionix","slug":"visionix-de"}],"_links":{"self":[{"href":"https:\/\/www.visionix.com\/de\/wp-json\/wp\/v2\/product\/7091","targetHints":{"allow":["GET"]}}],"collection":[{"href":"https:\/\/www.visionix.com\/de\/wp-json\/wp\/v2\/product"}],"about":[{"href":"https:\/\/www.visionix.com\/de\/wp-json\/wp\/v2\/types\/product"}],"version-history":[{"count":9,"href":"https:\/\/www.visionix.com\/de\/wp-json\/wp\/v2\/product\/7091\/revisions"}],"predecessor-version":[{"id":78725,"href":"https:\/\/www.visionix.com\/de\/wp-json\/wp\/v2\/product\/7091\/revisions\/78725"}],"wp:featuredmedia":[{"embeddable":true,"href":"https:\/\/www.visionix.com\/de\/wp-json\/wp\/v2\/media\/55791"}],"wp:attachment":[{"href":"https:\/\/www.visionix.com\/de\/wp-json\/wp\/v2\/media?parent=7091"}],"wp:term":[{"taxonomy":"pwb-brand","embeddable":true,"href":"https:\/\/www.visionix.com\/de\/wp-json\/wp\/v2\/pwb-brand?post=7091"},{"taxonomy":"product_brand","embeddable":true,"href":"https:\/\/www.visionix.com\/de\/wp-json\/wp\/v2\/product_brand?post=7091"},{"taxonomy":"product_cat","embeddable":true,"href":"https:\/\/www.visionix.com\/de\/wp-json\/wp\/v2\/product_cat?post=7091"},{"taxonomy":"product_tag","embeddable":true,"href":"https:\/\/www.visionix.com\/de\/wp-json\/wp\/v2\/product_tag?post=7091"}],"curies":[{"name":"wp","href":"https:\/\/api.w.org\/{rel}","templated":true}]}}