{"id":7089,"date":"2022-03-07T14:34:09","date_gmt":"2022-03-07T13:34:09","guid":{"rendered":"https:\/\/www.visionix.com\/produit\/visionix-vx70\/"},"modified":"2022-07-22T16:10:05","modified_gmt":"2022-07-22T14:10:05","slug":"spaltlampen-visionix-vx70","status":"publish","type":"product","link":"https:\/\/www.visionix.com\/de\/product\/spaltlampen-visionix-vx70\/","title":{"rendered":"Visionix VX 70"},"content":{"rendered":"<p>In einem modernen Design und mit einem mehrfach beschichteten System, das das Licht besonders effizient \u00fcbertr\u00e4gt, erf\u00fcllt die Visonix VX 70 alle Anforderungen an eine Spaltlampe. Das LED-Licht verbraucht weniger Energie und h\u00e4lt \u00fcber einhundertmal l\u00e4nger als eine Halogenlampe. Au\u00dferdem sorgt die LED f\u00fcr eine gleichm\u00e4\u00dfige Ausleuchtung und damit f\u00fcr eine bessere Bildqualit\u00e4t.<\/p>\n","protected":false},"excerpt":{"rendered":"<p><strong>Visionix VX 70 Untersuchungsspaltlampe<\/strong><\/p>\n<p>Das moderne Design und das mehrfach verg\u00fctete System der Visionix VX 70 \u00fcbertr\u00e4gt das Licht effizienter und wird alle Anforderungen Ihrer Praxis an eine Spaltlampe erf\u00fcllen.<br \/>\nDas LED-Licht verbraucht weniger Energie und h\u00e4lt \u00fcber hundertmal l\u00e4nger als eine Halogenlampe.\u00a0 Au\u00dferdem sorgt die LED f\u00fcr eine gleichm\u00e4\u00dfigere Ausleuchtung und damit f\u00fcr eine bessere Bildqualit\u00e4t.<\/p>\n","protected":false},"featured_media":40853,"template":"","meta":{"_acf_changed":false,"content-type":"","footnotes":""},"pwb-brand":[510],"product_brand":[],"product_cat":[187,165,188],"product_tag":[],"class_list":{"0":"post-7089","1":"product","2":"type-product","3":"status-publish","4":"has-post-thumbnail","6":"pwb-brand-visionix-de","7":"product_cat-optische-gerate","8":"product_cat-ophthalmologie-instrumente","9":"product_cat-optometrie-instrumente","10":"pa_product-family-screening-de","11":"pa_product-type-slit-lamps-de","13":"first","14":"instock","15":"product-type-simple"},"acf":[],"brands":[{"id":510,"name":"Visionix","slug":"visionix-de"}],"_links":{"self":[{"href":"https:\/\/www.visionix.com\/de\/wp-json\/wp\/v2\/product\/7089","targetHints":{"allow":["GET"]}}],"collection":[{"href":"https:\/\/www.visionix.com\/de\/wp-json\/wp\/v2\/product"}],"about":[{"href":"https:\/\/www.visionix.com\/de\/wp-json\/wp\/v2\/types\/product"}],"version-history":[{"count":4,"href":"https:\/\/www.visionix.com\/de\/wp-json\/wp\/v2\/product\/7089\/revisions"}],"predecessor-version":[{"id":30444,"href":"https:\/\/www.visionix.com\/de\/wp-json\/wp\/v2\/product\/7089\/revisions\/30444"}],"wp:featuredmedia":[{"embeddable":true,"href":"https:\/\/www.visionix.com\/de\/wp-json\/wp\/v2\/media\/40853"}],"wp:attachment":[{"href":"https:\/\/www.visionix.com\/de\/wp-json\/wp\/v2\/media?parent=7089"}],"wp:term":[{"taxonomy":"pwb-brand","embeddable":true,"href":"https:\/\/www.visionix.com\/de\/wp-json\/wp\/v2\/pwb-brand?post=7089"},{"taxonomy":"product_brand","embeddable":true,"href":"https:\/\/www.visionix.com\/de\/wp-json\/wp\/v2\/product_brand?post=7089"},{"taxonomy":"product_cat","embeddable":true,"href":"https:\/\/www.visionix.com\/de\/wp-json\/wp\/v2\/product_cat?post=7089"},{"taxonomy":"product_tag","embeddable":true,"href":"https:\/\/www.visionix.com\/de\/wp-json\/wp\/v2\/product_tag?post=7089"}],"curies":[{"name":"wp","href":"https:\/\/api.w.org\/{rel}","templated":true}]}}