{"id":7082,"date":"2022-03-07T14:34:09","date_gmt":"2022-03-07T13:34:09","guid":{"rendered":"https:\/\/www.visionix.com\/produit\/visionix-vx75\/"},"modified":"2022-07-22T16:10:11","modified_gmt":"2022-07-22T14:10:11","slug":"spaltlampen-visionix-vx75","status":"publish","type":"product","link":"https:\/\/www.visionix.com\/de\/product\/spaltlampen-visionix-vx75\/","title":{"rendered":"Visionix VX 75"},"content":{"rendered":"<p>Die exzellente Optik und Lichttechnik sorgen bei der VX 75 f\u00fcr eine \u00fcberragende Abbildungsqualit\u00e4t \u2013 dieses brillante Bild unterscheidet die Spaltlampe von Konkurrenzmodellen. Erleben Sie einen hohen Kontrast und brillante Bilder mit mehrfach verg\u00fcteten optischen Linsen aus AR.<\/p>\n","protected":false},"excerpt":{"rendered":"<p><strong>Visionix VX 75 Untersuchungsspaltlampe<\/strong><\/p>\n<p>Hervorragende Optik und brillantes Bild unterscheiden die Visionix VX 75 Spaltlampe von Konkurrenzmodellen. Zuverl\u00e4ssige Optik und Lichttechnik sorgen f\u00fcr eine hervorragende Abbildungsqualit\u00e4t. Erleben Sie hohen Kontrast und brillante Bilder mit mehrfach beschichteten AR-Linsen.<\/p>\n","protected":false},"featured_media":9918,"template":"","meta":{"_acf_changed":false,"content-type":"","footnotes":""},"pwb-brand":[510],"product_brand":[],"product_cat":[187,165,188],"product_tag":[],"class_list":{"0":"post-7082","1":"product","2":"type-product","3":"status-publish","4":"has-post-thumbnail","6":"pwb-brand-visionix-de","7":"product_cat-optische-gerate","8":"product_cat-ophthalmologie-instrumente","9":"product_cat-optometrie-instrumente","10":"pa_product-family-screening-de","11":"pa_product-type-slit-lamps-de","13":"first","14":"instock","15":"product-type-simple"},"acf":[],"brands":[{"id":510,"name":"Visionix","slug":"visionix-de"}],"_links":{"self":[{"href":"https:\/\/www.visionix.com\/de\/wp-json\/wp\/v2\/product\/7082","targetHints":{"allow":["GET"]}}],"collection":[{"href":"https:\/\/www.visionix.com\/de\/wp-json\/wp\/v2\/product"}],"about":[{"href":"https:\/\/www.visionix.com\/de\/wp-json\/wp\/v2\/types\/product"}],"version-history":[{"count":11,"href":"https:\/\/www.visionix.com\/de\/wp-json\/wp\/v2\/product\/7082\/revisions"}],"predecessor-version":[{"id":30452,"href":"https:\/\/www.visionix.com\/de\/wp-json\/wp\/v2\/product\/7082\/revisions\/30452"}],"wp:featuredmedia":[{"embeddable":true,"href":"https:\/\/www.visionix.com\/de\/wp-json\/wp\/v2\/media\/9918"}],"wp:attachment":[{"href":"https:\/\/www.visionix.com\/de\/wp-json\/wp\/v2\/media?parent=7082"}],"wp:term":[{"taxonomy":"pwb-brand","embeddable":true,"href":"https:\/\/www.visionix.com\/de\/wp-json\/wp\/v2\/pwb-brand?post=7082"},{"taxonomy":"product_brand","embeddable":true,"href":"https:\/\/www.visionix.com\/de\/wp-json\/wp\/v2\/product_brand?post=7082"},{"taxonomy":"product_cat","embeddable":true,"href":"https:\/\/www.visionix.com\/de\/wp-json\/wp\/v2\/product_cat?post=7082"},{"taxonomy":"product_tag","embeddable":true,"href":"https:\/\/www.visionix.com\/de\/wp-json\/wp\/v2\/product_tag?post=7082"}],"curies":[{"name":"wp","href":"https:\/\/api.w.org\/{rel}","templated":true}]}}