{"id":60107,"date":"2024-12-23T16:53:52","date_gmt":"2024-12-23T15:53:52","guid":{"rendered":"https:\/\/www.visionix.com\/?post_type=product&#038;p=60107"},"modified":"2025-02-27T15:17:24","modified_gmt":"2025-02-27T14:17:24","slug":"weco-e33","status":"publish","type":"product","link":"https:\/\/www.visionix.com\/de\/product\/weco-e33\/","title":{"rendered":"Weco E33"},"content":{"rendered":"<p>Seit ihrer Markteinf\u00fchrung im Jahr 2012 ist die Weco E33 zu einer Ikone in der Optikbranche geworden, bekannt f\u00fcr ihre Benutzerfreundlichkeit und ihr intuitives Design. Im Laufe der Jahre hat sie sich durch innovative Technologien wie Gravitech im Jahr 2018 weiterentwickelt und au\u00dfergew\u00f6hnliche Leistungen erbracht. Heute steht die Weco E33 f\u00fcr absolute Kontrolle und ist aus optischen Werkst\u00e4tten nicht mehr wegzudenken.<\/p>\n<p>Visionix stellt die n\u00e4chste Generation seiner All-in-One-Schleifsysteme vor: den Weco E33, der Zuverl\u00e4ssigkeit und Zug\u00e4nglichkeit kombiniert und Glasbearbeitungslaboren ausgezeichnete Ergebnisse erm\u00f6glicht.<\/p>\n","protected":false},"excerpt":{"rendered":"<p><strong>Das Komplettpaket f\u00fcr Ihre Werkstatt<\/strong><\/p>\n<p><span data-teams=\"true\">Nachfolgeprodukt der Weco E.32<\/span><\/p>\n<p>Die Weco E33 ist Ihre umfassende L\u00f6sung f\u00fcr Abtasten, Blocken, Schleifen und Bohren &#8211; alles in einem Automaten. Dieses Modell ist ideal f\u00fcr Werkst\u00e4tten mit begrenztem Platz und bietet eine einfache Bedienung ohne Kompromisse bei Pr\u00e4zision und Geschwindigkeit. Mit dem neuen kontrollierten Randbearbeitungsmodus und der Mini-Facette, garantiert die Weco E33 ausgezeichnete Ergebnisse bei jeder Art von Brillenglas.<\/p>\n","protected":false},"featured_media":60115,"template":"","meta":{"_acf_changed":false,"content-type":"","footnotes":""},"pwb-brand":[498],"product_brand":[],"product_cat":[187,188],"product_tag":[559],"class_list":{"0":"post-60107","1":"product","2":"type-product","3":"status-publish","4":"has-post-thumbnail","6":"pwb-brand-briot-de","7":"product_cat-optische-gerate","8":"product_cat-optometrie-instrumente","9":"product_tag-optical-lab-finishing-equipment","10":"pa_product-family-werkstatt-de","11":"pa_product-type-edging-system-de","13":"first","14":"instock","15":"product-type-simple"},"acf":[],"brands":[{"id":498,"name":"Briot","slug":"briot-de"}],"_links":{"self":[{"href":"https:\/\/www.visionix.com\/de\/wp-json\/wp\/v2\/product\/60107","targetHints":{"allow":["GET"]}}],"collection":[{"href":"https:\/\/www.visionix.com\/de\/wp-json\/wp\/v2\/product"}],"about":[{"href":"https:\/\/www.visionix.com\/de\/wp-json\/wp\/v2\/types\/product"}],"version-history":[{"count":4,"href":"https:\/\/www.visionix.com\/de\/wp-json\/wp\/v2\/product\/60107\/revisions"}],"predecessor-version":[{"id":61107,"href":"https:\/\/www.visionix.com\/de\/wp-json\/wp\/v2\/product\/60107\/revisions\/61107"}],"wp:featuredmedia":[{"embeddable":true,"href":"https:\/\/www.visionix.com\/de\/wp-json\/wp\/v2\/media\/60115"}],"wp:attachment":[{"href":"https:\/\/www.visionix.com\/de\/wp-json\/wp\/v2\/media?parent=60107"}],"wp:term":[{"taxonomy":"pwb-brand","embeddable":true,"href":"https:\/\/www.visionix.com\/de\/wp-json\/wp\/v2\/pwb-brand?post=60107"},{"taxonomy":"product_brand","embeddable":true,"href":"https:\/\/www.visionix.com\/de\/wp-json\/wp\/v2\/product_brand?post=60107"},{"taxonomy":"product_cat","embeddable":true,"href":"https:\/\/www.visionix.com\/de\/wp-json\/wp\/v2\/product_cat?post=60107"},{"taxonomy":"product_tag","embeddable":true,"href":"https:\/\/www.visionix.com\/de\/wp-json\/wp\/v2\/product_tag?post=60107"}],"curies":[{"name":"wp","href":"https:\/\/api.w.org\/{rel}","templated":true}]}}