{"id":60085,"date":"2024-12-23T16:07:44","date_gmt":"2024-12-23T15:07:44","guid":{"rendered":"https:\/\/www.visionix.com\/?post_type=product&#038;p=60085"},"modified":"2025-02-11T14:51:11","modified_gmt":"2025-02-11T13:51:11","slug":"briot-perception-3","status":"publish","type":"product","link":"https:\/\/www.visionix.com\/de\/product\/briot-perception-3\/","title":{"rendered":"Briot Perception 3"},"content":{"rendered":"<p>Visionix stellt die n\u00e4chste Generation seiner All-in-One-Schleifsysteme vor: den Briot Perception 3, der Zuverl\u00e4ssigkeit und Zug\u00e4nglichkeit kombiniert und Glasbearbeitungslaboren ausgezeichnete Ergebnisse erm\u00f6glicht. Auch in der Regenversion verf\u00fcgbar.<\/p>\n","protected":false},"excerpt":{"rendered":"<p><strong>Einfach eine Starkeleistung<\/strong><\/p>\n<p>Das Briot Perception 3 ist ein All-in-One-Kantenbearbeitungssystem, das Abtasten, Blockieren, Einfassen, Nuten und Bohren in einem einzigen Ger\u00e4t vereint. Mit der Perception 3 ist die perfekte Passform m\u00f6glich.<\/p>\n","protected":false},"featured_media":60093,"template":"","meta":{"_acf_changed":false,"content-type":"","footnotes":""},"pwb-brand":[498],"product_brand":[],"product_cat":[187,188],"product_tag":[559],"class_list":{"0":"post-60085","1":"product","2":"type-product","3":"status-publish","4":"has-post-thumbnail","6":"pwb-brand-briot-de","7":"product_cat-optische-gerate","8":"product_cat-optometrie-instrumente","9":"product_tag-optical-lab-finishing-equipment","10":"pa_product-family-werkstatt-de","11":"pa_product-type-edging-system-de","13":"first","14":"instock","15":"product-type-simple"},"acf":[],"brands":[{"id":498,"name":"Briot","slug":"briot-de"}],"_links":{"self":[{"href":"https:\/\/www.visionix.com\/de\/wp-json\/wp\/v2\/product\/60085","targetHints":{"allow":["GET"]}}],"collection":[{"href":"https:\/\/www.visionix.com\/de\/wp-json\/wp\/v2\/product"}],"about":[{"href":"https:\/\/www.visionix.com\/de\/wp-json\/wp\/v2\/types\/product"}],"version-history":[{"count":3,"href":"https:\/\/www.visionix.com\/de\/wp-json\/wp\/v2\/product\/60085\/revisions"}],"predecessor-version":[{"id":60867,"href":"https:\/\/www.visionix.com\/de\/wp-json\/wp\/v2\/product\/60085\/revisions\/60867"}],"wp:featuredmedia":[{"embeddable":true,"href":"https:\/\/www.visionix.com\/de\/wp-json\/wp\/v2\/media\/60093"}],"wp:attachment":[{"href":"https:\/\/www.visionix.com\/de\/wp-json\/wp\/v2\/media?parent=60085"}],"wp:term":[{"taxonomy":"pwb-brand","embeddable":true,"href":"https:\/\/www.visionix.com\/de\/wp-json\/wp\/v2\/pwb-brand?post=60085"},{"taxonomy":"product_brand","embeddable":true,"href":"https:\/\/www.visionix.com\/de\/wp-json\/wp\/v2\/product_brand?post=60085"},{"taxonomy":"product_cat","embeddable":true,"href":"https:\/\/www.visionix.com\/de\/wp-json\/wp\/v2\/product_cat?post=60085"},{"taxonomy":"product_tag","embeddable":true,"href":"https:\/\/www.visionix.com\/de\/wp-json\/wp\/v2\/product_tag?post=60085"}],"curies":[{"name":"wp","href":"https:\/\/api.w.org\/{rel}","templated":true}]}}