{"id":59992,"date":"2024-12-23T09:40:07","date_gmt":"2024-12-23T08:40:07","guid":{"rendered":"https:\/\/www.visionix.com\/?post_type=product&#038;p=59992"},"modified":"2025-05-02T16:01:05","modified_gmt":"2025-05-02T14:01:05","slug":"briot-emotion-3","status":"publish","type":"product","link":"https:\/\/www.visionix.com\/de\/product\/briot-emotion-3\/","title":{"rendered":"Briot Emotion 3"},"content":{"rendered":"<p>Seit ihrer Markteinf\u00fchrung im Jahr 2012 ist die Briot Emotion 3 zu einer Ikone in der Optikbranche geworden, bekannt f\u00fcr ihre Benutzerfreundlichkeit und ihr intuitives Design. Im Laufe der Jahre hat sie sich durch innovative Technologien wie Gravitech im Jahr 2018 weiterentwickelt und au\u00dfergew\u00f6hnliche Leistungen erbracht. Heute steht die Briot Emotion 3 f\u00fcr absolute Kontrolle und ist aus optischen Werkst\u00e4tten nicht mehr wegzudenken.<\/p>\n<p>Visionix stellt die n\u00e4chste Generation seiner All-in-One-Schleifsysteme vor: den Briot Emotion\u00a03, der Zuverl\u00e4ssigkeit und Zug\u00e4nglichkeit kombiniert und Glasbearbeitungslaboren ausgezeichnete Ergebnisse erm\u00f6glicht.<\/p>\n","protected":false},"excerpt":{"rendered":"<p><strong>Einfach eine Starkeleistung<\/strong><\/p>\n<p>Das Briot Emotion 3 ist ein All-in-One-Kantenbearbeitungssystem, das Abtasten, Blockieren, Einfassen, Nuten und Bohren in einem einzigen Ger\u00e4t vereint. Mit der Emotion 3 ist die perfekte Passform m\u00f6glich.<\/p>\n","protected":false},"featured_media":60005,"template":"","meta":{"_acf_changed":false,"content-type":"","footnotes":""},"pwb-brand":[498],"product_brand":[],"product_cat":[187,188],"product_tag":[559],"class_list":{"0":"post-59992","1":"product","2":"type-product","3":"status-publish","4":"has-post-thumbnail","6":"pwb-brand-briot-de","7":"product_cat-optische-gerate","8":"product_cat-optometrie-instrumente","9":"product_tag-optical-lab-finishing-equipment","10":"pa_product-family-werkstatt-de","11":"pa_product-type-edging-system-de","13":"first","14":"instock","15":"product-type-simple"},"acf":[],"brands":[{"id":498,"name":"Briot","slug":"briot-de"}],"_links":{"self":[{"href":"https:\/\/www.visionix.com\/de\/wp-json\/wp\/v2\/product\/59992","targetHints":{"allow":["GET"]}}],"collection":[{"href":"https:\/\/www.visionix.com\/de\/wp-json\/wp\/v2\/product"}],"about":[{"href":"https:\/\/www.visionix.com\/de\/wp-json\/wp\/v2\/types\/product"}],"version-history":[{"count":4,"href":"https:\/\/www.visionix.com\/de\/wp-json\/wp\/v2\/product\/59992\/revisions"}],"predecessor-version":[{"id":69592,"href":"https:\/\/www.visionix.com\/de\/wp-json\/wp\/v2\/product\/59992\/revisions\/69592"}],"wp:featuredmedia":[{"embeddable":true,"href":"https:\/\/www.visionix.com\/de\/wp-json\/wp\/v2\/media\/60005"}],"wp:attachment":[{"href":"https:\/\/www.visionix.com\/de\/wp-json\/wp\/v2\/media?parent=59992"}],"wp:term":[{"taxonomy":"pwb-brand","embeddable":true,"href":"https:\/\/www.visionix.com\/de\/wp-json\/wp\/v2\/pwb-brand?post=59992"},{"taxonomy":"product_brand","embeddable":true,"href":"https:\/\/www.visionix.com\/de\/wp-json\/wp\/v2\/product_brand?post=59992"},{"taxonomy":"product_cat","embeddable":true,"href":"https:\/\/www.visionix.com\/de\/wp-json\/wp\/v2\/product_cat?post=59992"},{"taxonomy":"product_tag","embeddable":true,"href":"https:\/\/www.visionix.com\/de\/wp-json\/wp\/v2\/product_tag?post=59992"}],"curies":[{"name":"wp","href":"https:\/\/api.w.org\/{rel}","templated":true}]}}