{"id":52276,"date":"2024-01-29T13:47:18","date_gmt":"2024-01-29T12:47:18","guid":{"rendered":"https:\/\/www.visionix.com\/?post_type=product&#038;p=52276"},"modified":"2024-01-29T14:19:41","modified_gmt":"2024-01-29T13:19:41","slug":"weco-t6","status":"publish","type":"product","link":"https:\/\/www.visionix.com\/de\/product\/weco-t6\/","title":{"rendered":"Weco T6"},"content":{"rendered":"<p>Der Weco T6 ist der fortschrittlichste mechanische Tracer auf dem Markt. Er ist mit unserem patentierten TrueScan\u00ae Winkelstift ausgestattet und kann m\u00fchelos selbst die schwierigsten Fassungen mit gro\u00dfen Basiskurven abtasten. Der sanfte Druck des Tastereinsatzes sorgt daf\u00fcr, dass der Taster d\u00fcnne Metallrahmen nicht verformen kann. Die intuitive Touchscreen-Benutzeroberfl\u00e4che macht den Weco T6 zu einem der am einfachsten zu bedienenden und zum idealen Tracer f\u00fcr Ihre Werkstatt.<\/p>\n","protected":false},"excerpt":{"rendered":"<p><strong>\u00dcbertreffen Sie Ihre Erwartungen<\/strong><\/p>\n<p>Der Weco T6\u00a0 ist der fortschrittlichste, mechanische Tracer auf dem Markt. Ausgestattet mit unserem\u00a0 patentierten TrueScan\u2122 Technologie. Der Weco T6 kann\u00a0 m\u00fchelos selbst die schwierigsten Fassungsrahmen mit\u00a0 hoher Basiskurve nachzeichnen. Der sanfte Druck des Tastereinsatzes stellt sicher, dass der Taster d\u00fcnne\u00a0 Metallrahmen nicht verformt. Seine intuitive Touchscreen- Oberfl\u00e4che macht ihn zu einem der Einfachsten und ist\u00a0 damit der ideale Tracer f\u00fcr Ihr Labor<\/p>\n","protected":false},"featured_media":52340,"template":"","meta":{"_acf_changed":false,"content-type":"","footnotes":""},"pwb-brand":[516],"product_brand":[],"product_cat":[187,188],"product_tag":[559],"class_list":{"0":"post-52276","1":"product","2":"type-product","3":"status-publish","4":"has-post-thumbnail","6":"pwb-brand-weco-de","7":"product_cat-optische-gerate","8":"product_cat-optometrie-instrumente","9":"product_tag-optical-lab-finishing-equipment","10":"pa_product-family-werkstatt-de","11":"pa_product-type-edging-system-de","13":"first","14":"instock","15":"product-type-simple"},"acf":[],"brands":[{"id":516,"name":"Weco","slug":"weco-de"}],"_links":{"self":[{"href":"https:\/\/www.visionix.com\/de\/wp-json\/wp\/v2\/product\/52276","targetHints":{"allow":["GET"]}}],"collection":[{"href":"https:\/\/www.visionix.com\/de\/wp-json\/wp\/v2\/product"}],"about":[{"href":"https:\/\/www.visionix.com\/de\/wp-json\/wp\/v2\/types\/product"}],"version-history":[{"count":3,"href":"https:\/\/www.visionix.com\/de\/wp-json\/wp\/v2\/product\/52276\/revisions"}],"predecessor-version":[{"id":52394,"href":"https:\/\/www.visionix.com\/de\/wp-json\/wp\/v2\/product\/52276\/revisions\/52394"}],"wp:featuredmedia":[{"embeddable":true,"href":"https:\/\/www.visionix.com\/de\/wp-json\/wp\/v2\/media\/52340"}],"wp:attachment":[{"href":"https:\/\/www.visionix.com\/de\/wp-json\/wp\/v2\/media?parent=52276"}],"wp:term":[{"taxonomy":"pwb-brand","embeddable":true,"href":"https:\/\/www.visionix.com\/de\/wp-json\/wp\/v2\/pwb-brand?post=52276"},{"taxonomy":"product_brand","embeddable":true,"href":"https:\/\/www.visionix.com\/de\/wp-json\/wp\/v2\/product_brand?post=52276"},{"taxonomy":"product_cat","embeddable":true,"href":"https:\/\/www.visionix.com\/de\/wp-json\/wp\/v2\/product_cat?post=52276"},{"taxonomy":"product_tag","embeddable":true,"href":"https:\/\/www.visionix.com\/de\/wp-json\/wp\/v2\/product_tag?post=52276"}],"curies":[{"name":"wp","href":"https:\/\/api.w.org\/{rel}","templated":true}]}}