{"id":45477,"date":"2023-06-29T12:57:14","date_gmt":"2023-06-29T10:57:14","guid":{"rendered":"https:\/\/www.visionix.com\/?post_type=product&#038;p=45477"},"modified":"2024-06-26T14:56:44","modified_gmt":"2024-06-26T12:56:44","slug":"wecoe52","status":"publish","type":"product","link":"https:\/\/www.visionix.com\/de\/product\/wecoe52\/","title":{"rendered":"Weco E52"},"content":{"rendered":"<p><strong>Maximale Flexibilit\u00e4t f\u00fcr Ihre Werkstatt<\/strong><\/p>\n<p>Die Weco E52 bietet Ihnen alle Werkzeuge, die Sie ben\u00f6tigen, um die besten Ergebnisse in der augenoptischen Handwerkskunst zu erzielen. Von verschiedenen Facettenarten \u00fcber Rillen- und Facettenfunktionen bis hin zu Winkelbohrungen &#8211; die E52 ist die erste Wahl f\u00fcr moderne Fassungsmoden und maximale Flexibilit\u00e4t f\u00fcr Ihre Werkstatt.<\/p>\n","protected":false},"excerpt":{"rendered":"<p>Maximale Flexibilit\u00e4t f\u00fcr Ihre Werkstatt<\/p>\n<p>Die Weco E52 bietet Ihnen alle Werkzeuge, die Sie ben\u00f6tigen, um die besten Ergebnisse in der augenoptischen Handwerkskunst zu erzielen. Von verschiedenen Facettenarten \u00fcber Rillen- und Facettenfunktionen bis hin zu Winkelbohrungen &#8211; die E52 ist die erste Wahl f\u00fcr moderne Fassungsmoden und maximale Flexibilit\u00e4t f\u00fcr Ihre Werkstatt.<\/p>\n","protected":false},"featured_media":46776,"template":"","meta":{"_acf_changed":false,"content-type":"","footnotes":""},"pwb-brand":[516],"product_brand":[],"product_cat":[187,259,188],"product_tag":[559],"class_list":{"0":"post-45477","1":"product","2":"type-product","3":"status-publish","4":"has-post-thumbnail","6":"pwb-brand-weco-de","7":"product_cat-optische-gerate","8":"product_cat-new-products-de","9":"product_cat-optometrie-instrumente","10":"product_tag-optical-lab-finishing-equipment","11":"pa_product-family-werkstatt-de","13":"first","14":"instock","15":"shipping-taxable","16":"product-type-simple"},"acf":[],"brands":[{"id":516,"name":"Weco","slug":"weco-de"}],"_links":{"self":[{"href":"https:\/\/www.visionix.com\/de\/wp-json\/wp\/v2\/product\/45477","targetHints":{"allow":["GET"]}}],"collection":[{"href":"https:\/\/www.visionix.com\/de\/wp-json\/wp\/v2\/product"}],"about":[{"href":"https:\/\/www.visionix.com\/de\/wp-json\/wp\/v2\/types\/product"}],"version-history":[{"count":8,"href":"https:\/\/www.visionix.com\/de\/wp-json\/wp\/v2\/product\/45477\/revisions"}],"predecessor-version":[{"id":57004,"href":"https:\/\/www.visionix.com\/de\/wp-json\/wp\/v2\/product\/45477\/revisions\/57004"}],"wp:featuredmedia":[{"embeddable":true,"href":"https:\/\/www.visionix.com\/de\/wp-json\/wp\/v2\/media\/46776"}],"wp:attachment":[{"href":"https:\/\/www.visionix.com\/de\/wp-json\/wp\/v2\/media?parent=45477"}],"wp:term":[{"taxonomy":"pwb-brand","embeddable":true,"href":"https:\/\/www.visionix.com\/de\/wp-json\/wp\/v2\/pwb-brand?post=45477"},{"taxonomy":"product_brand","embeddable":true,"href":"https:\/\/www.visionix.com\/de\/wp-json\/wp\/v2\/product_brand?post=45477"},{"taxonomy":"product_cat","embeddable":true,"href":"https:\/\/www.visionix.com\/de\/wp-json\/wp\/v2\/product_cat?post=45477"},{"taxonomy":"product_tag","embeddable":true,"href":"https:\/\/www.visionix.com\/de\/wp-json\/wp\/v2\/product_tag?post=45477"}],"curies":[{"name":"wp","href":"https:\/\/api.w.org\/{rel}","templated":true}]}}