{"id":45101,"date":"2023-05-22T12:48:30","date_gmt":"2023-05-22T10:48:30","guid":{"rendered":"https:\/\/www.visionix.com\/product\/briot-attitude-3-2\/"},"modified":"2024-01-29T10:28:55","modified_gmt":"2024-01-29T09:28:55","slug":"briot-attitude-3","status":"publish","type":"product","link":"https:\/\/www.visionix.com\/de\/product\/briot-attitude-3\/","title":{"rendered":"Briot Attitude 3"},"content":{"rendered":"<p><strong>Bew\u00e4ltigen Sie jedes komplexe Design<\/strong><\/p>\n<p>Das Briot Attitude 3 Schleifsystem setzt neue Ma\u00dfst\u00e4be f\u00fcr Ihre eigene Werkstatt und bietet ein individuelles<br \/>\nBrillenerlebnis. Die unglaubliche Genauigkeit und Geschwindigkeit macht die Attitude 3 zur perfekten<br \/>\nBearbeitungsl\u00f6sung f\u00fcr jede moderne augenoptische Werkstatt.<\/p>\n","protected":false},"excerpt":{"rendered":"<p><strong>Bew\u00e4ltigen Sie jedes komplexe Design<\/strong><\/p>\n<p>Das Briot Attitude 3 Schleifsystem setzt neue Ma\u00dfst\u00e4be f\u00fcr Ihre eigene Werkstatt und bietet ein individuelles<br \/>\nBrillenerlebnis. Die unglaubliche Genauigkeit und Geschwindigkeit macht die Attitude 3 zur perfekten<br \/>\nBearbeitungsl\u00f6sung f\u00fcr jede moderne augenoptische Werkstatt.<\/p>\n","protected":false},"featured_media":46666,"template":"","meta":{"_acf_changed":false,"content-type":"","footnotes":""},"pwb-brand":[498],"product_brand":[],"product_cat":[187,259,188],"product_tag":[559],"class_list":{"0":"post-45101","1":"product","2":"type-product","3":"status-publish","4":"has-post-thumbnail","6":"pwb-brand-briot-de","7":"product_cat-optische-gerate","8":"product_cat-new-products-de","9":"product_cat-optometrie-instrumente","10":"product_tag-optical-lab-finishing-equipment","11":"pa_product-family-werkstatt-de","13":"first","14":"instock","15":"shipping-taxable","16":"product-type-simple"},"acf":[],"brands":[{"id":498,"name":"Briot","slug":"briot-de"}],"_links":{"self":[{"href":"https:\/\/www.visionix.com\/de\/wp-json\/wp\/v2\/product\/45101","targetHints":{"allow":["GET"]}}],"collection":[{"href":"https:\/\/www.visionix.com\/de\/wp-json\/wp\/v2\/product"}],"about":[{"href":"https:\/\/www.visionix.com\/de\/wp-json\/wp\/v2\/types\/product"}],"version-history":[{"count":6,"href":"https:\/\/www.visionix.com\/de\/wp-json\/wp\/v2\/product\/45101\/revisions"}],"predecessor-version":[{"id":51946,"href":"https:\/\/www.visionix.com\/de\/wp-json\/wp\/v2\/product\/45101\/revisions\/51946"}],"wp:featuredmedia":[{"embeddable":true,"href":"https:\/\/www.visionix.com\/de\/wp-json\/wp\/v2\/media\/46666"}],"wp:attachment":[{"href":"https:\/\/www.visionix.com\/de\/wp-json\/wp\/v2\/media?parent=45101"}],"wp:term":[{"taxonomy":"pwb-brand","embeddable":true,"href":"https:\/\/www.visionix.com\/de\/wp-json\/wp\/v2\/pwb-brand?post=45101"},{"taxonomy":"product_brand","embeddable":true,"href":"https:\/\/www.visionix.com\/de\/wp-json\/wp\/v2\/product_brand?post=45101"},{"taxonomy":"product_cat","embeddable":true,"href":"https:\/\/www.visionix.com\/de\/wp-json\/wp\/v2\/product_cat?post=45101"},{"taxonomy":"product_tag","embeddable":true,"href":"https:\/\/www.visionix.com\/de\/wp-json\/wp\/v2\/product_tag?post=45101"}],"curies":[{"name":"wp","href":"https:\/\/api.w.org\/{rel}","templated":true}]}}