{"id":44004,"date":"2023-06-19T21:55:26","date_gmt":"2023-06-19T19:55:26","guid":{"rendered":"https:\/\/www.visionix.com\/?post_type=product&#038;p=44004"},"modified":"2024-09-26T12:27:39","modified_gmt":"2024-09-26T10:27:39","slug":"briot-attitude-evolution","status":"publish","type":"product","link":"https:\/\/www.visionix.com\/de\/product\/briot-attitude-evolution\/","title":{"rendered":"Briot Attitude Evolution"},"content":{"rendered":"<p><strong>Ein unschlagbares Team f\u00fcr Ihre Werkstatt<\/strong><\/p>\n<p>Es kommen die technisch aktuell verf\u00fcgbaren Verfahren zur Reproduktion von Formen und Gr\u00f6\u00dfe zur Anwendung (TrueScan und GraviTech) um das \u00e4sthetisch perfekte Ergebnis zu erreichen.<br \/>\nGefolgt von dem un\u00fcbertroffenen, automatisierten Blocking-Verfahren und der \u00fcberlegenen Facettenbearbeitung. Die Briot Attitude Evolution Synthese ist der entscheidende Baustein f\u00fcr eine schnelle und pr\u00e4zise Brillenmanufaktur. Das Torque Management System optimiert die Zykluszeit des Einfassens ohne das Risiko eines Verrutschens der Gl\u00e4ser.<\/p>\n","protected":false},"excerpt":{"rendered":"<p><strong>Ein unschlagbares Team f\u00fcr Ihre Werkstatt<\/strong><\/p>\n<p>Es kommen die technisch aktuell verf\u00fcgbaren Verfahren zur Reproduktion von Formen und Gr\u00f6\u00dfe zur Anwendung (TrueScan und GraviTech) um das \u00e4sthetisch perfekte Ergebnis zu erreichen.<br \/>\nGefolgt von dem un\u00fcbertroffenen, automatisierten Blocking-Verfahren und der \u00fcberlegenen Facettenbearbeitung. Die Briot Attitude Evolution Synthese ist der entscheidende Baustein f\u00fcr eine schnelle und pr\u00e4zise Brillenmanufaktur. Das Torque Management System optimiert die Zykluszeit des Einfassens ohne das Risiko eines Verrutschens der Gl\u00e4ser.<\/p>\n","protected":false},"featured_media":44026,"template":"","meta":{"_acf_changed":false,"content-type":"","footnotes":""},"pwb-brand":[498],"product_brand":[],"product_cat":[187,188],"product_tag":[559],"class_list":{"0":"post-44004","1":"product","2":"type-product","3":"status-publish","4":"has-post-thumbnail","6":"pwb-brand-briot-de","7":"product_cat-optische-gerate","8":"product_cat-optometrie-instrumente","9":"product_tag-optical-lab-finishing-equipment","10":"pa_product-family-werkstatt-de","11":"pa_product-type-edging-system-de","13":"first","14":"instock","15":"product-type-simple"},"acf":[],"brands":[{"id":498,"name":"Briot","slug":"briot-de"}],"_links":{"self":[{"href":"https:\/\/www.visionix.com\/de\/wp-json\/wp\/v2\/product\/44004","targetHints":{"allow":["GET"]}}],"collection":[{"href":"https:\/\/www.visionix.com\/de\/wp-json\/wp\/v2\/product"}],"about":[{"href":"https:\/\/www.visionix.com\/de\/wp-json\/wp\/v2\/types\/product"}],"version-history":[{"count":8,"href":"https:\/\/www.visionix.com\/de\/wp-json\/wp\/v2\/product\/44004\/revisions"}],"predecessor-version":[{"id":59021,"href":"https:\/\/www.visionix.com\/de\/wp-json\/wp\/v2\/product\/44004\/revisions\/59021"}],"wp:featuredmedia":[{"embeddable":true,"href":"https:\/\/www.visionix.com\/de\/wp-json\/wp\/v2\/media\/44026"}],"wp:attachment":[{"href":"https:\/\/www.visionix.com\/de\/wp-json\/wp\/v2\/media?parent=44004"}],"wp:term":[{"taxonomy":"pwb-brand","embeddable":true,"href":"https:\/\/www.visionix.com\/de\/wp-json\/wp\/v2\/pwb-brand?post=44004"},{"taxonomy":"product_brand","embeddable":true,"href":"https:\/\/www.visionix.com\/de\/wp-json\/wp\/v2\/product_brand?post=44004"},{"taxonomy":"product_cat","embeddable":true,"href":"https:\/\/www.visionix.com\/de\/wp-json\/wp\/v2\/product_cat?post=44004"},{"taxonomy":"product_tag","embeddable":true,"href":"https:\/\/www.visionix.com\/de\/wp-json\/wp\/v2\/product_tag?post=44004"}],"curies":[{"name":"wp","href":"https:\/\/api.w.org\/{rel}","templated":true}]}}