{"id":43976,"date":"2023-06-19T21:38:45","date_gmt":"2023-06-19T19:38:45","guid":{"rendered":"https:\/\/www.visionix.com\/?post_type=product&#038;p=43976"},"modified":"2024-01-29T11:10:25","modified_gmt":"2024-01-29T10:10:25","slug":"briot-evolution","status":"publish","type":"product","link":"https:\/\/www.visionix.com\/de\/product\/briot-evolution\/","title":{"rendered":"Briot Evolution"},"content":{"rendered":"<p>Briot hat das erste optische Tracersystem entwickelt, das in der Lage ist, mit nur einem Referenzpunkt eine einwandfreie 3D-Form in nur 4 Sekunden zu erstellen. Mit unserer patentierten GraviTech Technologie erreicht der Anwender eine perfekte Form- und Gr\u00f6\u00dfenwiedergabe mit Ergebnissen, die den mechanischen Abtastsystemen \u00fcberlegen sind. Die Evolution Schleifmaschine mit TMS (Torque Management System) optimiert die Schleifzeit ohne das die Gl\u00e4ser verdrehen\/verrutschen.<\/p>\n","protected":false},"excerpt":{"rendered":"<div><strong>Das vielseitige Abtastsystem<\/strong><\/div>\n<div><\/div>\n<div>\n<div>Briot hat das erste optische Tracersystem entwickelt das in der Lage ist, mit nur einem Referenzpunkt eine einwandfreie 3D-Form in nur 4 Sekunden zu erstellen. Mit unserer patentierten GraviTech\u00ae Technologie erreicht der Anwender eine perfekte Form- und Gr\u00f6\u00dfenwiedergabe mit Ergebnissen, die den mechanischen Abtastsystemen \u00fcberlegen sind<\/div>\n<\/div>\n","protected":false},"featured_media":50742,"template":"","meta":{"_acf_changed":false,"content-type":"","footnotes":""},"pwb-brand":[498],"product_brand":[],"product_cat":[187,188],"product_tag":[559],"class_list":{"0":"post-43976","1":"product","2":"type-product","3":"status-publish","4":"has-post-thumbnail","6":"pwb-brand-briot-de","7":"product_cat-optische-gerate","8":"product_cat-optometrie-instrumente","9":"product_tag-optical-lab-finishing-equipment","10":"pa_product-family-werkstatt-de","11":"pa_product-type-edging-system-de","13":"first","14":"instock","15":"product-type-simple"},"acf":[],"brands":[{"id":498,"name":"Briot","slug":"briot-de"}],"_links":{"self":[{"href":"https:\/\/www.visionix.com\/de\/wp-json\/wp\/v2\/product\/43976","targetHints":{"allow":["GET"]}}],"collection":[{"href":"https:\/\/www.visionix.com\/de\/wp-json\/wp\/v2\/product"}],"about":[{"href":"https:\/\/www.visionix.com\/de\/wp-json\/wp\/v2\/types\/product"}],"version-history":[{"count":16,"href":"https:\/\/www.visionix.com\/de\/wp-json\/wp\/v2\/product\/43976\/revisions"}],"predecessor-version":[{"id":52087,"href":"https:\/\/www.visionix.com\/de\/wp-json\/wp\/v2\/product\/43976\/revisions\/52087"}],"wp:featuredmedia":[{"embeddable":true,"href":"https:\/\/www.visionix.com\/de\/wp-json\/wp\/v2\/media\/50742"}],"wp:attachment":[{"href":"https:\/\/www.visionix.com\/de\/wp-json\/wp\/v2\/media?parent=43976"}],"wp:term":[{"taxonomy":"pwb-brand","embeddable":true,"href":"https:\/\/www.visionix.com\/de\/wp-json\/wp\/v2\/pwb-brand?post=43976"},{"taxonomy":"product_brand","embeddable":true,"href":"https:\/\/www.visionix.com\/de\/wp-json\/wp\/v2\/product_brand?post=43976"},{"taxonomy":"product_cat","embeddable":true,"href":"https:\/\/www.visionix.com\/de\/wp-json\/wp\/v2\/product_cat?post=43976"},{"taxonomy":"product_tag","embeddable":true,"href":"https:\/\/www.visionix.com\/de\/wp-json\/wp\/v2\/product_tag?post=43976"}],"curies":[{"name":"wp","href":"https:\/\/api.w.org\/{rel}","templated":true}]}}