{"id":34580,"date":"2022-11-10T14:47:09","date_gmt":"2022-11-10T13:47:09","guid":{"rendered":"https:\/\/www.visionix.com\/?post_type=product&#038;p=34580"},"modified":"2023-01-02T10:01:07","modified_gmt":"2023-01-02T09:01:07","slug":"retinomax-5","status":"publish","type":"product","link":"https:\/\/www.visionix.com\/de\/product\/retinomax-5\/","title":{"rendered":"Retinomax 5"},"content":{"rendered":"<p>Retinomax Systeme, die sich durch ihre au\u00dferordentliche Mobilit\u00e4t, Stabilit\u00e4t und Pr\u00e4zision auszeichnen, erm\u00f6glichen eine Vielzahl an refraktiven und keratometrischen Messungen und genie\u00dfen seit Jahren weltweite Anerkennung.<\/p>\n","protected":false},"excerpt":{"rendered":"<p><strong>Exzellenz bei der Refraktion<\/strong><\/p>\n<p>Retinomax Systeme, die sich durch ihre au\u00dferordentliche Mobilit\u00e4t, Stabilit\u00e4t und Pr\u00e4zision auszeichnen, erm\u00f6glichen eine Vielzahl an refraktiven und keratometrischen Messungen und genie\u00dfen seit Jahren weltweite Anerkennung.<\/p>\n","protected":false},"featured_media":34590,"template":"","meta":{"_acf_changed":false,"content-type":"","footnotes":""},"pwb-brand":[510],"product_brand":[],"product_cat":[187,165,188],"product_tag":[],"class_list":{"0":"post-34580","1":"product","2":"type-product","3":"status-publish","4":"has-post-thumbnail","6":"pwb-brand-visionix-de","7":"product_cat-optische-gerate","8":"product_cat-ophthalmologie-instrumente","9":"product_cat-optometrie-instrumente","10":"pa_product-family-refraktion-de","11":"pa_product-type-ark-de","13":"first","14":"instock","15":"product-type-simple"},"acf":[],"brands":[{"id":510,"name":"Visionix","slug":"visionix-de"}],"_links":{"self":[{"href":"https:\/\/www.visionix.com\/de\/wp-json\/wp\/v2\/product\/34580","targetHints":{"allow":["GET"]}}],"collection":[{"href":"https:\/\/www.visionix.com\/de\/wp-json\/wp\/v2\/product"}],"about":[{"href":"https:\/\/www.visionix.com\/de\/wp-json\/wp\/v2\/types\/product"}],"version-history":[{"count":5,"href":"https:\/\/www.visionix.com\/de\/wp-json\/wp\/v2\/product\/34580\/revisions"}],"predecessor-version":[{"id":35618,"href":"https:\/\/www.visionix.com\/de\/wp-json\/wp\/v2\/product\/34580\/revisions\/35618"}],"wp:featuredmedia":[{"embeddable":true,"href":"https:\/\/www.visionix.com\/de\/wp-json\/wp\/v2\/media\/34590"}],"wp:attachment":[{"href":"https:\/\/www.visionix.com\/de\/wp-json\/wp\/v2\/media?parent=34580"}],"wp:term":[{"taxonomy":"pwb-brand","embeddable":true,"href":"https:\/\/www.visionix.com\/de\/wp-json\/wp\/v2\/pwb-brand?post=34580"},{"taxonomy":"product_brand","embeddable":true,"href":"https:\/\/www.visionix.com\/de\/wp-json\/wp\/v2\/product_brand?post=34580"},{"taxonomy":"product_cat","embeddable":true,"href":"https:\/\/www.visionix.com\/de\/wp-json\/wp\/v2\/product_cat?post=34580"},{"taxonomy":"product_tag","embeddable":true,"href":"https:\/\/www.visionix.com\/de\/wp-json\/wp\/v2\/product_tag?post=34580"}],"curies":[{"name":"wp","href":"https:\/\/api.w.org\/{rel}","templated":true}]}}